{"id":234,"date":"2024-12-05T16:44:34","date_gmt":"2024-12-05T19:44:34","guid":{"rendered":"https:\/\/www.cchla.ufpb.br\/leani\/?page_id=234"},"modified":"2026-04-23T01:05:33","modified_gmt":"2026-04-23T04:05:33","slug":"tcc","status":"publish","type":"page","link":"https:\/\/www.cchla.ufpb.br\/leani\/atividades\/tcc\/","title":{"rendered":"TCC"},"content":{"rendered":"\n<h2 class=\"wp-block-heading\">Documentos relativos \u00e0s atividades de Trabalho de Conclus\u00e3o de Curso I e II<\/h2>\n\n\n\n<p>Regulamento de TCC: <a href=\"https:\/\/www.cchla.ufpb.br\/leani\/wp-content\/uploads\/sites\/122\/sites\/156\/2024\/10\/Regulamento-de-TCC-LEANI.pdf\" data-type=\"link\" data-id=\"https:\/\/www.cchla.ufpb.br\/leani\/wp-content\/uploads\/sites\/122\/sites\/156\/2024\/10\/Regulamento-de-TCC-LEANI.pdf\">baixar<\/a><br>Cronograma de TCC I 2026.1: em breve<br>Cronograma de TCC II 2026.1: em breve<br>Modelo de carta de aceite (novo): <a href=\"http:\/\/www.cchla.ufpb.br\/leani\/wp-content\/uploads\/sites\/122\/sites\/156\/2025\/10\/DECLARACAO-DE-ACEITE-DE-ORIENTACAO-DE-TCC-PELO-ORIENTADOR-Atualizada-1.pdf\" data-type=\"link\" data-id=\"http:\/\/www.cchla.ufpb.br\/leani\/wp-content\/uploads\/sites\/122\/sites\/156\/2025\/10\/DECLARACAO-DE-ACEITE-DE-ORIENTACAO-DE-TCC-PELO-ORIENTADOR-Atualizada-1.pdf\">baixar<\/a><\/p>\n\n\n\n<p><strong>TCC 1: <br><\/strong><em><strong>Matr\u00edcula<\/strong><\/em>: antes do per\u00edodo de matr\u00edculas do 7\u00ba. semestre, \u00e9 preciso encaminhar \u00e0 SIAG (<strong><a href=\"mailto:siag@cchla.ufpb.br\">siag@cchla.ufpb.br<\/a><\/strong>), com c\u00f3pia para a coord. <strong>de TCC<\/strong> (<a href=\"mailto:tccleanidoc@gmail.com\"><strong>tccleanidoc@gmail.com<\/strong><\/a>) a <strong>Declara\u00e7\u00e3o de aceite do Orientador<\/strong> (cujo modelo est\u00e1 dispon\u00edvel em: <a href=\"http:\/\/www.cchla.ufpb.br\/leani\/wp-content\/uploads\/sites\/122\/sites\/156\/2025\/10\/DECLARACAO-DE-ACEITE-DE-ORIENTACAO-DE-TCC-PELO-ORIENTADOR-Atualizada-1.pdf\" data-type=\"link\" data-id=\"http:\/\/www.cchla.ufpb.br\/leani\/wp-content\/uploads\/sites\/122\/sites\/156\/2025\/10\/DECLARACAO-DE-ACEITE-DE-ORIENTACAO-DE-TCC-PELO-ORIENTADOR-Atualizada-1.pdf\">baixar<\/a>), solicitando a matr\u00edcula em TCC. Apenas ap\u00f3s a matr\u00edcula na referida atividade ter sido efetivada, pode-se realizar a matr\u00edcula em demais componentes (caso contr\u00e1rio, o sistema sinalizar\u00e1 insufici\u00eancia de carga hor\u00e1ria m\u00ednima em componentes). <br>Ao final do per\u00edodo, o\/a Professor\/a orientador\/a encaminha um e-mail para a SIAG, com c\u00f3pia para a Coordena\u00e7\u00e3o de TCC, informando a nota obtida pelo\/a discente, durante a atividade de TCC 1. <br><\/p>\n\n\n\n<p><strong>D\u00favida frequente:<\/strong> \u00c9 poss\u00edvel cursar TCC 1 e 2 simultaneamente? A resposta \u00e9: <strong>n\u00e3o<\/strong>. De acordo com o Projeto Pedag\u00f3gico do Curso (PPC) do curso LEA-NI, a disciplina TCC 1 \u00e9 <strong>pr\u00e9-requisito obrigat\u00f3rio <\/strong>para TCC 2. Portanto, <strong>n\u00e3o<\/strong> \u00e9 permitido cursar as duas disciplinas <strong>simultaneamente<\/strong>. Existe, por\u00e9m, a possibilidade de cursar as duas atividades supracitadas <strong>no mesmo semestre<\/strong> (n\u00e3o simultaneamente), aplic\u00e1vel somente se o(a) aluno(a) atender aos seguintes crit\u00e9rios:<br>1. O(a) aluno(a) deve estar no <strong>8\u00ba semestre<\/strong> do curso;<br>2. Deve concluir e ser aprovado(a) em TCC 1 at\u00e9 a <strong>metade<\/strong> do semestre letivo;<br>3. O(a) orientador(a) dever\u00e1: a) encaminhar a nota final de aprova\u00e7\u00e3o do TCC 1 \u00e0 Coordena\u00e7\u00e3o de TCC + SIAG, confirmando formalmente que o(a) discente concluiu e foi aprovado(a) em TCC 1. b) concordar que o(a) aluno(a) seja matriculado em TCC 2, confirmando que haver\u00e1 tempo h\u00e1bil para a sua conclus\u00e3o e solicitar a matr\u00edcula \u00e0 Coordena\u00e7\u00e3o de TCC + SIAG.<br>Apenas se atender a tais crit\u00e9rios, o(a) aluno(a) poder\u00e1 ser matriculado(a) nos TCCs 1 e 2, n\u00e3o simultaneamente, mas sim, no mesmo semestre. <\/p>\n\n\n\n<p><br><strong><em>Sobre o 8\u00ba semestre do curso, recomenda-se: <\/em><\/strong><br>&#8211;<strong>solicitar <\/strong>o aproveitamento dos componentes flex\u00edveis deve ser protocolado pelo discente (via SIAG), idealmente, <strong>ANTES da fase de matr\u00edcula no \u00faltimo semestre do curso<\/strong> (conforme indica o Of\u00edcio Circular da PRG, N\u00ba 287\/2024) pois isto <em>facilitar\u00e1 <\/em>ao sistema para reconhecer o perfil de \u201cformando\u201d do aluno que tiver condi\u00e7\u00f5es de se formar no pretenso \u00faltimo semestre. O status de formando \u00e9 conferido pelo sistema aos estudantes que o SIGAA entender que conseguir\u00e3o se formar no referido semestre (ou seja, que tenham pend\u00eancias dentro da CH m\u00ednima exigida). Caso as pend\u00eancias ultrapassem a CH m\u00ednima, o sistema n\u00e3o reconhecer\u00e1 o(a) estudante como formando(a). Sugerimos verificar o que consta, no hist\u00f3rico, como &#8220;pendente&#8221;. <br>&#8211;<strong>matricular-se<\/strong> em TCC 2 (usando o mesmo procedimento de matr\u00edcula para o TCC I acima descrito).<br>-uma vez reconhecidos pelo SIGAA como formandos, os discentes conseguir\u00e3o efetuar normalmente a matr\u00edcula nos componentes pendentes para conclus\u00e3o de curso, independentemente do conjunto destas disciplinas faltantes atingirem a carga hor\u00e1ria m\u00ednima semestral.<br><br><strong>TCC 2:<br><em>Sobre a matr\u00edcula em TCC 2<\/em><\/strong>: encaminhar um e-mail para a SIAG, com c\u00f3pia para a Coordena\u00e7\u00e3o de TCC, solicitando a matr\u00edcula em TCC 2. Obs.: caso o t\u00edtulo do trabalho tenha sido alterado, \u00e9 preciso reenviar (neste mesmo e-mail) a carta de aceite do\/a orientador\/a, com o t\u00edtulo atualizado).<\/p>\n\n\n\n<p><em><strong>Marca\u00e7\u00e3o da defesa:<br><\/strong><\/em>Declara\u00e7\u00e3o de apto para ser avaliado em banca de conclus\u00e3o de curso: <a href=\"https:\/\/docs.google.com\/document\/d\/1triHEx7pSJgjj-Kd7_Rv5bOdXWLPgd57\/edit?usp=sharing&amp;ouid=107827008095716909558&amp;rtpof=true&amp;sd=true\" data-type=\"link\" data-id=\"https:\/\/docs.google.com\/document\/d\/1triHEx7pSJgjj-Kd7_Rv5bOdXWLPgd57\/edit?usp=sharing&amp;ouid=107827008095716909558&amp;rtpof=true&amp;sd=true\">baixar<\/a> (clicar em Arquivo &lt; Baixar). \u00c9 preciso encaminhar a referida decla\u00e7\u00e3o para a SIAG, com c\u00f3pia para a Coordena\u00e7\u00e3o de TCC. Aten\u00e7\u00e3o: observe atentamente o bal\u00e3o de coment\u00e1rio inserido no documento, informando outros dados que devem ser enviados no e-mail.<\/p>\n\n\n\n<p><strong><em>Durante a defesa (docs. para o\/a orientador\/a): <br><\/em>Ficha de avalia\u00e7\u00e3o do\/a orientador\/a:<\/strong> <a href=\"https:\/\/docs.google.com\/document\/d\/1vU6ZIKN6T_WrRnXEzry5jlQLxFY_Xs3Y\/edit?usp=sharing&amp;ouid=107827008095716909558&amp;rtpof=true&amp;sd=true\" data-type=\"link\" data-id=\"https:\/\/docs.google.com\/document\/d\/1vU6ZIKN6T_WrRnXEzry5jlQLxFY_Xs3Y\/edit?usp=sharing&amp;ouid=107827008095716909558&amp;rtpof=true&amp;sd=true\">baixar<\/a><br><strong>Ficha de avalia\u00e7\u00e3o dos\/as avaliadores\/as 2 e 3:<\/strong> <a href=\"https:\/\/docs.google.com\/document\/d\/1GtKYgw4rvPyloDTi1Q_SKPyCFFMWQ3hb\/edit?usp=sharing&amp;ouid=107827008095716909558&amp;rtpof=true&amp;sd=true\" data-type=\"link\" data-id=\"https:\/\/docs.google.com\/document\/d\/1GtKYgw4rvPyloDTi1Q_SKPyCFFMWQ3hb\/edit?usp=sharing&amp;ouid=107827008095716909558&amp;rtpof=true&amp;sd=true\">baixar<\/a><br><strong>Modelo de ata de defesa:<\/strong> <a href=\"https:\/\/docs.google.com\/document\/d\/1TjNEsMboLJK6OVSwj7AZA9itx19jCcER\/edit?usp=sharing&amp;ouid=107827008095716909558&amp;rtpof=true&amp;sd=true\" data-type=\"link\" data-id=\"https:\/\/docs.google.com\/document\/d\/1TjNEsMboLJK6OVSwj7AZA9itx19jCcER\/edit?usp=sharing&amp;ouid=107827008095716909558&amp;rtpof=true&amp;sd=true\">baixar <\/a><br><strong><em>Resumo das notas:<\/em><\/strong> <a href=\"https:\/\/docs.google.com\/document\/d\/1ptARVXmIxUVgvwNPgbYYHM9zTlbgodKs\/edit?usp=sharing&amp;ouid=107827008095716909558&amp;rtpof=true&amp;sd=true\" data-type=\"link\" data-id=\"https:\/\/docs.google.com\/document\/d\/1ptARVXmIxUVgvwNPgbYYHM9zTlbgodKs\/edit?usp=sharing&amp;ouid=107827008095716909558&amp;rtpof=true&amp;sd=true\">baixar<\/a><br><strong><em>Procedimento:<\/em><\/strong> ap\u00f3s a defesa, o\/a orientador\/a deve encaminhar os referidos documentos para a Coordena\u00e7\u00e3o de TCC. No entanto, a nota s\u00f3 ser\u00e1 implantada, ap\u00f3s o envio dos documentos &#8220;p\u00f3s defesa&#8221; abaixo listados, por parte do\/a discente.<\/p>\n\n\n\n<p><strong><em>P\u00f3s-defesa:<\/em><\/strong> <br>Tutorial para solicita\u00e7\u00e3o da ficha catalogr\u00e1fica: <a href=\"http:\/\/www.cchla.ufpb.br\/leani\/wp-content\/uploads\/sites\/122\/sites\/156\/2024\/11\/TUTORIAL-PARA-CONFECCAO-DE-FICHA-CATALOGRAFICA.pdf\" data-type=\"link\" data-id=\"http:\/\/www.cchla.ufpb.br\/leani\/wp-content\/uploads\/sites\/122\/sites\/156\/2024\/11\/TUTORIAL-PARA-CONFECCAO-DE-FICHA-CATALOGRAFICA.pdf\">baixar<\/a><br>Declara\u00e7\u00e3o de finaliza\u00e7\u00e3o e apto para dep\u00f3sito final: <a href=\"http:\/\/www.cchla.ufpb.br\/leani\/wp-content\/uploads\/sites\/122\/sites\/156\/2024\/11\/declaracao-de-finalizacao-de-trabalho-de-conclusao-de-curso-e-pronto-para-deposito-final.pdf\" data-type=\"link\" data-id=\"http:\/\/www.cchla.ufpb.br\/leani\/wp-content\/uploads\/sites\/122\/sites\/156\/2024\/11\/declaracao-de-finalizacao-de-trabalho-de-conclusao-de-curso-e-pronto-para-deposito-final.pdf\">baixar<\/a> <br>Termo de autoriza\u00e7\u00e3o: <a href=\"http:\/\/www.cchla.ufpb.br\/leani\/wp-content\/uploads\/sites\/122\/sites\/156\/2024\/11\/termo-de-autorizacao-monografias-1.pdf\" data-type=\"link\" data-id=\"http:\/\/www.cchla.ufpb.br\/leani\/wp-content\/uploads\/sites\/122\/sites\/156\/2024\/11\/termo-de-autorizacao-monografias-1.pdf\">baixar<\/a><br>Atestado de autenticidade: <a href=\"http:\/\/www.cchla.ufpb.br\/leani\/wp-content\/uploads\/sites\/122\/sites\/156\/2024\/11\/atestado-de-autenticidade-do-trabalho-de-conclusao-de-curso.pdf\" data-type=\"link\" data-id=\"http:\/\/www.cchla.ufpb.br\/leani\/wp-content\/uploads\/sites\/122\/sites\/156\/2024\/11\/atestado-de-autenticidade-do-trabalho-de-conclusao-de-curso.pdf\">baixar<\/a><br>&#8211; Logo que o\/a estudante tiver conclu\u00eddo as corre\u00e7\u00f5es solicitadas em banca, durante a defesa, ela\/a deve encaminhar para a Biblioteca Setorial (<a href=\"mailto:biblioteca@cchla.ufpb.br\">biblioteca@cchla.ufpb.br<\/a>), com c\u00f3pia para a Coordena\u00e7\u00e3o de TCC (<a href=\"mailto:tccleanidoc@gmail.com\">tccleanidoc@gmail.com<\/a>), os tr\u00eas documentos acima, a saber: a) Declara\u00e7\u00e3o de finaliza\u00e7\u00e3o e apto para dep\u00f3sito final (assinada pelo\/a orientador\/a), b) Termo de autoriza\u00e7\u00e3o e c) Atestado de autenticidade, juntamente com d) o TCC em sua vers\u00e3o final (com a ficha catalogr\u00e1fica inclusa no arquivo e com folha de aprova\u00e7\u00e3o sem assinaturas). <br>Aten\u00e7\u00e3o: \u00e9 importante que isso seja feito, respeitando os prazos estabelecidos no cronograma de TCC. Caso contr\u00e1rio, o\/a discente corre o risco de n\u00e3o ter o seu nome incluso no processo de cola\u00e7\u00e3o de grau.<\/p>\n\n\n\n<p>Link de acesso ao reposit\u00f3rio de TCCs: <a href=\"https:\/\/repositorio.ufpb.br\/jspui\/handle\/123456789\/11046?locale=pt_BR\" data-type=\"link\" data-id=\"https:\/\/repositorio.ufpb.br\/jspui\/handle\/123456789\/11046?locale=pt_BR\">acesso<\/a><br><br><strong><em>Cola\u00e7\u00e3o de grau: <br><\/em><\/strong>Para que o\/a discente possa colar grau, \u00e9 necess\u00e1rio estar com o Hist\u00f3rico Escolar completamente integralizado (no quadro de totaliza\u00e7\u00e3o, em \u201cPendente\u201d deve constar \u201c0\u201d em todos os campos). <br><\/p>\n\n\n\n<p>Os concluintes devem <strong>aguardar <\/strong>as instru\u00e7\u00f5es espec\u00edficas que a Coordena\u00e7\u00e3o repassar\u00e1, referente \u00e0 cola\u00e7\u00e3o de grau. No entanto, se puderem adiantar a juntada de documentos necess\u00e1rios (a serem encaminhados \u00e0 SIAG (<a href=\"mailto:siag@cchla.ufpb.br\">siag@cchla.ufpb.br<\/a>), com c\u00f3pia para a Coordena\u00e7\u00e3o de TCC (<a href=\"mailto:tccleanidoc@gmail.com\">tccleanidoc@gmail.com<\/a>), <strong>t\u00e3o somente dentro do per\u00edodo solicitado<\/strong>), ser\u00e1 poss\u00edvel evitar poss\u00edveis problemas. Veja, abaixo, a lista de documentos necess\u00e1rios: <br>I. Hist\u00f3rico acad\u00eamico.<br>II. Nada consta da biblioteca <em>(obs.: encerrar o v\u00ednculo com a Biblioteca apenas <strong>AP\u00d3S <\/strong>o recebimento da ficha catalogr\u00e1fica de TCC).<\/em><br>III. Reservista (para os alunos do sexo masculino).<br><strong><em>Aten\u00e7\u00e3o:<br><\/em><\/strong>\u00c9 importante que a documenta\u00e7\u00e3o esteja completa. <br>Todos os documentos devem ser enviados em formato PDF, obrigatoriamente <strong>em arquivos separados<\/strong>.<br>Caso algu\u00e9m n\u00e3o consiga estar presente na cola\u00e7\u00e3o de grau, \u00e9 poss\u00edvel utilizar este modelo de procura\u00e7\u00e3o (<a href=\"http:\/\/www.cchla.ufpb.br\/leani\/wp-content\/uploads\/sites\/122\/sites\/156\/2024\/11\/Modelo-de-PROCURACAO-Colacao-de-Grau.pdf\" data-type=\"link\" data-id=\"http:\/\/www.cchla.ufpb.br\/leani\/wp-content\/uploads\/sites\/122\/sites\/156\/2024\/11\/Modelo-de-PROCURACAO-Colacao-de-Grau.pdf\">baixar<\/a>), para que algu\u00e9m o\/a represente, no dia da cerim\u00f4nia. <\/p>\n\n\n\n<p><\/p>\n\n\n\n<p><\/p>\n","protected":false},"excerpt":{"rendered":"<p>Documentos relativos \u00e0s atividades de Trabalho de Conclus\u00e3o de Curso I e II Regulamento de TCC: baixarCronograma de TCC I 2026.1: em breveCronograma de TCC II 2026.1: em breveModelo de carta de aceite (novo): baixar TCC 1: Matr\u00edcula: antes do per\u00edodo de matr\u00edculas do 7\u00ba. semestre, \u00e9 preciso encaminhar \u00e0 SIAG (siag@cchla.ufpb.br), com c\u00f3pia para [&hellip;]<\/p>\n","protected":false},"author":101,"featured_media":0,"parent":25,"menu_order":0,"comment_status":"closed","ping_status":"closed","template":"","meta":{"footnotes":""},"class_list":["post-234","page","type-page","status-publish","hentry"],"_links":{"self":[{"href":"https:\/\/www.cchla.ufpb.br\/leani\/wp-json\/wp\/v2\/pages\/234","targetHints":{"allow":["GET"]}}],"collection":[{"href":"https:\/\/www.cchla.ufpb.br\/leani\/wp-json\/wp\/v2\/pages"}],"about":[{"href":"https:\/\/www.cchla.ufpb.br\/leani\/wp-json\/wp\/v2\/types\/page"}],"author":[{"embeddable":true,"href":"https:\/\/www.cchla.ufpb.br\/leani\/wp-json\/wp\/v2\/users\/101"}],"replies":[{"embeddable":true,"href":"https:\/\/www.cchla.ufpb.br\/leani\/wp-json\/wp\/v2\/comments?post=234"}],"version-history":[{"count":29,"href":"https:\/\/www.cchla.ufpb.br\/leani\/wp-json\/wp\/v2\/pages\/234\/revisions"}],"predecessor-version":[{"id":568,"href":"https:\/\/www.cchla.ufpb.br\/leani\/wp-json\/wp\/v2\/pages\/234\/revisions\/568"}],"up":[{"embeddable":true,"href":"https:\/\/www.cchla.ufpb.br\/leani\/wp-json\/wp\/v2\/pages\/25"}],"wp:attachment":[{"href":"https:\/\/www.cchla.ufpb.br\/leani\/wp-json\/wp\/v2\/media?parent=234"}],"curies":[{"name":"wp","href":"https:\/\/api.w.org\/{rel}","templated":true}]}}