{"id":24,"date":"2024-03-11T12:53:28","date_gmt":"2024-03-11T12:53:28","guid":{"rendered":"https:\/\/www.cchla.ufpb.br\/leani\/?page_id=24"},"modified":"2024-11-28T22:23:20","modified_gmt":"2024-11-29T01:23:20","slug":"ambientes","status":"publish","type":"page","link":"https:\/\/www.cchla.ufpb.br\/leani\/institucional\/ambientes\/","title":{"rendered":"Ambientes"},"content":{"rendered":"\n<p>Conhe\u00e7a alguns dos espa\u00e7os utilizados ao longo da gradua\u00e7\u00e3o em LEA-NI<\/p>\n\n\n\n<h3 class=\"wp-block-heading\"><strong>Laborat\u00f3rio do curso de LEA-NI (LabLEA) \u2013 Bloco C, 2\u00b0 andar<\/strong><\/h3>\n\n\n\n<figure class=\"wp-block-image size-full\"><img loading=\"lazy\" decoding=\"async\" width=\"225\" height=\"400\" src=\"http:\/\/www.cchla.ufpb.br\/leani\/wp-content\/uploads\/sites\/122\/sites\/156\/2024\/05\/LabLEA.jpeg\" alt=\"\" class=\"wp-image-101\" srcset=\"https:\/\/www.cchla.ufpb.br\/leani\/wp-content\/uploads\/sites\/122\/sites\/156\/2024\/05\/LabLEA.jpeg 225w, https:\/\/www.cchla.ufpb.br\/leani\/wp-content\/uploads\/sites\/122\/sites\/156\/2024\/05\/LabLEA-169x300.jpeg 169w\" sizes=\"auto, (max-width: 225px) 100vw, 225px\" \/><\/figure>\n\n\n\n<h3 class=\"wp-block-heading\">Ambiente dos professores \u2013 n\u00b0 58, bloco B<\/h3>\n\n\n\n<figure class=\"wp-block-image size-full\"><img loading=\"lazy\" decoding=\"async\" width=\"225\" height=\"400\" src=\"http:\/\/www.cchla.ufpb.br\/leani\/wp-content\/uploads\/sites\/122\/sites\/156\/2024\/05\/Ambiente-dos-professores.jpeg\" alt=\"\" class=\"wp-image-102\" srcset=\"https:\/\/www.cchla.ufpb.br\/leani\/wp-content\/uploads\/sites\/122\/sites\/156\/2024\/05\/Ambiente-dos-professores.jpeg 225w, https:\/\/www.cchla.ufpb.br\/leani\/wp-content\/uploads\/sites\/122\/sites\/156\/2024\/05\/Ambiente-dos-professores-169x300.jpeg 169w\" sizes=\"auto, (max-width: 225px) 100vw, 225px\" \/><\/figure>\n\n\n\n<h3 class=\"wp-block-heading\">Sede da Internacionalize, empresa j\u00fanior do curso de LEA-NI &#8211; Bloco A, 1\u00b0 andar<\/h3>\n\n\n\n<figure class=\"wp-block-image size-full\"><img loading=\"lazy\" decoding=\"async\" width=\"225\" height=\"400\" src=\"http:\/\/www.cchla.ufpb.br\/leani\/wp-content\/uploads\/sites\/122\/sites\/156\/2024\/05\/Sede-da-Internacionalize.jpeg\" alt=\"\" class=\"wp-image-103\" srcset=\"https:\/\/www.cchla.ufpb.br\/leani\/wp-content\/uploads\/sites\/122\/sites\/156\/2024\/05\/Sede-da-Internacionalize.jpeg 225w, https:\/\/www.cchla.ufpb.br\/leani\/wp-content\/uploads\/sites\/122\/sites\/156\/2024\/05\/Sede-da-Internacionalize-169x300.jpeg 169w\" sizes=\"auto, (max-width: 225px) 100vw, 225px\" \/><\/figure>\n\n\n\n<h3 class=\"wp-block-heading\">Secretaria Integrada de Atendimento \u00e0 Gradua\u00e7\u00e3o (SIAG)<\/h3>\n\n\n\n<figure class=\"wp-block-image size-full\"><img loading=\"lazy\" decoding=\"async\" width=\"400\" height=\"225\" src=\"http:\/\/www.cchla.ufpb.br\/leani\/wp-content\/uploads\/sites\/122\/sites\/156\/2024\/05\/SIAG.jpeg\" alt=\"\" class=\"wp-image-104\" srcset=\"https:\/\/www.cchla.ufpb.br\/leani\/wp-content\/uploads\/sites\/122\/sites\/156\/2024\/05\/SIAG.jpeg 400w, https:\/\/www.cchla.ufpb.br\/leani\/wp-content\/uploads\/sites\/122\/sites\/156\/2024\/05\/SIAG-300x169.jpeg 300w\" sizes=\"auto, (max-width: 400px) 100vw, 400px\" \/><\/figure>\n\n\n\n<h3 class=\"wp-block-heading\">Coordena\u00e7\u00e3o de LEA-NI na SIAG<\/h3>\n\n\n\n<figure class=\"wp-block-image size-full\"><img loading=\"lazy\" decoding=\"async\" width=\"225\" height=\"400\" src=\"http:\/\/www.cchla.ufpb.br\/leani\/wp-content\/uploads\/sites\/122\/sites\/156\/2024\/05\/Coordenacao-de-LEA-NI-na-SIAG.jpeg\" alt=\"\" class=\"wp-image-105\" srcset=\"https:\/\/www.cchla.ufpb.br\/leani\/wp-content\/uploads\/sites\/122\/sites\/156\/2024\/05\/Coordenacao-de-LEA-NI-na-SIAG.jpeg 225w, https:\/\/www.cchla.ufpb.br\/leani\/wp-content\/uploads\/sites\/122\/sites\/156\/2024\/05\/Coordenacao-de-LEA-NI-na-SIAG-169x300.jpeg 169w\" sizes=\"auto, (max-width: 225px) 100vw, 225px\" \/><\/figure>\n\n\n\n<h3 class=\"wp-block-heading\">Secretaria do Departamento de Media\u00e7\u00f5es Interculturais (DMI) &#8211; Bloco A, 2\u00b0 andar<\/h3>\n\n\n\n<figure class=\"wp-block-image size-full\"><img loading=\"lazy\" decoding=\"async\" width=\"225\" height=\"400\" src=\"http:\/\/www.cchla.ufpb.br\/leani\/wp-content\/uploads\/sites\/122\/sites\/156\/2024\/05\/Secretaria-do-Departamento-de-Mediacoes-Interculturais.jpeg\" alt=\"\" class=\"wp-image-106\" srcset=\"https:\/\/www.cchla.ufpb.br\/leani\/wp-content\/uploads\/sites\/122\/sites\/156\/2024\/05\/Secretaria-do-Departamento-de-Mediacoes-Interculturais.jpeg 225w, https:\/\/www.cchla.ufpb.br\/leani\/wp-content\/uploads\/sites\/122\/sites\/156\/2024\/05\/Secretaria-do-Departamento-de-Mediacoes-Interculturais-169x300.jpeg 169w\" sizes=\"auto, (max-width: 225px) 100vw, 225px\" \/><\/figure>\n\n\n\n<h3 class=\"wp-block-heading\">Biblioteca Setorial do CCHLA<\/h3>\n\n\n\n<figure class=\"wp-block-image size-full\"><img loading=\"lazy\" decoding=\"async\" width=\"400\" height=\"225\" src=\"http:\/\/www.cchla.ufpb.br\/leani\/wp-content\/uploads\/sites\/122\/sites\/156\/2024\/05\/Biblioteca-Setorial-do-CCHLA.jpeg\" alt=\"\" class=\"wp-image-107\" srcset=\"https:\/\/www.cchla.ufpb.br\/leani\/wp-content\/uploads\/sites\/122\/sites\/156\/2024\/05\/Biblioteca-Setorial-do-CCHLA.jpeg 400w, https:\/\/www.cchla.ufpb.br\/leani\/wp-content\/uploads\/sites\/122\/sites\/156\/2024\/05\/Biblioteca-Setorial-do-CCHLA-300x169.jpeg 300w\" sizes=\"auto, (max-width: 400px) 100vw, 400px\" \/><\/figure>\n","protected":false},"excerpt":{"rendered":"<p>Conhe\u00e7a alguns dos espa\u00e7os utilizados ao longo da gradua\u00e7\u00e3o em LEA-NI Laborat\u00f3rio do curso de LEA-NI (LabLEA) \u2013 Bloco C, 2\u00b0 andar Ambiente dos professores \u2013 n\u00b0 58, bloco B Sede da Internacionalize, empresa j\u00fanior do curso de LEA-NI &#8211; Bloco A, 1\u00b0 andar Secretaria Integrada de Atendimento \u00e0 Gradua\u00e7\u00e3o (SIAG) Coordena\u00e7\u00e3o de LEA-NI na [&hellip;]<\/p>\n","protected":false},"author":47,"featured_media":0,"parent":23,"menu_order":0,"comment_status":"closed","ping_status":"closed","template":"","meta":{"footnotes":""},"class_list":["post-24","page","type-page","status-publish","hentry"],"_links":{"self":[{"href":"https:\/\/www.cchla.ufpb.br\/leani\/wp-json\/wp\/v2\/pages\/24","targetHints":{"allow":["GET"]}}],"collection":[{"href":"https:\/\/www.cchla.ufpb.br\/leani\/wp-json\/wp\/v2\/pages"}],"about":[{"href":"https:\/\/www.cchla.ufpb.br\/leani\/wp-json\/wp\/v2\/types\/page"}],"author":[{"embeddable":true,"href":"https:\/\/www.cchla.ufpb.br\/leani\/wp-json\/wp\/v2\/users\/47"}],"replies":[{"embeddable":true,"href":"https:\/\/www.cchla.ufpb.br\/leani\/wp-json\/wp\/v2\/comments?post=24"}],"version-history":[{"count":5,"href":"https:\/\/www.cchla.ufpb.br\/leani\/wp-json\/wp\/v2\/pages\/24\/revisions"}],"predecessor-version":[{"id":109,"href":"https:\/\/www.cchla.ufpb.br\/leani\/wp-json\/wp\/v2\/pages\/24\/revisions\/109"}],"up":[{"embeddable":true,"href":"https:\/\/www.cchla.ufpb.br\/leani\/wp-json\/wp\/v2\/pages\/23"}],"wp:attachment":[{"href":"https:\/\/www.cchla.ufpb.br\/leani\/wp-json\/wp\/v2\/media?parent=24"}],"curies":[{"name":"wp","href":"https:\/\/api.w.org\/{rel}","templated":true}]}}