{"id":244,"date":"2024-12-05T16:44:48","date_gmt":"2024-12-05T19:44:48","guid":{"rendered":"https:\/\/www.cchla.ufpb.br\/leani\/?page_id=244"},"modified":"2024-12-05T16:44:48","modified_gmt":"2024-12-05T19:44:48","slug":"eventos","status":"publish","type":"page","link":"https:\/\/www.cchla.ufpb.br\/leani\/atividades\/eventos\/","title":{"rendered":"Eventos"},"content":{"rendered":"\n<p>Abaixo, destacamos alguns eventos realizados, no \u00e2mbito do curso de LEA-NI:<\/p>\n\n\n\n<p><\/p>\n\n\n\n<p><\/p>\n\n\n\n<figure class=\"wp-block-image size-large is-resized\"><img loading=\"lazy\" decoding=\"async\" width=\"1024\" height=\"768\" src=\"https:\/\/www.cchla.ufpb.br\/leani\/wp-content\/uploads\/sites\/122\/sites\/156\/2024\/10\/WhatsApp-Image-2024-10-17-at-14.54.14-1024x768.jpeg\" alt=\"\" class=\"wp-image-268\" style=\"width:255px;height:auto\" srcset=\"https:\/\/www.cchla.ufpb.br\/leani\/wp-content\/uploads\/sites\/122\/sites\/156\/2024\/10\/WhatsApp-Image-2024-10-17-at-14.54.14-1024x768.jpeg 1024w, https:\/\/www.cchla.ufpb.br\/leani\/wp-content\/uploads\/sites\/122\/sites\/156\/2024\/10\/WhatsApp-Image-2024-10-17-at-14.54.14-300x225.jpeg 300w, https:\/\/www.cchla.ufpb.br\/leani\/wp-content\/uploads\/sites\/122\/sites\/156\/2024\/10\/WhatsApp-Image-2024-10-17-at-14.54.14-768x576.jpeg 768w, https:\/\/www.cchla.ufpb.br\/leani\/wp-content\/uploads\/sites\/122\/sites\/156\/2024\/10\/WhatsApp-Image-2024-10-17-at-14.54.14.jpeg 1280w\" sizes=\"auto, (max-width: 1024px) 100vw, 1024px\" \/><figcaption class=\"wp-element-caption\">Prof. Roberto Vilmar Satur, no &#8220;I Simp\u00f3sio Internacional sobre Viol\u00eancia (SISV) do RIEV&#8221;, na mesa-redonda sobre a\u00e7\u00f5es de combate a Viol\u00eancia a Imigrantes na Para\u00edba. <\/figcaption><\/figure>\n\n\n\n<figure class=\"wp-block-image size-large is-resized\"><img loading=\"lazy\" decoding=\"async\" width=\"768\" height=\"1024\" src=\"https:\/\/www.cchla.ufpb.br\/leani\/wp-content\/uploads\/sites\/122\/sites\/156\/2024\/10\/WhatsApp-Image-2024-10-17-at-14.57.39-768x1024.jpeg\" alt=\"\" class=\"wp-image-269\" style=\"width:191px;height:auto\" srcset=\"https:\/\/www.cchla.ufpb.br\/leani\/wp-content\/uploads\/sites\/122\/sites\/156\/2024\/10\/WhatsApp-Image-2024-10-17-at-14.57.39-768x1024.jpeg 768w, https:\/\/www.cchla.ufpb.br\/leani\/wp-content\/uploads\/sites\/122\/sites\/156\/2024\/10\/WhatsApp-Image-2024-10-17-at-14.57.39-225x300.jpeg 225w, https:\/\/www.cchla.ufpb.br\/leani\/wp-content\/uploads\/sites\/122\/sites\/156\/2024\/10\/WhatsApp-Image-2024-10-17-at-14.57.39.jpeg 960w\" sizes=\"auto, (max-width: 768px) 100vw, 768px\" \/><figcaption class=\"wp-element-caption\">Palestra de Lyvia Rodrigues Barbosa (ACNUR\/BR), a convite do Grupo de Pesquisa sobre Media\u00e7\u00f5es Internacionais, Negocia\u00e7\u00f5es e Negociadores Internacionais no Mundo (MINNI-Mundo), em 17 de outubro de 2024.<\/figcaption><\/figure>\n\n\n\n<figure class=\"wp-block-image size-full is-resized\"><img loading=\"lazy\" decoding=\"async\" width=\"805\" height=\"803\" src=\"https:\/\/www.cchla.ufpb.br\/leani\/wp-content\/uploads\/sites\/122\/sites\/156\/2024\/10\/Captura-de-tela-2024-10-27-114200.png\" alt=\"\" class=\"wp-image-271\" style=\"width:233px;height:auto\" srcset=\"https:\/\/www.cchla.ufpb.br\/leani\/wp-content\/uploads\/sites\/122\/sites\/156\/2024\/10\/Captura-de-tela-2024-10-27-114200.png 805w, https:\/\/www.cchla.ufpb.br\/leani\/wp-content\/uploads\/sites\/122\/sites\/156\/2024\/10\/Captura-de-tela-2024-10-27-114200-300x300.png 300w, https:\/\/www.cchla.ufpb.br\/leani\/wp-content\/uploads\/sites\/122\/sites\/156\/2024\/10\/Captura-de-tela-2024-10-27-114200-150x150.png 150w, https:\/\/www.cchla.ufpb.br\/leani\/wp-content\/uploads\/sites\/122\/sites\/156\/2024\/10\/Captura-de-tela-2024-10-27-114200-768x766.png 768w\" sizes=\"auto, (max-width: 805px) 100vw, 805px\" \/><\/figure>\n\n\n\n<figure class=\"wp-block-image size-full is-resized\"><img loading=\"lazy\" decoding=\"async\" width=\"784\" height=\"776\" src=\"https:\/\/www.cchla.ufpb.br\/leani\/wp-content\/uploads\/sites\/122\/sites\/156\/2024\/10\/Captura-de-tela-2024-10-27-112606.png\" alt=\"\" class=\"wp-image-266\" style=\"width:250px;height:auto\" srcset=\"https:\/\/www.cchla.ufpb.br\/leani\/wp-content\/uploads\/sites\/122\/sites\/156\/2024\/10\/Captura-de-tela-2024-10-27-112606.png 784w, https:\/\/www.cchla.ufpb.br\/leani\/wp-content\/uploads\/sites\/122\/sites\/156\/2024\/10\/Captura-de-tela-2024-10-27-112606-300x297.png 300w, https:\/\/www.cchla.ufpb.br\/leani\/wp-content\/uploads\/sites\/122\/sites\/156\/2024\/10\/Captura-de-tela-2024-10-27-112606-768x760.png 768w\" sizes=\"auto, (max-width: 784px) 100vw, 784px\" \/><figcaption class=\"wp-element-caption\">I ECEMI- Encontro Regional de Com\u00e9rcio Exterior e Media\u00e7\u00f5es Interculturais do Nordeste e da Para\u00edba &#8211; 2024<\/figcaption><\/figure>\n\n\n\n<figure class=\"wp-block-image size-full is-resized\"><img loading=\"lazy\" decoding=\"async\" width=\"799\" height=\"806\" src=\"https:\/\/www.cchla.ufpb.br\/leani\/wp-content\/uploads\/sites\/122\/sites\/156\/2024\/10\/Captura-de-tela-2024-10-27-112711.png\" alt=\"\" class=\"wp-image-267\" style=\"width:238px;height:auto\" srcset=\"https:\/\/www.cchla.ufpb.br\/leani\/wp-content\/uploads\/sites\/122\/sites\/156\/2024\/10\/Captura-de-tela-2024-10-27-112711.png 799w, https:\/\/www.cchla.ufpb.br\/leani\/wp-content\/uploads\/sites\/122\/sites\/156\/2024\/10\/Captura-de-tela-2024-10-27-112711-297x300.png 297w, https:\/\/www.cchla.ufpb.br\/leani\/wp-content\/uploads\/sites\/122\/sites\/156\/2024\/10\/Captura-de-tela-2024-10-27-112711-150x150.png 150w, https:\/\/www.cchla.ufpb.br\/leani\/wp-content\/uploads\/sites\/122\/sites\/156\/2024\/10\/Captura-de-tela-2024-10-27-112711-768x775.png 768w\" sizes=\"auto, (max-width: 799px) 100vw, 799px\" \/><figcaption class=\"wp-element-caption\">I ECEMI- Encontro Regional de Com\u00e9rcio Exterior e Media\u00e7\u00f5es Interculturais do Nordeste e da Para\u00edba &#8211; de 19 a 23 de agosto de 2024<\/figcaption><\/figure>\n\n\n\n<p><\/p>\n\n\n\n<p><\/p>\n\n\n\n<p><\/p>\n\n\n\n<p><\/p>\n\n\n\n<figure class=\"wp-block-image size-full is-resized\"><img loading=\"lazy\" decoding=\"async\" width=\"798\" height=\"487\" src=\"https:\/\/www.cchla.ufpb.br\/leani\/wp-content\/uploads\/sites\/122\/sites\/156\/2024\/10\/Captura-de-tela-2024-10-27-111759.png\" alt=\"\" class=\"wp-image-258\" style=\"width:279px;height:auto\" srcset=\"https:\/\/www.cchla.ufpb.br\/leani\/wp-content\/uploads\/sites\/122\/sites\/156\/2024\/10\/Captura-de-tela-2024-10-27-111759.png 798w, https:\/\/www.cchla.ufpb.br\/leani\/wp-content\/uploads\/sites\/122\/sites\/156\/2024\/10\/Captura-de-tela-2024-10-27-111759-300x183.png 300w, https:\/\/www.cchla.ufpb.br\/leani\/wp-content\/uploads\/sites\/122\/sites\/156\/2024\/10\/Captura-de-tela-2024-10-27-111759-768x469.png 768w\" sizes=\"auto, (max-width: 798px) 100vw, 798px\" \/><\/figure>\n\n\n\n<figure class=\"wp-block-image size-full is-resized\"><img loading=\"lazy\" decoding=\"async\" width=\"805\" height=\"808\" src=\"https:\/\/www.cchla.ufpb.br\/leani\/wp-content\/uploads\/sites\/122\/sites\/156\/2024\/10\/Captura-de-tela-2024-10-27-111658.png\" alt=\"\" class=\"wp-image-257\" style=\"width:258px;height:auto\" srcset=\"https:\/\/www.cchla.ufpb.br\/leani\/wp-content\/uploads\/sites\/122\/sites\/156\/2024\/10\/Captura-de-tela-2024-10-27-111658.png 805w, https:\/\/www.cchla.ufpb.br\/leani\/wp-content\/uploads\/sites\/122\/sites\/156\/2024\/10\/Captura-de-tela-2024-10-27-111658-300x300.png 300w, https:\/\/www.cchla.ufpb.br\/leani\/wp-content\/uploads\/sites\/122\/sites\/156\/2024\/10\/Captura-de-tela-2024-10-27-111658-150x150.png 150w, https:\/\/www.cchla.ufpb.br\/leani\/wp-content\/uploads\/sites\/122\/sites\/156\/2024\/10\/Captura-de-tela-2024-10-27-111658-768x771.png 768w\" sizes=\"auto, (max-width: 805px) 100vw, 805px\" \/><figcaption class=\"wp-element-caption\">PBMEX- I ENCONTRO DE ESTUDANTES SOBRE COM\u00c9RCIO EXTERIOR NA PARA\u00cdBA, sendo realizado pela Internacionalize, empresa Jr do nosso curso, a Eleven e a L\u00edderi.<\/figcaption><\/figure>\n\n\n\n<figure class=\"wp-block-image size-full is-resized\"><img loading=\"lazy\" decoding=\"async\" width=\"804\" height=\"377\" src=\"https:\/\/www.cchla.ufpb.br\/leani\/wp-content\/uploads\/sites\/122\/sites\/156\/2024\/10\/Captura-de-tela-2024-10-27-111034.png\" alt=\"\" class=\"wp-image-253\" style=\"width:260px;height:auto\" srcset=\"https:\/\/www.cchla.ufpb.br\/leani\/wp-content\/uploads\/sites\/122\/sites\/156\/2024\/10\/Captura-de-tela-2024-10-27-111034.png 804w, https:\/\/www.cchla.ufpb.br\/leani\/wp-content\/uploads\/sites\/122\/sites\/156\/2024\/10\/Captura-de-tela-2024-10-27-111034-300x141.png 300w, https:\/\/www.cchla.ufpb.br\/leani\/wp-content\/uploads\/sites\/122\/sites\/156\/2024\/10\/Captura-de-tela-2024-10-27-111034-768x360.png 768w\" sizes=\"auto, (max-width: 804px) 100vw, 804px\" \/><figcaption class=\"wp-element-caption\">Simp\u00f3sio Internacional sobre o Multilinguismo no Ciberespa\u00e7o, realizado na Universidade de Bras\u00edlia (UnB).<\/figcaption><\/figure>\n\n\n\n<figure class=\"wp-block-image size-full is-resized\"><img loading=\"lazy\" decoding=\"async\" width=\"807\" height=\"674\" src=\"https:\/\/www.cchla.ufpb.br\/leani\/wp-content\/uploads\/sites\/122\/sites\/156\/2024\/10\/Captura-de-tela-2024-10-27-110442.png\" alt=\"\" class=\"wp-image-252\" style=\"width:241px;height:auto\" srcset=\"https:\/\/www.cchla.ufpb.br\/leani\/wp-content\/uploads\/sites\/122\/sites\/156\/2024\/10\/Captura-de-tela-2024-10-27-110442.png 807w, https:\/\/www.cchla.ufpb.br\/leani\/wp-content\/uploads\/sites\/122\/sites\/156\/2024\/10\/Captura-de-tela-2024-10-27-110442-300x251.png 300w, https:\/\/www.cchla.ufpb.br\/leani\/wp-content\/uploads\/sites\/122\/sites\/156\/2024\/10\/Captura-de-tela-2024-10-27-110442-768x641.png 768w\" sizes=\"auto, (max-width: 807px) 100vw, 807px\" \/><figcaption class=\"wp-element-caption\">CCHLA de Bra\u00e7os Abertos<\/figcaption><\/figure>\n\n\n\n<figure class=\"wp-block-image size-full is-resized\"><img loading=\"lazy\" decoding=\"async\" width=\"777\" height=\"676\" src=\"https:\/\/www.cchla.ufpb.br\/leani\/wp-content\/uploads\/sites\/122\/sites\/156\/2024\/10\/Captura-de-tela-2024-10-27-110346.png\" alt=\"\" class=\"wp-image-251\" style=\"width:256px;height:auto\" srcset=\"https:\/\/www.cchla.ufpb.br\/leani\/wp-content\/uploads\/sites\/122\/sites\/156\/2024\/10\/Captura-de-tela-2024-10-27-110346.png 777w, https:\/\/www.cchla.ufpb.br\/leani\/wp-content\/uploads\/sites\/122\/sites\/156\/2024\/10\/Captura-de-tela-2024-10-27-110346-300x261.png 300w, https:\/\/www.cchla.ufpb.br\/leani\/wp-content\/uploads\/sites\/122\/sites\/156\/2024\/10\/Captura-de-tela-2024-10-27-110346-768x668.png 768w\" sizes=\"auto, (max-width: 777px) 100vw, 777px\" \/><figcaption class=\"wp-element-caption\">Feira de Profiss\u00f5es 2019<\/figcaption><\/figure>\n\n\n\n<figure class=\"wp-block-image size-full is-resized\"><img loading=\"lazy\" decoding=\"async\" width=\"797\" height=\"766\" src=\"https:\/\/www.cchla.ufpb.br\/leani\/wp-content\/uploads\/sites\/122\/sites\/156\/2024\/10\/Captura-de-tela-2024-10-27-105644.png\" alt=\"\" class=\"wp-image-249\" style=\"width:213px;height:auto\" srcset=\"https:\/\/www.cchla.ufpb.br\/leani\/wp-content\/uploads\/sites\/122\/sites\/156\/2024\/10\/Captura-de-tela-2024-10-27-105644.png 797w, https:\/\/www.cchla.ufpb.br\/leani\/wp-content\/uploads\/sites\/122\/sites\/156\/2024\/10\/Captura-de-tela-2024-10-27-105644-300x288.png 300w, https:\/\/www.cchla.ufpb.br\/leani\/wp-content\/uploads\/sites\/122\/sites\/156\/2024\/10\/Captura-de-tela-2024-10-27-105644-768x738.png 768w\" sizes=\"auto, (max-width: 797px) 100vw, 797px\" \/><figcaption class=\"wp-element-caption\">Bate-papo com a ex-aluna Klebiane Queiroz<\/figcaption><\/figure>\n\n\n\n<figure class=\"wp-block-image size-full is-resized\"><img loading=\"lazy\" decoding=\"async\" width=\"765\" height=\"706\" src=\"https:\/\/www.cchla.ufpb.br\/leani\/wp-content\/uploads\/sites\/122\/sites\/156\/2024\/10\/Captura-de-tela-2024-10-27-104541-1.png\" alt=\"\" class=\"wp-image-247\" style=\"width:223px;height:auto\" srcset=\"https:\/\/www.cchla.ufpb.br\/leani\/wp-content\/uploads\/sites\/122\/sites\/156\/2024\/10\/Captura-de-tela-2024-10-27-104541-1.png 765w, https:\/\/www.cchla.ufpb.br\/leani\/wp-content\/uploads\/sites\/122\/sites\/156\/2024\/10\/Captura-de-tela-2024-10-27-104541-1-300x277.png 300w\" sizes=\"auto, (max-width: 765px) 100vw, 765px\" \/><figcaption class=\"wp-element-caption\">Learning Abourt &#8211; 2017<\/figcaption><\/figure>\n\n\n\n<figure class=\"wp-block-image size-full is-resized\"><img loading=\"lazy\" decoding=\"async\" width=\"782\" height=\"719\" src=\"https:\/\/www.cchla.ufpb.br\/leani\/wp-content\/uploads\/sites\/122\/sites\/156\/2024\/10\/Captura-de-tela-2024-10-27-105349.png\" alt=\"\" class=\"wp-image-248\" style=\"width:232px;height:auto\" srcset=\"https:\/\/www.cchla.ufpb.br\/leani\/wp-content\/uploads\/sites\/122\/sites\/156\/2024\/10\/Captura-de-tela-2024-10-27-105349.png 782w, https:\/\/www.cchla.ufpb.br\/leani\/wp-content\/uploads\/sites\/122\/sites\/156\/2024\/10\/Captura-de-tela-2024-10-27-105349-300x276.png 300w, https:\/\/www.cchla.ufpb.br\/leani\/wp-content\/uploads\/sites\/122\/sites\/156\/2024\/10\/Captura-de-tela-2024-10-27-105349-768x706.png 768w\" sizes=\"auto, (max-width: 782px) 100vw, 782px\" \/><figcaption class=\"wp-element-caption\">Audi\u00eancia P\u00fablica de Direito Internacional &#8211; Acolhimento Migrat\u00f3rio no Estado da Para\u00edba e II Semin\u00e1rio de Extens\u00e3o do CCHLA (projetos Mobilang e Bem-vindo).<\/figcaption><\/figure>\n","protected":false},"excerpt":{"rendered":"<p>Abaixo, destacamos alguns eventos realizados, no \u00e2mbito do curso de LEA-NI:<\/p>\n","protected":false},"author":101,"featured_media":0,"parent":25,"menu_order":0,"comment_status":"closed","ping_status":"closed","template":"","meta":{"footnotes":""},"class_list":["post-244","page","type-page","status-publish","hentry"],"_links":{"self":[{"href":"https:\/\/www.cchla.ufpb.br\/leani\/wp-json\/wp\/v2\/pages\/244","targetHints":{"allow":["GET"]}}],"collection":[{"href":"https:\/\/www.cchla.ufpb.br\/leani\/wp-json\/wp\/v2\/pages"}],"about":[{"href":"https:\/\/www.cchla.ufpb.br\/leani\/wp-json\/wp\/v2\/types\/page"}],"author":[{"embeddable":true,"href":"https:\/\/www.cchla.ufpb.br\/leani\/wp-json\/wp\/v2\/users\/101"}],"replies":[{"embeddable":true,"href":"https:\/\/www.cchla.ufpb.br\/leani\/wp-json\/wp\/v2\/comments?post=244"}],"version-history":[{"count":5,"href":"https:\/\/www.cchla.ufpb.br\/leani\/wp-json\/wp\/v2\/pages\/244\/revisions"}],"predecessor-version":[{"id":298,"href":"https:\/\/www.cchla.ufpb.br\/leani\/wp-json\/wp\/v2\/pages\/244\/revisions\/298"}],"up":[{"embeddable":true,"href":"https:\/\/www.cchla.ufpb.br\/leani\/wp-json\/wp\/v2\/pages\/25"}],"wp:attachment":[{"href":"https:\/\/www.cchla.ufpb.br\/leani\/wp-json\/wp\/v2\/media?parent=244"}],"curies":[{"name":"wp","href":"https:\/\/api.w.org\/{rel}","templated":true}]}}