{"id":28,"date":"2024-03-11T12:53:28","date_gmt":"2024-03-11T12:53:28","guid":{"rendered":"https:\/\/www.cchla.ufpb.br\/leani\/?page_id=28"},"modified":"2026-01-07T20:48:35","modified_gmt":"2026-01-07T23:48:35","slug":"documentos","status":"publish","type":"page","link":"https:\/\/www.cchla.ufpb.br\/leani\/institucional\/documentos\/","title":{"rendered":"Documentos"},"content":{"rendered":"\n<div class=\"wp-block-group is-nowrap is-layout-flex wp-container-core-group-is-layout-ad2f72ca wp-block-group-is-layout-flex\">\n<p>PPC (atual): <a href=\"http:\/\/www.cchla.ufpb.br\/leani\/wp-content\/uploads\/sites\/122\/sites\/156\/2024\/10\/PPC-2017-atual_vrai-1.pdf\" data-type=\"link\" data-id=\"http:\/\/www.cchla.ufpb.br\/leani\/wp-content\/uploads\/sites\/122\/sites\/156\/2024\/10\/PPC-2017-atual_vrai-1.pdf\">Baixar<\/a><\/p>\n<\/div>\n\n\n\n<p>Regulamento de TCC: <a href=\"http:\/\/www.cchla.ufpb.br\/leani\/wp-content\/uploads\/sites\/122\/sites\/156\/2024\/10\/Regulamento-de-TCC-LEANI.pdf\" data-type=\"link\" data-id=\"http:\/\/www.cchla.ufpb.br\/leani\/wp-content\/uploads\/sites\/122\/sites\/156\/2024\/10\/Regulamento-de-TCC-LEANI.pdf\">Baixar<\/a><\/p>\n\n\n\n<p>Manual de TCC: <a href=\"http:\/\/www.cchla.ufpb.br\/leani\/wp-content\/uploads\/sites\/122\/sites\/156\/2024\/10\/manual-de-tcc-Curso-LEA-NI.pdf\" data-type=\"link\" data-id=\"http:\/\/www.cchla.ufpb.br\/leani\/wp-content\/uploads\/sites\/122\/sites\/156\/2024\/10\/manual-de-tcc-Curso-LEA-NI.pdf\">Baixar <\/a><\/p>\n\n\n\n<div class=\"wp-block-file\"><a id=\"wp-block-file--media-e38051e5-eca3-4150-8ed6-b53ee73e3ce3\" href=\"http:\/\/www.cchla.ufpb.br\/leani\/wp-content\/uploads\/sites\/122\/sites\/156\/2025\/10\/1-Resolucao-RGG.pdf\">Regulamento Geral de Gradua\u00e7\u00e3o &#8211; UFPB<\/a><a href=\"http:\/\/www.cchla.ufpb.br\/leani\/wp-content\/uploads\/sites\/122\/sites\/156\/2025\/10\/1-Resolucao-RGG.pdf\" class=\"wp-block-file__button wp-element-button\" download aria-describedby=\"wp-block-file--media-e38051e5-eca3-4150-8ed6-b53ee73e3ce3\">Baixar<\/a><\/div>\n\n\n\n<div class=\"wp-block-file\"><a id=\"wp-block-file--media-8484bf3c-0f6a-41b5-a624-e3a2916a9876\" href=\"https:\/\/www.cchla.ufpb.br\/leani\/wp-content\/uploads\/sites\/122\/sites\/156\/2024\/05\/Regulamento-de-estagio.pdf\">Regulamento-de-estagio<\/a><a href=\"https:\/\/www.cchla.ufpb.br\/leani\/wp-content\/uploads\/sites\/122\/sites\/156\/2024\/05\/Regulamento-de-estagio.pdf\" class=\"wp-block-file__button wp-element-button\" download aria-describedby=\"wp-block-file--media-8484bf3c-0f6a-41b5-a624-e3a2916a9876\">Baixar<\/a><\/div>\n\n\n\n<div class=\"wp-block-file\"><a id=\"wp-block-file--media-5903e4eb-558d-41f6-acda-cd04340b7e52\" href=\"https:\/\/www.cchla.ufpb.br\/leani\/wp-content\/uploads\/sites\/122\/sites\/156\/2024\/05\/Modelo-de-relatorio-de-estagio.pdf\">Modelo-de-relatorio-de-estagio<\/a><a href=\"https:\/\/www.cchla.ufpb.br\/leani\/wp-content\/uploads\/sites\/122\/sites\/156\/2024\/05\/Modelo-de-relatorio-de-estagio.pdf\" class=\"wp-block-file__button wp-element-button\" download aria-describedby=\"wp-block-file--media-5903e4eb-558d-41f6-acda-cd04340b7e52\">Baixar<\/a><\/div>\n\n\n\n<div class=\"wp-block-file\"><a id=\"wp-block-file--media-a626bc9b-a0a4-4303-9538-046260f33ea1\" href=\"https:\/\/www.cchla.ufpb.br\/leani\/wp-content\/uploads\/sites\/122\/sites\/156\/2024\/05\/Convenio-de-estagio.pdf\">Convenio-de-estagio<\/a><a href=\"https:\/\/www.cchla.ufpb.br\/leani\/wp-content\/uploads\/sites\/122\/sites\/156\/2024\/05\/Convenio-de-estagio.pdf\" class=\"wp-block-file__button wp-element-button\" download aria-describedby=\"wp-block-file--media-a626bc9b-a0a4-4303-9538-046260f33ea1\">Baixar<\/a><\/div>\n\n\n\n<div class=\"wp-block-file\"><a id=\"wp-block-file--media-da7ffa7c-1e32-440e-999e-73ce809d6fad\" href=\"https:\/\/www.cchla.ufpb.br\/leani\/wp-content\/uploads\/sites\/122\/sites\/156\/2024\/05\/Carta-de-apresentacao-as-empresas.pdf\">Carta-de-apresentacao-as-empresas<\/a><a href=\"https:\/\/www.cchla.ufpb.br\/leani\/wp-content\/uploads\/sites\/122\/sites\/156\/2024\/05\/Carta-de-apresentacao-as-empresas.pdf\" class=\"wp-block-file__button wp-element-button\" download aria-describedby=\"wp-block-file--media-da7ffa7c-1e32-440e-999e-73ce809d6fad\">Baixar<\/a><\/div>\n\n\n\n<div class=\"wp-block-file\"><a id=\"wp-block-file--media-62a1ca3b-88a8-4a6e-99c9-0f7d58b1f28d\" href=\"https:\/\/www.cchla.ufpb.br\/leani\/wp-content\/uploads\/sites\/122\/sites\/156\/2024\/05\/Fluxograma.pdf\">Fluxograma<\/a><a href=\"https:\/\/www.cchla.ufpb.br\/leani\/wp-content\/uploads\/sites\/122\/sites\/156\/2024\/05\/Fluxograma.pdf\" class=\"wp-block-file__button wp-element-button\" download aria-describedby=\"wp-block-file--media-62a1ca3b-88a8-4a6e-99c9-0f7d58b1f28d\">Baixar<\/a><\/div>\n\n\n\n<div class=\"wp-block-file\"><a id=\"wp-block-file--media-3c42ebbf-a7c9-4379-ba4c-1cd84c14022c\" href=\"https:\/\/www.cchla.ufpb.br\/leani\/wp-content\/uploads\/sites\/122\/sites\/156\/2024\/05\/Matriz-Curricular.pdf\">Matriz-Curricular<\/a><a href=\"https:\/\/www.cchla.ufpb.br\/leani\/wp-content\/uploads\/sites\/122\/sites\/156\/2024\/05\/Matriz-Curricular.pdf\" class=\"wp-block-file__button wp-element-button\" download aria-describedby=\"wp-block-file--media-3c42ebbf-a7c9-4379-ba4c-1cd84c14022c\">Baixar<\/a><\/div>\n\n\n\n<div class=\"wp-block-file\"><a id=\"wp-block-file--media-cabf8cbd-f2eb-4920-9634-cafd75bdb0e2\" href=\"http:\/\/www.cchla.ufpb.br\/leani\/wp-content\/uploads\/sites\/122\/sites\/156\/2025\/10\/1-p_merged.pdf\">Requerimento para aproveitamento de conte\u00fados flex\u00edveis<\/a><a href=\"http:\/\/www.cchla.ufpb.br\/leani\/wp-content\/uploads\/sites\/122\/sites\/156\/2025\/10\/1-p_merged.pdf\" class=\"wp-block-file__button wp-element-button\" download aria-describedby=\"wp-block-file--media-cabf8cbd-f2eb-4920-9634-cafd75bdb0e2\">Baixar<\/a><\/div>\n\n\n\n<div class=\"wp-block-file\"><a id=\"wp-block-file--media-e06ef008-da10-463b-9993-5245c4b1b36a\" href=\"https:\/\/www.cchla.ufpb.br\/leani\/wp-content\/uploads\/sites\/122\/sites\/156\/2024\/05\/Regulacao-de-Curso-Ato-de-autorizacao.pdf\">Regulacao-de-Curso-Ato-de-autorizacao<\/a><a href=\"https:\/\/www.cchla.ufpb.br\/leani\/wp-content\/uploads\/sites\/122\/sites\/156\/2024\/05\/Regulacao-de-Curso-Ato-de-autorizacao.pdf\" class=\"wp-block-file__button wp-element-button\" download aria-describedby=\"wp-block-file--media-e06ef008-da10-463b-9993-5245c4b1b36a\">Baixar<\/a><\/div>\n\n\n\n<div class=\"wp-block-file\"><a id=\"wp-block-file--media-67e2f0b3-d962-46c2-b08f-0f716fe805c6\" href=\"https:\/\/www.cchla.ufpb.br\/leani\/wp-content\/uploads\/sites\/122\/sites\/156\/2024\/05\/Regulacao-de-Curso-Ato-de-reconhecimento.pdf\">Regulacao-de-Curso-Ato-de-reconhecimento<\/a><a href=\"https:\/\/www.cchla.ufpb.br\/leani\/wp-content\/uploads\/sites\/122\/sites\/156\/2024\/05\/Regulacao-de-Curso-Ato-de-reconhecimento.pdf\" class=\"wp-block-file__button wp-element-button\" download aria-describedby=\"wp-block-file--media-67e2f0b3-d962-46c2-b08f-0f716fe805c6\">Baixar<\/a><\/div>\n\n\n\n<div class=\"wp-block-file\"><a id=\"wp-block-file--media-1a6e00bd-a7f5-4484-b9fd-1eae4b75bf2b\" href=\"http:\/\/www.cchla.ufpb.br\/leani\/wp-content\/uploads\/sites\/122\/sites\/156\/2025\/10\/Requerimentos-Reposicao-de-prova.pdf\">Requerimentos-Reposicao-de-prova<\/a><a href=\"http:\/\/www.cchla.ufpb.br\/leani\/wp-content\/uploads\/sites\/122\/sites\/156\/2025\/10\/Requerimentos-Reposicao-de-prova.pdf\" class=\"wp-block-file__button wp-element-button\" download aria-describedby=\"wp-block-file--media-1a6e00bd-a7f5-4484-b9fd-1eae4b75bf2b\">Baixar<\/a><\/div>\n\n\n\n<div class=\"wp-block-file\"><a id=\"wp-block-file--media-62173f8e-751c-42ed-b828-d49f3d171ccb\" href=\"http:\/\/www.cchla.ufpb.br\/leani\/wp-content\/uploads\/sites\/122\/sites\/156\/2025\/10\/Aproveitamento-ou-dispensa-de-disciplina.pdf\">Requerimento para aproveitamento ou dispensa de disciplina<\/a><a href=\"http:\/\/www.cchla.ufpb.br\/leani\/wp-content\/uploads\/sites\/122\/sites\/156\/2025\/10\/Aproveitamento-ou-dispensa-de-disciplina.pdf\" class=\"wp-block-file__button wp-element-button\" download aria-describedby=\"wp-block-file--media-62173f8e-751c-42ed-b828-d49f3d171ccb\">Baixar<\/a><\/div>\n\n\n\n<div class=\"wp-block-file\"><a id=\"wp-block-file--media-6337c8b1-934c-4384-949b-de899abce8f0\" href=\"https:\/\/www.cchla.ufpb.br\/leani\/wp-content\/uploads\/sites\/122\/sites\/156\/2024\/05\/Requerimentos-Colacao-de-grau.pdf\">Requerimentos-Colacao-de-grau<\/a><a href=\"https:\/\/www.cchla.ufpb.br\/leani\/wp-content\/uploads\/sites\/122\/sites\/156\/2024\/05\/Requerimentos-Colacao-de-grau.pdf\" class=\"wp-block-file__button wp-element-button\" download aria-describedby=\"wp-block-file--media-6337c8b1-934c-4384-949b-de899abce8f0\">Baixar<\/a><\/div>\n\n\n\n<div class=\"wp-block-file\"><a id=\"wp-block-file--media-ad44f646-1320-4120-9f65-e6d8b8b11791\" href=\"https:\/\/www.cchla.ufpb.br\/leani\/wp-content\/uploads\/sites\/122\/sites\/156\/2024\/05\/Requerimentos-Dilatacao-de-prazo.pdf\">Requerimentos-Dilatacao-de-prazo<\/a><a href=\"https:\/\/www.cchla.ufpb.br\/leani\/wp-content\/uploads\/sites\/122\/sites\/156\/2024\/05\/Requerimentos-Dilatacao-de-prazo.pdf\" class=\"wp-block-file__button wp-element-button\" download aria-describedby=\"wp-block-file--media-ad44f646-1320-4120-9f65-e6d8b8b11791\">Baixar<\/a><\/div>\n\n\n\n<div class=\"wp-block-file\"><a id=\"wp-block-file--media-bf10e52c-4fb0-484b-8c96-f8d9d736ca01\" href=\"http:\/\/www.cchla.ufpb.br\/leani\/wp-content\/uploads\/sites\/122\/sites\/156\/2025\/10\/requerimento-de-regime-de-exercicios-domiciliares-1.pdf\">requerimento de regime de exercicios domiciliares<\/a><a href=\"http:\/\/www.cchla.ufpb.br\/leani\/wp-content\/uploads\/sites\/122\/sites\/156\/2025\/10\/requerimento-de-regime-de-exercicios-domiciliares-1.pdf\" class=\"wp-block-file__button wp-element-button\" download aria-describedby=\"wp-block-file--media-bf10e52c-4fb0-484b-8c96-f8d9d736ca01\">Baixar<\/a><\/div>\n\n\n\n<div class=\"wp-block-file\"><a id=\"wp-block-file--media-7b391f0c-92aa-496d-b081-c6c5d9560599\" href=\"https:\/\/www.cchla.ufpb.br\/leani\/wp-content\/uploads\/sites\/122\/sites\/156\/2024\/05\/Resolucao-Estagio-supervisionado-2020.1.pdf\">Resolucao-Estagio-supervisionado-2020.1<\/a><a href=\"https:\/\/www.cchla.ufpb.br\/leani\/wp-content\/uploads\/sites\/122\/sites\/156\/2024\/05\/Resolucao-Estagio-supervisionado-2020.1.pdf\" class=\"wp-block-file__button wp-element-button\" download aria-describedby=\"wp-block-file--media-7b391f0c-92aa-496d-b081-c6c5d9560599\">Baixar<\/a><\/div>\n\n\n\n<div class=\"wp-block-file\"><a id=\"wp-block-file--media-376eac9f-504c-469a-a270-72bb4f5bdba9\" href=\"https:\/\/www.cchla.ufpb.br\/leani\/wp-content\/uploads\/sites\/122\/sites\/156\/2024\/05\/Regulamento-dos-cursos-regulares-de-graduacao-da-UFPB.pdf\">Regulamento-dos-cursos-regulares-de-graduacao-da-UFPB<\/a><a href=\"https:\/\/www.cchla.ufpb.br\/leani\/wp-content\/uploads\/sites\/122\/sites\/156\/2024\/05\/Regulamento-dos-cursos-regulares-de-graduacao-da-UFPB.pdf\" class=\"wp-block-file__button wp-element-button\" download aria-describedby=\"wp-block-file--media-376eac9f-504c-469a-a270-72bb4f5bdba9\">Baixar<\/a><\/div>\n\n\n\n<div class=\"wp-block-file\"><a id=\"wp-block-file--media-723df7e1-f337-4cab-b6d7-8948957924e9\" href=\"https:\/\/www.cchla.ufpb.br\/leani\/wp-content\/uploads\/sites\/122\/sites\/156\/2024\/05\/Resolucao-Revalidacao-de-diploma-estrangeiro.pdf\">Resolucao-Revalidacao-de-diploma-estrangeiro<\/a><a href=\"https:\/\/www.cchla.ufpb.br\/leani\/wp-content\/uploads\/sites\/122\/sites\/156\/2024\/05\/Resolucao-Revalidacao-de-diploma-estrangeiro.pdf\" class=\"wp-block-file__button wp-element-button\" download aria-describedby=\"wp-block-file--media-723df7e1-f337-4cab-b6d7-8948957924e9\">Baixar<\/a><\/div>\n\n\n\n<div class=\"wp-block-file\"><a id=\"wp-block-file--media-228631b0-8c49-4285-82f1-23d10fc10e11\" href=\"https:\/\/www.cchla.ufpb.br\/leani\/wp-content\/uploads\/sites\/122\/sites\/156\/2024\/05\/Trancamento.pdf\">Trancamento<\/a><a href=\"https:\/\/www.cchla.ufpb.br\/leani\/wp-content\/uploads\/sites\/122\/sites\/156\/2024\/05\/Trancamento.pdf\" class=\"wp-block-file__button wp-element-button\" download aria-describedby=\"wp-block-file--media-228631b0-8c49-4285-82f1-23d10fc10e11\">Baixar<\/a><\/div>\n\n\n\n<div class=\"wp-block-file\"><a id=\"wp-block-file--media-6b5c30b0-6a29-4735-8ede-de32793d8409\" href=\"http:\/\/www.cchla.ufpb.br\/leani\/wp-content\/uploads\/sites\/122\/sites\/156\/2025\/10\/DECLARACAO-DE-ACEITE-DE-ORIENTACAO-DE-TCC-PELO-ORIENTADOR-Atualizada-1.pdf\">Declara\u00e7\u00e3o de aceite de orienta\u00e7\u00e3o (TCC 1 e 2)<\/a><a href=\"http:\/\/www.cchla.ufpb.br\/leani\/wp-content\/uploads\/sites\/122\/sites\/156\/2025\/10\/DECLARACAO-DE-ACEITE-DE-ORIENTACAO-DE-TCC-PELO-ORIENTADOR-Atualizada-1.pdf\" class=\"wp-block-file__button wp-element-button\" download aria-describedby=\"wp-block-file--media-6b5c30b0-6a29-4735-8ede-de32793d8409\">Baixar<\/a><\/div>\n\n\n\n<div class=\"wp-block-file\"><a id=\"wp-block-file--media-df7758e6-8d8c-4da1-a4bd-d0d97c8c563b\" href=\"http:\/\/www.cchla.ufpb.br\/leani\/wp-content\/uploads\/sites\/122\/sites\/156\/2025\/10\/Aproveitamento-de-optativa-de-livre-escolha.pdf\">Requerimento para aproveitamento de optativa de livre escolha<\/a><a href=\"http:\/\/www.cchla.ufpb.br\/leani\/wp-content\/uploads\/sites\/122\/sites\/156\/2025\/10\/Aproveitamento-de-optativa-de-livre-escolha.pdf\" class=\"wp-block-file__button wp-element-button\" download aria-describedby=\"wp-block-file--media-df7758e6-8d8c-4da1-a4bd-d0d97c8c563b\">Baixar<\/a><\/div>\n\n\n\n<div class=\"wp-block-file\"><a id=\"wp-block-file--media-dd0d8612-29c6-44e7-ad0a-4122b9d773a5\" href=\"http:\/\/www.cchla.ufpb.br\/leani\/wp-content\/uploads\/sites\/122\/sites\/156\/2025\/10\/Requerimento-de-colacao-de-grau-em-separad.pdf\">Requerimento de cola\u00e7\u00e3o de grau em separado<\/a><a href=\"http:\/\/www.cchla.ufpb.br\/leani\/wp-content\/uploads\/sites\/122\/sites\/156\/2025\/10\/Requerimento-de-colacao-de-grau-em-separad.pdf\" class=\"wp-block-file__button wp-element-button\" download aria-describedby=\"wp-block-file--media-dd0d8612-29c6-44e7-ad0a-4122b9d773a5\">Baixar<\/a><\/div>\n\n\n\n<div class=\"wp-block-file\"><a id=\"wp-block-file--media-101519cf-6995-4a11-9a19-6339c80a37e1\" href=\"http:\/\/www.cchla.ufpb.br\/leani\/wp-content\/uploads\/sites\/122\/sites\/156\/2025\/10\/requerimento-de-abono-de-faltas.pdf\">Requerimento de abono de faltas<\/a><a href=\"http:\/\/www.cchla.ufpb.br\/leani\/wp-content\/uploads\/sites\/122\/sites\/156\/2025\/10\/requerimento-de-abono-de-faltas.pdf\" class=\"wp-block-file__button wp-element-button\" download aria-describedby=\"wp-block-file--media-101519cf-6995-4a11-9a19-6339c80a37e1\">Baixar<\/a><\/div>\n\n\n\n<div class=\"wp-block-file\"><a id=\"wp-block-file--media-a3a935ab-6443-49d4-a466-3f06ce297cdd\" href=\"http:\/\/www.cchla.ufpb.br\/leani\/wp-content\/uploads\/sites\/122\/sites\/156\/2025\/10\/requerimento-diploma-digital-1.pdf\">Requerimento de Diploma digital<\/a><a href=\"http:\/\/www.cchla.ufpb.br\/leani\/wp-content\/uploads\/sites\/122\/sites\/156\/2025\/10\/requerimento-diploma-digital-1.pdf\" class=\"wp-block-file__button wp-element-button\" download aria-describedby=\"wp-block-file--media-a3a935ab-6443-49d4-a466-3f06ce297cdd\">Baixar<\/a><\/div>\n\n\n\n<div class=\"wp-block-file\"><a id=\"wp-block-file--media-cebce952-8393-4088-b1ea-c6fa07ee8a91\" href=\"http:\/\/www.cchla.ufpb.br\/leani\/wp-content\/uploads\/sites\/122\/sites\/156\/2025\/10\/requerimento-de-trancamento-de-matricula-fora-do-periodo-estabelecido-pelo-calendario-academico.pdf\">Requerimento de trancamento de semestre fora do prazo estabelecido pelo calend\u00e1rio acad\u00eamico <\/a><a href=\"http:\/\/www.cchla.ufpb.br\/leani\/wp-content\/uploads\/sites\/122\/sites\/156\/2025\/10\/requerimento-de-trancamento-de-matricula-fora-do-periodo-estabelecido-pelo-calendario-academico.pdf\" class=\"wp-block-file__button wp-element-button\" download aria-describedby=\"wp-block-file--media-cebce952-8393-4088-b1ea-c6fa07ee8a91\">Baixar<\/a><\/div>\n\n\n\n<div class=\"wp-block-file\"><a id=\"wp-block-file--media-51b3b950-ef84-42cf-9c31-168728d78b83\" href=\"http:\/\/www.cchla.ufpb.br\/leani\/wp-content\/uploads\/sites\/122\/sites\/156\/2025\/10\/requerimento-de-reposicao-de-prova.pdf\">Requerimento de reposicao de prova<\/a><a href=\"http:\/\/www.cchla.ufpb.br\/leani\/wp-content\/uploads\/sites\/122\/sites\/156\/2025\/10\/requerimento-de-reposicao-de-prova.pdf\" class=\"wp-block-file__button wp-element-button\" download aria-describedby=\"wp-block-file--media-51b3b950-ef84-42cf-9c31-168728d78b83\">Baixar<\/a><\/div>\n\n\n\n<div class=\"wp-block-file\"><a id=\"wp-block-file--media-ce01b003-892f-41b9-b58c-4f3f891a8f87\" href=\"http:\/\/www.cchla.ufpb.br\/leani\/wp-content\/uploads\/sites\/122\/sites\/156\/2025\/10\/formulario-de-reingresso.pdf\">Formul\u00e1rio de reingresso<\/a><a href=\"http:\/\/www.cchla.ufpb.br\/leani\/wp-content\/uploads\/sites\/122\/sites\/156\/2025\/10\/formulario-de-reingresso.pdf\" class=\"wp-block-file__button wp-element-button\" download aria-describedby=\"wp-block-file--media-ce01b003-892f-41b9-b58c-4f3f891a8f87\">Baixar<\/a><\/div>\n\n\n\n<div class=\"wp-block-file\"><a id=\"wp-block-file--media-6b469523-4ef2-47ba-9eb2-c77bf315bbb6\" href=\"http:\/\/www.cchla.ufpb.br\/leani\/wp-content\/uploads\/sites\/122\/sites\/156\/2025\/10\/formulario-de-recurso-ao-consepe-formulario-padrao-1.pdf\">Formulario de recurso ao CONSEPE <\/a><a href=\"http:\/\/www.cchla.ufpb.br\/leani\/wp-content\/uploads\/sites\/122\/sites\/156\/2025\/10\/formulario-de-recurso-ao-consepe-formulario-padrao-1.pdf\" class=\"wp-block-file__button wp-element-button\" download aria-describedby=\"wp-block-file--media-6b469523-4ef2-47ba-9eb2-c77bf315bbb6\">Baixar<\/a><\/div>\n\n\n\n<div class=\"wp-block-file\"><a id=\"wp-block-file--media-3c6c834c-8442-4558-8833-202da3157895\" href=\"http:\/\/www.cchla.ufpb.br\/leani\/wp-content\/uploads\/sites\/122\/sites\/156\/2025\/10\/recurso-reativacao-de-vinculo.pdf\">Formul\u00e1rio para solicitar reativa\u00e7\u00e3o de v\u00ednculo &#8211; CONSEPE<\/a><a href=\"http:\/\/www.cchla.ufpb.br\/leani\/wp-content\/uploads\/sites\/122\/sites\/156\/2025\/10\/recurso-reativacao-de-vinculo.pdf\" class=\"wp-block-file__button wp-element-button\" download aria-describedby=\"wp-block-file--media-3c6c834c-8442-4558-8833-202da3157895\">Baixar<\/a><\/div>\n\n\n\n<div class=\"wp-block-file\"><a id=\"wp-block-file--media-598b78d0-dcdf-4113-bb41-f87e40a850da\" href=\"http:\/\/www.cchla.ufpb.br\/leani\/wp-content\/uploads\/sites\/122\/sites\/156\/2025\/10\/requerimento-de-cancelamento-de-matricula-em-componente-curricular.pdf\">Requerimento para cancelamento de matr\u00edcula em componente<\/a><a href=\"http:\/\/www.cchla.ufpb.br\/leani\/wp-content\/uploads\/sites\/122\/sites\/156\/2025\/10\/requerimento-de-cancelamento-de-matricula-em-componente-curricular.pdf\" class=\"wp-block-file__button wp-element-button\" download aria-describedby=\"wp-block-file--media-598b78d0-dcdf-4113-bb41-f87e40a850da\">Baixar<\/a><\/div>\n\n\n\n<div class=\"wp-block-file\"><a id=\"wp-block-file--media-6d31a935-5dc7-410f-858f-09b085a4d4f1\" href=\"http:\/\/www.cchla.ufpb.br\/leani\/wp-content\/uploads\/sites\/122\/sites\/156\/2025\/10\/formulario-de-cancelamento-de-vinculo-siag.pdf\">Requerimento para cancelamento permanente de v\u00ednculo<\/a><a href=\"http:\/\/www.cchla.ufpb.br\/leani\/wp-content\/uploads\/sites\/122\/sites\/156\/2025\/10\/formulario-de-cancelamento-de-vinculo-siag.pdf\" class=\"wp-block-file__button wp-element-button\" download aria-describedby=\"wp-block-file--media-6d31a935-5dc7-410f-858f-09b085a4d4f1\">Baixar<\/a><\/div>\n\n\n\n<p><a href=\"http:\/\/www.cchla.ufpb.br\/leani\/wp-content\/uploads\/sites\/122\/sites\/156\/2025\/10\/formulario-de-reingresso.pdf\" data-type=\"link\" data-id=\"http:\/\/www.cchla.ufpb.br\/leani\/wp-content\/uploads\/sites\/122\/sites\/156\/2025\/10\/formulario-de-reingresso.pdf\"><\/a><a href=\"http:\/\/www.cchla.ufpb.br\/leani\/wp-content\/uploads\/sites\/122\/sites\/156\/2025\/10\/requerimento-de-reposicao-de-prova.pdf\" data-type=\"link\" data-id=\"http:\/\/www.cchla.ufpb.br\/leani\/wp-content\/uploads\/sites\/122\/sites\/156\/2025\/10\/requerimento-de-reposicao-de-prova.pdf\"><\/a><a href=\"http:\/\/www.cchla.ufpb.br\/leani\/wp-content\/uploads\/sites\/122\/sites\/156\/2025\/10\/formulario-de-recurso-ao-consepe-formulario-padrao-1.pdf\" data-type=\"link\" data-id=\"http:\/\/www.cchla.ufpb.br\/leani\/wp-content\/uploads\/sites\/122\/sites\/156\/2025\/10\/formulario-de-recurso-ao-consepe-formulario-padrao-1.pdf\"><br><\/a><a href=\"http:\/\/www.cchla.ufpb.br\/leani\/wp-content\/uploads\/sites\/122\/sites\/156\/2025\/10\/recurso-reativacao-de-vinculo.pdf\" data-type=\"link\" data-id=\"http:\/\/www.cchla.ufpb.br\/leani\/wp-content\/uploads\/sites\/122\/sites\/156\/2025\/10\/recurso-reativacao-de-vinculo.pdf\"><br><\/a>Caso o documento que deseja n\u00e3o se encontre aqui, sugerimos que acesse o site da SIAG:<\/p>\n\n\n\n<p><a href=\"https:\/\/cchla.ufpb.br\/siagcchla\/contents\/menu\/assuntos\/documentos-1\/requerimentos-formularios\" target=\"_blank\" rel=\"noreferrer noopener\">clique aqui para acessar o site da SIAG<\/a><\/p>\n\n\n\n<p><\/p>\n","protected":false},"excerpt":{"rendered":"<p>PPC (atual): Baixar Regulamento de TCC: Baixar Manual de TCC: Baixar Caso o documento que deseja n\u00e3o se encontre aqui, sugerimos que acesse o site da SIAG: clique aqui para acessar o site da SIAG<\/p>\n","protected":false},"author":47,"featured_media":0,"parent":23,"menu_order":0,"comment_status":"closed","ping_status":"closed","template":"","meta":{"footnotes":""},"class_list":["post-28","page","type-page","status-publish","hentry"],"_links":{"self":[{"href":"https:\/\/www.cchla.ufpb.br\/leani\/wp-json\/wp\/v2\/pages\/28","targetHints":{"allow":["GET"]}}],"collection":[{"href":"https:\/\/www.cchla.ufpb.br\/leani\/wp-json\/wp\/v2\/pages"}],"about":[{"href":"https:\/\/www.cchla.ufpb.br\/leani\/wp-json\/wp\/v2\/types\/page"}],"author":[{"embeddable":true,"href":"https:\/\/www.cchla.ufpb.br\/leani\/wp-json\/wp\/v2\/users\/47"}],"replies":[{"embeddable":true,"href":"https:\/\/www.cchla.ufpb.br\/leani\/wp-json\/wp\/v2\/comments?post=28"}],"version-history":[{"count":60,"href":"https:\/\/www.cchla.ufpb.br\/leani\/wp-json\/wp\/v2\/pages\/28\/revisions"}],"predecessor-version":[{"id":566,"href":"https:\/\/www.cchla.ufpb.br\/leani\/wp-json\/wp\/v2\/pages\/28\/revisions\/566"}],"up":[{"embeddable":true,"href":"https:\/\/www.cchla.ufpb.br\/leani\/wp-json\/wp\/v2\/pages\/23"}],"wp:attachment":[{"href":"https:\/\/www.cchla.ufpb.br\/leani\/wp-json\/wp\/v2\/media?parent=28"}],"curies":[{"name":"wp","href":"https:\/\/api.w.org\/{rel}","templated":true}]}}