{"id":336,"date":"2024-12-05T16:38:31","date_gmt":"2024-12-05T19:38:31","guid":{"rendered":"https:\/\/www.cchla.ufpb.br\/leani\/?page_id=336"},"modified":"2026-04-23T01:27:13","modified_gmt":"2026-04-23T04:27:13","slug":"estagio","status":"publish","type":"page","link":"https:\/\/www.cchla.ufpb.br\/leani\/atividades\/estagio\/","title":{"rendered":"Est\u00e1gio"},"content":{"rendered":"\n<p><a href=\"http:\/\/www.cchla.ufpb.br\/leani\/wp-content\/uploads\/sites\/122\/sites\/156\/2025\/04\/Regulamento-de-estagio.pdf\">Clique aqui para baixar o Regulamento de Est\u00e1gio <\/a><\/p>\n\n\n\n<p><a href=\"http:\/\/www.cchla.ufpb.br\/leani\/wp-content\/uploads\/sites\/122\/sites\/156\/2025\/04\/Modelo-de-relatorio-de-estagio.pdf\">Clique aqui para baixar o modelo de Relat\u00f3rio de Est\u00e1gio<\/a><\/p>\n\n\n\n<p><a href=\"http:\/\/www.cchla.ufpb.br\/leani\/wp-content\/uploads\/sites\/122\/sites\/156\/2025\/04\/Convenio-de-estagio.pdf\">Sobre procedimentos para celebra\u00e7\u00e3o de acordo de coopera\u00e7\u00e3o de est\u00e1gio com a UFPB <\/a><\/p>\n\n\n\n<p><\/p>\n\n\n\n<p><strong>Pergunta frequente: <\/strong><em>qual a diferen\u00e7a entre: <br>(a) matricular-se em Est\u00e1gio e<br>(b) pedir dispensa de Est\u00e1gio?<\/em><\/p>\n\n\n\n<h5 class=\"wp-block-heading\">\ud83d\udd39 a) Matricular-se na disciplina de Est\u00e1gio<\/h5>\n\n\n\n<ul class=\"wp-block-list\">\n<li>Voc\u00ea <strong>se matricula normalmente<\/strong> na disciplina de Est\u00e1gio, durante o per\u00edodo de matr\u00edculas.<\/li>\n\n\n\n<li>Oficializa o est\u00e1gio e realiza suas atividades.<\/li>\n\n\n\n<li>Ao final do semestre, <strong>entrega um relat\u00f3rio<\/strong>.<\/li>\n\n\n\n<li>Voc\u00ea recebe uma <strong>nota<\/strong>, que ficar\u00e1 registrada no seu hist\u00f3rico.<\/li>\n<\/ul>\n\n\n\n<p>\ud83d\udc49 <strong>Importante:<\/strong><br>Nesse caso, <strong>as horas do est\u00e1gio N\u00c3O podem ser usadas como horas flex\u00edveis<\/strong>, pois j\u00e1 est\u00e3o constando como disciplina (com nota) em seu hist\u00f3rico.<\/p>\n\n\n\n<h5 class=\"wp-block-heading\">\ud83d\udd39 b) Pedir dispensa da disciplina de Est\u00e1gio<\/h5>\n\n\n\n<ul class=\"wp-block-list\">\n<li>Voc\u00ea <strong>n\u00e3o se matricula<\/strong> na disciplina.<\/li>\n\n\n\n<li>Oficializa o est\u00e1gio e realiza suas atividades.<\/li>\n\n\n\n<li>Ao final, elabora o <strong>relat\u00f3rio <\/strong>e <strong>abre um processo pedindo dispensa<\/strong> da disciplina.<\/li>\n\n\n\n<li>A Coordena\u00e7\u00e3o do curso avaliar\u00e1 a pertin\u00eancia do est\u00e1gio para a sua forma\u00e7\u00e3o e, se aprovado, voc\u00ea <strong>n\u00e3o ter\u00e1 nota no hist\u00f3rico<\/strong> (a disciplina aparece como dispensada, sem nota).<\/li>\n<\/ul>\n\n\n\n<p>\ud83d\udc49 <strong>Importante:<\/strong><br>Nesse caso, <strong>as horas do est\u00e1gio PODEM ser usadas como horas flex\u00edveis<\/strong>, caso deseje.<\/p>\n\n\n\n<p><\/p>\n\n\n\n<p><strong>Pergunta frequente: <\/strong><em>como saber qual tipo de est\u00e1gio \u00e9 pertinente \u00e0 minha forma\u00e7\u00e3o?<\/em><\/p>\n\n\n\n<p>No curso de LEA-NI, o est\u00e1gio deve estar relacionado ao <strong>uso de l\u00ednguas estrangeiras e\/ou \u00e0s negocia\u00e7\u00f5es em contextos organizacionais<\/strong>.<\/p>\n\n\n\n<p>Voc\u00ea pode realizar est\u00e1gio em diferentes \u00e1reas, como por exemplo:<\/p>\n\n\n\n<ul class=\"wp-block-list\">\n<li>empresas que atuam (ou desejam atuar) no mercado internacional;<\/li>\n\n\n\n<li>organiza\u00e7\u00f5es p\u00fablicas ou privadas com atividades administrativas, comerciais ou de comunica\u00e7\u00e3o;<\/li>\n\n\n\n<li>setor de turismo e eventos com participa\u00e7\u00e3o internacional;<\/li>\n\n\n\n<li>projetos, extens\u00e3o ou atividades acad\u00eamicas que envolvam l\u00ednguas estrangeiras;<\/li>\n\n\n\n<li>experi\u00eancias no exterior, desde que devidamente comprovadas.<\/li>\n<\/ul>\n\n\n\n<p>\ud83d\udc49 Em todos os casos, \u00e9 essencial que as atividades contribuam para o desenvolvimento das compet\u00eancias do curso.<\/p>\n\n\n\n<p>\ud83d\udcc4 <strong>Importante:<\/strong> para verificar todos os tipos de atividades aceitas e os crit\u00e9rios detalhados, consulte o <strong>Regulamento de Est\u00e1gio do curso<\/strong>, dispon\u00edvel para download acima.<\/p>\n\n\n\n<p><strong>Pergunta frequente: <\/strong><em>o est\u00e1gio na Empresa J\u00fanior Internacionalize pode ser considerado como v\u00e1lido seja para que eu me matricule em Est\u00e1gio, seja para realiz\u00e1-lo e, depois, pedir dispensa? <\/em><\/p>\n\n\n\n<p>Sim, com certeza. Absolutamente. Indicamos fortemente a Empresa J\u00fanior Internacionalize como campo de est\u00e1gio adequado para o perfil dos.as estudantes do curso LEA-NI, bem como a Revista InterCulturas (editorada por membros do Grupo de Pesquisa Minni-Mundo). <br>Os est\u00e1gios tamb\u00e9m podem ser realizados em \u00e2mbito de projetos de extens\u00e3o, desde que  a coordena\u00e7\u00e3o do projeto pretendido disponibilize vagas. O mesmo se aplica \u00e0 Revista mencionada e, igualmente, para a Empresa Jr.<em> <\/em><\/p>\n\n\n\n<p><\/p>\n","protected":false},"excerpt":{"rendered":"<p>Clique aqui para baixar o Regulamento de Est\u00e1gio Clique aqui para baixar o modelo de Relat\u00f3rio de Est\u00e1gio Sobre procedimentos para celebra\u00e7\u00e3o de acordo de coopera\u00e7\u00e3o de est\u00e1gio com a UFPB Pergunta frequente: qual a diferen\u00e7a entre: (a) matricular-se em Est\u00e1gio e(b) pedir dispensa de Est\u00e1gio? \ud83d\udd39 a) Matricular-se na disciplina de Est\u00e1gio \ud83d\udc49 Importante:Nesse [&hellip;]<\/p>\n","protected":false},"author":47,"featured_media":0,"parent":25,"menu_order":0,"comment_status":"closed","ping_status":"closed","template":"","meta":{"footnotes":""},"class_list":["post-336","page","type-page","status-publish","hentry"],"_links":{"self":[{"href":"https:\/\/www.cchla.ufpb.br\/leani\/wp-json\/wp\/v2\/pages\/336","targetHints":{"allow":["GET"]}}],"collection":[{"href":"https:\/\/www.cchla.ufpb.br\/leani\/wp-json\/wp\/v2\/pages"}],"about":[{"href":"https:\/\/www.cchla.ufpb.br\/leani\/wp-json\/wp\/v2\/types\/page"}],"author":[{"embeddable":true,"href":"https:\/\/www.cchla.ufpb.br\/leani\/wp-json\/wp\/v2\/users\/47"}],"replies":[{"embeddable":true,"href":"https:\/\/www.cchla.ufpb.br\/leani\/wp-json\/wp\/v2\/comments?post=336"}],"version-history":[{"count":12,"href":"https:\/\/www.cchla.ufpb.br\/leani\/wp-json\/wp\/v2\/pages\/336\/revisions"}],"predecessor-version":[{"id":579,"href":"https:\/\/www.cchla.ufpb.br\/leani\/wp-json\/wp\/v2\/pages\/336\/revisions\/579"}],"up":[{"embeddable":true,"href":"https:\/\/www.cchla.ufpb.br\/leani\/wp-json\/wp\/v2\/pages\/25"}],"wp:attachment":[{"href":"https:\/\/www.cchla.ufpb.br\/leani\/wp-json\/wp\/v2\/media?parent=336"}],"curies":[{"name":"wp","href":"https:\/\/api.w.org\/{rel}","templated":true}]}}