{"id":359,"date":"2024-12-10T10:14:01","date_gmt":"2024-12-10T13:14:01","guid":{"rendered":"https:\/\/www.cchla.ufpb.br\/leani\/?page_id=359"},"modified":"2025-07-20T18:59:26","modified_gmt":"2025-07-20T21:59:26","slug":"lablea","status":"publish","type":"page","link":"https:\/\/www.cchla.ufpb.br\/leani\/atividades\/lablea\/","title":{"rendered":"LabLEA"},"content":{"rendered":"\n<p><\/p>\n\n\n\n<p>O curso LEA-NI possui um Laborat\u00f3rio chamado LabLEA, onde s\u00e3o ministradas aulas para o curso. Nele tamb\u00e9m funcionam defesas de TCC, minicursos e oficinas.<\/p>\n\n\n\n<p>Este espa\u00e7o tamb\u00e9m est\u00e1 dispon\u00edvel para atividades de outros cursos\/departamentos, mediante agendamento e da sua respectiva confirma\u00e7\u00e3o.<\/p>\n\n\n\n<p><strong>Link para agendamento:<\/strong> <a href=\"https:\/\/forms.gle\/ZdwbBUXm6S7jkbud8\" data-type=\"link\" data-id=\"https:\/\/forms.bluecatreports.com\/6HE9ITnX\/agendamento---lablea-2025\">clique aqui<\/a><br>Link de acesso \u00e0s reservas j\u00e1 confirmadas (verifique antes se h\u00e1 dias dispon\u00edveis): <strong><a href=\"https:\/\/docs.google.com\/document\/d\/1g59NdLwgsVzDjW5GMu_CaxZtnw1vEHq1A9l_2QmOfO0\/edit?usp=sharing\" data-type=\"link\" data-id=\"https:\/\/docs.google.com\/document\/d\/1g59NdLwgsVzDjW5GMu_CaxZtnw1vEHq1A9l_2QmOfO0\/edit?usp=sharing\">clique aqui<\/a> <\/strong><\/p>\n\n\n\n<p>Ap\u00f3s o preenchimento, ser\u00e1 necess\u00e1rio aguardar a confirma\u00e7\u00e3o do agendamento, que ser\u00e1 enviada para o endere\u00e7o de e-mail devidamente cadastrado no formul\u00e1rio acima.<\/p>\n\n\n\n<figure class=\"wp-block-image size-full\"><img loading=\"lazy\" decoding=\"async\" width=\"857\" height=\"321\" src=\"http:\/\/www.cchla.ufpb.br\/leani\/wp-content\/uploads\/sites\/122\/sites\/156\/2024\/12\/Captura-de-tela-2024-12-18-122733.png\" alt=\"\" class=\"wp-image-397\" srcset=\"https:\/\/www.cchla.ufpb.br\/leani\/wp-content\/uploads\/sites\/122\/sites\/156\/2024\/12\/Captura-de-tela-2024-12-18-122733.png 857w, https:\/\/www.cchla.ufpb.br\/leani\/wp-content\/uploads\/sites\/122\/sites\/156\/2024\/12\/Captura-de-tela-2024-12-18-122733-300x112.png 300w, https:\/\/www.cchla.ufpb.br\/leani\/wp-content\/uploads\/sites\/122\/sites\/156\/2024\/12\/Captura-de-tela-2024-12-18-122733-768x288.png 768w\" sizes=\"auto, (max-width: 857px) 100vw, 857px\" \/><\/figure>\n\n\n\n<p><\/p>\n","protected":false},"excerpt":{"rendered":"<p>O curso LEA-NI possui um Laborat\u00f3rio chamado LabLEA, onde s\u00e3o ministradas aulas para o curso. Nele tamb\u00e9m funcionam defesas de TCC, minicursos e oficinas. Este espa\u00e7o tamb\u00e9m est\u00e1 dispon\u00edvel para atividades de outros cursos\/departamentos, mediante agendamento e da sua respectiva confirma\u00e7\u00e3o. Link para agendamento: clique aquiLink de acesso \u00e0s reservas j\u00e1 confirmadas (verifique antes se [&hellip;]<\/p>\n","protected":false},"author":47,"featured_media":0,"parent":25,"menu_order":0,"comment_status":"closed","ping_status":"closed","template":"","meta":{"footnotes":""},"class_list":["post-359","page","type-page","status-publish","hentry"],"_links":{"self":[{"href":"https:\/\/www.cchla.ufpb.br\/leani\/wp-json\/wp\/v2\/pages\/359","targetHints":{"allow":["GET"]}}],"collection":[{"href":"https:\/\/www.cchla.ufpb.br\/leani\/wp-json\/wp\/v2\/pages"}],"about":[{"href":"https:\/\/www.cchla.ufpb.br\/leani\/wp-json\/wp\/v2\/types\/page"}],"author":[{"embeddable":true,"href":"https:\/\/www.cchla.ufpb.br\/leani\/wp-json\/wp\/v2\/users\/47"}],"replies":[{"embeddable":true,"href":"https:\/\/www.cchla.ufpb.br\/leani\/wp-json\/wp\/v2\/comments?post=359"}],"version-history":[{"count":8,"href":"https:\/\/www.cchla.ufpb.br\/leani\/wp-json\/wp\/v2\/pages\/359\/revisions"}],"predecessor-version":[{"id":456,"href":"https:\/\/www.cchla.ufpb.br\/leani\/wp-json\/wp\/v2\/pages\/359\/revisions\/456"}],"up":[{"embeddable":true,"href":"https:\/\/www.cchla.ufpb.br\/leani\/wp-json\/wp\/v2\/pages\/25"}],"wp:attachment":[{"href":"https:\/\/www.cchla.ufpb.br\/leani\/wp-json\/wp\/v2\/media?parent=359"}],"curies":[{"name":"wp","href":"https:\/\/api.w.org\/{rel}","templated":true}]}}