{"id":48,"date":"2024-03-11T13:13:44","date_gmt":"2024-03-11T13:13:44","guid":{"rendered":"https:\/\/www.cchla.ufpb.br\/leani\/?page_id=48"},"modified":"2024-11-28T22:24:55","modified_gmt":"2024-11-29T01:24:55","slug":"pesquisa","status":"publish","type":"page","link":"https:\/\/www.cchla.ufpb.br\/leani\/atividades\/pesquisa\/","title":{"rendered":"Pesquisa"},"content":{"rendered":"\n<h2 class=\"wp-block-heading\"><strong>Projetos de pesquisa coordenados por docentes do curso de LEA-NI:<\/strong><\/h2>\n\n\n\n<p><\/p>\n\n\n\n<p><strong>PIVIC: Acompanhamento de egressos do Curso de L\u00ednguas Estrangeiras Aplicadas \u00e0s Negocia\u00e7\u00f5es Internacionals e a utiliza\u00e7\u00e3o de g\u00eaneros textuais nas inter(a\u00e7\u00f5es) profissionais<\/strong><\/p>\n\n\n\n<p>Coord.: Profa. Dra. Ana Carolina Vieira Bastos<\/p>\n\n\n\n<p><\/p>\n\n\n\n<p><strong>PIVIC: POSSIBILIDADES DE INSER\u00c7\u00c3O PROFISSIONAL DOS EGRESSOS DO CURSO LEA-NI \/ UFPB, NO MERCADO PROFISSIONAL DA CIDADE DE JO\u00e3O PESSOA<\/strong><\/p>\n\n\n\n<p>Coord.: Profa. Dra. Maria Rennally Soares da Silva<\/p>\n\n\n\n<p><\/p>\n\n\n\n<p>&nbsp;<strong>OBSERVAT\u00d3RIO DE MEDIA\u00c7\u00d5ES INTERCULTURAIS E NEGOCIA\u00c7\u00d5ES INTERNACIONAIS NO MERCADO E NO MUNDO &#8211; Observat\u00f3rio MINI-Mundo<\/strong><\/p>\n\n\n\n<p>Coordenador: Prof. Dr. Roberto Vilmar Satur<\/p>\n\n\n\n<p>Tem como objetivo contribuir para o fomento da pesquisa, ensino e extens\u00e3o sobre negocia\u00e7\u00e3o enquanto seu estado da arte, no que se refere \u00e0 ci\u00eancia e arte; tamb\u00e9m na atua\u00e7\u00e3o profissional dos negociadores e mediadores com compet\u00eancia e dinamismo, especialmente no mercado intercultural, internacional e interdisciplinar.<\/p>\n\n\n\n<p><em>Mais informa\u00e7\u00f5es:<\/em>&nbsp;<a href=\"http:\/\/plone.ufpb.br\/lea\/observatoriominimundo\">http:\/\/plone.ufpb.br\/observatoriominimundo<\/a><\/p>\n\n\n\n<p>&nbsp;<strong>MEDI\u00c7\u00c3O DA CAPACIDADE DE INTERNACIONALIZA\u00c7\u00c3O DAS EMPRESAS PARAIBANAS<\/strong><\/p>\n\n\n\n<p>Coordenador<strong>:&nbsp;<\/strong>Prof. Dr. Roberto Vilmar Satur<\/p>\n\n\n\n<p>O projeto busca diagnosticar, observar graus de internacionaliza\u00e7\u00e3o, trazer informa\u00e7\u00f5es e motiva\u00e7\u00f5es para a internacionaliza\u00e7\u00e3o de empresas paraibanas.<\/p>\n","protected":false},"excerpt":{"rendered":"<p>Projetos de pesquisa coordenados por docentes do curso de LEA-NI: PIVIC: Acompanhamento de egressos do Curso de L\u00ednguas Estrangeiras Aplicadas \u00e0s Negocia\u00e7\u00f5es Internacionals e a utiliza\u00e7\u00e3o de g\u00eaneros textuais nas inter(a\u00e7\u00f5es) profissionais Coord.: Profa. Dra. Ana Carolina Vieira Bastos PIVIC: POSSIBILIDADES DE INSER\u00c7\u00c3O PROFISSIONAL DOS EGRESSOS DO CURSO LEA-NI \/ UFPB, NO MERCADO PROFISSIONAL DA [&hellip;]<\/p>\n","protected":false},"author":47,"featured_media":0,"parent":25,"menu_order":0,"comment_status":"closed","ping_status":"closed","template":"","meta":{"footnotes":""},"class_list":["post-48","page","type-page","status-publish","hentry"],"_links":{"self":[{"href":"https:\/\/www.cchla.ufpb.br\/leani\/wp-json\/wp\/v2\/pages\/48","targetHints":{"allow":["GET"]}}],"collection":[{"href":"https:\/\/www.cchla.ufpb.br\/leani\/wp-json\/wp\/v2\/pages"}],"about":[{"href":"https:\/\/www.cchla.ufpb.br\/leani\/wp-json\/wp\/v2\/types\/page"}],"author":[{"embeddable":true,"href":"https:\/\/www.cchla.ufpb.br\/leani\/wp-json\/wp\/v2\/users\/47"}],"replies":[{"embeddable":true,"href":"https:\/\/www.cchla.ufpb.br\/leani\/wp-json\/wp\/v2\/comments?post=48"}],"version-history":[{"count":4,"href":"https:\/\/www.cchla.ufpb.br\/leani\/wp-json\/wp\/v2\/pages\/48\/revisions"}],"predecessor-version":[{"id":175,"href":"https:\/\/www.cchla.ufpb.br\/leani\/wp-json\/wp\/v2\/pages\/48\/revisions\/175"}],"up":[{"embeddable":true,"href":"https:\/\/www.cchla.ufpb.br\/leani\/wp-json\/wp\/v2\/pages\/25"}],"wp:attachment":[{"href":"https:\/\/www.cchla.ufpb.br\/leani\/wp-json\/wp\/v2\/media?parent=48"}],"curies":[{"name":"wp","href":"https:\/\/api.w.org\/{rel}","templated":true}]}}