{"id":52,"date":"2024-03-11T13:46:42","date_gmt":"2024-03-11T13:46:42","guid":{"rendered":"https:\/\/www.cchla.ufpb.br\/leani\/?page_id=52"},"modified":"2024-11-28T22:25:14","modified_gmt":"2024-11-29T01:25:14","slug":"empresa-junior","status":"publish","type":"page","link":"https:\/\/www.cchla.ufpb.br\/leani\/atividades\/empresa-junior\/","title":{"rendered":"Empresa J\u00fanior"},"content":{"rendered":"\n<p>A&nbsp;<strong>Internacionalize<\/strong>&nbsp;foi fundada no ano de 2013 e surgiu da necessidade de&nbsp;proporcionar&nbsp;desenvolvimento profissional aos estudantes de LEA-NI. Em 2019, tornou-se membro da Federa\u00e7\u00e3o Paraibana de Empresas Juniores &#8211;&nbsp;<strong>PB J\u00fanior<\/strong>&nbsp;&#8211; e j\u00e1 \u00e9 refer\u00eancia em negocia\u00e7\u00e3o por utilizar diferentes idiomas como forma de comunica\u00e7\u00e3o direta. O foco principal da empresa \u00e9 o processo de expans\u00e3o de mercado, seja ele nacional ou internacional, incluindo pesquisas e an\u00e1lises de mercado internacional, processos de internacionaliza\u00e7\u00e3o e an\u00e1lise de custos.<\/p>\n\n\n\n<p>Contato:<\/p>\n\n\n\n<p>Site:&nbsp;<a href=\"https:\/\/www.internacionalize.com.br\/\" target=\"_blank\" rel=\"noreferrer noopener\">https:\/\/www.internacionalize.com.br\/<\/a><\/p>\n\n\n\n<p>E-mail: internacionalizeconsultoria@gmail.com<\/p>\n\n\n\n<p>Instagram: @internacionalize_jr<\/p>\n\n\n\n<p>Facebook: facebook.com\/InternacionalizeJr\/<\/p>\n","protected":false},"excerpt":{"rendered":"<p>A&nbsp;Internacionalize&nbsp;foi fundada no ano de 2013 e surgiu da necessidade de&nbsp;proporcionar&nbsp;desenvolvimento profissional aos estudantes de LEA-NI. Em 2019, tornou-se membro da Federa\u00e7\u00e3o Paraibana de Empresas Juniores &#8211;&nbsp;PB J\u00fanior&nbsp;&#8211; e j\u00e1 \u00e9 refer\u00eancia em negocia\u00e7\u00e3o por utilizar diferentes idiomas como forma de comunica\u00e7\u00e3o direta. O foco principal da empresa \u00e9 o processo de expans\u00e3o de mercado, [&hellip;]<\/p>\n","protected":false},"author":47,"featured_media":0,"parent":25,"menu_order":0,"comment_status":"closed","ping_status":"closed","template":"","meta":{"footnotes":""},"class_list":["post-52","page","type-page","status-publish","hentry"],"_links":{"self":[{"href":"https:\/\/www.cchla.ufpb.br\/leani\/wp-json\/wp\/v2\/pages\/52","targetHints":{"allow":["GET"]}}],"collection":[{"href":"https:\/\/www.cchla.ufpb.br\/leani\/wp-json\/wp\/v2\/pages"}],"about":[{"href":"https:\/\/www.cchla.ufpb.br\/leani\/wp-json\/wp\/v2\/types\/page"}],"author":[{"embeddable":true,"href":"https:\/\/www.cchla.ufpb.br\/leani\/wp-json\/wp\/v2\/users\/47"}],"replies":[{"embeddable":true,"href":"https:\/\/www.cchla.ufpb.br\/leani\/wp-json\/wp\/v2\/comments?post=52"}],"version-history":[{"count":1,"href":"https:\/\/www.cchla.ufpb.br\/leani\/wp-json\/wp\/v2\/pages\/52\/revisions"}],"predecessor-version":[{"id":53,"href":"https:\/\/www.cchla.ufpb.br\/leani\/wp-json\/wp\/v2\/pages\/52\/revisions\/53"}],"up":[{"embeddable":true,"href":"https:\/\/www.cchla.ufpb.br\/leani\/wp-json\/wp\/v2\/pages\/25"}],"wp:attachment":[{"href":"https:\/\/www.cchla.ufpb.br\/leani\/wp-json\/wp\/v2\/media?parent=52"}],"curies":[{"name":"wp","href":"https:\/\/api.w.org\/{rel}","templated":true}]}}