{"id":233,"date":"2017-02-07T20:44:07","date_gmt":"2017-02-07T23:44:07","guid":{"rendered":"http:\/\/www.cchla.ufpb.br\/libras\/?page_id=233"},"modified":"2022-03-10T19:05:04","modified_gmt":"2022-03-10T22:05:04","slug":"selecao-de-tutores-2017-material-de-estudo-1","status":"publish","type":"page","link":"https:\/\/www.cchla.ufpb.br\/libras\/selecao-de-tutor-2017\/selecao-de-tutores-2017-material-de-estudo-1\/","title":{"rendered":"MATERIAL DE CONSULTA PARA A SELE\u00c7\u00c3O DE TUTOR"},"content":{"rendered":"<p>PDF &#8211;&nbsp;<a href=\"https:\/\/www.cchla.ufpb.br\/libras\/wp-content\/uploads\/2017\/02\/Escrita-de-Sinais-III.pdf\">Escrita de Sinais III<\/a><\/p>\n<ul>\n<li><em><a href=\"https:\/\/www.youtube.com\/playlist?list=PLhHNcPE65PzuIlBXDMN4MW_qrWVj7IkCp\">Material em V\u00eddeo &#8211; Escrita de Sinais III<\/a><\/em><\/li>\n<\/ul>\n<p>&nbsp;<\/p>\n<p>PDF &#8211;&nbsp;<a href=\"https:\/\/www.cchla.ufpb.br\/libras\/wp-content\/uploads\/2017\/02\/Fundamentos-da-Educa\u00e7\u00e3o-de-Surdos.pdf\">Fundamentos da Educa\u00e7\u00e3o de Surdos<\/a><\/p>\n<ul>\n<li>\n<address><em><a href=\"https:\/\/www.youtube.com\/playlist?list=PLhHNcPE65PzuS4hTSLHAUCbU2r1UIClGR\">Material em V\u00eddeo &#8211; &nbsp;Fundamentos da Educa\u00e7\u00e3o dos Surdos<\/a><\/em><\/address>\n<\/li>\n<\/ul>\n<p>&nbsp;<\/p>\n<p>PDF &#8211;&nbsp;<a href=\"https:\/\/www.cchla.ufpb.br\/libras\/wp-content\/uploads\/2017\/02\/Fundamentos-de-Lingu\u00edstica.pdf\">Fundamentos de Lingu\u00edstica<\/a><\/p>\n<ul>\n<li><a href=\"https:\/\/www.youtube.com\/playlist?list=PLhHNcPE65PzuUWb8pnXrDQkasJq-JsxtB\"><em>Material em V\u00eddeo &#8211; Fundamentos de Lingu\u00edstica<\/em><\/a><\/li>\n<\/ul>\n<p>&nbsp;<\/p>\n<p>PDF &#8211;&nbsp;<a href=\"https:\/\/www.cchla.ufpb.br\/libras\/wp-content\/uploads\/2017\/02\/Libras-I.pdf\">Libras I<\/a><\/p>\n<ul>\n<li><em><a href=\"https:\/\/www.youtube.com\/playlist?list=PLhHNcPE65PzvMMTH7WRY2uwlcf4wy55MJ\">Material em V\u00eddeo &#8211; Libras I<\/a><\/em><\/li>\n<\/ul>\n<p>&nbsp;<\/p>\n<p>PDF &#8211;&nbsp;<a href=\"https:\/\/www.cchla.ufpb.br\/libras\/wp-content\/uploads\/2017\/02\/Libras-III.pdf\">Libras III<\/a><\/p>\n<ul>\n<li><a href=\"https:\/\/www.youtube.com\/playlist?list=PLhHNcPE65PzvobZhgKPCV57pHq6qCk1MS\"><i>Material em V\u00eddeo &#8211; Libras III<\/i><\/a><\/li>\n<\/ul>\n<p>&nbsp;<\/p>\n<p>PDF &#8211;&nbsp;<a href=\"https:\/\/www.cchla.ufpb.br\/libras\/wp-content\/uploads\/2017\/02\/Libras-V.pdf\">Libras V<\/a><\/p>\n<ul>\n<li><em><a href=\"https:\/\/www.youtube.com\/playlist?list=PLhHNcPE65PztWYYaj-fbGW_CQ0zNeIXQ5\">Material em V\u00eddeo &#8211; Libras V<\/a><\/em><\/li>\n<\/ul>\n<p>&nbsp;<\/p>\n<p>PDF &#8211;&nbsp;<a href=\"https:\/\/www.cchla.ufpb.br\/libras\/wp-content\/uploads\/2017\/02\/Literatura-e-Cultura-Popular.pdf\">Literatura e Cultura Popular<\/a><\/p>\n<ul>\n<li><em><a href=\"https:\/\/www.youtube.com\/playlist?list=PLhHNcPE65PzudPyTp0QDYzqg9vUHhMb9a\">Material em V\u00eddeo &#8211; Literatura e Cultura Popular<\/a><\/em><\/li>\n<\/ul>\n<p>&nbsp;<\/p>\n<p>PDF &#8211;&nbsp;<a href=\"https:\/\/www.cchla.ufpb.br\/libras\/wp-content\/uploads\/2017\/02\/Literatura-Visual.pdf\">Literatura Visual<\/a><\/p>\n<ul>\n<li><em><a href=\"https:\/\/www.youtube.com\/playlist?list=PLhHNcPE65PztDGRLaj0yvdBLigOUBjNfM\">Material em V\u00eddeo &#8211; Literatura Visual<\/a><\/em><\/li>\n<\/ul>\n<p>&nbsp;<\/p>\n<p>PDF &#8211;&nbsp;<a href=\"https:\/\/www.cchla.ufpb.br\/libras\/wp-content\/uploads\/2017\/02\/Pol\u00edtica-e-Gest\u00e3o-da-Educa\u00e7\u00e3o.pdf\">Pol\u00edtica e Gest\u00e3o da Educa\u00e7\u00e3o<\/a><\/p>\n<ul>\n<li><em><a href=\"https:\/\/www.youtube.com\/playlist?list=PLhHNcPE65PzsLxnmR3bDKutEcUX6u25qY\">Material em V\u00eddeo &#8211; Pol\u00edtica e Gest\u00e3o da Educa\u00e7\u00e3o<\/a><\/em><\/li>\n<\/ul>\n<p>&nbsp;<\/p>\n","protected":false},"excerpt":{"rendered":"<p>PDF &#8211;&nbsp;Escrita de Sinais III Material em V\u00eddeo &#8211; Escrita de Sinais III &nbsp; PDF &#8211;&nbsp;Fundamentos da Educa\u00e7\u00e3o de Surdos Material em V\u00eddeo &#8211; &nbsp;Fundamentos da Educa\u00e7\u00e3o dos Surdos &nbsp; PDF &#8211;&nbsp;Fundamentos de Lingu\u00edstica Material em V\u00eddeo &#8211; Fundamentos de Lingu\u00edstica &nbsp; PDF &#8211;&nbsp;Libras I Material em V\u00eddeo &#8211; Libras I &nbsp; PDF &#8211;&nbsp;Libras III [&hellip;]<\/p>\n","protected":false},"author":4,"featured_media":0,"parent":271,"menu_order":0,"comment_status":"closed","ping_status":"closed","template":"","meta":{"footnotes":""},"class_list":["post-233","page","type-page","status-publish","hentry"],"_links":{"self":[{"href":"https:\/\/www.cchla.ufpb.br\/libras\/wp-json\/wp\/v2\/pages\/233"}],"collection":[{"href":"https:\/\/www.cchla.ufpb.br\/libras\/wp-json\/wp\/v2\/pages"}],"about":[{"href":"https:\/\/www.cchla.ufpb.br\/libras\/wp-json\/wp\/v2\/types\/page"}],"author":[{"embeddable":true,"href":"https:\/\/www.cchla.ufpb.br\/libras\/wp-json\/wp\/v2\/users\/4"}],"replies":[{"embeddable":true,"href":"https:\/\/www.cchla.ufpb.br\/libras\/wp-json\/wp\/v2\/comments?post=233"}],"version-history":[{"count":23,"href":"https:\/\/www.cchla.ufpb.br\/libras\/wp-json\/wp\/v2\/pages\/233\/revisions"}],"predecessor-version":[{"id":376,"href":"https:\/\/www.cchla.ufpb.br\/libras\/wp-json\/wp\/v2\/pages\/233\/revisions\/376"}],"up":[{"embeddable":true,"href":"https:\/\/www.cchla.ufpb.br\/libras\/wp-json\/wp\/v2\/pages\/271"}],"wp:attachment":[{"href":"https:\/\/www.cchla.ufpb.br\/libras\/wp-json\/wp\/v2\/media?parent=233"}],"curies":[{"name":"wp","href":"https:\/\/api.w.org\/{rel}","templated":true}]}}