{"id":25,"date":"2014-10-23T14:38:04","date_gmt":"2014-10-23T14:38:04","guid":{"rendered":"http:\/\/www.cchla.ufpb.br\/librasN\/?page_id=25"},"modified":"2025-01-30T15:06:55","modified_gmt":"2025-01-30T18:06:55","slug":"resolucoes","status":"publish","type":"page","link":"https:\/\/www.cchla.ufpb.br\/libras\/resolucoes\/","title":{"rendered":"Resolu\u00e7\u00f5es"},"content":{"rendered":"<p><a href=\"https:\/\/www.cchla.ufpb.br\/libras\/wp-content\/uploads\/2022\/03\/RESOLUCAO-No-29_2020.pdf\" target=\"_blank\" rel=\"noopener\">Resolu\u00e7\u00e3o n\u00ba 29\/2020 &#8211; CONSEPE &#8211; Regulamento Geral dos Cursos de Gradua\u00e7\u00e3o da UFPB<\/a><\/p>\n<p><a href=\"https:\/\/www.cchla.ufpb.br\/libras\/wp-content\/uploads\/2022\/07\/Resolucao-01_2022CLL-TCC.pdf\" target=\"_blank\" rel=\"noopener\">Resolu\u00e7\u00e3o n\u00ba 1\/2022 &#8211; CLL &#8211; Regulamenta o Trabalho de Conclus\u00e3o de Curso &#8211; TCC, do Curso de Licenciatura em Letras Libras<\/a><\/p>\n\n\n<p><a href=\"https:\/\/www.cchla.ufpb.br\/libras\/wp-content\/uploads\/2022\/04\/INSTRUCAONORMATIVA12022DIPLOMADIGITAL.pdf\" target=\"_blank\" rel=\"noreferrer noopener\">INSTRU\u00c7\u00c3O NORMATIVA n\u00ba 1\/2022 &#8211; PRG &#8211; Procedimento para emiss\u00e3o de diploma digital<\/a><\/p>\n\n\n\n<p><a href=\"https:\/\/www.cchla.ufpb.br\/libras\/wp-content\/uploads\/2022\/09\/1.-Resolucao-CONSUNI-n-o-07_2009-Autoriza-a-criacao-do-Curso-de-Graduacao-em-Letras-Libras.pdf\" target=\"_blank\" rel=\"noreferrer noopener\">Resolu\u00e7\u00e3o  n \u00ba 07\/2009 &#8211; CONSUNI &#8211;  Autoriza a cria\u00e7\u00e3o do Curso de Gradua\u00e7\u00e3o em Letras Libras<\/a><\/p>\n\n\n\n<p><a href=\"https:\/\/www.cchla.ufpb.br\/libras\/wp-content\/uploads\/2022\/09\/Resolucao-CONSEPE-no-42_2009-Cria-o-Curso-de-Graduacao-em-Letras-Libras-modalidade-a-distancia.pdf\" target=\"_blank\" rel=\"noreferrer noopener\">Resolu\u00e7\u00e3o  n \u00ba 42\/2009 &#8211; CONSEPE &#8211;  Cria o Curso de Gradua\u00e7\u00e3o em Letras Libras<\/a><\/p>\n\n\n\n<p><a href=\"https:\/\/www.cchla.ufpb.br\/libras\/wp-content\/uploads\/2022\/09\/Resolucao-CONSEPE-no-43_2009-Aprova-o-Projeto-Politico-Pedagogico-do-Curso-de-Graduacao-em-Letras-Libras-modalidade-a-distancia.pdf\" target=\"_blank\" rel=\"noreferrer noopener\">Resolu\u00e7\u00e3o  n \u00ba 43\/2009 &#8211; CONSEPE &#8211;  Aprova o Projeto Pol\u00edtico Pedag\u00f3gico do Curso de Gradua\u00e7\u00e3o em Letras Libras<\/a><\/p>\n\n\n\n<div class=\"wp-block-file\"><a id=\"wp-block-file--media-cce6ce88-cb79-4140-be5d-78dfc895a424\" href=\"https:\/\/www.cchla.ufpb.br\/libras\/wp-content\/uploads\/2022\/10\/Resoluc\u0327a\u0303o-01-2022-CLL-Conteu\u0301dosFlexi\u0301veis-4.pdf\"><strong>Resoluc\u0327a\u0303o-01-2022-CLL-Conteu\u0301dosFlexi\u0301veis-4<\/strong><\/a><\/div>\n\n\n\n<p class=\"has-medium-font-size\"><\/p>\n\n\n\n<p><a href=\"https:\/\/www.cchla.ufpb.br\/libras\/resolucao-cll-no-01-2024-nova-resolucao-de-estagio-curricular-obrigatorio\/\">Resolu\u00e7\u00e3o CLL N\u00ba 01\/2024 \u2013 nova Resolu\u00e7\u00e3o de Est\u00e1gio Curricular Obrigat\u00f3rio<\/a><\/p>\n\n\n\n<p><\/p>\n","protected":false},"excerpt":{"rendered":"<p>Resolu\u00e7\u00e3o n\u00ba 29\/2020 &#8211; CONSEPE &#8211; Regulamento Geral dos Cursos de Gradua\u00e7\u00e3o da UFPB Resolu\u00e7\u00e3o n\u00ba 1\/2022 &#8211; CLL &#8211; Regulamenta o Trabalho de Conclus\u00e3o de Curso &#8211; TCC, do Curso de Licenciatura em Letras Libras INSTRU\u00c7\u00c3O NORMATIVA n\u00ba 1\/2022 &#8211; PRG &#8211; Procedimento para emiss\u00e3o de diploma digital Resolu\u00e7\u00e3o n \u00ba 07\/2009 &#8211; CONSUNI [&hellip;]<\/p>\n","protected":false},"author":1,"featured_media":0,"parent":0,"menu_order":0,"comment_status":"closed","ping_status":"open","template":"","meta":{"footnotes":""},"class_list":["post-25","page","type-page","status-publish","hentry"],"_links":{"self":[{"href":"https:\/\/www.cchla.ufpb.br\/libras\/wp-json\/wp\/v2\/pages\/25"}],"collection":[{"href":"https:\/\/www.cchla.ufpb.br\/libras\/wp-json\/wp\/v2\/pages"}],"about":[{"href":"https:\/\/www.cchla.ufpb.br\/libras\/wp-json\/wp\/v2\/types\/page"}],"author":[{"embeddable":true,"href":"https:\/\/www.cchla.ufpb.br\/libras\/wp-json\/wp\/v2\/users\/1"}],"replies":[{"embeddable":true,"href":"https:\/\/www.cchla.ufpb.br\/libras\/wp-json\/wp\/v2\/comments?post=25"}],"version-history":[{"count":36,"href":"https:\/\/www.cchla.ufpb.br\/libras\/wp-json\/wp\/v2\/pages\/25\/revisions"}],"predecessor-version":[{"id":1343,"href":"https:\/\/www.cchla.ufpb.br\/libras\/wp-json\/wp\/v2\/pages\/25\/revisions\/1343"}],"wp:attachment":[{"href":"https:\/\/www.cchla.ufpb.br\/libras\/wp-json\/wp\/v2\/media?parent=25"}],"curies":[{"name":"wp","href":"https:\/\/api.w.org\/{rel}","templated":true}]}}