{"id":334,"date":"2022-03-09T15:41:09","date_gmt":"2022-03-09T18:41:09","guid":{"rendered":"http:\/\/www.cchla.ufpb.br\/libras\/?page_id=334"},"modified":"2023-04-14T08:33:40","modified_gmt":"2023-04-14T11:33:40","slug":"tutores","status":"publish","type":"page","link":"https:\/\/www.cchla.ufpb.br\/libras\/tutores\/","title":{"rendered":"Tutores"},"content":{"rendered":"\n<ul class=\"wp-block-list\"><li><strong>TUTORES A DIST\u00c2NCIA<\/strong><\/li><\/ul>\n\n\n\n<p>ANA CL\u00c1UDIA BARBOSA SABINO DE SOUSA<br>DANYELLE GOMES DA FONSECA<br>DIOCELLI LINO DE ALENCAR GALDINO<br>ELIZETE OLINTO FERREIRA<br>ERENILSON SA\u00daDE DA SILVA<br>GESSINETTE DA SILVA BORBA DE OLIVEIRA<br>ISADORA DE CARVALHO CORREIA<\/p>\n\n\n\n<p>JAQUELINE BORBA DE OLIVEIRA<br>JOSIMERE DE SOUZA ARA\u00daJO RAMALHO<br>NIELSON FIRMINO DE OLIVEIRA<br>POLYANE ANDRADE BATISTA<br>SANDRA MARIA DINIZ<br>VANESSA SILVA DE LIMA<br>WANDRA MARIA GON\u00c7ALVES DE SOUZA BEZERRA<br>W\u00caDJA COSTA DO NASCIMENTO<\/p>\n\n\n\n<p><\/p>\n","protected":false},"excerpt":{"rendered":"<p>TUTORES A DIST\u00c2NCIA ANA CL\u00c1UDIA BARBOSA SABINO DE SOUSADANYELLE GOMES DA FONSECADIOCELLI LINO DE ALENCAR GALDINOELIZETE OLINTO FERREIRAERENILSON SA\u00daDE DA SILVAGESSINETTE DA SILVA BORBA DE OLIVEIRAISADORA DE CARVALHO CORREIA JAQUELINE BORBA DE OLIVEIRAJOSIMERE DE SOUZA ARA\u00daJO RAMALHONIELSON FIRMINO DE OLIVEIRAPOLYANE ANDRADE BATISTASANDRA MARIA DINIZVANESSA SILVA DE LIMAWANDRA MARIA GON\u00c7ALVES DE SOUZA BEZERRAW\u00caDJA COSTA DO NASCIMENTO<\/p>\n","protected":false},"author":4,"featured_media":0,"parent":0,"menu_order":0,"comment_status":"closed","ping_status":"closed","template":"","meta":{"footnotes":""},"class_list":["post-334","page","type-page","status-publish","hentry"],"_links":{"self":[{"href":"https:\/\/www.cchla.ufpb.br\/libras\/wp-json\/wp\/v2\/pages\/334"}],"collection":[{"href":"https:\/\/www.cchla.ufpb.br\/libras\/wp-json\/wp\/v2\/pages"}],"about":[{"href":"https:\/\/www.cchla.ufpb.br\/libras\/wp-json\/wp\/v2\/types\/page"}],"author":[{"embeddable":true,"href":"https:\/\/www.cchla.ufpb.br\/libras\/wp-json\/wp\/v2\/users\/4"}],"replies":[{"embeddable":true,"href":"https:\/\/www.cchla.ufpb.br\/libras\/wp-json\/wp\/v2\/comments?post=334"}],"version-history":[{"count":5,"href":"https:\/\/www.cchla.ufpb.br\/libras\/wp-json\/wp\/v2\/pages\/334\/revisions"}],"predecessor-version":[{"id":817,"href":"https:\/\/www.cchla.ufpb.br\/libras\/wp-json\/wp\/v2\/pages\/334\/revisions\/817"}],"wp:attachment":[{"href":"https:\/\/www.cchla.ufpb.br\/libras\/wp-json\/wp\/v2\/media?parent=334"}],"curies":[{"name":"wp","href":"https:\/\/api.w.org\/{rel}","templated":true}]}}