{"id":347,"date":"2022-03-09T16:50:00","date_gmt":"2022-03-09T19:50:00","guid":{"rendered":"http:\/\/www.cchla.ufpb.br\/libras\/?page_id=347"},"modified":"2026-02-11T16:05:46","modified_gmt":"2026-02-11T19:05:46","slug":"calendario-academico","status":"publish","type":"page","link":"https:\/\/www.cchla.ufpb.br\/libras\/calendario-academico\/","title":{"rendered":"Calend\u00e1rio acad\u00eamico"},"content":{"rendered":"\n<p class=\"has-text-align-center\"><strong>Calend\u00e1rio Acad\u00eamico 2026<\/strong><\/p>\n\n\n\n<p class=\"has-text-align-center\"><a href=\"https:\/\/www.cchla.ufpb.br\/libras\/wp-content\/uploads\/2026\/02\/CALENDARIO-LETRAS-LIBRAS-EAD-2026.1.pdf\">Calend\u00e1rio Acad\u00eamico 2026.1<\/a><\/p>\n\n\n\n<p class=\"has-text-align-center\"><strong>Calend\u00e1rios EAD 2025<\/strong>.<strong>2<\/strong><\/p>\n\n\n\n<p class=\"has-text-align-center\"><a href=\"https:\/\/www.cchla.ufpb.br\/libras\/calendario-2025-2-academico\/\" data-type=\"link\" data-id=\"https:\/\/www.cchla.ufpb.br\/libras\/calendario-2025-2-academico\/\">Calend\u00e1rio Acad\u00eamico 2025.2 &#8211; com as altera\u00e7\u00f5es da Coordena\u00e7\u00e3o do curso<\/a><\/p>\n\n\n\n<p class=\"has-text-align-center has-medium-font-size\" style=\"font-style:normal;font-weight:700\">Calend\u00e1rio EAD 2025.1<\/p>\n\n\n\n<p class=\"has-text-align-center\">Calend\u00e1rio Acad\u00eamico 2025.1 <a href=\"https:\/\/www.cchla.ufpb.br\/libras\/wp-content\/uploads\/2024\/10\/calendario-academico-2025-1-ead-2024-09-30-2.pdf\">Clique aqui <\/a><\/p>\n\n\n\n<p class=\"has-text-align-center\">Calend\u00e1rio Acad\u00eamico 2025.1 &#8211; com atualiza\u00e7\u00f5es da Coordena\u00e7\u00e3o <a href=\"https:\/\/drive.google.com\/file\/d\/1FSmyMZmkkBmKu0aQ1X7KG22tpm5rg3SW\/view?usp=sharing\" data-type=\"link\" data-id=\"https:\/\/drive.google.com\/file\/d\/1FSmyMZmkkBmKu0aQ1X7KG22tpm5rg3SW\/view?usp=sharing\"> Clique aqui<\/a><\/p>\n\n\n\n<p class=\"has-text-align-center has-medium-font-size\"><strong>Calend\u00e1rio EAD 2024.2<\/strong><\/p>\n\n\n\n<p class=\"has-text-align-center\">Calend\u00e1rio Acad\u00eamico 2024.2 <a href=\"https:\/\/www.cchla.ufpb.br\/libras\/wp-content\/uploads\/2024\/07\/calendario-academico-2024-2-ead-Completo-1.docx\" target=\"_blank\" rel=\"noreferrer noopener\">Clique aqui<\/a><\/p>\n\n\n\n<p><\/p>\n\n\n\n<h2 class=\"wp-block-heading has-text-align-center\"><strong>Calend\u00e1rio EAD 2024.1 <\/strong><\/h2>\n\n\n\n<p class=\"has-text-align-center\">Calend\u00e1rio Acad\u00eamico EAD 2024.1 &#8211; <a href=\"http:\/\/cchla.ufpb.br\/libras\/wp-content\/uploads\/2024\/03\/Calendario-academico-2024-1-LETRAS-LIBRAS-EAD.pdf\">Clique aqui<\/a><\/p>\n\n\n\n<p class=\"has-text-align-center\">Calend\u00e1rio Administrativo 2024.1 &#8211; <a href=\"https:\/\/www.cchla.ufpb.br\/libras\/wp-content\/uploads\/2024\/03\/calendarioa-dministrativo20241-EAD.pdf\">Clique aqui<\/a><\/p>\n\n\n\n<p class=\"has-text-align-center\">CALEND\u00c1RIO DE AVALIA\u00c7\u00d5ES &#8211; 2024.1 &#8211; <a href=\"https:\/\/www.cchla.ufpb.br\/libras\/wp-content\/uploads\/2024\/03\/CALENDARIO-DE-AVALIACOES-2024.1.pdf\">Clique aqui<\/a><\/p>\n\n\n\n<p><\/p>\n\n\n\n<p><\/p>\n\n\n\n<h2 class=\"wp-block-heading has-text-align-center\"><strong>Calend\u00e1rio EAD &#8211; 2023<\/strong><\/h2>\n\n\n\n<p class=\"has-text-align-center\"><a href=\"https:\/\/www.cchla.ufpb.br\/libras\/wp-content\/uploads\/2023\/08\/CALENDA\u0301RIO-ACADE\u0302MICO-2023.2_EAD.pdf\">Calend\u00e1rio acad\u00eamico 2023.2<\/a><\/p>\n\n\n\n<p class=\"has-text-align-center\"><a rel=\"noreferrer noopener\" href=\"https:\/\/www.cchla.ufpb.br\/libras\/wp-content\/uploads\/2022\/12\/calendarioadministrativoead2023.1-1.pdf\" target=\"_blank\">Calend\u00e1rio acad\u00eamico EaD 2023.1<\/a><\/p>\n\n\n\n<p class=\"has-text-align-center\"><a href=\"https:\/\/www.youtube.com\/watch?v=xMnbVh_4USk&amp;ab_channel=Tradulibras\" target=\"_blank\" rel=\"noreferrer noopener\">Calend\u00e1rio Acad\u00eamico EaD 2023.1 em <strong>Libras<\/strong><\/a><\/p>\n\n\n\n<p class=\"has-text-align-center\"><a href=\"https:\/\/www.cchla.ufpb.br\/libras\/wp-content\/uploads\/2023\/02\/Calend\u00e1rio-de-provas2023.1.pdf\" target=\"_blank\" rel=\"noreferrer noopener\">Calend\u00e1rio de Provas 2023.1<\/a><\/p>\n\n\n\n<h2 class=\"wp-block-heading has-text-align-center\"><strong>Calend\u00e1rio EAD<\/strong> &#8211; 2022<\/h2>\n\n\n\n<p class=\"has-text-align-center\"><a href=\"https:\/\/www.cchla.ufpb.br\/libras\/wp-content\/uploads\/2022\/08\/Calendario-de-provas_2022.2_LetrasLibrasEAD.pdf\" target=\"_blank\" rel=\"noreferrer noopener\">Calend\u00e1rio de avalia\u00e7\u00f5es &#8211; Letras Libras EAD &#8211; 2022.2<\/a><\/p>\n\n\n\n<p class=\"has-text-align-center\"><a href=\"https:\/\/www.cchla.ufpb.br\/libras\/wp-content\/uploads\/2022\/06\/Calendario_AcademicoEAD_2022_2.pdf\" target=\"_blank\" rel=\"noreferrer noopener\">Calend\u00e1rio acad\u00eamico EAD &#8211; 2022.2<\/a><\/p>\n\n\n\n<h2 class=\"wp-block-heading has-text-align-center\"><strong>Calend\u00e1rio EAD<\/strong> &#8211; 2021<\/h2>\n\n\n\n<p class=\"has-text-align-center\"><a href=\"https:\/\/www.cchla.ufpb.br\/libras\/wp-content\/uploads\/2022\/03\/1.-Calendario-Academico-2022.1_ead.pdf\">Calend\u00e1rio acad\u00eamico EAD &#8211; 2022.1<\/a><\/p>\n\n\n\n<p class=\"has-text-align-center\"><a href=\"https:\/\/www.cchla.ufpb.br\/libras\/wp-content\/uploads\/2022\/03\/Calendario-de-avaliacoes-Letras-Libras-EAD-2022.1.pdf\">Calend\u00e1rio de avalia\u00e7\u00f5es &#8211; Letras Libras EAD &#8211; 2022.1<\/a><\/p>\n","protected":false},"excerpt":{"rendered":"<p>Calend\u00e1rio Acad\u00eamico 2026 Calend\u00e1rio Acad\u00eamico 2026.1 Calend\u00e1rios EAD 2025.2 Calend\u00e1rio Acad\u00eamico 2025.2 &#8211; com as altera\u00e7\u00f5es da Coordena\u00e7\u00e3o do curso Calend\u00e1rio EAD 2025.1 Calend\u00e1rio Acad\u00eamico 2025.1 Clique aqui Calend\u00e1rio Acad\u00eamico 2025.1 &#8211; com atualiza\u00e7\u00f5es da Coordena\u00e7\u00e3o Clique aqui Calend\u00e1rio EAD 2024.2 Calend\u00e1rio Acad\u00eamico 2024.2 Clique aqui Calend\u00e1rio EAD 2024.1 Calend\u00e1rio Acad\u00eamico EAD 2024.1 &#8211; Clique [&hellip;]<\/p>\n","protected":false},"author":4,"featured_media":0,"parent":0,"menu_order":0,"comment_status":"closed","ping_status":"closed","template":"","meta":{"footnotes":""},"class_list":["post-347","page","type-page","status-publish","hentry"],"_links":{"self":[{"href":"https:\/\/www.cchla.ufpb.br\/libras\/wp-json\/wp\/v2\/pages\/347"}],"collection":[{"href":"https:\/\/www.cchla.ufpb.br\/libras\/wp-json\/wp\/v2\/pages"}],"about":[{"href":"https:\/\/www.cchla.ufpb.br\/libras\/wp-json\/wp\/v2\/types\/page"}],"author":[{"embeddable":true,"href":"https:\/\/www.cchla.ufpb.br\/libras\/wp-json\/wp\/v2\/users\/4"}],"replies":[{"embeddable":true,"href":"https:\/\/www.cchla.ufpb.br\/libras\/wp-json\/wp\/v2\/comments?post=347"}],"version-history":[{"count":37,"href":"https:\/\/www.cchla.ufpb.br\/libras\/wp-json\/wp\/v2\/pages\/347\/revisions"}],"predecessor-version":[{"id":1523,"href":"https:\/\/www.cchla.ufpb.br\/libras\/wp-json\/wp\/v2\/pages\/347\/revisions\/1523"}],"wp:attachment":[{"href":"https:\/\/www.cchla.ufpb.br\/libras\/wp-json\/wp\/v2\/media?parent=347"}],"curies":[{"name":"wp","href":"https:\/\/api.w.org\/{rel}","templated":true}]}}