{"id":371,"date":"2022-03-10T18:49:29","date_gmt":"2022-03-10T21:49:29","guid":{"rendered":"http:\/\/www.cchla.ufpb.br\/libras\/?page_id=371"},"modified":"2024-02-15T09:15:24","modified_gmt":"2024-02-15T12:15:24","slug":"formularios","status":"publish","type":"page","link":"https:\/\/www.cchla.ufpb.br\/libras\/formularios\/","title":{"rendered":"Requerimentos"},"content":{"rendered":"\n<p class=\"has-text-align-left\">Os processos acad\u00eamicos ou administrativos que tratem de solicita\u00e7\u00f5es nas quais os discentes do curso de Licenciatura em Letras Libras (EAD) s\u00e3o parte interessada devem, de forma geral, ser protocolados na Coordena\u00e7\u00e3o do Curso, atrav\u00e9s do e-mail <strong>libras@sead.ufpb.br<\/strong>. Para isto, a solicita\u00e7\u00e3o do discente deve sempre ser direcionada ao Coordenador(a) de Curso por meio de requerimento. <\/p>\n\n\n\n<p><strong><a href=\"https:\/\/www.cchla.ufpb.br\/libras\/wp-content\/uploads\/2024\/02\/Requerimento-Geral.docx\" data-type=\"URL\" data-id=\"https:\/\/www.cchla.ufpb.br\/libras\/wp-content\/uploads\/2024\/02\/Requerimento-Geral.docx\">Requerimento <\/a><a rel=\"noreferrer noopener\" href=\"https:\/\/www.cchla.ufpb.br\/libras\/wp-content\/uploads\/2023\/03\/RequerimentoGeral.doc\" target=\"_blank\">Geral<\/a><\/strong><\/p>\n\n\n\n<p><a href=\"https:\/\/www.cchla.ufpb.br\/libras\/wp-content\/uploads\/2023\/02\/RequerimentoConeu\u0301dosFlexi\u0301veis.doc\" data-type=\"attachment\" data-id=\"755\"><strong>Requerimento de solicita\u00e7\u00e3o de Aproveitamento de Conte\u00fados Flex\u00edveis<\/strong><\/a><\/p>\n\n\n\n<p><strong><a rel=\"noreferrer noopener\" href=\"https:\/\/www.cchla.ufpb.br\/libras\/wp-content\/uploads\/2022\/03\/Formulario-Atualizacao-de-dados-cadastrais.pdf\" target=\"_blank\">Formul\u00e1rio de atualiza\u00e7\u00e3o\/corre\u00e7\u00e3o de dados <\/a><a href=\"https:\/\/www.cchla.ufpb.br\/libras\/wp-content\/uploads\/2024\/02\/Formulario-Atualizacao-de-dados-cadastrais-1-1.docx\" data-type=\"URL\" data-id=\"https:\/\/www.cchla.ufpb.br\/libras\/wp-content\/uploads\/2024\/02\/Formulario-Atualizacao-de-dados-cadastrais-1-1.docx\" target=\"_blank\" rel=\"noreferrer noopener\">cadastrais<\/a><\/strong><\/p>\n\n\n\n<p><strong><a href=\"https:\/\/www.cchla.ufpb.br\/libras\/wp-content\/uploads\/2023\/12\/Requerimento_aproveitamento_dispensa_disciplinaatualizado.docx\" data-type=\"URL\" data-id=\"https:\/\/www.cchla.ufpb.br\/libras\/wp-content\/uploads\/2023\/12\/Requerimento_aproveitamento_dispensa_disciplinaatualizado.docx\" target=\"_blank\" rel=\"noreferrer noopener\">Requerimento para <\/a><a href=\"https:\/\/www.cchla.ufpb.br\/libras\/wp-content\/uploads\/2024\/02\/Requerimento-Aproveitamento-de-disciplinas.docx\" data-type=\"URL\" data-id=\"https:\/\/www.cchla.ufpb.br\/libras\/wp-content\/uploads\/2024\/02\/Requerimento-Aproveitamento-de-disciplinas.docx\" target=\"_blank\" rel=\"noreferrer noopener\">aproveitamento<\/a><a href=\"https:\/\/www.cchla.ufpb.br\/libras\/wp-content\/uploads\/2023\/12\/Requerimento_aproveitamento_dispensa_disciplinaatualizado.docx\" data-type=\"URL\" data-id=\"https:\/\/www.cchla.ufpb.br\/libras\/wp-content\/uploads\/2023\/12\/Requerimento_aproveitamento_dispensa_disciplinaatualizado.docx\" target=\"_blank\" rel=\"noreferrer noopener\">\/dispensa de disciplinas<\/a><\/strong><\/p>\n\n\n\n<p><strong><a href=\"https:\/\/www.cchla.ufpb.br\/libras\/wp-content\/uploads\/2024\/02\/Requerimento_Reposicao-de-Atividades.docx\" data-type=\"URL\" data-id=\"https:\/\/www.cchla.ufpb.br\/libras\/wp-content\/uploads\/2024\/02\/Requerimento_Reposicao-de-Atividades.docx\" target=\"_blank\" rel=\"noreferrer noopener\">Requerimento para reposi\u00e7\u00e3o de atividades<\/a><\/strong><\/p>\n\n\n\n<p><strong><a rel=\"noreferrer noopener\" href=\"https:\/\/www.cchla.ufpb.br\/libras\/wp-content\/uploads\/2022\/03\/Requerimento_para_dilatacao_curso.pdf\" target=\"_blank\">Requerimento para dilata\u00e7\u00e3o de prazo para <\/a><a href=\"https:\/\/www.cchla.ufpb.br\/libras\/wp-content\/uploads\/2024\/02\/Requerimento-Dilatacao-de-prazo-para-conclusao-de-curso.docx\" data-type=\"URL\" data-id=\"https:\/\/www.cchla.ufpb.br\/libras\/wp-content\/uploads\/2024\/02\/Requerimento-Dilatacao-de-prazo-para-conclusao-de-curso.docx\" target=\"_blank\" rel=\"noreferrer noopener\">conclus\u00e3o do curso<\/a><\/strong><\/p>\n\n\n\n<p><strong><a href=\"https:\/\/www.cchla.ufpb.br\/libras\/wp-content\/uploads\/2024\/02\/Requerimento-Abreviacao-de-curso.docx\" data-type=\"URL\" data-id=\"https:\/\/www.cchla.ufpb.br\/libras\/wp-content\/uploads\/2024\/02\/Requerimento-Abreviacao-de-curso.docx\" target=\"_blank\" rel=\"noreferrer noopener\">Requerimento para abrevia\u00e7\u00e3o de integraliza\u00e7\u00e3o de curso <\/a><\/strong><\/p>\n\n\n\n<p><strong><a href=\"https:\/\/www.cchla.ufpb.br\/libras\/wp-content\/uploads\/2024\/02\/Requerimento-Geral-ao-Consepe.docx\">Requerimento Geral ao Consepe<\/a><\/strong><\/p>\n\n\n\n<p><strong><a href=\"https:\/\/www.cchla.ufpb.br\/libras\/wp-content\/uploads\/2024\/02\/Requerimento-Aluno-especial.docx\" data-type=\"URL\" data-id=\"https:\/\/www.cchla.ufpb.br\/libras\/wp-content\/uploads\/2024\/02\/Requerimento-Aluno-especial.docx\">Requerimento para aluno especial<\/a><\/strong><\/p>\n\n\n\n<p><strong><a href=\"https:\/\/www.cchla.ufpb.br\/libras\/wp-content\/uploads\/2024\/02\/Requerimento-Extrapolacao-do-limite-de-creditos.docx\" data-type=\"URL\" data-id=\"https:\/\/www.cchla.ufpb.br\/libras\/wp-content\/uploads\/2024\/02\/Requerimento-Extrapolacao-do-limite-de-creditos.docx\">Requerimento para extrapola\u00e7\u00e3o de limite de cr\u00e9ditos <\/a><\/strong><\/p>\n\n\n\n<p><strong><a href=\"https:\/\/www.cchla.ufpb.br\/libras\/wp-content\/uploads\/2024\/02\/Requerimento-Quebra-de-pre-requisito.docx\" data-type=\"URL\" data-id=\"https:\/\/www.cchla.ufpb.br\/libras\/wp-content\/uploads\/2024\/02\/Requerimento-Quebra-de-pre-requisito.docx\">Requerimento para quebra de pr\u00e9-requisito<\/a><\/strong><\/p>\n\n\n\n<p><\/p>\n\n\n\n<p><\/p>\n\n\n\n<p><\/p>\n\n\n\n<p><\/p>\n\n\n\n<p><\/p>\n\n\n\n<p><\/p>\n","protected":false},"excerpt":{"rendered":"<p>Os processos acad\u00eamicos ou administrativos que tratem de solicita\u00e7\u00f5es nas quais os discentes do curso de Licenciatura em Letras Libras (EAD) s\u00e3o parte interessada devem, de forma geral, ser protocolados na Coordena\u00e7\u00e3o do Curso, atrav\u00e9s do e-mail libras@sead.ufpb.br. Para isto, a solicita\u00e7\u00e3o do discente deve sempre ser direcionada ao Coordenador(a) de Curso por meio de [&hellip;]<\/p>\n","protected":false},"author":4,"featured_media":0,"parent":0,"menu_order":0,"comment_status":"closed","ping_status":"closed","template":"","meta":{"footnotes":""},"class_list":["post-371","page","type-page","status-publish","hentry"],"_links":{"self":[{"href":"https:\/\/www.cchla.ufpb.br\/libras\/wp-json\/wp\/v2\/pages\/371"}],"collection":[{"href":"https:\/\/www.cchla.ufpb.br\/libras\/wp-json\/wp\/v2\/pages"}],"about":[{"href":"https:\/\/www.cchla.ufpb.br\/libras\/wp-json\/wp\/v2\/types\/page"}],"author":[{"embeddable":true,"href":"https:\/\/www.cchla.ufpb.br\/libras\/wp-json\/wp\/v2\/users\/4"}],"replies":[{"embeddable":true,"href":"https:\/\/www.cchla.ufpb.br\/libras\/wp-json\/wp\/v2\/comments?post=371"}],"version-history":[{"count":31,"href":"https:\/\/www.cchla.ufpb.br\/libras\/wp-json\/wp\/v2\/pages\/371\/revisions"}],"predecessor-version":[{"id":1146,"href":"https:\/\/www.cchla.ufpb.br\/libras\/wp-json\/wp\/v2\/pages\/371\/revisions\/1146"}],"wp:attachment":[{"href":"https:\/\/www.cchla.ufpb.br\/libras\/wp-json\/wp\/v2\/media?parent=371"}],"curies":[{"name":"wp","href":"https:\/\/api.w.org\/{rel}","templated":true}]}}