{"id":436,"date":"2022-04-05T14:05:12","date_gmt":"2022-04-05T17:05:12","guid":{"rendered":"http:\/\/www.cchla.ufpb.br\/libras\/?page_id=436"},"modified":"2022-04-06T15:19:39","modified_gmt":"2022-04-06T18:19:39","slug":"colegiado-do-curso","status":"publish","type":"page","link":"https:\/\/www.cchla.ufpb.br\/libras\/colegiado-do-curso\/","title":{"rendered":"Colegiado do Curso"},"content":{"rendered":"\n<p><\/p>\n\n\n\n<p><a href=\"http:\/\/lattes.cnpq.br\/1790450745732583\" data-type=\"URL\" data-id=\"http:\/\/lattes.cnpq.br\/1790450745732583\">Edneia de Oliveira Alves<\/a> (<strong>Presidente<\/strong>)<\/p>\n\n\n\n<p><a href=\"http:\/\/lattes.cnpq.br\/2766192227523400\" data-type=\"URL\" data-id=\"http:\/\/lattes.cnpq.br\/2766192227523400\">Walquiria Nascimento da Silva<\/a> (<strong>Vice-presidente<\/strong>)<\/p>\n\n\n\n<p><a href=\"http:\/\/lattes.cnpq.br\/0449278684856755\" data-type=\"URL\" data-id=\"http:\/\/lattes.cnpq.br\/0449278684856755\">Joelma Remigio de Ara\u00fajo<\/a><\/p>\n\n\n\n<p><a href=\"http:\/\/lattes.cnpq.br\/0895312968907131\" data-type=\"URL\" data-id=\"http:\/\/lattes.cnpq.br\/0895312968907131\">Luciana Waleska de Souza Moura<\/a><\/p>\n\n\n\n<p><a href=\"http:\/\/lattes.cnpq.br\/9808698327792929\" data-type=\"URL\" data-id=\"http:\/\/lattes.cnpq.br\/9808698327792929\">Magdiel Medeiros Arag\u00e3o Neto<\/a><\/p>\n\n\n\n<p><a href=\"http:\/\/lattes.cnpq.br\/0643525641386157\" data-type=\"URL\" data-id=\"http:\/\/lattes.cnpq.br\/0643525641386157\">Maria da Luz Oleg\u00e1rio<\/a><\/p>\n\n\n\n<p><a href=\"http:\/\/lattes.cnpq.br\/2410393765209854\" data-type=\"URL\" data-id=\"http:\/\/lattes.cnpq.br\/2410393765209854\">Marie Gorett Dantas de Assis e Medeiros Batista<\/a><\/p>\n\n\n\n<p><a href=\"http:\/\/lattes.cnpq.br\/9071576914534944\" data-type=\"URL\" data-id=\"http:\/\/lattes.cnpq.br\/9071576914534944\">S\u00f4nia Maria C\u00e2ndido da Silva<\/a><\/p>\n","protected":false},"excerpt":{"rendered":"<p>Edneia de Oliveira Alves (Presidente) Walquiria Nascimento da Silva (Vice-presidente) Joelma Remigio de Ara\u00fajo Luciana Waleska de Souza Moura Magdiel Medeiros Arag\u00e3o Neto Maria da Luz Oleg\u00e1rio Marie Gorett Dantas de Assis e Medeiros Batista S\u00f4nia Maria C\u00e2ndido da Silva<\/p>\n","protected":false},"author":4,"featured_media":0,"parent":0,"menu_order":0,"comment_status":"closed","ping_status":"closed","template":"","meta":{"footnotes":""},"class_list":["post-436","page","type-page","status-publish","hentry"],"_links":{"self":[{"href":"https:\/\/www.cchla.ufpb.br\/libras\/wp-json\/wp\/v2\/pages\/436"}],"collection":[{"href":"https:\/\/www.cchla.ufpb.br\/libras\/wp-json\/wp\/v2\/pages"}],"about":[{"href":"https:\/\/www.cchla.ufpb.br\/libras\/wp-json\/wp\/v2\/types\/page"}],"author":[{"embeddable":true,"href":"https:\/\/www.cchla.ufpb.br\/libras\/wp-json\/wp\/v2\/users\/4"}],"replies":[{"embeddable":true,"href":"https:\/\/www.cchla.ufpb.br\/libras\/wp-json\/wp\/v2\/comments?post=436"}],"version-history":[{"count":6,"href":"https:\/\/www.cchla.ufpb.br\/libras\/wp-json\/wp\/v2\/pages\/436\/revisions"}],"predecessor-version":[{"id":456,"href":"https:\/\/www.cchla.ufpb.br\/libras\/wp-json\/wp\/v2\/pages\/436\/revisions\/456"}],"wp:attachment":[{"href":"https:\/\/www.cchla.ufpb.br\/libras\/wp-json\/wp\/v2\/media?parent=436"}],"curies":[{"name":"wp","href":"https:\/\/api.w.org\/{rel}","templated":true}]}}