{"id":443,"date":"2022-04-05T14:54:00","date_gmt":"2022-04-05T17:54:00","guid":{"rendered":"http:\/\/www.cchla.ufpb.br\/libras\/?page_id=443"},"modified":"2025-07-17T21:44:10","modified_gmt":"2025-07-18T00:44:10","slug":"editais","status":"publish","type":"page","link":"https:\/\/www.cchla.ufpb.br\/libras\/editais\/","title":{"rendered":"Editais"},"content":{"rendered":"\n<p><\/p>\n\n\n\n<p><a href=\"https:\/\/www.cchla.ufpb.br\/libras\/wp-content\/uploads\/2025\/07\/Edital-n\u00b0-01-2025-Processo-Seletivo-para-tutor-do-curso-de-Licenciatura-em-Letras-Libras-a-distancia.-Retificacao-o-edital.pdf\">Edital n\u00ba 01\/2025 &#8211; Processo Seletivo para tutor do curso de Licenciatura em Letras Libras a dist\u00e2ncia<\/a><\/p>\n\n\n\n<p><a href=\"https:\/\/www.cchla.ufpb.br\/libras\/wp-content\/uploads\/2022\/06\/Edital-no01_2022-Processo-seletivo-tutor-Licenciatura-em-Letras_Libras.pdf\" target=\"_blank\" rel=\"noreferrer noopener\">Edital n\u00ba 1\/2022 &#8211; Processo Seletivo para tutor do curso de Licenciatura em Letras Libras a dist\u00e2ncia<\/a><\/p>\n\n\n\n<p><a rel=\"noreferrer noopener\" href=\"https:\/\/www.cchla.ufpb.br\/libras\/wp-content\/uploads\/2022\/05\/EDITALPRG11_2022ProcessoSeletivoIngressoCursosEAD2022.1.pdf\" target=\"_blank\">Edital n\u00ba 11\/2022 &#8211; PRG &#8211; Processo seletivo para ingresso em cursos de gradua\u00e7\u00e3o na modalidade de educa\u00e7\u00e3o a dist\u00e2ncia na UFPB &#8211; 2022.2<\/a><\/p>\n\n\n\n<p><a rel=\"noreferrer noopener\" href=\"https:\/\/www.cchla.ufpb.br\/libras\/wp-content\/uploads\/2022\/05\/Edital-Letras_Libras_2022_selec%CC%A7a%CC%83o-docente-.pdf\" target=\"_blank\">Edital n\u00ba. 01\/2022 -DLS &#8211; Processo seletivo para professor formador do Departamento de L\u00edngua de Sinais<\/a><\/p>\n\n\n\n<p><a href=\"https:\/\/www.cchla.ufpb.br\/libras\/prorrogado-prazo-de-validade-do-edital-n-01-2022-do-processo-seletivo-simplificado-para-tutor-do-curso-de-letras-libras-cchla-ufpb\/\" data-type=\"post\" data-id=\"1245\">Prorrogado prazo de validade do edital n. 01\/2022 do processo seletivo simplificado para tutor do curso de Letras Libras\/CCHLA\/UFPB<\/a><\/p>\n\n\n\n<p><a href=\"https:\/\/www.cchla.ufpb.br\/libras\/edital-no-14-2025-prg\/\" data-type=\"post\" data-id=\"1369\">EDITAL N\u00ba 14\/2025 \u2013 PRG &#8211; Processo Seletivo para ingresso em cursos de gradua\u00e7\u00e3o na modalidade de educa\u00e7\u00e3o a dist\u00e2ncia na UFPB 2025.1<\/a><\/p>\n\n\n\n<p><a href=\"https:\/\/www.cchla.ufpb.br\/libras\/processo-seletivo-unificado-para-professor-formador-da-universidade-aberta-do-brasil-uab-na-ufpb\/\" data-type=\"post\" data-id=\"1375\">EDITAL UAB\/UFPB N\u00ba. 10\/2025 &#8211; PROCESSO SELETIVO UNIFICADO PARA PROFESSOR FORMADOR DA UNIVERSIDADE ABERTA DO BRASIL (UAB) NA UFPB<\/a><\/p>\n","protected":false},"excerpt":{"rendered":"<p>Edital n\u00ba 01\/2025 &#8211; Processo Seletivo para tutor do curso de Licenciatura em Letras Libras a dist\u00e2ncia Edital n\u00ba 1\/2022 &#8211; Processo Seletivo para tutor do curso de Licenciatura em Letras Libras a dist\u00e2ncia Edital n\u00ba 11\/2022 &#8211; PRG &#8211; Processo seletivo para ingresso em cursos de gradua\u00e7\u00e3o na modalidade de educa\u00e7\u00e3o a dist\u00e2ncia na [&hellip;]<\/p>\n","protected":false},"author":4,"featured_media":0,"parent":0,"menu_order":0,"comment_status":"closed","ping_status":"closed","template":"","meta":{"footnotes":""},"class_list":["post-443","page","type-page","status-publish","hentry"],"_links":{"self":[{"href":"https:\/\/www.cchla.ufpb.br\/libras\/wp-json\/wp\/v2\/pages\/443"}],"collection":[{"href":"https:\/\/www.cchla.ufpb.br\/libras\/wp-json\/wp\/v2\/pages"}],"about":[{"href":"https:\/\/www.cchla.ufpb.br\/libras\/wp-json\/wp\/v2\/types\/page"}],"author":[{"embeddable":true,"href":"https:\/\/www.cchla.ufpb.br\/libras\/wp-json\/wp\/v2\/users\/4"}],"replies":[{"embeddable":true,"href":"https:\/\/www.cchla.ufpb.br\/libras\/wp-json\/wp\/v2\/comments?post=443"}],"version-history":[{"count":19,"href":"https:\/\/www.cchla.ufpb.br\/libras\/wp-json\/wp\/v2\/pages\/443\/revisions"}],"predecessor-version":[{"id":1442,"href":"https:\/\/www.cchla.ufpb.br\/libras\/wp-json\/wp\/v2\/pages\/443\/revisions\/1442"}],"wp:attachment":[{"href":"https:\/\/www.cchla.ufpb.br\/libras\/wp-json\/wp\/v2\/media?parent=443"}],"curies":[{"name":"wp","href":"https:\/\/api.w.org\/{rel}","templated":true}]}}