{"id":458,"date":"2022-04-06T15:28:55","date_gmt":"2022-04-06T18:28:55","guid":{"rendered":"http:\/\/www.cchla.ufpb.br\/libras\/?page_id=458"},"modified":"2025-02-21T10:56:26","modified_gmt":"2025-02-21T13:56:26","slug":"nucleo-docente-estruturante","status":"publish","type":"page","link":"https:\/\/www.cchla.ufpb.br\/libras\/nucleo-docente-estruturante\/","title":{"rendered":"N\u00facleo Docente Estruturante"},"content":{"rendered":"\n<p><strong>Titulares<\/strong><\/p>\n\n\n\n<p><a href=\"http:\/\/lattes.cnpq.br\/1790450745732583\" target=\"_blank\" rel=\"noreferrer noopener\">Edneia de Oliveira Alves<\/a> (cordenadora do curso)<\/p>\n\n\n\n<p><a href=\"http:\/\/lattes.cnpq.br\/2766192227523400\" target=\"_blank\" rel=\"noreferrer noopener\">Luciana Waleska de Souza Moura<\/a> (cordenadora do curso)<\/p>\n\n\n\n<p><a href=\"http:\/\/lattes.cnpq.br\/2467412638469336\" target=\"_blank\" rel=\"noreferrer noopener\">Ana Cristina Silva Daxenberger<\/a> (representante da \u00e1rea pedag\u00f3gica)<\/p>\n\n\n\n<p><\/p>\n\n\n\n<p><a href=\"http:\/\/lattes.cnpq.br\/8307989663923849\" target=\"_blank\" rel=\"noreferrer noopener\">Ligio Josias Gomes de Sousa<\/a> (representante da \u00e1rea de Lingu\u00edstica)<\/p>\n\n\n\n<p><a href=\"http:\/\/lattes.cnpq.br\/5954790565321166\" target=\"_blank\" rel=\"noreferrer noopener\">Nayara de Almeida Adriano<\/a> (representante da \u00e1rea de Libras)<\/p>\n\n\n\n<p><a href=\"http:\/\/lattes.cnpq.br\/2950552229032787\" target=\"_blank\" rel=\"noreferrer noopener\">Sheila Costa de Farias <\/a>(representante da \u00e1rea de Trabalho de Concclus\u00e3o de Curso)<\/p>\n\n\n\n<p><\/p>\n\n\n\n<p><strong>Suplentes<\/strong><\/p>\n\n\n\n<p><a href=\"http:\/\/lattes.cnpq.br\/3093272172749907\" target=\"_blank\" rel=\"noreferrer noopener\">Maysa Ramos Vieira<\/a> (Lingu\u00edstica)<\/p>\n\n\n\n<p><a href=\"http:\/\/lattes.cnpq.br\/9957504921316438\" target=\"_blank\" rel=\"noreferrer noopener\">Rosilene Silva Marinho <\/a>(Libras)<\/p>\n","protected":false},"excerpt":{"rendered":"<p>Titulares Edneia de Oliveira Alves (cordenadora do curso) Luciana Waleska de Souza Moura (cordenadora do curso) Ana Cristina Silva Daxenberger (representante da \u00e1rea pedag\u00f3gica) Ligio Josias Gomes de Sousa (representante da \u00e1rea de Lingu\u00edstica) Nayara de Almeida Adriano (representante da \u00e1rea de Libras) Sheila Costa de Farias (representante da \u00e1rea de Trabalho de Concclus\u00e3o de [&hellip;]<\/p>\n","protected":false},"author":4,"featured_media":0,"parent":0,"menu_order":0,"comment_status":"closed","ping_status":"closed","template":"","meta":{"footnotes":""},"class_list":["post-458","page","type-page","status-publish","hentry"],"_links":{"self":[{"href":"https:\/\/www.cchla.ufpb.br\/libras\/wp-json\/wp\/v2\/pages\/458"}],"collection":[{"href":"https:\/\/www.cchla.ufpb.br\/libras\/wp-json\/wp\/v2\/pages"}],"about":[{"href":"https:\/\/www.cchla.ufpb.br\/libras\/wp-json\/wp\/v2\/types\/page"}],"author":[{"embeddable":true,"href":"https:\/\/www.cchla.ufpb.br\/libras\/wp-json\/wp\/v2\/users\/4"}],"replies":[{"embeddable":true,"href":"https:\/\/www.cchla.ufpb.br\/libras\/wp-json\/wp\/v2\/comments?post=458"}],"version-history":[{"count":12,"href":"https:\/\/www.cchla.ufpb.br\/libras\/wp-json\/wp\/v2\/pages\/458\/revisions"}],"predecessor-version":[{"id":1350,"href":"https:\/\/www.cchla.ufpb.br\/libras\/wp-json\/wp\/v2\/pages\/458\/revisions\/1350"}],"wp:attachment":[{"href":"https:\/\/www.cchla.ufpb.br\/libras\/wp-json\/wp\/v2\/media?parent=458"}],"curies":[{"name":"wp","href":"https:\/\/api.w.org\/{rel}","templated":true}]}}