{"id":565,"date":"2022-07-08T13:13:57","date_gmt":"2022-07-08T16:13:57","guid":{"rendered":"https:\/\/www.cchla.ufpb.br\/libras\/?page_id=565"},"modified":"2022-09-26T11:45:23","modified_gmt":"2022-09-26T14:45:23","slug":"links-uteis","status":"publish","type":"page","link":"https:\/\/www.cchla.ufpb.br\/libras\/links-uteis\/","title":{"rendered":"Links \u00fateis"},"content":{"rendered":"\n<div class=\"wp-block-buttons is-layout-flex wp-block-buttons-is-layout-flex\">\n<div class=\"wp-block-button\"><a class=\"wp-block-button__link\" href=\"https:\/\/app-hmg-libras.levantelab.com.br\/\" target=\"_blank\" rel=\"noreferrer noopener\">Portal de LIBRAS<\/a><\/div>\n<\/div>\n\n\n\n<div class=\"wp-block-buttons is-layout-flex wp-block-buttons-is-layout-flex\">\n<div class=\"wp-block-button\"><a class=\"wp-block-button__link\" href=\"https:\/\/www.cchla.ufpb.br\/libras\/wp-content\/uploads\/2022\/09\/CARTILHA-DE-SINALIZACAO-E-ROTAS-ACESSIVEIS_CIA_compressed-1.pdf\" target=\"_blank\" rel=\"noreferrer noopener\">Cartilha CIA &#8211; Rotas Acess\u00edveis e sinaliza\u00e7\u00e3o <\/a><\/div>\n<\/div>\n","protected":false},"excerpt":{"rendered":"","protected":false},"author":4,"featured_media":0,"parent":0,"menu_order":0,"comment_status":"closed","ping_status":"closed","template":"","meta":{"footnotes":""},"class_list":["post-565","page","type-page","status-publish","hentry"],"_links":{"self":[{"href":"https:\/\/www.cchla.ufpb.br\/libras\/wp-json\/wp\/v2\/pages\/565"}],"collection":[{"href":"https:\/\/www.cchla.ufpb.br\/libras\/wp-json\/wp\/v2\/pages"}],"about":[{"href":"https:\/\/www.cchla.ufpb.br\/libras\/wp-json\/wp\/v2\/types\/page"}],"author":[{"embeddable":true,"href":"https:\/\/www.cchla.ufpb.br\/libras\/wp-json\/wp\/v2\/users\/4"}],"replies":[{"embeddable":true,"href":"https:\/\/www.cchla.ufpb.br\/libras\/wp-json\/wp\/v2\/comments?post=565"}],"version-history":[{"count":3,"href":"https:\/\/www.cchla.ufpb.br\/libras\/wp-json\/wp\/v2\/pages\/565\/revisions"}],"predecessor-version":[{"id":686,"href":"https:\/\/www.cchla.ufpb.br\/libras\/wp-json\/wp\/v2\/pages\/565\/revisions\/686"}],"wp:attachment":[{"href":"https:\/\/www.cchla.ufpb.br\/libras\/wp-json\/wp\/v2\/media?parent=565"}],"curies":[{"name":"wp","href":"https:\/\/api.w.org\/{rel}","templated":true}]}}