{"id":630,"date":"2022-08-18T11:30:31","date_gmt":"2022-08-18T14:30:31","guid":{"rendered":"https:\/\/www.cchla.ufpb.br\/libras\/?page_id=630"},"modified":"2023-07-20T07:56:54","modified_gmt":"2023-07-20T10:56:54","slug":"tutoriais","status":"publish","type":"page","link":"https:\/\/www.cchla.ufpb.br\/libras\/tutoriais\/","title":{"rendered":"Tutoriais e Orienta\u00e7\u00f5es Gerais"},"content":{"rendered":"\n<p>TUTORIAL 1 \u2013 <a href=\"https:\/\/youtu.be\/Non_HTxBCc8\" data-type=\"URL\" data-id=\"https:\/\/youtu.be\/Non_HTxBCc8\" target=\"_blank\" rel=\"noreferrer noopener\">INTERFACE MOODLE&nbsp;4.1&nbsp;\u2013&nbsp;UAB<\/a><\/p>\n\n\n\n<p>Primeiro acesso ao <a href=\"https:\/\/www.cchla.ufpb.br\/libras\/wp-content\/uploads\/2023\/07\/manual-de-acesso-ao-sigaa.pdf\" target=\"_blank\" rel=\"noreferrer noopener\">SIGAA<\/a><\/p>\n\n\n\n<p><a href=\"https:\/\/www.cchla.ufpb.br\/libras\/wp-content\/uploads\/2022\/08\/Primeiro-acesso-ao-Moodle.pdf\" target=\"_blank\" rel=\"noreferrer noopener\">Primeiro acesso ao MOODLE<\/a><\/p>\n\n\n\n<p><a rel=\"noreferrer noopener\" href=\"https:\/\/www.cchla.ufpb.br\/libras\/wp-content\/uploads\/2023\/01\/PASSO-A-PASSO-DE-SOLICITACAO-DE-APOIO-AO-CIA.pdf\" data-type=\"URL\" data-id=\"https:\/\/www.cchla.ufpb.br\/libras\/wp-content\/uploads\/2023\/01\/PASSO-A-PASSO-DE-SOLICITACAO-DE-APOIO-AO-CIA.pdf\" target=\"_blank\">Aluno com defici\u00eancia &#8211; Cadastro e solicita\u00e7\u00e3o de apoio ao cia<\/a><\/p>\n\n\n\n<p><strong>Passo-a-passo do discente para <a href=\"https:\/\/youtu.be\/pKpeBx4lu8o\" data-type=\"URL\" data-id=\"https:\/\/youtu.be\/pKpeBx4lu8o\" target=\"_blank\" rel=\"noreferrer noopener\">cadastro de est\u00e1gio obrigat\u00f3rio interno<\/a><\/strong><\/p>\n\n\n\n<h2 class=\"wp-block-heading\">Orienta\u00e7\u00f5es b\u00e1sicas sobre Aproveitamento de <mark style=\"background-color:rgba(0, 0, 0, 0)\" class=\"has-inline-color has-vivid-red-color\">Conte\u00fados flex\u00edveis<\/mark><\/h2>\n\n\n\n<figure class=\"wp-block-embed is-type-video is-provider-youtube wp-block-embed-youtube wp-embed-aspect-16-9 wp-has-aspect-ratio\"><div class=\"wp-block-embed__wrapper\">\n<iframe loading=\"lazy\" title=\"Conte\u00fados Flexi\u0301veis2\" width=\"845\" height=\"475\" src=\"https:\/\/www.youtube.com\/embed\/qL75OMRAe38?feature=oembed\" frameborder=\"0\" allow=\"accelerometer; autoplay; clipboard-write; encrypted-media; gyroscope; picture-in-picture; web-share\" referrerpolicy=\"strict-origin-when-cross-origin\" allowfullscreen><\/iframe>\n<\/div><\/figure>\n","protected":false},"excerpt":{"rendered":"<p>TUTORIAL 1 \u2013 INTERFACE MOODLE&nbsp;4.1&nbsp;\u2013&nbsp;UAB Primeiro acesso ao SIGAA Primeiro acesso ao MOODLE Aluno com defici\u00eancia &#8211; Cadastro e solicita\u00e7\u00e3o de apoio ao cia Passo-a-passo do discente para cadastro de est\u00e1gio obrigat\u00f3rio interno Orienta\u00e7\u00f5es b\u00e1sicas sobre Aproveitamento de Conte\u00fados flex\u00edveis<\/p>\n","protected":false},"author":4,"featured_media":0,"parent":0,"menu_order":0,"comment_status":"closed","ping_status":"closed","template":"","meta":{"footnotes":""},"class_list":["post-630","page","type-page","status-publish","hentry"],"_links":{"self":[{"href":"https:\/\/www.cchla.ufpb.br\/libras\/wp-json\/wp\/v2\/pages\/630"}],"collection":[{"href":"https:\/\/www.cchla.ufpb.br\/libras\/wp-json\/wp\/v2\/pages"}],"about":[{"href":"https:\/\/www.cchla.ufpb.br\/libras\/wp-json\/wp\/v2\/types\/page"}],"author":[{"embeddable":true,"href":"https:\/\/www.cchla.ufpb.br\/libras\/wp-json\/wp\/v2\/users\/4"}],"replies":[{"embeddable":true,"href":"https:\/\/www.cchla.ufpb.br\/libras\/wp-json\/wp\/v2\/comments?post=630"}],"version-history":[{"count":10,"href":"https:\/\/www.cchla.ufpb.br\/libras\/wp-json\/wp\/v2\/pages\/630\/revisions"}],"predecessor-version":[{"id":952,"href":"https:\/\/www.cchla.ufpb.br\/libras\/wp-json\/wp\/v2\/pages\/630\/revisions\/952"}],"wp:attachment":[{"href":"https:\/\/www.cchla.ufpb.br\/libras\/wp-json\/wp\/v2\/media?parent=630"}],"curies":[{"name":"wp","href":"https:\/\/api.w.org\/{rel}","templated":true}]}}