{"id":9,"date":"2014-10-23T14:26:06","date_gmt":"2014-10-23T14:26:06","guid":{"rendered":"http:\/\/www.cchla.ufpb.br\/librasN\/?page_id=9"},"modified":"2022-06-01T14:14:30","modified_gmt":"2022-06-01T17:14:30","slug":"corpo-docente","status":"publish","type":"page","link":"https:\/\/www.cchla.ufpb.br\/libras\/corpo-docente\/","title":{"rendered":"Corpo Docente"},"content":{"rendered":"\n<p><a rel=\"noreferrer noopener\" href=\"http:\/\/lattes.cnpq.br\/2467412638469336\" target=\"_blank\">Ana Cristina Silva Daxenberger<\/a> <\/p>\n\n\n\n<p><a href=\"http:\/\/lattes.cnpq.br\/2313809524485448\">Carolina Silva Resende<\/a><\/p>\n\n\n\n<p><a href=\"http:\/\/lattes.cnpq.br\/1790450745732583\">Edneia de Oliveira Alves<\/a><\/p>\n\n\n\n<p><a href=\"http:\/\/lattes.cnpq.br\/4222158563732352\" target=\"_blank\" rel=\"noreferrer noopener\">Everton de Lima Silva<\/a><\/p>\n\n\n\n<p><a href=\"http:\/\/lattes.cnpq.br\/6926543520029799\" target=\"_blank\" rel=\"noreferrer noopener\">Henrique Miguel de Lima Silva<\/a><\/p>\n\n\n\n<p><a href=\"http:\/\/lattes.cnpq.br\/1429930133319336\">Janaina Aguiar Peixoto<\/a><\/p>\n\n\n\n<p><a href=\"http:\/\/lattes.cnpq.br\/0449278684856755\">Joelma Rem\u00edgio Ara\u00fajo<\/a><\/p>\n\n\n\n<p><a href=\"http:\/\/lattes.cnpq.br\/8307989663923849\" target=\"_blank\" rel=\"noreferrer noopener\">Ligio Josias Gomes de Sousa<\/a><\/p>\n\n\n\n<p><a href=\"http:\/\/lattes.cnpq.br\/9808698327792929\">Magdiel Medeiros Arag\u00e3o Neto<\/a><\/p>\n\n\n\n<p><a href=\"http:\/\/lattes.cnpq.br\/0643525641386157\">Maria da Luz Oleg\u00e1rio<\/a><\/p>\n\n\n\n<p><a href=\"http:\/\/lattes.cnpq.br\/2410393765209854\">Marie Gorett D. de A. M. Batista<\/a><\/p>\n\n\n\n<p><a href=\"http:\/\/lattes.cnpq.br\/3093272172749907\">Maysa Ramos Vieira<\/a><\/p>\n\n\n\n<p><a href=\"http:\/\/lattes.cnpq.br\/5954790565321166\">Nayara de Almeida Adriano<\/a><\/p>\n\n\n\n<p><a href=\"http:\/\/lattes.cnpq.br\/9957504921316438\" target=\"_blank\" rel=\"noreferrer noopener\">Rosilene Silva Marinho<\/a><\/p>\n\n\n\n<p><a href=\"http:\/\/lattes.cnpq.br\/2950552229032787\" target=\"_blank\" rel=\"noreferrer noopener\">Sheila Costa de Farias<\/a><\/p>\n\n\n\n<p><a href=\"http:\/\/lattes.cnpq.br\/9071576914534944\">S\u00f4nia Maria Candido da Silva<\/a><\/p>\n\n\n\n<p><a href=\"http:\/\/lattes.cnpq.br\/8413751513180517\">Valdo Ribeiro da N\u00f3brega<\/a><\/p>\n","protected":false},"excerpt":{"rendered":"<p>Ana Cristina Silva Daxenberger Carolina Silva Resende Edneia de Oliveira Alves Everton de Lima Silva Henrique Miguel de Lima Silva Janaina Aguiar Peixoto Joelma Rem\u00edgio Ara\u00fajo Ligio Josias Gomes de Sousa Magdiel Medeiros Arag\u00e3o Neto Maria da Luz Oleg\u00e1rio Marie Gorett D. de A. M. Batista Maysa Ramos Vieira Nayara de Almeida Adriano Rosilene Silva [&hellip;]<\/p>\n","protected":false},"author":4,"featured_media":0,"parent":0,"menu_order":0,"comment_status":"closed","ping_status":"closed","template":"","meta":{"footnotes":""},"class_list":["post-9","page","type-page","status-publish","hentry"],"_links":{"self":[{"href":"https:\/\/www.cchla.ufpb.br\/libras\/wp-json\/wp\/v2\/pages\/9"}],"collection":[{"href":"https:\/\/www.cchla.ufpb.br\/libras\/wp-json\/wp\/v2\/pages"}],"about":[{"href":"https:\/\/www.cchla.ufpb.br\/libras\/wp-json\/wp\/v2\/types\/page"}],"author":[{"embeddable":true,"href":"https:\/\/www.cchla.ufpb.br\/libras\/wp-json\/wp\/v2\/users\/4"}],"replies":[{"embeddable":true,"href":"https:\/\/www.cchla.ufpb.br\/libras\/wp-json\/wp\/v2\/comments?post=9"}],"version-history":[{"count":23,"href":"https:\/\/www.cchla.ufpb.br\/libras\/wp-json\/wp\/v2\/pages\/9\/revisions"}],"predecessor-version":[{"id":524,"href":"https:\/\/www.cchla.ufpb.br\/libras\/wp-json\/wp\/v2\/pages\/9\/revisions\/524"}],"wp:attachment":[{"href":"https:\/\/www.cchla.ufpb.br\/libras\/wp-json\/wp\/v2\/media?parent=9"}],"curies":[{"name":"wp","href":"https:\/\/api.w.org\/{rel}","templated":true}]}}