{"id":21,"date":"2025-03-14T18:52:10","date_gmt":"2025-03-14T18:52:10","guid":{"rendered":"https:\/\/www.cchla.ufpb.br\/memorial\/?page_id=21"},"modified":"2025-11-24T14:05:54","modified_gmt":"2025-11-24T14:05:54","slug":"projeto-entrelacos","status":"publish","type":"page","link":"https:\/\/www.cchla.ufpb.br\/memorial\/projeto-entrelacos\/","title":{"rendered":"Projeto Entrela\u00e7os"},"content":{"rendered":"\n<p class=\"has-text-align-left\">O Projeto Entrela\u00e7os, desenvolvido pela Universidade Federal da Para\u00edba (UFPB), \u00e9 uma iniciativa do Centro de Ci\u00eancias Humanas, Letras e Artes (CCHLA) em parceria com o Departamento de M\u00eddias Digitais (DEMID), criada para reunir e preservar as mem\u00f3rias de servidores e servidoras, t\u00e9cnicos-administrativos e docentes, aposentados ou em atividade, que contribu\u00edram para a trajet\u00f3ria do Centro.<\/p>\n\n\n\n<p>Lan\u00e7ado como parte das comemora\u00e7\u00f5es dos 50 anos do CCHLA, o projeto teve o objetivo principal de registrar a hist\u00f3ria institucional por meio de entrevistas e relatos pessoais, formando um acervo de mem\u00f3rias que entrela\u00e7a experi\u00eancias individuais com o desenvolvimento da institui\u00e7\u00e3o.<\/p>\n\n\n\n<p>Foram realizadas e divulgadas entrevistas em v\u00eddeo, nas quais os participantes compartilharam suas hist\u00f3rias, rela\u00e7\u00f5es, afetos e viv\u00eancias no CCHLA\/UFPB ao longo dos anos. O conte\u00fado pode ser acessado pelos canais oficiais do Centro: YouTube, Instagram e site dos 50 anos.<\/p>\n\n\n\n<p>Assim, o Projeto Entrela\u00e7os fortaleceu o senso de comunidade e pertencimento entre seus integrantes. Foi desenvolvido pelos servidores:<\/p>\n\n\n\n<p class=\"has-text-align-left\">Thiago Costa<\/p>\n\n\n\n<p>Karllene Rachel Cacho<\/p>\n\n\n\n<p>Lucas Lima Brand\u00e3o\u00a0<\/p>\n\n\n\n<p>Mosar da Luz Nogueira Junior\u00a0<\/p>\n\n\n\n<p>Ra\u00edssa Onofre\u00a0de Carvalho Guerra<\/p>\n\n\n\n<p>Ricardo Pinto Paiva<\/p>\n\n\n\n<p><\/p>\n\n\n\n<figure class=\"wp-block-embed is-type-video is-provider-youtube wp-block-embed-youtube wp-embed-aspect-16-9 wp-has-aspect-ratio\"><div class=\"wp-block-embed__wrapper\">\n<iframe loading=\"lazy\" title=\"Entrela\u00e7os - Renato Ortiz\" width=\"500\" height=\"281\" src=\"https:\/\/www.youtube.com\/embed\/8_iTLpm0qyY?list=PLo5CjsHwwfthKtbd1xmI4oTpiH8m3FskG\" frameborder=\"0\" allow=\"accelerometer; autoplay; clipboard-write; encrypted-media; gyroscope; picture-in-picture; web-share\" referrerpolicy=\"strict-origin-when-cross-origin\" allowfullscreen><\/iframe>\n<\/div><\/figure>\n\n\n\n<figure class=\"wp-block-embed is-type-video is-provider-youtube wp-block-embed-youtube wp-embed-aspect-16-9 wp-has-aspect-ratio\"><div class=\"wp-block-embed__wrapper\">\n<iframe loading=\"lazy\" title=\"Entrela\u00e7os - Karllene Rachel\" width=\"500\" height=\"281\" src=\"https:\/\/www.youtube.com\/embed\/1fUrsSBRqzc?list=PLo5CjsHwwfthKtbd1xmI4oTpiH8m3FskG\" frameborder=\"0\" allow=\"accelerometer; autoplay; clipboard-write; encrypted-media; gyroscope; picture-in-picture; web-share\" referrerpolicy=\"strict-origin-when-cross-origin\" allowfullscreen><\/iframe>\n<\/div><\/figure>\n\n\n\n<figure class=\"wp-block-embed is-type-video is-provider-youtube wp-block-embed-youtube wp-embed-aspect-16-9 wp-has-aspect-ratio\"><div class=\"wp-block-embed__wrapper\">\n<iframe loading=\"lazy\" title=\"Entrela\u00e7os - Maria Leonor Maia dos santos\" width=\"500\" height=\"281\" src=\"https:\/\/www.youtube.com\/embed\/1nPeXgeA8oo?list=PLo5CjsHwwfthKtbd1xmI4oTpiH8m3FskG\" frameborder=\"0\" allow=\"accelerometer; autoplay; clipboard-write; encrypted-media; gyroscope; picture-in-picture; web-share\" referrerpolicy=\"strict-origin-when-cross-origin\" allowfullscreen><\/iframe>\n<\/div><\/figure>\n\n\n\n<figure class=\"wp-block-embed is-type-video is-provider-youtube wp-block-embed-youtube wp-embed-aspect-16-9 wp-has-aspect-ratio\"><div class=\"wp-block-embed__wrapper\">\n<iframe loading=\"lazy\" title=\"Entrela\u00e7os - Lucas Brand\u00e3o\" width=\"500\" height=\"281\" src=\"https:\/\/www.youtube.com\/embed\/3Gk3SH9x43M?list=PLo5CjsHwwfthKtbd1xmI4oTpiH8m3FskG\" frameborder=\"0\" allow=\"accelerometer; autoplay; clipboard-write; encrypted-media; gyroscope; picture-in-picture; web-share\" referrerpolicy=\"strict-origin-when-cross-origin\" allowfullscreen><\/iframe>\n<\/div><\/figure>\n\n\n\n<figure class=\"wp-block-embed is-type-video is-provider-youtube wp-block-embed-youtube wp-embed-aspect-16-9 wp-has-aspect-ratio\"><div class=\"wp-block-embed__wrapper\">\n<iframe loading=\"lazy\" title=\"Entrela\u00e7os - Edson Negreiros\" width=\"500\" height=\"281\" src=\"https:\/\/www.youtube.com\/embed\/3vzbemA0HGs?list=PLo5CjsHwwfthKtbd1xmI4oTpiH8m3FskG\" frameborder=\"0\" allow=\"accelerometer; autoplay; clipboard-write; encrypted-media; gyroscope; picture-in-picture; web-share\" referrerpolicy=\"strict-origin-when-cross-origin\" allowfullscreen><\/iframe>\n<\/div><\/figure>\n\n\n\n<figure class=\"wp-block-embed is-type-video is-provider-youtube wp-block-embed-youtube wp-embed-aspect-16-9 wp-has-aspect-ratio\"><div class=\"wp-block-embed__wrapper\">\n<iframe loading=\"lazy\" title=\"Entrela\u00e7os - Ricardo Pinto\" width=\"500\" height=\"281\" src=\"https:\/\/www.youtube.com\/embed\/4Cxq-euUWDE?list=PLo5CjsHwwfthKtbd1xmI4oTpiH8m3FskG\" frameborder=\"0\" allow=\"accelerometer; autoplay; clipboard-write; encrypted-media; gyroscope; picture-in-picture; web-share\" referrerpolicy=\"strict-origin-when-cross-origin\" allowfullscreen><\/iframe>\n<\/div><\/figure>\n\n\n\n<figure class=\"wp-block-embed is-type-video is-provider-youtube wp-block-embed-youtube wp-embed-aspect-16-9 wp-has-aspect-ratio\"><div class=\"wp-block-embed__wrapper\">\n<iframe loading=\"lazy\" title=\"Entrela\u00e7os - Roberto Carlos de Assis\" width=\"500\" height=\"281\" src=\"https:\/\/www.youtube.com\/embed\/5PRN03q7iVw?list=PLo5CjsHwwfthKtbd1xmI4oTpiH8m3FskG\" frameborder=\"0\" allow=\"accelerometer; autoplay; clipboard-write; encrypted-media; gyroscope; picture-in-picture; web-share\" referrerpolicy=\"strict-origin-when-cross-origin\" allowfullscreen><\/iframe>\n<\/div><\/figure>\n\n\n\n<figure class=\"wp-block-embed is-type-video is-provider-youtube wp-block-embed-youtube wp-embed-aspect-16-9 wp-has-aspect-ratio\"><div class=\"wp-block-embed__wrapper\">\n<iframe loading=\"lazy\" title=\"Entrela\u00e7os - Vit\u00f3ria Regia\" width=\"500\" height=\"281\" src=\"https:\/\/www.youtube.com\/embed\/BRhQ7TSsuRc?list=PLo5CjsHwwfthKtbd1xmI4oTpiH8m3FskG\" frameborder=\"0\" allow=\"accelerometer; autoplay; clipboard-write; encrypted-media; gyroscope; picture-in-picture; web-share\" referrerpolicy=\"strict-origin-when-cross-origin\" allowfullscreen><\/iframe>\n<\/div><\/figure>\n\n\n\n<figure class=\"wp-block-embed is-type-video is-provider-youtube wp-block-embed-youtube wp-embed-aspect-16-9 wp-has-aspect-ratio\"><div class=\"wp-block-embed__wrapper\">\n<iframe loading=\"lazy\" title=\"Entrela\u00e7os - Maria de Nazar\u00e9 Tavares\" width=\"500\" height=\"281\" src=\"https:\/\/www.youtube.com\/embed\/BfKUF2SUNY8?list=PLo5CjsHwwfthKtbd1xmI4oTpiH8m3FskG\" frameborder=\"0\" allow=\"accelerometer; autoplay; clipboard-write; encrypted-media; gyroscope; picture-in-picture; web-share\" referrerpolicy=\"strict-origin-when-cross-origin\" allowfullscreen><\/iframe>\n<\/div><\/figure>\n\n\n\n<figure class=\"wp-block-embed is-type-video is-provider-youtube wp-block-embed-youtube wp-embed-aspect-16-9 wp-has-aspect-ratio\"><div class=\"wp-block-embed__wrapper\">\n<iframe loading=\"lazy\" title=\"Entrela\u00e7os - Thiago Costa\" width=\"500\" height=\"281\" src=\"https:\/\/www.youtube.com\/embed\/C9XDoRiqpNs?list=PLo5CjsHwwfthKtbd1xmI4oTpiH8m3FskG\" frameborder=\"0\" allow=\"accelerometer; autoplay; clipboard-write; encrypted-media; gyroscope; picture-in-picture; web-share\" referrerpolicy=\"strict-origin-when-cross-origin\" allowfullscreen><\/iframe>\n<\/div><\/figure>\n\n\n\n<figure class=\"wp-block-embed is-type-video is-provider-youtube wp-block-embed-youtube wp-embed-aspect-16-9 wp-has-aspect-ratio\"><div class=\"wp-block-embed__wrapper\">\n<iframe loading=\"lazy\" title=\"Entrela\u00e7os - Marcelo Sitcovski\" width=\"500\" height=\"281\" src=\"https:\/\/www.youtube.com\/embed\/I669SnUP-6c?list=PLo5CjsHwwfthKtbd1xmI4oTpiH8m3FskG\" frameborder=\"0\" allow=\"accelerometer; autoplay; clipboard-write; encrypted-media; gyroscope; picture-in-picture; web-share\" referrerpolicy=\"strict-origin-when-cross-origin\" allowfullscreen><\/iframe>\n<\/div><\/figure>\n\n\n\n<figure class=\"wp-block-embed is-type-video is-provider-youtube wp-block-embed-youtube wp-embed-aspect-16-9 wp-has-aspect-ratio\"><div class=\"wp-block-embed__wrapper\">\n<iframe loading=\"lazy\" title=\"Entrela\u00e7os - Denize Barreto\" width=\"500\" height=\"281\" src=\"https:\/\/www.youtube.com\/embed\/M4PAPhHkl3o?list=PLo5CjsHwwfthKtbd1xmI4oTpiH8m3FskG\" frameborder=\"0\" allow=\"accelerometer; autoplay; clipboard-write; encrypted-media; gyroscope; picture-in-picture; web-share\" referrerpolicy=\"strict-origin-when-cross-origin\" allowfullscreen><\/iframe>\n<\/div><\/figure>\n\n\n\n<figure class=\"wp-block-embed is-type-video is-provider-youtube wp-block-embed-youtube wp-embed-aspect-16-9 wp-has-aspect-ratio\"><div class=\"wp-block-embed__wrapper\">\n<iframe loading=\"lazy\" title=\"Entrela\u00e7os - Cleber Morais\" width=\"500\" height=\"281\" src=\"https:\/\/www.youtube.com\/embed\/QX5bODnCItw?list=PLo5CjsHwwfthKtbd1xmI4oTpiH8m3FskG\" frameborder=\"0\" allow=\"accelerometer; autoplay; clipboard-write; encrypted-media; gyroscope; picture-in-picture; web-share\" referrerpolicy=\"strict-origin-when-cross-origin\" allowfullscreen><\/iframe>\n<\/div><\/figure>\n\n\n\n<figure class=\"wp-block-embed is-type-video is-provider-youtube wp-block-embed-youtube wp-embed-aspect-16-9 wp-has-aspect-ratio\"><div class=\"wp-block-embed__wrapper\">\n<iframe loading=\"lazy\" title=\"Entrela\u00e7os -Renata Machado\" width=\"500\" height=\"281\" src=\"https:\/\/www.youtube.com\/embed\/SeCd8Noos2M?list=PLo5CjsHwwfthKtbd1xmI4oTpiH8m3FskG\" frameborder=\"0\" allow=\"accelerometer; autoplay; clipboard-write; encrypted-media; gyroscope; picture-in-picture; web-share\" referrerpolicy=\"strict-origin-when-cross-origin\" allowfullscreen><\/iframe>\n<\/div><\/figure>\n\n\n\n<figure class=\"wp-block-embed is-type-video is-provider-youtube wp-block-embed-youtube wp-embed-aspect-16-9 wp-has-aspect-ratio\"><div class=\"wp-block-embed__wrapper\">\n<iframe loading=\"lazy\" title=\"Entrela\u00e7os - Tereza Queiroz\" width=\"500\" height=\"281\" src=\"https:\/\/www.youtube.com\/embed\/Vq5C_jXWuPI?list=PLo5CjsHwwfthKtbd1xmI4oTpiH8m3FskG\" frameborder=\"0\" allow=\"accelerometer; autoplay; clipboard-write; encrypted-media; gyroscope; picture-in-picture; web-share\" referrerpolicy=\"strict-origin-when-cross-origin\" allowfullscreen><\/iframe>\n<\/div><\/figure>\n\n\n\n<figure class=\"wp-block-embed is-type-video is-provider-youtube wp-block-embed-youtube wp-embed-aspect-16-9 wp-has-aspect-ratio\"><div class=\"wp-block-embed__wrapper\">\n<iframe loading=\"lazy\" title=\"Entrela\u00e7os - Evangelina Brito\" width=\"500\" height=\"281\" src=\"https:\/\/www.youtube.com\/embed\/XFs7bUWwSS0?list=PLo5CjsHwwfthKtbd1xmI4oTpiH8m3FskG\" frameborder=\"0\" allow=\"accelerometer; autoplay; clipboard-write; encrypted-media; gyroscope; picture-in-picture; web-share\" referrerpolicy=\"strict-origin-when-cross-origin\" allowfullscreen><\/iframe>\n<\/div><\/figure>\n\n\n\n<figure class=\"wp-block-embed is-type-video is-provider-youtube wp-block-embed-youtube wp-embed-aspect-16-9 wp-has-aspect-ratio\"><div class=\"wp-block-embed__wrapper\">\n<iframe loading=\"lazy\" title=\"Entrela\u00e7os - Mirela Rocha\" width=\"500\" height=\"281\" src=\"https:\/\/www.youtube.com\/embed\/ZX8fTb-WTtY?list=PLo5CjsHwwfthKtbd1xmI4oTpiH8m3FskG\" frameborder=\"0\" allow=\"accelerometer; autoplay; clipboard-write; encrypted-media; gyroscope; picture-in-picture; web-share\" referrerpolicy=\"strict-origin-when-cross-origin\" allowfullscreen><\/iframe>\n<\/div><\/figure>\n\n\n\n<figure class=\"wp-block-embed is-type-video is-provider-youtube wp-block-embed-youtube wp-embed-aspect-16-9 wp-has-aspect-ratio\"><div class=\"wp-block-embed__wrapper\">\n<iframe loading=\"lazy\" title=\"Entrela\u00e7o - Maria Irene Machado\" width=\"500\" height=\"281\" src=\"https:\/\/www.youtube.com\/embed\/b7ZEpW6z360?list=PLo5CjsHwwfthKtbd1xmI4oTpiH8m3FskG\" frameborder=\"0\" allow=\"accelerometer; autoplay; clipboard-write; encrypted-media; gyroscope; picture-in-picture; web-share\" referrerpolicy=\"strict-origin-when-cross-origin\" allowfullscreen><\/iframe>\n<\/div><\/figure>\n\n\n\n<figure class=\"wp-block-embed is-type-video is-provider-youtube wp-block-embed-youtube wp-embed-aspect-16-9 wp-has-aspect-ratio\"><div class=\"wp-block-embed__wrapper\">\n<iframe loading=\"lazy\" title=\"Entrela\u00e7os - Genaro Ieno\" width=\"500\" height=\"281\" src=\"https:\/\/www.youtube.com\/embed\/cSHSd0IMykg?list=PLo5CjsHwwfthKtbd1xmI4oTpiH8m3FskG\" frameborder=\"0\" allow=\"accelerometer; autoplay; clipboard-write; encrypted-media; gyroscope; picture-in-picture; web-share\" referrerpolicy=\"strict-origin-when-cross-origin\" allowfullscreen><\/iframe>\n<\/div><\/figure>\n\n\n\n<figure class=\"wp-block-embed is-type-video is-provider-youtube wp-block-embed-youtube wp-embed-aspect-16-9 wp-has-aspect-ratio\"><div class=\"wp-block-embed__wrapper\">\n<iframe loading=\"lazy\" title=\"Entrela\u00e7os - Ana Ferraz\" width=\"500\" height=\"281\" src=\"https:\/\/www.youtube.com\/embed\/eb_Ck5g4kLA?list=PLo5CjsHwwfthKtbd1xmI4oTpiH8m3FskG\" frameborder=\"0\" allow=\"accelerometer; autoplay; clipboard-write; encrypted-media; gyroscope; picture-in-picture; web-share\" referrerpolicy=\"strict-origin-when-cross-origin\" allowfullscreen><\/iframe>\n<\/div><\/figure>\n\n\n\n<figure class=\"wp-block-embed is-type-video is-provider-youtube wp-block-embed-youtube wp-embed-aspect-16-9 wp-has-aspect-ratio\"><div class=\"wp-block-embed__wrapper\">\n<iframe loading=\"lazy\" title=\"Entrela\u00e7os - Maria das Neves &quot;Nevinha&quot;\" width=\"500\" height=\"281\" src=\"https:\/\/www.youtube.com\/embed\/f3CY8TfWr64?list=PLo5CjsHwwfthKtbd1xmI4oTpiH8m3FskG\" frameborder=\"0\" allow=\"accelerometer; autoplay; clipboard-write; encrypted-media; gyroscope; picture-in-picture; web-share\" referrerpolicy=\"strict-origin-when-cross-origin\" allowfullscreen><\/iframe>\n<\/div><\/figure>\n\n\n\n<figure class=\"wp-block-embed is-type-video is-provider-youtube wp-block-embed-youtube wp-embed-aspect-16-9 wp-has-aspect-ratio\"><div class=\"wp-block-embed__wrapper\">\n<iframe loading=\"lazy\" title=\"Entrela\u00e7os - Katia Fraga\" width=\"500\" height=\"281\" src=\"https:\/\/www.youtube.com\/embed\/fkZYhVom0LQ?list=PLo5CjsHwwfthKtbd1xmI4oTpiH8m3FskG\" frameborder=\"0\" allow=\"accelerometer; autoplay; clipboard-write; encrypted-media; gyroscope; picture-in-picture; web-share\" referrerpolicy=\"strict-origin-when-cross-origin\" allowfullscreen><\/iframe>\n<\/div><\/figure>\n\n\n\n<figure class=\"wp-block-embed is-type-video is-provider-youtube wp-block-embed-youtube wp-embed-aspect-16-9 wp-has-aspect-ratio\"><div class=\"wp-block-embed__wrapper\">\n<iframe loading=\"lazy\" title=\"Entrela\u00e7os - Rodrigo Freire\" width=\"500\" height=\"281\" src=\"https:\/\/www.youtube.com\/embed\/hnzbYeVkFes?list=PLo5CjsHwwfthKtbd1xmI4oTpiH8m3FskG\" frameborder=\"0\" allow=\"accelerometer; autoplay; clipboard-write; encrypted-media; gyroscope; picture-in-picture; web-share\" referrerpolicy=\"strict-origin-when-cross-origin\" allowfullscreen><\/iframe>\n<\/div><\/figure>\n\n\n\n<figure class=\"wp-block-embed is-type-video is-provider-youtube wp-block-embed-youtube wp-embed-aspect-16-9 wp-has-aspect-ratio\"><div class=\"wp-block-embed__wrapper\">\n<iframe loading=\"lazy\" title=\"Entrela\u00e7os - Ra\u00edssa Onofre\" width=\"500\" height=\"281\" src=\"https:\/\/www.youtube.com\/embed\/isFJQmCDBkE?list=PLo5CjsHwwfthKtbd1xmI4oTpiH8m3FskG\" frameborder=\"0\" allow=\"accelerometer; autoplay; clipboard-write; encrypted-media; gyroscope; picture-in-picture; web-share\" referrerpolicy=\"strict-origin-when-cross-origin\" allowfullscreen><\/iframe>\n<\/div><\/figure>\n\n\n\n<figure class=\"wp-block-embed is-type-video is-provider-youtube wp-block-embed-youtube wp-embed-aspect-16-9 wp-has-aspect-ratio\"><div class=\"wp-block-embed__wrapper\">\n<iframe loading=\"lazy\" title=\"Entrela\u00e7os - Evandro Soares\" width=\"500\" height=\"281\" src=\"https:\/\/www.youtube.com\/embed\/isSGc8LN_uI?list=PLo5CjsHwwfthKtbd1xmI4oTpiH8m3FskG\" frameborder=\"0\" allow=\"accelerometer; autoplay; clipboard-write; encrypted-media; gyroscope; picture-in-picture; web-share\" referrerpolicy=\"strict-origin-when-cross-origin\" allowfullscreen><\/iframe>\n<\/div><\/figure>\n\n\n\n<figure class=\"wp-block-embed is-type-video is-provider-youtube wp-block-embed-youtube wp-embed-aspect-16-9 wp-has-aspect-ratio\"><div class=\"wp-block-embed__wrapper\">\n<iframe loading=\"lazy\" title=\"Entrela\u00e7os - Bruna Stansky\" width=\"500\" height=\"281\" src=\"https:\/\/www.youtube.com\/embed\/jKNDmu4sEqE?list=PLo5CjsHwwfthKtbd1xmI4oTpiH8m3FskG\" frameborder=\"0\" allow=\"accelerometer; autoplay; clipboard-write; encrypted-media; gyroscope; picture-in-picture; web-share\" referrerpolicy=\"strict-origin-when-cross-origin\" allowfullscreen><\/iframe>\n<\/div><\/figure>\n\n\n\n<figure class=\"wp-block-embed is-type-video is-provider-youtube wp-block-embed-youtube wp-embed-aspect-16-9 wp-has-aspect-ratio\"><div class=\"wp-block-embed__wrapper\">\n<iframe loading=\"lazy\" title=\"Entrela\u00e7os - Bet\u00e2nia Medrado\" width=\"500\" height=\"281\" src=\"https:\/\/www.youtube.com\/embed\/jzUIZ7wz1bw?list=PLo5CjsHwwfthKtbd1xmI4oTpiH8m3FskG\" frameborder=\"0\" allow=\"accelerometer; autoplay; clipboard-write; encrypted-media; gyroscope; picture-in-picture; web-share\" referrerpolicy=\"strict-origin-when-cross-origin\" allowfullscreen><\/iframe>\n<\/div><\/figure>\n\n\n\n<figure class=\"wp-block-embed is-type-video is-provider-youtube wp-block-embed-youtube wp-embed-aspect-16-9 wp-has-aspect-ratio\"><div class=\"wp-block-embed__wrapper\">\n<iframe loading=\"lazy\" title=\"Entrela\u00e7os - Mosar da Luz Nogueira J\u00fanior\" width=\"500\" height=\"281\" src=\"https:\/\/www.youtube.com\/embed\/lib1HnzWZdU?list=PLo5CjsHwwfthKtbd1xmI4oTpiH8m3FskG\" frameborder=\"0\" allow=\"accelerometer; autoplay; clipboard-write; encrypted-media; gyroscope; picture-in-picture; web-share\" referrerpolicy=\"strict-origin-when-cross-origin\" allowfullscreen><\/iframe>\n<\/div><\/figure>\n\n\n\n<figure class=\"wp-block-embed is-type-video is-provider-youtube wp-block-embed-youtube wp-embed-aspect-16-9 wp-has-aspect-ratio\"><div class=\"wp-block-embed__wrapper\">\n<iframe loading=\"lazy\" title=\"Entrela\u00e7os - Thais Maximo\" width=\"500\" height=\"281\" src=\"https:\/\/www.youtube.com\/embed\/nqmJR1k_3cI?list=PLo5CjsHwwfthKtbd1xmI4oTpiH8m3FskG\" frameborder=\"0\" allow=\"accelerometer; autoplay; clipboard-write; encrypted-media; gyroscope; picture-in-picture; web-share\" referrerpolicy=\"strict-origin-when-cross-origin\" allowfullscreen><\/iframe>\n<\/div><\/figure>\n\n\n\n<figure class=\"wp-block-embed is-type-video is-provider-youtube wp-block-embed-youtube wp-embed-aspect-16-9 wp-has-aspect-ratio\"><div class=\"wp-block-embed__wrapper\">\n<iframe loading=\"lazy\" title=\"Entrela\u00e7os - M\u00f4nica N\u00f3brega\" width=\"500\" height=\"281\" src=\"https:\/\/www.youtube.com\/embed\/ycHrtkUBfgo?list=PLo5CjsHwwfthKtbd1xmI4oTpiH8m3FskG\" frameborder=\"0\" allow=\"accelerometer; autoplay; clipboard-write; encrypted-media; gyroscope; picture-in-picture; web-share\" referrerpolicy=\"strict-origin-when-cross-origin\" allowfullscreen><\/iframe>\n<\/div><\/figure>\n\n\n\n<figure class=\"wp-block-embed is-type-video is-provider-youtube wp-block-embed-youtube wp-embed-aspect-16-9 wp-has-aspect-ratio\"><div class=\"wp-block-embed__wrapper\">\n<iframe loading=\"lazy\" title=\"Entrela\u00e7os - Cida Guimar\u00e3es\" width=\"500\" height=\"281\" src=\"https:\/\/www.youtube.com\/embed\/AJMYoCli4HE?list=PLo5CjsHwwfthKtbd1xmI4oTpiH8m3FskG\" frameborder=\"0\" allow=\"accelerometer; autoplay; clipboard-write; encrypted-media; gyroscope; picture-in-picture; web-share\" referrerpolicy=\"strict-origin-when-cross-origin\" allowfullscreen><\/iframe>\n<\/div><\/figure>\n","protected":false},"excerpt":{"rendered":"<p>O Projeto Entrela\u00e7os, desenvolvido pela Universidade Federal da Para\u00edba (UFPB), \u00e9 uma iniciativa do Centro de Ci\u00eancias Humanas, Letras e Artes (CCHLA) em parceria com o Departamento de M\u00eddias Digitais (DEMID), criada para reunir e preservar as mem\u00f3rias de servidores e servidoras, t\u00e9cnicos-administrativos e docentes, aposentados ou em atividade, que contribu\u00edram para a trajet\u00f3ria do [&hellip;]<\/p>\n","protected":false},"author":47,"featured_media":0,"parent":0,"menu_order":0,"comment_status":"closed","ping_status":"closed","template":"","meta":{"footnotes":""},"class_list":["post-21","page","type-page","status-publish","hentry"],"_links":{"self":[{"href":"https:\/\/www.cchla.ufpb.br\/memorial\/wp-json\/wp\/v2\/pages\/21","targetHints":{"allow":["GET"]}}],"collection":[{"href":"https:\/\/www.cchla.ufpb.br\/memorial\/wp-json\/wp\/v2\/pages"}],"about":[{"href":"https:\/\/www.cchla.ufpb.br\/memorial\/wp-json\/wp\/v2\/types\/page"}],"author":[{"embeddable":true,"href":"https:\/\/www.cchla.ufpb.br\/memorial\/wp-json\/wp\/v2\/users\/47"}],"replies":[{"embeddable":true,"href":"https:\/\/www.cchla.ufpb.br\/memorial\/wp-json\/wp\/v2\/comments?post=21"}],"version-history":[{"count":6,"href":"https:\/\/www.cchla.ufpb.br\/memorial\/wp-json\/wp\/v2\/pages\/21\/revisions"}],"predecessor-version":[{"id":69,"href":"https:\/\/www.cchla.ufpb.br\/memorial\/wp-json\/wp\/v2\/pages\/21\/revisions\/69"}],"wp:attachment":[{"href":"https:\/\/www.cchla.ufpb.br\/memorial\/wp-json\/wp\/v2\/media?parent=21"}],"curies":[{"name":"wp","href":"https:\/\/api.w.org\/{rel}","templated":true}]}}