{"id":13,"date":"2025-02-05T13:25:13","date_gmt":"2025-02-05T13:25:13","guid":{"rendered":"https:\/\/www.cchla.ufpb.br\/plei2\/?page_id=13"},"modified":"2025-09-04T04:41:17","modified_gmt":"2025-09-04T04:41:17","slug":"quem-somos","status":"publish","type":"page","link":"https:\/\/www.cchla.ufpb.br\/plei\/quem-somos\/","title":{"rendered":"Quem somos?"},"content":{"rendered":"\n<div class=\"wp-block-media-text is-stacked-on-mobile\" style=\"grid-template-columns:21% auto\"><figure class=\"wp-block-media-text__media\"><img loading=\"lazy\" decoding=\"async\" width=\"565\" height=\"671\" src=\"https:\/\/www.cchla.ufpb.br\/plei2\/wp-content\/uploads\/sites\/122\/sites\/252\/2025\/02\/Wellisten.png\" alt=\"\" class=\"wp-image-15 size-full\" srcset=\"https:\/\/www.cchla.ufpb.br\/plei\/wp-content\/uploads\/sites\/122\/sites\/252\/2025\/02\/Wellisten.png 565w, https:\/\/www.cchla.ufpb.br\/plei\/wp-content\/uploads\/sites\/122\/sites\/252\/2025\/02\/Wellisten-253x300.png 253w\" sizes=\"auto, (max-width: 565px) 100vw, 565px\" \/><\/figure><div class=\"wp-block-media-text__content\">\n<p>Coordenador<\/p>\n\n\n\n<p>Prof. Dr.&nbsp;<a href=\"http:\/\/lattes.cnpq.br\/1500407927615751\" target=\"_blank\" rel=\"noreferrer noopener\">Jos\u00e9 Wellisten Abreu de Souza<\/a><\/p>\n<\/div><\/div>\n\n\n\n<div class=\"wp-block-media-text has-media-on-the-right is-stacked-on-mobile is-vertically-aligned-center\" style=\"grid-template-columns:auto 22%\"><div class=\"wp-block-media-text__content\">\n<p>Professora Colaboradora<\/p>\n\n\n\n<p>Profa. Dra.&nbsp;<a href=\"http:\/\/lattes.cnpq.br\/2701804491870984\" target=\"_blank\" rel=\"noreferrer noopener\">Carolina Coelho Aragon<\/a><\/p>\n<\/div><figure class=\"wp-block-media-text__media\"><img loading=\"lazy\" decoding=\"async\" width=\"286\" height=\"340\" src=\"https:\/\/www.cchla.ufpb.br\/plei2\/wp-content\/uploads\/sites\/122\/sites\/252\/2025\/02\/oebXrKi.png\" alt=\"\" class=\"wp-image-76 size-full\" srcset=\"https:\/\/www.cchla.ufpb.br\/plei\/wp-content\/uploads\/sites\/122\/sites\/252\/2025\/02\/oebXrKi.png 286w, https:\/\/www.cchla.ufpb.br\/plei\/wp-content\/uploads\/sites\/122\/sites\/252\/2025\/02\/oebXrKi-252x300.png 252w\" sizes=\"auto, (max-width: 286px) 100vw, 286px\" \/><\/figure><\/div>\n\n\n\n<div class=\"wp-block-media-text is-stacked-on-mobile\" style=\"grid-template-columns:24% auto\"><figure class=\"wp-block-media-text__media\"><img loading=\"lazy\" decoding=\"async\" width=\"358\" height=\"373\" src=\"https:\/\/www.cchla.ufpb.br\/plei\/wp-content\/uploads\/sites\/122\/sites\/252\/2025\/02\/cbxqSYQ.png\" alt=\"\" class=\"wp-image-99 size-full\" srcset=\"https:\/\/www.cchla.ufpb.br\/plei\/wp-content\/uploads\/sites\/122\/sites\/252\/2025\/02\/cbxqSYQ.png 358w, https:\/\/www.cchla.ufpb.br\/plei\/wp-content\/uploads\/sites\/122\/sites\/252\/2025\/02\/cbxqSYQ-288x300.png 288w\" sizes=\"auto, (max-width: 358px) 100vw, 358px\" \/><\/figure><div class=\"wp-block-media-text__content\">\n<p>Professora Colaboradora<\/p>\n\n\n\n<p>Profa. Dra.&nbsp;<a href=\"http:\/\/lattes.cnpq.br\/0812385750880230\" target=\"_blank\" rel=\"noreferrer noopener\">Mariana Lins Escarpinete<\/a><\/p>\n<\/div><\/div>\n\n\n\n<div class=\"wp-block-columns is-layout-flex wp-container-core-columns-is-layout-9d6595d7 wp-block-columns-is-layout-flex\">\n<div class=\"wp-block-column is-layout-flow wp-block-column-is-layout-flow\">\n<div class=\"wp-block-media-text is-stacked-on-mobile\" style=\"grid-template-columns:31% auto\"><figure class=\"wp-block-media-text__media\"><img loading=\"lazy\" decoding=\"async\" width=\"576\" height=\"1024\" src=\"https:\/\/www.cchla.ufpb.br\/plei\/wp-content\/uploads\/sites\/122\/sites\/252\/2025\/09\/WhatsApp-Image-2025-07-07-at-16.32.31-1-576x1024.jpeg\" alt=\"\" class=\"wp-image-183 size-full\" srcset=\"https:\/\/www.cchla.ufpb.br\/plei\/wp-content\/uploads\/sites\/122\/sites\/252\/2025\/09\/WhatsApp-Image-2025-07-07-at-16.32.31-1-576x1024.jpeg 576w, https:\/\/www.cchla.ufpb.br\/plei\/wp-content\/uploads\/sites\/122\/sites\/252\/2025\/09\/WhatsApp-Image-2025-07-07-at-16.32.31-1-169x300.jpeg 169w, https:\/\/www.cchla.ufpb.br\/plei\/wp-content\/uploads\/sites\/122\/sites\/252\/2025\/09\/WhatsApp-Image-2025-07-07-at-16.32.31-1-768x1366.jpeg 768w, https:\/\/www.cchla.ufpb.br\/plei\/wp-content\/uploads\/sites\/122\/sites\/252\/2025\/09\/WhatsApp-Image-2025-07-07-at-16.32.31-1-864x1536.jpeg 864w, https:\/\/www.cchla.ufpb.br\/plei\/wp-content\/uploads\/sites\/122\/sites\/252\/2025\/09\/WhatsApp-Image-2025-07-07-at-16.32.31-1.jpeg 899w\" sizes=\"auto, (max-width: 576px) 100vw, 576px\" \/><\/figure><div class=\"wp-block-media-text__content\">\n<p><a href=\"http:\/\/lattes.cnpq.br\/1549603952871233\" data-type=\"link\" data-id=\"http:\/\/lattes.cnpq.br\/1549603952871233\">Bianca Alves Miranda<\/a><\/p>\n\n\n\n<p class=\"has-small-font-size\">Bolsista ISF e volunt\u00e1ria PROLICEN<\/p>\n<\/div><\/div>\n<\/div>\n\n\n\n<div class=\"wp-block-column is-layout-flow wp-block-column-is-layout-flow\">\n<div class=\"wp-block-media-text is-stacked-on-mobile\" style=\"grid-template-columns:37% auto\"><figure class=\"wp-block-media-text__media\"><img loading=\"lazy\" decoding=\"async\" width=\"819\" height=\"1024\" src=\"https:\/\/www.cchla.ufpb.br\/plei\/wp-content\/uploads\/sites\/122\/sites\/252\/2025\/02\/7b4b2cc7-b9e8-4926-bd13-56993ff32e2a-819x1024.jpg\" alt=\"\" class=\"wp-image-117 size-full\" srcset=\"https:\/\/www.cchla.ufpb.br\/plei\/wp-content\/uploads\/sites\/122\/sites\/252\/2025\/02\/7b4b2cc7-b9e8-4926-bd13-56993ff32e2a-819x1024.jpg 819w, https:\/\/www.cchla.ufpb.br\/plei\/wp-content\/uploads\/sites\/122\/sites\/252\/2025\/02\/7b4b2cc7-b9e8-4926-bd13-56993ff32e2a-240x300.jpg 240w, https:\/\/www.cchla.ufpb.br\/plei\/wp-content\/uploads\/sites\/122\/sites\/252\/2025\/02\/7b4b2cc7-b9e8-4926-bd13-56993ff32e2a-768x960.jpg 768w, https:\/\/www.cchla.ufpb.br\/plei\/wp-content\/uploads\/sites\/122\/sites\/252\/2025\/02\/7b4b2cc7-b9e8-4926-bd13-56993ff32e2a.jpg 1080w\" sizes=\"auto, (max-width: 819px) 100vw, 819px\" \/><\/figure><div class=\"wp-block-media-text__content\">\n<p><a href=\"http:\/\/lattes.cnpq.br\/9198272618229327\" target=\"_blank\" rel=\"noreferrer noopener\">Guilherme da Silva Lima<\/a><\/p>\n\n\n\n<p class=\"has-small-font-size\">Bolsista PROBEX<\/p>\n\n\n\n<p class=\"has-small-font-size\">Volunt\u00e1rio de Inicia\u00e7\u00e3o Cient\u00edfica<\/p>\n<\/div><\/div>\n<\/div>\n<\/div>\n\n\n\n<div class=\"wp-block-columns is-layout-flex wp-container-core-columns-is-layout-9d6595d7 wp-block-columns-is-layout-flex\">\n<div class=\"wp-block-column is-layout-flow wp-block-column-is-layout-flow\">\n<div class=\"wp-block-media-text is-stacked-on-mobile\" style=\"grid-template-columns:39% auto\"><figure class=\"wp-block-media-text__media\"><img loading=\"lazy\" decoding=\"async\" width=\"819\" height=\"1024\" src=\"https:\/\/www.cchla.ufpb.br\/plei\/wp-content\/uploads\/sites\/122\/sites\/252\/2025\/02\/1e77681b-4026-4d4f-9e14-45549b5ae121-2-819x1024.jpg\" alt=\"\" class=\"wp-image-124 size-full\" srcset=\"https:\/\/www.cchla.ufpb.br\/plei\/wp-content\/uploads\/sites\/122\/sites\/252\/2025\/02\/1e77681b-4026-4d4f-9e14-45549b5ae121-2-819x1024.jpg 819w, https:\/\/www.cchla.ufpb.br\/plei\/wp-content\/uploads\/sites\/122\/sites\/252\/2025\/02\/1e77681b-4026-4d4f-9e14-45549b5ae121-2-240x300.jpg 240w, https:\/\/www.cchla.ufpb.br\/plei\/wp-content\/uploads\/sites\/122\/sites\/252\/2025\/02\/1e77681b-4026-4d4f-9e14-45549b5ae121-2-768x960.jpg 768w, https:\/\/www.cchla.ufpb.br\/plei\/wp-content\/uploads\/sites\/122\/sites\/252\/2025\/02\/1e77681b-4026-4d4f-9e14-45549b5ae121-2.jpg 1080w\" sizes=\"auto, (max-width: 819px) 100vw, 819px\" \/><\/figure><div class=\"wp-block-media-text__content\">\n<p><a href=\"http:\/\/lattes.cnpq.br\/4075389815844095\" target=\"_blank\" rel=\"noreferrer noopener\">Jamilly Witoria de Oliveira<\/a><\/p>\n\n\n\n<p class=\"has-small-font-size\">Bolsista PROLICEN<\/p>\n\n\n\n<p class=\"has-small-font-size\">Volunt\u00e1ria de Inicia\u00e7\u00e3o Cient\u00edfica e PROBEX<\/p>\n<\/div><\/div>\n<\/div>\n\n\n\n<div class=\"wp-block-column is-layout-flow wp-block-column-is-layout-flow\">\n<div class=\"wp-block-media-text is-stacked-on-mobile\" style=\"grid-template-columns:43% auto\"><figure class=\"wp-block-media-text__media\"><img loading=\"lazy\" decoding=\"async\" width=\"768\" height=\"1024\" src=\"https:\/\/www.cchla.ufpb.br\/plei\/wp-content\/uploads\/sites\/122\/sites\/252\/2025\/02\/a0f22bb3-d291-4e73-966f-c215d10e55fd-768x1024.jpg\" alt=\"\" class=\"wp-image-147 size-full\" srcset=\"https:\/\/www.cchla.ufpb.br\/plei\/wp-content\/uploads\/sites\/122\/sites\/252\/2025\/02\/a0f22bb3-d291-4e73-966f-c215d10e55fd-768x1023.jpg 768w, https:\/\/www.cchla.ufpb.br\/plei\/wp-content\/uploads\/sites\/122\/sites\/252\/2025\/02\/a0f22bb3-d291-4e73-966f-c215d10e55fd-225x300.jpg 225w, https:\/\/www.cchla.ufpb.br\/plei\/wp-content\/uploads\/sites\/122\/sites\/252\/2025\/02\/a0f22bb3-d291-4e73-966f-c215d10e55fd-1153x1536.jpg 1153w, https:\/\/www.cchla.ufpb.br\/plei\/wp-content\/uploads\/sites\/122\/sites\/252\/2025\/02\/a0f22bb3-d291-4e73-966f-c215d10e55fd.jpg 1200w\" sizes=\"auto, (max-width: 768px) 100vw, 768px\" \/><\/figure><div class=\"wp-block-media-text__content\">\n<p><a href=\"http:\/\/lattes.cnpq.br\/0505303280373025\" data-type=\"link\" data-id=\"http:\/\/lattes.cnpq.br\/0505303280373025\">Joana Antonino da Silva Rodrigues<\/a><\/p>\n\n\n\n<p class=\"has-small-font-size\">Volunt\u00e1ria PROBEX e PROLICEN<\/p>\n<\/div><\/div>\n<\/div>\n<\/div>\n\n\n\n<div class=\"wp-block-columns is-layout-flex wp-container-core-columns-is-layout-9d6595d7 wp-block-columns-is-layout-flex\">\n<div class=\"wp-block-column is-layout-flow wp-block-column-is-layout-flow\">\n<div class=\"wp-block-media-text is-stacked-on-mobile\" style=\"grid-template-columns:44% auto\"><figure class=\"wp-block-media-text__media\"><img loading=\"lazy\" decoding=\"async\" width=\"819\" height=\"1024\" src=\"https:\/\/www.cchla.ufpb.br\/plei\/wp-content\/uploads\/sites\/122\/sites\/252\/2025\/02\/38c65f2d-7bf4-4544-8deb-7e2cbad826f0-819x1024.jpg\" alt=\"\" class=\"wp-image-120 size-full\" srcset=\"https:\/\/www.cchla.ufpb.br\/plei\/wp-content\/uploads\/sites\/122\/sites\/252\/2025\/02\/38c65f2d-7bf4-4544-8deb-7e2cbad826f0-819x1024.jpg 819w, https:\/\/www.cchla.ufpb.br\/plei\/wp-content\/uploads\/sites\/122\/sites\/252\/2025\/02\/38c65f2d-7bf4-4544-8deb-7e2cbad826f0-240x300.jpg 240w, https:\/\/www.cchla.ufpb.br\/plei\/wp-content\/uploads\/sites\/122\/sites\/252\/2025\/02\/38c65f2d-7bf4-4544-8deb-7e2cbad826f0-768x960.jpg 768w, https:\/\/www.cchla.ufpb.br\/plei\/wp-content\/uploads\/sites\/122\/sites\/252\/2025\/02\/38c65f2d-7bf4-4544-8deb-7e2cbad826f0.jpg 1080w\" sizes=\"auto, (max-width: 819px) 100vw, 819px\" \/><\/figure><div class=\"wp-block-media-text__content\">\n<p><a href=\"http:\/\/lattes.cnpq.br\/8303866621445763\" data-type=\"link\" data-id=\"http:\/\/lattes.cnpq.br\/8303866621445763\">Juliana Melo Lopes<\/a><\/p>\n\n\n\n<p class=\"has-small-font-size\">Bolsista PROBEX<\/p>\n\n\n\n<p class=\"has-small-font-size\">Volunt\u00e1ria PROLICEN<\/p>\n<\/div><\/div>\n<\/div>\n\n\n\n<div class=\"wp-block-column is-layout-flow wp-block-column-is-layout-flow\">\n<div class=\"wp-block-media-text is-stacked-on-mobile\" style=\"grid-template-columns:40% auto\"><figure class=\"wp-block-media-text__media\"><img loading=\"lazy\" decoding=\"async\" width=\"819\" height=\"1024\" src=\"https:\/\/www.cchla.ufpb.br\/plei\/wp-content\/uploads\/sites\/122\/sites\/252\/2025\/02\/8d94c881-514c-459e-b0a5-f014c93d7428-819x1024.jpg\" alt=\"\" class=\"wp-image-121 size-full\" srcset=\"https:\/\/www.cchla.ufpb.br\/plei\/wp-content\/uploads\/sites\/122\/sites\/252\/2025\/02\/8d94c881-514c-459e-b0a5-f014c93d7428-819x1024.jpg 819w, https:\/\/www.cchla.ufpb.br\/plei\/wp-content\/uploads\/sites\/122\/sites\/252\/2025\/02\/8d94c881-514c-459e-b0a5-f014c93d7428-240x300.jpg 240w, https:\/\/www.cchla.ufpb.br\/plei\/wp-content\/uploads\/sites\/122\/sites\/252\/2025\/02\/8d94c881-514c-459e-b0a5-f014c93d7428-768x960.jpg 768w, https:\/\/www.cchla.ufpb.br\/plei\/wp-content\/uploads\/sites\/122\/sites\/252\/2025\/02\/8d94c881-514c-459e-b0a5-f014c93d7428.jpg 1080w\" sizes=\"auto, (max-width: 819px) 100vw, 819px\" \/><\/figure><div class=\"wp-block-media-text__content\">\n<p><a href=\"http:\/\/lattes.cnpq.br\/0490169213204472\" target=\"_blank\" rel=\"noreferrer noopener\">Kalyana Pereira de Alencar<\/a><\/p>\n\n\n\n<p class=\"has-small-font-size\">Bolsista de Inicia\u00e7\u00e3o Cient\u00edfica<\/p>\n\n\n\n<p class=\"has-small-font-size\">Volunt\u00e1ria PROLICEN<\/p>\n<\/div><\/div>\n<\/div>\n<\/div>\n\n\n\n<div class=\"wp-block-columns is-layout-flex wp-container-core-columns-is-layout-9d6595d7 wp-block-columns-is-layout-flex\">\n<div class=\"wp-block-column is-layout-flow wp-block-column-is-layout-flow\">\n<div class=\"wp-block-media-text is-stacked-on-mobile\" style=\"grid-template-columns:44% auto\"><figure class=\"wp-block-media-text__media\"><img loading=\"lazy\" decoding=\"async\" width=\"768\" height=\"1024\" src=\"https:\/\/www.cchla.ufpb.br\/plei\/wp-content\/uploads\/sites\/122\/sites\/252\/2025\/06\/87137710-8522-4383-baae-5c9f48c2faac-1-2-768x1024.jpg\" alt=\"\" class=\"wp-image-161 size-full\" srcset=\"https:\/\/www.cchla.ufpb.br\/plei\/wp-content\/uploads\/sites\/122\/sites\/252\/2025\/06\/87137710-8522-4383-baae-5c9f48c2faac-1-2-768x1024.jpg 768w, https:\/\/www.cchla.ufpb.br\/plei\/wp-content\/uploads\/sites\/122\/sites\/252\/2025\/06\/87137710-8522-4383-baae-5c9f48c2faac-1-2-225x300.jpg 225w, https:\/\/www.cchla.ufpb.br\/plei\/wp-content\/uploads\/sites\/122\/sites\/252\/2025\/06\/87137710-8522-4383-baae-5c9f48c2faac-1-2.jpg 960w\" sizes=\"auto, (max-width: 768px) 100vw, 768px\" \/><\/figure><div class=\"wp-block-media-text__content\">\n<p><a href=\"https:\/\/lattes.cnpq.br\/0129265233473258\">Lyvia Maria Vital Brito<\/a><\/p>\n\n\n\n<p class=\"has-small-font-size\">Volunt\u00e1ria PROLICEN<\/p>\n<\/div><\/div>\n<\/div>\n\n\n\n<div class=\"wp-block-column is-layout-flow wp-block-column-is-layout-flow\">\n<div class=\"wp-block-media-text is-stacked-on-mobile\" style=\"grid-template-columns:46% auto\"><figure class=\"wp-block-media-text__media\"><img loading=\"lazy\" decoding=\"async\" width=\"819\" height=\"1024\" src=\"https:\/\/www.cchla.ufpb.br\/plei\/wp-content\/uploads\/sites\/122\/sites\/252\/2025\/02\/WhatsApp-Image-2025-02-24-at-17.17.47-819x1024.jpeg\" alt=\"\" class=\"wp-image-144 size-full\" srcset=\"https:\/\/www.cchla.ufpb.br\/plei\/wp-content\/uploads\/sites\/122\/sites\/252\/2025\/02\/WhatsApp-Image-2025-02-24-at-17.17.47-819x1024.jpeg 819w, https:\/\/www.cchla.ufpb.br\/plei\/wp-content\/uploads\/sites\/122\/sites\/252\/2025\/02\/WhatsApp-Image-2025-02-24-at-17.17.47-240x300.jpeg 240w, https:\/\/www.cchla.ufpb.br\/plei\/wp-content\/uploads\/sites\/122\/sites\/252\/2025\/02\/WhatsApp-Image-2025-02-24-at-17.17.47-768x960.jpeg 768w, https:\/\/www.cchla.ufpb.br\/plei\/wp-content\/uploads\/sites\/122\/sites\/252\/2025\/02\/WhatsApp-Image-2025-02-24-at-17.17.47.jpeg 1080w\" sizes=\"auto, (max-width: 819px) 100vw, 819px\" \/><\/figure><div class=\"wp-block-media-text__content\">\n<p><a href=\"http:\/\/lattes.cnpq.br\/6118281120063032\" data-type=\"link\" data-id=\"http:\/\/lattes.cnpq.br\/6118281120063032\">Luana Beatriz Gomes Pereira<\/a><\/p>\n\n\n\n<p class=\"has-small-font-size\">Bolsista PROLICEN<\/p>\n<\/div><\/div>\n<\/div>\n<\/div>\n\n\n\n<div class=\"wp-block-columns is-layout-flex wp-container-core-columns-is-layout-9d6595d7 wp-block-columns-is-layout-flex\">\n<div class=\"wp-block-column is-layout-flow wp-block-column-is-layout-flow\">\n<div class=\"wp-block-media-text is-stacked-on-mobile\" style=\"grid-template-columns:43% auto\"><figure class=\"wp-block-media-text__media\"><img loading=\"lazy\" decoding=\"async\" width=\"768\" height=\"1024\" src=\"https:\/\/www.cchla.ufpb.br\/plei\/wp-content\/uploads\/sites\/122\/sites\/252\/2025\/06\/WhatsApp-Image-2025-06-11-at-15.12.40-768x1024.jpeg\" alt=\"\" class=\"wp-image-156 size-full\" srcset=\"https:\/\/www.cchla.ufpb.br\/plei\/wp-content\/uploads\/sites\/122\/sites\/252\/2025\/06\/WhatsApp-Image-2025-06-11-at-15.12.40-768x1024.jpeg 768w, https:\/\/www.cchla.ufpb.br\/plei\/wp-content\/uploads\/sites\/122\/sites\/252\/2025\/06\/WhatsApp-Image-2025-06-11-at-15.12.40-225x300.jpeg 225w, https:\/\/www.cchla.ufpb.br\/plei\/wp-content\/uploads\/sites\/122\/sites\/252\/2025\/06\/WhatsApp-Image-2025-06-11-at-15.12.40-1152x1536.jpeg 1152w, https:\/\/www.cchla.ufpb.br\/plei\/wp-content\/uploads\/sites\/122\/sites\/252\/2025\/06\/WhatsApp-Image-2025-06-11-at-15.12.40-1536x2048.jpeg 1536w, https:\/\/www.cchla.ufpb.br\/plei\/wp-content\/uploads\/sites\/122\/sites\/252\/2025\/06\/WhatsApp-Image-2025-06-11-at-15.12.40-scaled.jpeg 1920w\" sizes=\"auto, (max-width: 768px) 100vw, 768px\" \/><\/figure><div class=\"wp-block-media-text__content\">\n<p><a href=\"http:\/\/lattes.cnpq.br\/1549603952871233\" data-type=\"link\" data-id=\"http:\/\/lattes.cnpq.br\/1549603952871233\">Manuella Batista de Lima<\/a><\/p>\n\n\n\n<p class=\"has-small-font-size\">Bolsista ISF e volunt\u00e1ria PROLICEN<\/p>\n<\/div><\/div>\n<\/div>\n\n\n\n<div class=\"wp-block-column is-layout-flow wp-block-column-is-layout-flow\">\n<div class=\"wp-block-media-text is-stacked-on-mobile\" style=\"grid-template-columns:44% auto\"><figure class=\"wp-block-media-text__media\"><img loading=\"lazy\" decoding=\"async\" width=\"819\" height=\"1024\" src=\"https:\/\/www.cchla.ufpb.br\/plei\/wp-content\/uploads\/sites\/122\/sites\/252\/2025\/02\/58d25122-2586-4d0a-b1ec-4b75c617050f-819x1024.jpg\" alt=\"\" class=\"wp-image-118 size-full\" srcset=\"https:\/\/www.cchla.ufpb.br\/plei\/wp-content\/uploads\/sites\/122\/sites\/252\/2025\/02\/58d25122-2586-4d0a-b1ec-4b75c617050f-819x1024.jpg 819w, https:\/\/www.cchla.ufpb.br\/plei\/wp-content\/uploads\/sites\/122\/sites\/252\/2025\/02\/58d25122-2586-4d0a-b1ec-4b75c617050f-240x300.jpg 240w, https:\/\/www.cchla.ufpb.br\/plei\/wp-content\/uploads\/sites\/122\/sites\/252\/2025\/02\/58d25122-2586-4d0a-b1ec-4b75c617050f-768x960.jpg 768w, https:\/\/www.cchla.ufpb.br\/plei\/wp-content\/uploads\/sites\/122\/sites\/252\/2025\/02\/58d25122-2586-4d0a-b1ec-4b75c617050f.jpg 1080w\" sizes=\"auto, (max-width: 819px) 100vw, 819px\" \/><\/figure><div class=\"wp-block-media-text__content\">\n<p><a href=\"http:\/\/lattes.cnpq.br\/1233535117839920\">Rayane Barbosa da Silva<\/a><\/p>\n\n\n\n<p class=\"has-small-font-size\">Bolsista PROLICEN<\/p>\n\n\n\n<p class=\"has-small-font-size\">Volunt\u00e1ria PROBEX<\/p>\n<\/div><\/div>\n<\/div>\n<\/div>\n\n\n\n<div class=\"wp-block-group\"><div class=\"wp-block-group__inner-container is-layout-constrained wp-block-group-is-layout-constrained\">\n<div class=\"wp-block-columns is-layout-flex wp-container-core-columns-is-layout-9d6595d7 wp-block-columns-is-layout-flex\">\n<div class=\"wp-block-column is-layout-flow wp-block-column-is-layout-flow\">\n<div class=\"wp-block-media-text is-stacked-on-mobile\" style=\"grid-template-columns:43% auto\"><figure class=\"wp-block-media-text__media\"><img loading=\"lazy\" decoding=\"async\" width=\"828\" height=\"1024\" src=\"https:\/\/www.cchla.ufpb.br\/plei\/wp-content\/uploads\/sites\/122\/sites\/252\/2025\/09\/WhatsApp-Image-2025-08-20-at-13.46.17.jpeg\" alt=\"\" class=\"wp-image-184 size-full\" srcset=\"https:\/\/www.cchla.ufpb.br\/plei\/wp-content\/uploads\/sites\/122\/sites\/252\/2025\/09\/WhatsApp-Image-2025-08-20-at-13.46.17.jpeg 828w, https:\/\/www.cchla.ufpb.br\/plei\/wp-content\/uploads\/sites\/122\/sites\/252\/2025\/09\/WhatsApp-Image-2025-08-20-at-13.46.17-243x300.jpeg 243w, https:\/\/www.cchla.ufpb.br\/plei\/wp-content\/uploads\/sites\/122\/sites\/252\/2025\/09\/WhatsApp-Image-2025-08-20-at-13.46.17-768x950.jpeg 768w\" sizes=\"auto, (max-width: 828px) 100vw, 828px\" \/><\/figure><div class=\"wp-block-media-text__content\">\n<p><a href=\"http:\/\/lattes.cnpq.br\/9765069880436999\">Rayssa Kamilly de Souza Cavalcante<\/a><\/p>\n\n\n\n<p class=\"has-small-font-size\">Bolsista PROBEX<\/p>\n<\/div><\/div>\n<\/div>\n\n\n\n<div class=\"wp-block-column is-layout-flow wp-block-column-is-layout-flow\">\n<div class=\"wp-block-media-text is-stacked-on-mobile\" style=\"grid-template-columns:42% auto\"><figure class=\"wp-block-media-text__media\"><img loading=\"lazy\" decoding=\"async\" width=\"819\" height=\"1024\" src=\"https:\/\/www.cchla.ufpb.br\/plei\/wp-content\/uploads\/sites\/122\/sites\/252\/2025\/02\/f06247ad-93af-42fd-922c-cc48b5ce05f1-819x1024.jpg\" alt=\"\" class=\"wp-image-125 size-full\" srcset=\"https:\/\/www.cchla.ufpb.br\/plei\/wp-content\/uploads\/sites\/122\/sites\/252\/2025\/02\/f06247ad-93af-42fd-922c-cc48b5ce05f1-819x1024.jpg 819w, https:\/\/www.cchla.ufpb.br\/plei\/wp-content\/uploads\/sites\/122\/sites\/252\/2025\/02\/f06247ad-93af-42fd-922c-cc48b5ce05f1-240x300.jpg 240w, https:\/\/www.cchla.ufpb.br\/plei\/wp-content\/uploads\/sites\/122\/sites\/252\/2025\/02\/f06247ad-93af-42fd-922c-cc48b5ce05f1-768x960.jpg 768w, https:\/\/www.cchla.ufpb.br\/plei\/wp-content\/uploads\/sites\/122\/sites\/252\/2025\/02\/f06247ad-93af-42fd-922c-cc48b5ce05f1.jpg 1080w\" sizes=\"auto, (max-width: 819px) 100vw, 819px\" \/><\/figure><div class=\"wp-block-media-text__content\">\n<p><a href=\"http:\/\/lattes.cnpq.br\/2636488085109505\" data-type=\"link\" data-id=\"http:\/\/lattes.cnpq.br\/2636488085109505\">Vit\u00f3ria Barbosa do Nascimento<\/a>&nbsp;<\/p>\n\n\n\n<p class=\"has-small-font-size\">Bolsista PROBEX<\/p>\n<\/div><\/div>\n\n\n\n<ul class=\"wp-block-list\"><\/ul>\n<\/div>\n<\/div>\n<\/div><\/div>\n\n\n\n<div class=\"wp-block-group\"><div class=\"wp-block-group__inner-container is-layout-constrained wp-block-group-is-layout-constrained\">\n<div class=\"wp-block-columns is-layout-flex wp-container-core-columns-is-layout-9d6595d7 wp-block-columns-is-layout-flex\">\n<div class=\"wp-block-column is-layout-flow wp-block-column-is-layout-flow\" style=\"flex-basis:50%\"><\/div>\n\n\n\n<div class=\"wp-block-column is-layout-flow wp-block-column-is-layout-flow\" style=\"flex-basis:50%\"><\/div>\n<\/div>\n<\/div><\/div>\n\n\n\n<p><\/p>\n","protected":false},"excerpt":{"rendered":"<p>Coordenador Prof. Dr.&nbsp;Jos\u00e9 Wellisten Abreu de Souza Professora Colaboradora Profa. Dra.&nbsp;Carolina Coelho Aragon Professora Colaboradora Profa. Dra.&nbsp;Mariana Lins Escarpinete Bianca Alves Miranda Bolsista ISF e volunt\u00e1ria PROLICEN Guilherme da Silva Lima Bolsista PROBEX Volunt\u00e1rio de Inicia\u00e7\u00e3o Cient\u00edfica Jamilly Witoria de Oliveira Bolsista PROLICEN Volunt\u00e1ria de Inicia\u00e7\u00e3o Cient\u00edfica e PROBEX Joana Antonino da Silva Rodrigues Volunt\u00e1ria [&hellip;]<\/p>\n","protected":false},"author":47,"featured_media":0,"parent":0,"menu_order":0,"comment_status":"closed","ping_status":"closed","template":"","meta":{"footnotes":""},"class_list":["post-13","page","type-page","status-publish","hentry"],"_links":{"self":[{"href":"https:\/\/www.cchla.ufpb.br\/plei\/wp-json\/wp\/v2\/pages\/13","targetHints":{"allow":["GET"]}}],"collection":[{"href":"https:\/\/www.cchla.ufpb.br\/plei\/wp-json\/wp\/v2\/pages"}],"about":[{"href":"https:\/\/www.cchla.ufpb.br\/plei\/wp-json\/wp\/v2\/types\/page"}],"author":[{"embeddable":true,"href":"https:\/\/www.cchla.ufpb.br\/plei\/wp-json\/wp\/v2\/users\/47"}],"replies":[{"embeddable":true,"href":"https:\/\/www.cchla.ufpb.br\/plei\/wp-json\/wp\/v2\/comments?post=13"}],"version-history":[{"count":20,"href":"https:\/\/www.cchla.ufpb.br\/plei\/wp-json\/wp\/v2\/pages\/13\/revisions"}],"predecessor-version":[{"id":201,"href":"https:\/\/www.cchla.ufpb.br\/plei\/wp-json\/wp\/v2\/pages\/13\/revisions\/201"}],"wp:attachment":[{"href":"https:\/\/www.cchla.ufpb.br\/plei\/wp-json\/wp\/v2\/media?parent=13"}],"curies":[{"name":"wp","href":"https:\/\/api.w.org\/{rel}","templated":true}]}}