{"id":18,"date":"2025-02-05T13:29:05","date_gmt":"2025-02-05T13:29:05","guid":{"rendered":"https:\/\/www.cchla.ufpb.br\/plei2\/?page_id=18"},"modified":"2025-02-12T17:54:01","modified_gmt":"2025-02-12T17:54:01","slug":"apresentacao","status":"publish","type":"page","link":"https:\/\/www.cchla.ufpb.br\/plei\/apresentacao\/","title":{"rendered":"Apresenta\u00e7\u00e3o"},"content":{"rendered":"\n<p>Vinculado ao&nbsp;<a href=\"http:\/\/www.cchla.ufpb.br\/dlpl\" target=\"_blank\" rel=\"noreferrer noopener\">Departamento de L\u00edngua Portuguesa e Lingu\u00edstica<\/a>&nbsp;da&nbsp;<a href=\"https:\/\/www.ufpb.br\/\" target=\"_blank\" rel=\"noreferrer noopener\">Universidade Federal da Para\u00edba<\/a>, o PLEI (Programa Lingu\u00edstico-Cultural para Estudantes Internacionais) destina-se a aprofundar os conhecimentos sobre o processo ensino\/aprendizagem do Portugu\u00eas L\u00edngua Estrangeira (PLE), atuando nas \u00e1reas de ensino, pesquisa e extens\u00e3o, com os seguintes objetivos espec\u00edficos:<\/p>\n\n\n\n<ul class=\"wp-block-list\">\n<li>Promover Cursos de Portugu\u00eas L\u00edngua estrangeira e Cultura Brasileira para estudantes que cumpram as seguintes condi\u00e7\u00f5es:<br><strong>a) estudantes intercambistas conveniados com a UFPB;<br>b) estudantes conveniados ao Programa&nbsp;<a href=\"http:\/\/www.ufpb.br\/prape\/?q=node\/22\" target=\"_blank\" rel=\"noreferrer noopener\">PEC-G<\/a>;<br>c) e<\/strong><strong>strangeiros residentes no Brasil, com visto permanente<\/strong><strong>;<\/strong><\/li>\n\n\n\n<li>Elaborar material did\u00e1tico para os Cursos promovidos;<\/li>\n\n\n\n<li>Desenvolver pesquisas voltadas para aspectos do portugu\u00eas, para a identidade cultural brasileira e para o processo de ensino\/aprendizagem de Portugu\u00eas como L\u00edngua Estrangeira;<\/li>\n\n\n\n<li>Aplicar o exame para a obten\u00e7\u00e3o do Certificado de Profici\u00eancia em Portugu\u00eas para Estrangeiros (<a href=\"http:\/\/portal.inep.gov.br\/celpebras-estrutura_exame\" target=\"_blank\" rel=\"noreferrer noopener\">CELPE-Bras<\/a>).<\/li>\n<\/ul>\n\n\n\n<p><\/p>\n","protected":false},"excerpt":{"rendered":"<p>Vinculado ao\u00a0Departamento de L\u00edngua Portuguesa e Lingu\u00edstica\u00a0da\u00a0Universidade Federal da Para\u00edba, o PLEI (Programa Lingu\u00edstico-Cultural para Estudantes Internacionais) destina-se a aprofundar os conhecimentos sobre o processo ensino\/aprendizagem do Portugu\u00eas L\u00edngua Estrangeira (PLE), atuando nas \u00e1reas de ensino, pesquisa e extens\u00e3o.<\/p>\n","protected":false},"author":47,"featured_media":43,"parent":0,"menu_order":0,"comment_status":"closed","ping_status":"closed","template":"","meta":{"footnotes":""},"class_list":["post-18","page","type-page","status-publish","has-post-thumbnail","hentry"],"_links":{"self":[{"href":"https:\/\/www.cchla.ufpb.br\/plei\/wp-json\/wp\/v2\/pages\/18","targetHints":{"allow":["GET"]}}],"collection":[{"href":"https:\/\/www.cchla.ufpb.br\/plei\/wp-json\/wp\/v2\/pages"}],"about":[{"href":"https:\/\/www.cchla.ufpb.br\/plei\/wp-json\/wp\/v2\/types\/page"}],"author":[{"embeddable":true,"href":"https:\/\/www.cchla.ufpb.br\/plei\/wp-json\/wp\/v2\/users\/47"}],"replies":[{"embeddable":true,"href":"https:\/\/www.cchla.ufpb.br\/plei\/wp-json\/wp\/v2\/comments?post=18"}],"version-history":[{"count":3,"href":"https:\/\/www.cchla.ufpb.br\/plei\/wp-json\/wp\/v2\/pages\/18\/revisions"}],"predecessor-version":[{"id":71,"href":"https:\/\/www.cchla.ufpb.br\/plei\/wp-json\/wp\/v2\/pages\/18\/revisions\/71"}],"wp:featuredmedia":[{"embeddable":true,"href":"https:\/\/www.cchla.ufpb.br\/plei\/wp-json\/wp\/v2\/media\/43"}],"wp:attachment":[{"href":"https:\/\/www.cchla.ufpb.br\/plei\/wp-json\/wp\/v2\/media?parent=18"}],"curies":[{"name":"wp","href":"https:\/\/api.w.org\/{rel}","templated":true}]}}