{"id":21,"date":"2025-02-05T19:51:03","date_gmt":"2025-02-05T19:51:03","guid":{"rendered":"https:\/\/www.cchla.ufpb.br\/plei2\/?page_id=21"},"modified":"2025-12-29T17:52:35","modified_gmt":"2025-12-29T17:52:35","slug":"matriculas","status":"publish","type":"page","link":"https:\/\/www.cchla.ufpb.br\/plei\/matriculas\/","title":{"rendered":"Matr\u00edculas"},"content":{"rendered":"\n<p><strong>Podem matricular-se no PLEI:<\/strong><\/p>\n\n\n\n<p><strong>Estudantes Intercambistas Conveniados com a UFPB;<br><\/strong> <em>Documentos para matr\u00edcula:<\/em><\/p>\n\n\n\n<p> &#8211; Fotoc\u00f3pia do passaporte (p\u00e1gina inicial da foto e p\u00e1gina do visto com data de entrada e de sa\u00edda);<br> &#8211; Fotoc\u00f3pia do Registro Nacional de Estrangeiro \u2013 RNE ou Protocolo emitido pela Delegacia da Pol\u00edcia Federal;<br> &#8211; Fotoc\u00f3pia do CPF de Estrangeiro;<br> &#8211; 01 Foto 3\u00d74; e. Declara\u00e7\u00e3o do Programa de P\u00f3s-gradua\u00e7\u00e3o da UFPB ao qual o aluno est\u00e1 vinculado (para intercambistas na p\u00f3s-gradua\u00e7\u00e3o).<\/p>\n\n\n\n<p><strong>Estudantes Conveniados ao Programa PEC-PLE;<\/strong><br> <em>Documentos para matr\u00edcula:<\/em><\/p>\n\n\n\n<p>Confira <a href=\"https:\/\/www.cchla.ufpb.br\/plei\/2025\/12\/22\/pec-ple-2026-matricula-e-informacoes-adicionais\/\" data-type=\"link\" data-id=\"https:\/\/www.cchla.ufpb.br\/plei\/2025\/12\/22\/pec-ple-2026-matricula-e-informacoes-adicionais\/\">neste <em>link<\/em><\/a> informa\u00e7\u00f5es atualizadas sobre a matr\u00edcula em 2026.<\/p>\n\n\n\n<p><strong>Estrangeiros residentes no Brasil.<\/strong><br><em> Documentos para matr\u00edcula: <\/em><\/p>\n\n\n\n<p>&#8211; Fotoc\u00f3pia do RNE ou documento que comprove a situa\u00e7\u00e3o de legalidade;<br>&#8211; Fotoc\u00f3pia do passaporte (p\u00e1gina inicial da foto e p\u00e1gina do visto com data de entrada e de sa\u00edda);<br>&#8211; 01 Foto 3\u00d74.<\/p>\n\n\n\n<p><a href=\"https:\/\/drive.google.com\/file\/d\/16EfFWyu41dZElVgS6E0FMvHvzgm1BfV0\/view?usp=sharing\" target=\"_blank\" rel=\"noreferrer noopener\">Download da ficha de matr\u00edcula<\/a><\/p>\n\n\n\n<p><\/p>\n","protected":false},"excerpt":{"rendered":"<p>Podem matricular-se no PLEI: Estudantes Intercambistas Conveniados com a UFPB; Documentos para matr\u00edcula: &#8211; Fotoc\u00f3pia do passaporte (p\u00e1gina inicial da foto e p\u00e1gina do visto com data de entrada e de sa\u00edda); &#8211; Fotoc\u00f3pia do Registro Nacional de Estrangeiro \u2013 RNE ou Protocolo emitido pela Delegacia da Pol\u00edcia Federal; &#8211; Fotoc\u00f3pia do CPF de Estrangeiro; [&hellip;]<\/p>\n","protected":false},"author":47,"featured_media":0,"parent":0,"menu_order":0,"comment_status":"closed","ping_status":"closed","template":"","meta":{"footnotes":""},"class_list":["post-21","page","type-page","status-publish","hentry"],"_links":{"self":[{"href":"https:\/\/www.cchla.ufpb.br\/plei\/wp-json\/wp\/v2\/pages\/21","targetHints":{"allow":["GET"]}}],"collection":[{"href":"https:\/\/www.cchla.ufpb.br\/plei\/wp-json\/wp\/v2\/pages"}],"about":[{"href":"https:\/\/www.cchla.ufpb.br\/plei\/wp-json\/wp\/v2\/types\/page"}],"author":[{"embeddable":true,"href":"https:\/\/www.cchla.ufpb.br\/plei\/wp-json\/wp\/v2\/users\/47"}],"replies":[{"embeddable":true,"href":"https:\/\/www.cchla.ufpb.br\/plei\/wp-json\/wp\/v2\/comments?post=21"}],"version-history":[{"count":7,"href":"https:\/\/www.cchla.ufpb.br\/plei\/wp-json\/wp\/v2\/pages\/21\/revisions"}],"predecessor-version":[{"id":226,"href":"https:\/\/www.cchla.ufpb.br\/plei\/wp-json\/wp\/v2\/pages\/21\/revisions\/226"}],"wp:attachment":[{"href":"https:\/\/www.cchla.ufpb.br\/plei\/wp-json\/wp\/v2\/media?parent=21"}],"curies":[{"name":"wp","href":"https:\/\/api.w.org\/{rel}","templated":true}]}}