{"id":23,"date":"2025-02-05T19:51:38","date_gmt":"2025-02-05T19:51:38","guid":{"rendered":"https:\/\/www.cchla.ufpb.br\/plei2\/?page_id=23"},"modified":"2026-03-02T18:39:52","modified_gmt":"2026-03-02T18:39:52","slug":"pec-ple","status":"publish","type":"page","link":"https:\/\/www.cchla.ufpb.br\/plei\/pec-ple\/","title":{"rendered":"PEC-PLE"},"content":{"rendered":"\n<figure class=\"wp-block-embed aligncenter is-type-wp-embed is-provider-programa-lingu-stico-cultural-para-estudantes-internacionais wp-block-embed-programa-lingu-stico-cultural-para-estudantes-internacionais\"><div class=\"wp-block-embed__wrapper\">\n<blockquote class=\"wp-embedded-content\" data-secret=\"n2Xr8OQudN\"><a href=\"https:\/\/www.cchla.ufpb.br\/plei\/pec-ple\/pec-ple-2026-matricula-e-informacoes-adicionais\/\">PEC-PLE 2026 &#8211; Matr\u00edcula e informa\u00e7\u00f5es adicionais<\/a><\/blockquote><iframe loading=\"lazy\" class=\"wp-embedded-content\" sandbox=\"allow-scripts\" security=\"restricted\" style=\"position: absolute; visibility: hidden;\" title=\"&#8220;PEC-PLE 2026 &#8211; Matr\u00edcula e informa\u00e7\u00f5es adicionais&#8221; &#8212; Programa Lingu\u00edstico-Cultural para Estudantes Internacionais\" src=\"https:\/\/www.cchla.ufpb.br\/plei\/pec-ple\/pec-ple-2026-matricula-e-informacoes-adicionais\/embed\/#?secret=rd3Im66pE1#?secret=n2Xr8OQudN\" data-secret=\"n2Xr8OQudN\" width=\"500\" height=\"282\" frameborder=\"0\" marginwidth=\"0\" marginheight=\"0\" scrolling=\"no\"><\/iframe>\n<\/div><\/figure>\n\n\n\n<p><\/p>\n","protected":false},"excerpt":{"rendered":"","protected":false},"author":47,"featured_media":220,"parent":0,"menu_order":0,"comment_status":"closed","ping_status":"closed","template":"","meta":{"footnotes":""},"class_list":["post-23","page","type-page","status-publish","has-post-thumbnail","hentry"],"_links":{"self":[{"href":"https:\/\/www.cchla.ufpb.br\/plei\/wp-json\/wp\/v2\/pages\/23","targetHints":{"allow":["GET"]}}],"collection":[{"href":"https:\/\/www.cchla.ufpb.br\/plei\/wp-json\/wp\/v2\/pages"}],"about":[{"href":"https:\/\/www.cchla.ufpb.br\/plei\/wp-json\/wp\/v2\/types\/page"}],"author":[{"embeddable":true,"href":"https:\/\/www.cchla.ufpb.br\/plei\/wp-json\/wp\/v2\/users\/47"}],"replies":[{"embeddable":true,"href":"https:\/\/www.cchla.ufpb.br\/plei\/wp-json\/wp\/v2\/comments?post=23"}],"version-history":[{"count":6,"href":"https:\/\/www.cchla.ufpb.br\/plei\/wp-json\/wp\/v2\/pages\/23\/revisions"}],"predecessor-version":[{"id":250,"href":"https:\/\/www.cchla.ufpb.br\/plei\/wp-json\/wp\/v2\/pages\/23\/revisions\/250"}],"wp:featuredmedia":[{"embeddable":true,"href":"https:\/\/www.cchla.ufpb.br\/plei\/wp-json\/wp\/v2\/media\/220"}],"wp:attachment":[{"href":"https:\/\/www.cchla.ufpb.br\/plei\/wp-json\/wp\/v2\/media?parent=23"}],"curies":[{"name":"wp","href":"https:\/\/api.w.org\/{rel}","templated":true}]}}