{"id":27,"date":"2025-02-05T19:52:11","date_gmt":"2025-02-05T19:52:11","guid":{"rendered":"https:\/\/www.cchla.ufpb.br\/plei2\/?page_id=27"},"modified":"2026-03-02T18:33:50","modified_gmt":"2026-03-02T18:33:50","slug":"celpe-bras","status":"publish","type":"page","link":"https:\/\/www.cchla.ufpb.br\/plei\/celpe-bras\/","title":{"rendered":"Celpe-Bras"},"content":{"rendered":"\n<figure class=\"wp-block-embed is-type-wp-embed is-provider-programa-lingu-stico-cultural-para-estudantes-internacionais wp-block-embed-programa-lingu-stico-cultural-para-estudantes-internacionais\"><div class=\"wp-block-embed__wrapper\">\n<blockquote class=\"wp-embedded-content\" data-secret=\"hWoPz0gbdF\"><a href=\"https:\/\/www.cchla.ufpb.br\/plei\/uncategorized\/inscricoes-no-celpe-bras-2026-1\/\">Informa\u00e7\u00f5es importantes sobre o Celpe-Bras 2026.1<\/a><\/blockquote><iframe loading=\"lazy\" class=\"wp-embedded-content\" sandbox=\"allow-scripts\" security=\"restricted\" style=\"position: absolute; visibility: hidden;\" title=\"&#8220;Informa\u00e7\u00f5es importantes sobre o Celpe-Bras 2026.1&#8221; &#8212; Programa Lingu\u00edstico-Cultural para Estudantes Internacionais\" src=\"https:\/\/www.cchla.ufpb.br\/plei\/uncategorized\/inscricoes-no-celpe-bras-2026-1\/embed\/#?secret=mnHHG6RNiu#?secret=hWoPz0gbdF\" data-secret=\"hWoPz0gbdF\" width=\"500\" height=\"282\" frameborder=\"0\" marginwidth=\"0\" marginheight=\"0\" scrolling=\"no\"><\/iframe>\n<\/div><\/figure>\n\n\n\n<figure class=\"wp-block-embed is-type-wp-embed is-provider-programa-lingu-stico-cultural-para-estudantes-internacionais wp-block-embed-programa-lingu-stico-cultural-para-estudantes-internacionais\"><div class=\"wp-block-embed__wrapper\">\n<blockquote class=\"wp-embedded-content\" data-secret=\"xZ1VZ69mk2\"><a href=\"https:\/\/www.cchla.ufpb.br\/plei\/uncategorized\/publicado-o-edital-do-celpe-bras-2025-2\/\">Publicado o edital do Celpe-Bras 2025\/2<\/a><\/blockquote><iframe loading=\"lazy\" class=\"wp-embedded-content\" sandbox=\"allow-scripts\" security=\"restricted\" style=\"position: absolute; visibility: hidden;\" title=\"&#8220;Publicado o edital do Celpe-Bras 2025\/2&#8221; &#8212; Programa Lingu\u00edstico-Cultural para Estudantes Internacionais\" src=\"https:\/\/www.cchla.ufpb.br\/plei\/uncategorized\/publicado-o-edital-do-celpe-bras-2025-2\/embed\/#?secret=CIPkSOgR5z#?secret=xZ1VZ69mk2\" data-secret=\"xZ1VZ69mk2\" width=\"500\" height=\"282\" frameborder=\"0\" marginwidth=\"0\" marginheight=\"0\" scrolling=\"no\"><\/iframe>\n<\/div><\/figure>\n","protected":false},"excerpt":{"rendered":"","protected":false},"author":47,"featured_media":0,"parent":0,"menu_order":0,"comment_status":"closed","ping_status":"closed","template":"","meta":{"footnotes":""},"class_list":["post-27","page","type-page","status-publish","hentry"],"_links":{"self":[{"href":"https:\/\/www.cchla.ufpb.br\/plei\/wp-json\/wp\/v2\/pages\/27","targetHints":{"allow":["GET"]}}],"collection":[{"href":"https:\/\/www.cchla.ufpb.br\/plei\/wp-json\/wp\/v2\/pages"}],"about":[{"href":"https:\/\/www.cchla.ufpb.br\/plei\/wp-json\/wp\/v2\/types\/page"}],"author":[{"embeddable":true,"href":"https:\/\/www.cchla.ufpb.br\/plei\/wp-json\/wp\/v2\/users\/47"}],"replies":[{"embeddable":true,"href":"https:\/\/www.cchla.ufpb.br\/plei\/wp-json\/wp\/v2\/comments?post=27"}],"version-history":[{"count":3,"href":"https:\/\/www.cchla.ufpb.br\/plei\/wp-json\/wp\/v2\/pages\/27\/revisions"}],"predecessor-version":[{"id":246,"href":"https:\/\/www.cchla.ufpb.br\/plei\/wp-json\/wp\/v2\/pages\/27\/revisions\/246"}],"wp:attachment":[{"href":"https:\/\/www.cchla.ufpb.br\/plei\/wp-json\/wp\/v2\/media?parent=27"}],"curies":[{"name":"wp","href":"https:\/\/api.w.org\/{rel}","templated":true}]}}