{"id":31,"date":"2025-02-05T20:02:49","date_gmt":"2025-02-05T20:02:49","guid":{"rendered":"https:\/\/www.cchla.ufpb.br\/plei2\/?page_id=31"},"modified":"2025-02-05T23:08:43","modified_gmt":"2025-02-05T23:08:43","slug":"tccs","status":"publish","type":"page","link":"https:\/\/www.cchla.ufpb.br\/plei\/publicacoes\/tccs\/","title":{"rendered":"TCCs"},"content":{"rendered":"\n<p><strong>2020<\/strong><\/p>\n\n\n\n<p>COSTA, EDUARDO DANTAS ARANHA DA<\/p>\n\n\n\n<p><a href=\"https:\/\/repositorio.ufpb.br\/jspui\/bitstream\/123456789\/17688\/1\/TCC%20TURISMO%20IDIOMATICO%20DE%20L%C3%8DNGUA%20PORTUGUESA.pdf\" target=\"_blank\" rel=\"noreferrer noopener\">TURISMO IDIOM\u00c1TICO DE L\u00cdNGUA PORTUGUESA: UM POTENCIAL A SER EXPLORADO EM JO\u00c3O PESSOA<\/a><\/p>\n\n\n\n<p>&#8212;&nbsp;&nbsp;<\/p>\n\n\n\n<p>PEREIRA, JESSYE K\u00c9SSIA DE CARVALHO<\/p>\n\n\n\n<p><a href=\"https:\/\/repositorio.ufpb.br\/jspui\/bitstream\/123456789\/17588\/1\/JKCP20032020.pdf\" target=\"_blank\" rel=\"noreferrer noopener\">G\u00caNERO E DISCURSO NO EXAME CELPE-BRAS: a constru\u00e7\u00e3o do feminino atrav\u00e9s de uma an\u00e1lise semi\u00f3tica dos elementos provocadores<\/a><\/p>\n\n\n\n<hr class=\"wp-block-separator has-alpha-channel-opacity\"\/>\n\n\n\n<p><strong>2019<\/strong><\/p>\n\n\n\n<p>MELO , GESIL\u00c2NDIA EVELYN DE OLIVEIRA<\/p>\n\n\n\n<p><a href=\"https:\/\/repositorio.ufpb.br\/jspui\/bitstream\/123456789\/16713\/1\/GEOM09092019.pdf\" target=\"_blank\" rel=\"noreferrer noopener\">A ABORDAGEM COMUNICATIVA: ELO ENTRE O LIVRO \u201cBEMVINDO!\u201d E O EXAME CELPE-BRAS<\/a><\/p>\n\n\n\n<p>&#8212;<\/p>\n\n\n\n<p>SILVA, CINTHIA RAQUEL TEXEIRA DA<\/p>\n\n\n\n<p><a href=\"https:\/\/repositorio.ufpb.br\/jspui\/bitstream\/123456789\/14456\/1\/CRTS06052019.pdf\" target=\"_blank\" rel=\"noreferrer noopener\">INTERA\u00c7\u00c3O FACE A FACE NO EXAME CELPE-BRAS: UMA AN\u00c1LISE DOS ELEMENTOS PROVOCADORES (2016-2018)<\/a><\/p>\n\n\n\n<hr class=\"wp-block-separator has-alpha-channel-opacity\"\/>\n\n\n\n<p><strong>2017<\/strong><\/p>\n\n\n\n<p>VIRGULINO, CAMILA GEYSE DA CONCEI\u00c7\u00c3O<\/p>\n\n\n\n<p><a href=\"https:\/\/repositorio.ufpb.br\/jspui\/bitstream\/123456789\/3254\/1\/CGCV13122017.pdf\" target=\"_blank\" rel=\"noreferrer noopener\">UMA AN\u00c1LISE RETROSPECTIVA DO G\u00caNERO DO DISCURSO E DO SUPORTE TEXTUAL NAS TAREFAS DE PRODU\u00c7\u00c3O ESCRITA DO CELPE-BRAS (2006- 2016)<\/a><\/p>\n\n\n\n<p>&#8212;&nbsp;&nbsp;<\/p>\n\n\n\n<p>SANTIAGO, TAMIRES DE LIMA<\/p>\n\n\n\n<p><a href=\"https:\/\/repositorio.ufpb.br\/jspui\/bitstream\/123456789\/3282\/1\/TLS14122017.pdf\" target=\"_blank\" rel=\"noreferrer noopener\">INSTRU\u00c7\u00c3O EXPL\u00cdCITA NO ENSINO DE PRON\u00daNCIA DAS CONSOANTES TAP ALVEOLAR E FRICATIVA VELAR DO PORTUGU\u00caS BRASILEIRO PARA ESTUDANTES FRANC\u00d3FONOS DO PEC-G<\/a><\/p>\n\n\n\n<hr class=\"wp-block-separator has-alpha-channel-opacity\"\/>\n\n\n\n<p><strong>2016<\/strong><\/p>\n\n\n\n<p>CAVALCANTE, LAISY DE FRAN\u00c7A CRUZ<\/p>\n\n\n\n<p><a href=\"http:\/\/www.cchla.ufpb.br\/plei\/wp-content\/uploads\/2017\/01\/TCC-Laisy.pdf\" target=\"_blank\" rel=\"noreferrer noopener\">AN\u00c1LISE DE G\u00caNEROS TEXTUAIS NAS TAREFAS 3 E 4 DA PARTE ESCRITA DO EXAME CELPEBRAS<\/a><br><em><\/em><\/p>\n\n\n\n<p>&nbsp;&#8212;&nbsp;&nbsp;<\/p>\n\n\n\n<p>SILVEIRA, JULIA CAROLINE MACIEL CORR\u00caA DA<br><a href=\"http:\/\/www.cchla.ufpb.br\/plei\/wp-content\/uploads\/2017\/01\/TCC-Julia-1.pdf\" target=\"_blank\" rel=\"noreferrer noopener\">A LITERATURA BRASILEIRA NO ENSINO DE PORTUGU\u00caS COMO L\u00cdNGUA N\u00c3O MATERNA: PROPOSTAS DID\u00c1TICAS<\/a><\/p>\n\n\n\n<hr class=\"wp-block-separator has-alpha-channel-opacity\"\/>\n\n\n\n<p><strong>2013<\/strong><\/p>\n\n\n\n<p>SOARES, FRANCIELLY RODRIGUES<\/p>\n\n\n\n<p><a href=\"http:\/\/www.cchla.ufpb.br\/plei\/wp-content\/uploads\/2017\/01\/SOARES_Francielly_Rodrigues.pdf\" target=\"_blank\" rel=\"noreferrer noopener\">ESTUDO DE INADEQUA\u00c7\u00d5ES LINGU\u00cdSTICAS EM PRODU\u00c7\u00d5ES ESCRITAS EM PORTUGU\u00caS POR ESTRANGEIROS<\/a><\/p>\n\n\n\n<p>&#8212;<\/p>\n\n\n\n<p>OLIVEIRA, RAFAEL ALVES DE<\/p>\n\n\n\n<p><em><a href=\"http:\/\/www.cchla.ufpb.br\/plei\/wp-content\/uploads\/2017\/01\/OLIVEIRA_Rafael_Alves_de.pdf\" target=\"_blank\" rel=\"noreferrer noopener\">BASES AC\u00daSTICO-ARTICULAT\u00d3RIAS PARA O APRIMORAMENTO DA PRON\u00daNCIA DE ALGUMAS CONSOANTES POR TEUTOFALANTES APRENDIZES DO PORTUGU\u00caS BRASILEIRO<\/a><\/em><\/p>\n","protected":false},"excerpt":{"rendered":"<p>2020 COSTA, EDUARDO DANTAS ARANHA DA TURISMO IDIOM\u00c1TICO DE L\u00cdNGUA PORTUGUESA: UM POTENCIAL A SER EXPLORADO EM JO\u00c3O PESSOA &#8212;&nbsp;&nbsp; PEREIRA, JESSYE K\u00c9SSIA DE CARVALHO G\u00caNERO E DISCURSO NO EXAME CELPE-BRAS: a constru\u00e7\u00e3o do feminino atrav\u00e9s de uma an\u00e1lise semi\u00f3tica dos elementos provocadores 2019 MELO , GESIL\u00c2NDIA EVELYN DE OLIVEIRA A ABORDAGEM COMUNICATIVA: ELO ENTRE [&hellip;]<\/p>\n","protected":false},"author":47,"featured_media":0,"parent":49,"menu_order":0,"comment_status":"closed","ping_status":"closed","template":"","meta":{"footnotes":""},"class_list":["post-31","page","type-page","status-publish","hentry"],"_links":{"self":[{"href":"https:\/\/www.cchla.ufpb.br\/plei\/wp-json\/wp\/v2\/pages\/31","targetHints":{"allow":["GET"]}}],"collection":[{"href":"https:\/\/www.cchla.ufpb.br\/plei\/wp-json\/wp\/v2\/pages"}],"about":[{"href":"https:\/\/www.cchla.ufpb.br\/plei\/wp-json\/wp\/v2\/types\/page"}],"author":[{"embeddable":true,"href":"https:\/\/www.cchla.ufpb.br\/plei\/wp-json\/wp\/v2\/users\/47"}],"replies":[{"embeddable":true,"href":"https:\/\/www.cchla.ufpb.br\/plei\/wp-json\/wp\/v2\/comments?post=31"}],"version-history":[{"count":1,"href":"https:\/\/www.cchla.ufpb.br\/plei\/wp-json\/wp\/v2\/pages\/31\/revisions"}],"predecessor-version":[{"id":32,"href":"https:\/\/www.cchla.ufpb.br\/plei\/wp-json\/wp\/v2\/pages\/31\/revisions\/32"}],"up":[{"embeddable":true,"href":"https:\/\/www.cchla.ufpb.br\/plei\/wp-json\/wp\/v2\/pages\/49"}],"wp:attachment":[{"href":"https:\/\/www.cchla.ufpb.br\/plei\/wp-json\/wp\/v2\/media?parent=31"}],"curies":[{"name":"wp","href":"https:\/\/api.w.org\/{rel}","templated":true}]}}