{"id":33,"date":"2025-02-05T20:03:32","date_gmt":"2025-02-05T20:03:32","guid":{"rendered":"https:\/\/www.cchla.ufpb.br\/plei2\/?page_id=33"},"modified":"2025-02-05T23:07:52","modified_gmt":"2025-02-05T23:07:52","slug":"dissertacoes-e-teses","status":"publish","type":"page","link":"https:\/\/www.cchla.ufpb.br\/plei\/publicacoes\/dissertacoes-e-teses\/","title":{"rendered":"Disserta\u00e7\u00f5es e Teses"},"content":{"rendered":"\n<p><strong>2020<\/strong><\/p>\n\n\n\n<p>VIRGULINO, CAMILA GEYSE DA CONCEI\u00c7\u00c3O<\/p>\n\n\n\n<p><a href=\"https:\/\/repositorio.ufpb.br\/jspui\/bitstream\/123456789\/20284\/1\/CamilaGeyseDaConcei%C3%A7%C3%A3oVirgulino_Dissert.pdf\" target=\"_blank\" rel=\"noreferrer noopener\">PONTO DE ENCONTRO? UM ESTUDO SOBRE A NORMA EM UM MECANISMO DE POL\u00cdTICA LINGU\u00cdSTICA PARA A DIFUS\u00c3O DO \u201cPORTUGU\u00caS GLOBAL\u201d<\/a><\/p>\n","protected":false},"excerpt":{"rendered":"<p>2020 VIRGULINO, CAMILA GEYSE DA CONCEI\u00c7\u00c3O PONTO DE ENCONTRO? UM ESTUDO SOBRE A NORMA EM UM MECANISMO DE POL\u00cdTICA LINGU\u00cdSTICA PARA A DIFUS\u00c3O DO \u201cPORTUGU\u00caS GLOBAL\u201d<\/p>\n","protected":false},"author":47,"featured_media":0,"parent":49,"menu_order":0,"comment_status":"closed","ping_status":"closed","template":"","meta":{"footnotes":""},"class_list":["post-33","page","type-page","status-publish","hentry"],"_links":{"self":[{"href":"https:\/\/www.cchla.ufpb.br\/plei\/wp-json\/wp\/v2\/pages\/33","targetHints":{"allow":["GET"]}}],"collection":[{"href":"https:\/\/www.cchla.ufpb.br\/plei\/wp-json\/wp\/v2\/pages"}],"about":[{"href":"https:\/\/www.cchla.ufpb.br\/plei\/wp-json\/wp\/v2\/types\/page"}],"author":[{"embeddable":true,"href":"https:\/\/www.cchla.ufpb.br\/plei\/wp-json\/wp\/v2\/users\/47"}],"replies":[{"embeddable":true,"href":"https:\/\/www.cchla.ufpb.br\/plei\/wp-json\/wp\/v2\/comments?post=33"}],"version-history":[{"count":1,"href":"https:\/\/www.cchla.ufpb.br\/plei\/wp-json\/wp\/v2\/pages\/33\/revisions"}],"predecessor-version":[{"id":34,"href":"https:\/\/www.cchla.ufpb.br\/plei\/wp-json\/wp\/v2\/pages\/33\/revisions\/34"}],"up":[{"embeddable":true,"href":"https:\/\/www.cchla.ufpb.br\/plei\/wp-json\/wp\/v2\/pages\/49"}],"wp:attachment":[{"href":"https:\/\/www.cchla.ufpb.br\/plei\/wp-json\/wp\/v2\/media?parent=33"}],"curies":[{"name":"wp","href":"https:\/\/api.w.org\/{rel}","templated":true}]}}