{"id":37,"date":"2025-02-05T20:04:41","date_gmt":"2025-02-05T20:04:41","guid":{"rendered":"https:\/\/www.cchla.ufpb.br\/plei2\/?page_id=37"},"modified":"2025-02-05T23:07:44","modified_gmt":"2025-02-05T23:07:44","slug":"capitulos-livros","status":"publish","type":"page","link":"https:\/\/www.cchla.ufpb.br\/plei\/publicacoes\/capitulos-livros\/","title":{"rendered":"Cap\u00edtulos\/Livros"},"content":{"rendered":"\n<p><strong>2022<\/strong><\/p>\n\n\n\n<p>SOUZA, G. M. F. A. ; LIRA, L. M. S. B. ; SOUZA, J. W. A. . A IMPORT\u00c2NCIA DA DOC\u00caNCIA NA FORMA\u00c7\u00c3O DE PROFESSORES\/AS DE PLE\/PLA: UMRELATO DE EXPERI\u00caNCIA NO PLEI -UFPB. In: Douglas de Sousa; Lilian Castelo Branco; Solange Santana Guimar\u00e3es Morais. (Org.). L\u00edngua, literatura e ensino: diferentes modos de apreens\u00e3o da linguagem. 1ed.S\u00e3o Lu\u00eds: Editora da Universidade Estadual do Maranh\u00e3o, 2022, v. 1, p. 161-177.<br>Dispon\u00edvel em:&nbsp;<a href=\"https:\/\/enaell2021.wixsite.com\/enaell\/publica%C3%A7%C3%B5es-1\" target=\"_blank\" rel=\"noreferrer noopener\">https:\/\/enaell2021.wixsite.com\/enaell\/publica%C3%A7%C3%B5es-1<\/a>&nbsp;<\/p>\n\n\n\n<p>&#8212;<\/p>\n\n\n\n<p>PEREIRA, L. G. ; SOUZA, J. W. A. . A relev\u00e2ncia do g\u00eanero tirinha no ensino de portugu\u00eas para estrangeiros. In: Romina Soledad Macenchuk; Nicol\u00e1s Omar Borgmann. (Org.). Libro de Actas de las I Jornadas Internacionales de Profesores dePortugu\u00e9s y Espa\u00f1ol como Lenguas Extranjeras. 1ed.Missiones, Argentina: Posadas :EdAc. Ediciones Acad\u00e9micas Libres, 2022, v. 1, p. 137-158.<br>Dispon\u00edvel em:&nbsp;<a href=\"https:\/\/drive.google.com\/file\/d\/1CoFqL3gcRa6oo7YiRoYIkjg3jxj8dWnr\/view\" target=\"_blank\" rel=\"noreferrer noopener\">https:\/\/drive.google.com\/file\/d\/1CoFqL3gcRa6oo7YiRoYIkjg3jxj8dWnr\/view<\/a><\/p>\n","protected":false},"excerpt":{"rendered":"<p>2022 SOUZA, G. M. F. A. ; LIRA, L. M. S. B. ; SOUZA, J. W. A. . A IMPORT\u00c2NCIA DA DOC\u00caNCIA NA FORMA\u00c7\u00c3O DE PROFESSORES\/AS DE PLE\/PLA: UMRELATO DE EXPERI\u00caNCIA NO PLEI -UFPB. In: Douglas de Sousa; Lilian Castelo Branco; Solange Santana Guimar\u00e3es Morais. (Org.). L\u00edngua, literatura e ensino: diferentes modos de apreens\u00e3o da [&hellip;]<\/p>\n","protected":false},"author":47,"featured_media":0,"parent":49,"menu_order":0,"comment_status":"closed","ping_status":"closed","template":"","meta":{"footnotes":""},"class_list":["post-37","page","type-page","status-publish","hentry"],"_links":{"self":[{"href":"https:\/\/www.cchla.ufpb.br\/plei\/wp-json\/wp\/v2\/pages\/37","targetHints":{"allow":["GET"]}}],"collection":[{"href":"https:\/\/www.cchla.ufpb.br\/plei\/wp-json\/wp\/v2\/pages"}],"about":[{"href":"https:\/\/www.cchla.ufpb.br\/plei\/wp-json\/wp\/v2\/types\/page"}],"author":[{"embeddable":true,"href":"https:\/\/www.cchla.ufpb.br\/plei\/wp-json\/wp\/v2\/users\/47"}],"replies":[{"embeddable":true,"href":"https:\/\/www.cchla.ufpb.br\/plei\/wp-json\/wp\/v2\/comments?post=37"}],"version-history":[{"count":1,"href":"https:\/\/www.cchla.ufpb.br\/plei\/wp-json\/wp\/v2\/pages\/37\/revisions"}],"predecessor-version":[{"id":38,"href":"https:\/\/www.cchla.ufpb.br\/plei\/wp-json\/wp\/v2\/pages\/37\/revisions\/38"}],"up":[{"embeddable":true,"href":"https:\/\/www.cchla.ufpb.br\/plei\/wp-json\/wp\/v2\/pages\/49"}],"wp:attachment":[{"href":"https:\/\/www.cchla.ufpb.br\/plei\/wp-json\/wp\/v2\/media?parent=37"}],"curies":[{"name":"wp","href":"https:\/\/api.w.org\/{rel}","templated":true}]}}