{"id":39,"date":"2025-02-05T22:12:14","date_gmt":"2025-02-05T22:12:14","guid":{"rendered":"https:\/\/www.cchla.ufpb.br\/plei2\/?page_id=39"},"modified":"2025-11-18T22:36:04","modified_gmt":"2025-11-18T22:36:04","slug":"materiais-autenticos","status":"publish","type":"page","link":"https:\/\/www.cchla.ufpb.br\/plei\/publicacoes\/materiais-autenticos\/","title":{"rendered":"Materiais Aut\u00eanticos"},"content":{"rendered":"\n<p><strong>2021<\/strong><\/p>\n\n\n\n<p><a href=\"https:\/\/drive.google.com\/file\/d\/1OKBdDAHBHdlwJ4holJGyZPuqTZouuRtq\/view\" target=\"_blank\" rel=\"noreferrer noopener\">PORTF\u00d3LIO PLEI: insumos e materiais para&nbsp;planejamento de cursos preparat\u00f3rios para o exame&nbsp;Celpe-Bras<\/a><\/p>\n\n\n\n<h2 class=\"wp-block-heading\">Materiais publicados atrav\u00e9s do <a href=\"https:\/\/www.instagram.com\/multimeios.pla\/\" data-type=\"link\" data-id=\"https:\/\/www.instagram.com\/multimeios.pla\/\">Projeto Produ\u00e7\u00e3o de Multimeios<\/a><\/h2>\n\n\n<div class=\"wp-block-image\">\n<figure class=\"alignright size-large is-resized\"><a href=\"https:\/\/www.instagram.com\/multimeios.pla\/\"><img loading=\"lazy\" decoding=\"async\" width=\"1024\" height=\"1024\" src=\"https:\/\/www.cchla.ufpb.br\/plei\/wp-content\/uploads\/sites\/122\/sites\/252\/2025\/11\/2-1024x1024.png\" alt=\"\" class=\"wp-image-196\" style=\"width:286px;height:auto\" srcset=\"https:\/\/www.cchla.ufpb.br\/plei\/wp-content\/uploads\/sites\/122\/sites\/252\/2025\/11\/2-1024x1024.png 1024w, https:\/\/www.cchla.ufpb.br\/plei\/wp-content\/uploads\/sites\/122\/sites\/252\/2025\/11\/2-300x300.png 300w, https:\/\/www.cchla.ufpb.br\/plei\/wp-content\/uploads\/sites\/122\/sites\/252\/2025\/11\/2-150x150.png 150w, https:\/\/www.cchla.ufpb.br\/plei\/wp-content\/uploads\/sites\/122\/sites\/252\/2025\/11\/2-768x768.png 768w, https:\/\/www.cchla.ufpb.br\/plei\/wp-content\/uploads\/sites\/122\/sites\/252\/2025\/11\/2.png 1080w\" sizes=\"auto, (max-width: 1024px) 100vw, 1024px\" \/><\/a><\/figure>\n<\/div>\n\n\n<p><strong>2022<\/strong><\/p>\n\n\n\n<p><a href=\"https:\/\/oikoseditora.com.br\/obra\/index\/id\/1301\" data-type=\"link\" data-id=\"https:\/\/oikoseditora.com.br\/obra\/index\/id\/1301\">Manual do Professor: A fon\u00e9tica e a fonologia no ensino de Portugu\u00eas como L\u00edngua Adicional &#8211; Hispanofalantes<\/a><\/p>\n\n\n\n<p><strong>2025<\/strong><\/p>\n\n\n\n<p><a href=\"https:\/\/oikoseditora.com.br\/obra\/index\/id\/1453\" data-type=\"link\" data-id=\"https:\/\/oikoseditora.com.br\/obra\/index\/id\/1453\">Manual do Professor (Vol. II): Guia de atividades de\/para professores(as) Portugu\u00eas como L\u00edngua Adicional<\/a><\/p>\n\n\n\n<p><a href=\"https:\/\/drive.google.com\/file\/d\/1-tTUCXDr-3l3szB4n3KfjF_8dbGdZ7G9\/view\" data-type=\"link\" data-id=\"https:\/\/drive.google.com\/file\/d\/1-tTUCXDr-3l3szB4n3KfjF_8dbGdZ7G9\/view\">Cartografia de Ensino de PLA: Ideias para preparar seu plano de aula<\/a><\/p>\n\n\n\n<p><\/p>\n","protected":false},"excerpt":{"rendered":"<p>2021 PORTF\u00d3LIO PLEI: insumos e materiais para&nbsp;planejamento de cursos preparat\u00f3rios para o exame&nbsp;Celpe-Bras Materiais publicados atrav\u00e9s do Projeto Produ\u00e7\u00e3o de Multimeios 2022 Manual do Professor: A fon\u00e9tica e a fonologia no ensino de Portugu\u00eas como L\u00edngua Adicional &#8211; Hispanofalantes 2025 Manual do Professor (Vol. II): Guia de atividades de\/para professores(as) Portugu\u00eas como L\u00edngua Adicional Cartografia [&hellip;]<\/p>\n","protected":false},"author":47,"featured_media":0,"parent":49,"menu_order":0,"comment_status":"closed","ping_status":"closed","template":"","meta":{"footnotes":""},"class_list":["post-39","page","type-page","status-publish","hentry"],"_links":{"self":[{"href":"https:\/\/www.cchla.ufpb.br\/plei\/wp-json\/wp\/v2\/pages\/39","targetHints":{"allow":["GET"]}}],"collection":[{"href":"https:\/\/www.cchla.ufpb.br\/plei\/wp-json\/wp\/v2\/pages"}],"about":[{"href":"https:\/\/www.cchla.ufpb.br\/plei\/wp-json\/wp\/v2\/types\/page"}],"author":[{"embeddable":true,"href":"https:\/\/www.cchla.ufpb.br\/plei\/wp-json\/wp\/v2\/users\/47"}],"replies":[{"embeddable":true,"href":"https:\/\/www.cchla.ufpb.br\/plei\/wp-json\/wp\/v2\/comments?post=39"}],"version-history":[{"count":5,"href":"https:\/\/www.cchla.ufpb.br\/plei\/wp-json\/wp\/v2\/pages\/39\/revisions"}],"predecessor-version":[{"id":200,"href":"https:\/\/www.cchla.ufpb.br\/plei\/wp-json\/wp\/v2\/pages\/39\/revisions\/200"}],"up":[{"embeddable":true,"href":"https:\/\/www.cchla.ufpb.br\/plei\/wp-json\/wp\/v2\/pages\/49"}],"wp:attachment":[{"href":"https:\/\/www.cchla.ufpb.br\/plei\/wp-json\/wp\/v2\/media?parent=39"}],"curies":[{"name":"wp","href":"https:\/\/api.w.org\/{rel}","templated":true}]}}