{"id":106,"date":"2013-12-23T13:34:35","date_gmt":"2013-12-23T13:34:35","guid":{"rendered":"http:\/\/www.cchla.ufpb.br\/ppgnec\/?page_id=106"},"modified":"2018-07-20T12:49:39","modified_gmt":"2018-07-20T12:49:39","slug":"programas-de-curso","status":"publish","type":"page","link":"https:\/\/www.cchla.ufpb.br\/ppgnec\/programas-de-curso\/","title":{"rendered":"Programas de Curso"},"content":{"rendered":"<p style=\"text-align: justify;\">O Programa conta com uma \u00fanica \u00e1rea de concentra\u00e7\u00e3o definida pelo nome NEUROCI\u00caNCIA COGNITIVA E COMPORTAMENTO. A intersec\u00e7\u00e3o entre a neuroci\u00eancia, cogni\u00e7\u00e3o e comportamento, delineada pela psicobiologia dos processos b\u00e1sicos, \u00e9 o foco do programa. A implementa\u00e7\u00e3o de uma \u00e1rea de concentra\u00e7\u00e3o interdisciplinar e abrangente tem como objetivos: (1) agregar os laborat\u00f3rios, grupos de pesquisas e docentes dos diferentes centros que t\u00eam interesse pelo estudo da cogni\u00e7\u00e3o e do comportamento com um enfoque psicobiol\u00f3gico; (2) desenvolver a forma\u00e7\u00e3o de recursos humanos comprometidos com a transforma\u00e7\u00e3o regional, produ\u00e7\u00e3o de conhecimento, com a inova\u00e7\u00e3o, inser\u00e7\u00e3o social e a forma\u00e7\u00e3o acad\u00eamica, considerando a multiplicidade de objetos e abordagens te\u00f3ricas e metodol\u00f3gicas das neuroci\u00eancias cognitivas e comportamento.<\/p>\n<p>&nbsp;<\/p>\n<p><a title=\"Estrutura Curricular\" href=\"https:\/\/www.cchla.ufpb.br\/ppgnec\/estrutura-academica\/\">Estrutura Curricular<\/a><\/p>\n<p><a title=\"Neuroci\u00eancia Cognitiva Pr\u00e9-cl\u00ednica e Cl\u00ednica\" href=\"https:\/\/www.cchla.ufpb.br\/ppgnec\/?page_id=120\">Neuroci\u00eancia Cognitiva Pr\u00e9-cl\u00ednica e Cl\u00ednica<\/a><\/p>\n<p><a title=\"Psicobiologia: Processos Psicol\u00f3gicos B\u00e1sicos e Neuropsicologia\" href=\"https:\/\/www.cchla.ufpb.br\/ppgnec\/%EF%BB%BFpsicobiologia-processos-psicologicos-basicos-e-neuropsicologia\/\">Psicobiologia: Processos Psicol\u00f3gicos B\u00e1sicos e Neuropsicologia<\/a><\/p>\n<p><a title=\"Disciplinas\" href=\"https:\/\/www.cchla.ufpb.br\/ppgnec\/disciplinas\/\">Disciplinas<\/a><\/p>\n","protected":false},"excerpt":{"rendered":"<p>O Programa conta com uma \u00fanica \u00e1rea de concentra\u00e7\u00e3o definida pelo nome NEUROCI\u00caNCIA COGNITIVA E COMPORTAMENTO. A intersec\u00e7\u00e3o entre a neuroci\u00eancia, cogni\u00e7\u00e3o e comportamento, delineada pela psicobiologia dos processos b\u00e1sicos, \u00e9 o foco do programa. A implementa\u00e7\u00e3o de uma \u00e1rea de concentra\u00e7\u00e3o interdisciplinar e abrangente tem como objetivos: (1) agregar os laborat\u00f3rios, grupos de pesquisas &#8230; <a title=\"Programas de Curso\" class=\"read-more\" href=\"https:\/\/www.cchla.ufpb.br\/ppgnec\/programas-de-curso\/\" aria-label=\"More on Programas de Curso\">Ler mais<\/a><\/p>\n","protected":false},"author":13,"featured_media":0,"parent":0,"menu_order":0,"comment_status":"closed","ping_status":"closed","template":"","meta":[],"_links":{"self":[{"href":"https:\/\/www.cchla.ufpb.br\/ppgnec\/wp-json\/wp\/v2\/pages\/106"}],"collection":[{"href":"https:\/\/www.cchla.ufpb.br\/ppgnec\/wp-json\/wp\/v2\/pages"}],"about":[{"href":"https:\/\/www.cchla.ufpb.br\/ppgnec\/wp-json\/wp\/v2\/types\/page"}],"author":[{"embeddable":true,"href":"https:\/\/www.cchla.ufpb.br\/ppgnec\/wp-json\/wp\/v2\/users\/13"}],"replies":[{"embeddable":true,"href":"https:\/\/www.cchla.ufpb.br\/ppgnec\/wp-json\/wp\/v2\/comments?post=106"}],"version-history":[{"count":13,"href":"https:\/\/www.cchla.ufpb.br\/ppgnec\/wp-json\/wp\/v2\/pages\/106\/revisions"}],"predecessor-version":[{"id":1695,"href":"https:\/\/www.cchla.ufpb.br\/ppgnec\/wp-json\/wp\/v2\/pages\/106\/revisions\/1695"}],"wp:attachment":[{"href":"https:\/\/www.cchla.ufpb.br\/ppgnec\/wp-json\/wp\/v2\/media?parent=106"}],"curies":[{"name":"wp","href":"https:\/\/api.w.org\/{rel}","templated":true}]}}