{"id":1335,"date":"2018-07-18T14:31:37","date_gmt":"2018-07-18T14:31:37","guid":{"rendered":"http:\/\/www.cchla.ufpb.br\/ppgnec\/?page_id=1335"},"modified":"2022-04-28T11:59:08","modified_gmt":"2022-04-28T11:59:08","slug":"academic-structure","status":"publish","type":"page","link":"https:\/\/www.cchla.ufpb.br\/ppgnec\/en\/academic-structure\/","title":{"rendered":"Academic Structure"},"content":{"rendered":"<p><b>Program Curriculum<\/b><\/p>\n<p><span style=\"font-weight: 400;\">The Postgraduate Program in <\/span><span style=\"font-weight: 400;\">Cognitive Neuroscience and Behavior<\/span><span style=\"font-weight: 400;\"> covers a set of compulsory and optional disciplines that are offered per semester. The courses are taught by the professors of the Program, and others, with the collaboration of invited professors. Master&#8217;s students must take 10 credits in compulsory disciplines (Table A) and 12 credits in optional disciplines (Table B). In this section are presented these disciplines, the respective number of credits and the menus. See\u00a0<a href=\"https:\/\/www.cchla.ufpb.br\/ppgnec\/wp-content\/uploads\/2014\/02\/EMENTAS-DAS-DISCIPLINAS1.pdf\">EMENTAS DAS DISCIPLINAS<\/a><\/span><\/p>\n<p><b>Table A &#8211; COMPULSORY DISCIPLINES<\/b><\/p>\n<table style=\"height: 405px;\" border=\"1\" width=\"1058\" cellspacing=\"0\" cellpadding=\"0\">\n<tbody>\n<tr>\n<td valign=\"top\" width=\"215\">\n<p align=\"center\"><b>DISCIPLINES<\/b><\/p>\n<\/td>\n<td style=\"text-align: center;\" valign=\"top\" width=\"69\"><b>ACADEMIC LOAD(*)<\/b><\/td>\n<td style=\"text-align: center;\" valign=\"top\" width=\"69\"><b>CREDITS<\/b><\/td>\n<\/tr>\n<tr>\n<td valign=\"top\" width=\"215\">Introdu\u00e7\u00e3o \u00e0 Neuroci\u00eancia Cognitiva e Comportamento<\/td>\n<td valign=\"top\" width=\"69\">\n<p align=\"center\">45<\/p>\n<\/td>\n<td valign=\"top\" width=\"69\">\n<p align=\"center\">03<\/p>\n<\/td>\n<\/tr>\n<tr>\n<td valign=\"top\" width=\"215\">M\u00e9todos e T\u00e9cnicas de Pesquisa em Neuroci\u00eancia Cognitiva e Comportamento<\/td>\n<td valign=\"top\" width=\"69\">\n<p align=\"center\">45<\/p>\n<\/td>\n<td valign=\"top\" width=\"69\">\n<p align=\"center\">03<\/p>\n<\/td>\n<\/tr>\n<tr>\n<td valign=\"top\" width=\"215\">Semin\u00e1rio de Pesquisa em Neuroci\u00eancia Cognitiva e Comportamento I<\/td>\n<td valign=\"top\" width=\"69\">\n<p align=\"center\">30<\/p>\n<\/td>\n<td valign=\"top\" width=\"69\">\n<p align=\"center\">02<\/p>\n<\/td>\n<\/tr>\n<tr>\n<td valign=\"top\" width=\"215\">Semin\u00e1rio de Pesquisa em Neuroci\u00eancia Cognitiva e Comportamento II<\/td>\n<td valign=\"top\" width=\"69\">\n<p align=\"center\">30<\/p>\n<\/td>\n<td valign=\"top\" width=\"69\">\n<p align=\"center\">02<\/p>\n<\/td>\n<\/tr>\n<\/tbody>\n<\/table>\n<p><strong>Table B &#8211; OPTIONAL DISCIPLINES<\/strong><\/p>\n<table border=\"1\" width=\"346\" cellspacing=\"0\" cellpadding=\"0\">\n<tbody>\n<tr>\n<td rowspan=\"2\" valign=\"top\" width=\"215\">\n<p align=\"center\"><b>DISCIPLINES<\/b><\/p>\n<\/td>\n<td rowspan=\"2\" valign=\"top\" width=\"65\">\n<p align=\"center\"><b>ACADEMIC LOAD(*)<\/b><\/p>\n<\/td>\n<td valign=\"top\" width=\"65\">\n<p align=\"center\"><b>CREDITS<\/b><\/p>\n<\/td>\n<\/tr>\n<tr>\n<td valign=\"top\" width=\"65\"><\/td>\n<\/tr>\n<tr>\n<td valign=\"top\" width=\"215\">T\u00f3picos Especiais em Neuroci\u00eancia Cognitiva e Comportamento I<\/td>\n<td valign=\"top\" width=\"65\">\n<p align=\"center\">30<\/p>\n<\/td>\n<td valign=\"top\" width=\"65\">\n<p align=\"center\">02<\/p>\n<\/td>\n<\/tr>\n<tr>\n<td valign=\"top\" width=\"215\">T\u00f3picos Especiais em Neuroci\u00eancia Cognitiva e Comportamento II<\/td>\n<td valign=\"top\" width=\"65\">\n<p align=\"center\">30<\/p>\n<\/td>\n<td valign=\"top\" width=\"65\">\n<p align=\"center\">02<\/p>\n<\/td>\n<\/tr>\n<tr>\n<td valign=\"top\" width=\"215\">Est\u00e1gio Supervisionado de Doc\u00eancia em Neuroci\u00eancia Cognitiva e Comportamento<\/td>\n<td valign=\"top\" width=\"65\">\n<p align=\"center\">30<\/p>\n<\/td>\n<td valign=\"top\" width=\"65\">\n<p align=\"center\">02<\/p>\n<\/td>\n<\/tr>\n<tr>\n<td valign=\"top\" width=\"215\">Sensa\u00e7\u00e3o e Percep\u00e7\u00e3o<\/td>\n<td valign=\"top\" width=\"65\">\n<p align=\"center\">30<\/p>\n<\/td>\n<td valign=\"top\" width=\"65\">\n<p align=\"center\">02<\/p>\n<\/td>\n<\/tr>\n<tr>\n<td valign=\"top\" width=\"215\">Psicobiologia da Emo\u00e7\u00e3o e Motiva\u00e7\u00e3o<\/td>\n<td valign=\"top\" width=\"65\">\n<p align=\"center\">30<\/p>\n<\/td>\n<td valign=\"top\" width=\"65\">\n<p align=\"center\">02<\/p>\n<\/td>\n<\/tr>\n<tr>\n<td valign=\"top\" width=\"215\">Psicobiologia da Aten\u00e7\u00e3o e Mem\u00f3ria<\/td>\n<td valign=\"top\" width=\"65\">\n<p align=\"center\">30<\/p>\n<\/td>\n<td valign=\"top\" width=\"65\">\n<p align=\"center\">02<\/p>\n<\/td>\n<\/tr>\n<tr>\n<td valign=\"top\" width=\"215\">Psicolofarmacologia<\/td>\n<td valign=\"top\" width=\"65\">\n<p align=\"center\">30<\/p>\n<\/td>\n<td valign=\"top\" width=\"65\">\n<p align=\"center\">02<\/p>\n<\/td>\n<\/tr>\n<tr>\n<td valign=\"top\" width=\"215\">Neuropsicologia<\/td>\n<td valign=\"top\" width=\"65\">\n<p align=\"center\">30<\/p>\n<\/td>\n<td valign=\"top\" width=\"65\">\n<p align=\"center\">02<\/p>\n<\/td>\n<\/tr>\n<tr>\n<td valign=\"top\" width=\"215\">Psicolingu\u00edstica Experimental<\/td>\n<td valign=\"top\" width=\"65\">\n<p align=\"center\">30<\/p>\n<\/td>\n<td valign=\"top\" width=\"65\">\n<p align=\"center\">02<\/p>\n<\/td>\n<\/tr>\n<tr>\n<td valign=\"top\" width=\"215\">Neuroci\u00eancias da Linguagem<\/td>\n<td valign=\"top\" width=\"65\">\n<p align=\"center\">30<\/p>\n<\/td>\n<td valign=\"top\" width=\"65\">\n<p align=\"center\">02<\/p>\n<\/td>\n<\/tr>\n<tr>\n<td valign=\"top\" width=\"215\">Neuroci\u00eancias e Comunica\u00e7\u00e3o<\/td>\n<td valign=\"top\" width=\"65\">\n<p align=\"center\">30<\/p>\n<\/td>\n<td valign=\"top\" width=\"65\">\n<p align=\"center\">02<\/p>\n<\/td>\n<\/tr>\n<tr>\n<td valign=\"top\" width=\"215\">Bioestat\u00edstica<\/td>\n<td valign=\"top\" width=\"65\">\n<p align=\"center\">30<\/p>\n<\/td>\n<td valign=\"top\" width=\"65\">\n<p align=\"center\">02<\/p>\n<\/td>\n<\/tr>\n<tr>\n<td valign=\"top\" width=\"215\">T\u00f3picos Avan\u00e7ados em Neuroci\u00eancia Cognitiva e Comportamento I<\/td>\n<td valign=\"top\" width=\"65\">\n<p align=\"center\">30<\/p>\n<\/td>\n<td valign=\"top\" width=\"65\">\n<p align=\"center\">02<\/p>\n<\/td>\n<\/tr>\n<tr>\n<td valign=\"top\" width=\"215\">T\u00f3picos Avan\u00e7ados em Neuroci\u00eancia Cognitiva e Comportamento II<\/td>\n<td valign=\"top\" width=\"65\">\n<p align=\"center\">30<\/p>\n<\/td>\n<td valign=\"top\" width=\"65\">\n<p align=\"center\">02<\/p>\n<\/td>\n<\/tr>\n<tr>\n<td valign=\"top\" width=\"215\">T\u00f3picos Avan\u00e7ados em Neuroci\u00eancia Cognitiva e Comportamento III<\/td>\n<td valign=\"top\" width=\"65\">\n<p align=\"center\">30<\/p>\n<\/td>\n<td valign=\"top\" width=\"65\">\n<p align=\"center\">02<\/p>\n<\/td>\n<\/tr>\n<tr>\n<td valign=\"top\" width=\"215\">Semin\u00e1rio de Pesquisa em Neuroci\u00eancia Cognitiva e Comportamento III<\/td>\n<td valign=\"top\" width=\"65\">\n<p align=\"center\">30<\/p>\n<\/td>\n<td valign=\"top\" width=\"65\">\n<p align=\"center\">02<\/p>\n<\/td>\n<\/tr>\n<tr>\n<td valign=\"top\" width=\"215\">Semin\u00e1rio de Pesquisa em Neuroci\u00eancia Cognitiva e Comportamento IV<\/td>\n<td valign=\"top\" width=\"65\">\n<p align=\"center\">30<\/p>\n<\/td>\n<td valign=\"top\" width=\"65\">\n<p align=\"center\">02<\/p>\n<\/td>\n<\/tr>\n<\/tbody>\n<\/table>\n<p>(*) 1 theoretical credit &#8211; 15 course hours of theoretical teaching activities.<\/p>\n","protected":false},"excerpt":{"rendered":"<p>Program Curriculum The Postgraduate Program in Cognitive Neuroscience and Behavior covers a set of compulsory and optional disciplines that are offered per semester. The courses are taught by the professors of the Program, and others, with the collaboration of invited professors. Master&#8217;s students must take 10 credits in compulsory disciplines (Table A) and 12 credits &#8230; <a title=\"Academic Structure\" class=\"read-more\" href=\"https:\/\/www.cchla.ufpb.br\/ppgnec\/en\/academic-structure\/\" aria-label=\"More on Academic Structure\">Ler mais<\/a><\/p>\n","protected":false},"author":13,"featured_media":0,"parent":0,"menu_order":0,"comment_status":"closed","ping_status":"closed","template":"","meta":[],"_links":{"self":[{"href":"https:\/\/www.cchla.ufpb.br\/ppgnec\/wp-json\/wp\/v2\/pages\/1335"}],"collection":[{"href":"https:\/\/www.cchla.ufpb.br\/ppgnec\/wp-json\/wp\/v2\/pages"}],"about":[{"href":"https:\/\/www.cchla.ufpb.br\/ppgnec\/wp-json\/wp\/v2\/types\/page"}],"author":[{"embeddable":true,"href":"https:\/\/www.cchla.ufpb.br\/ppgnec\/wp-json\/wp\/v2\/users\/13"}],"replies":[{"embeddable":true,"href":"https:\/\/www.cchla.ufpb.br\/ppgnec\/wp-json\/wp\/v2\/comments?post=1335"}],"version-history":[{"count":2,"href":"https:\/\/www.cchla.ufpb.br\/ppgnec\/wp-json\/wp\/v2\/pages\/1335\/revisions"}],"predecessor-version":[{"id":4105,"href":"https:\/\/www.cchla.ufpb.br\/ppgnec\/wp-json\/wp\/v2\/pages\/1335\/revisions\/4105"}],"wp:attachment":[{"href":"https:\/\/www.cchla.ufpb.br\/ppgnec\/wp-json\/wp\/v2\/media?parent=1335"}],"curies":[{"name":"wp","href":"https:\/\/api.w.org\/{rel}","templated":true}]}}