{"id":1346,"date":"2018-07-18T14:45:57","date_gmt":"2018-07-18T14:45:57","guid":{"rendered":"http:\/\/www.cchla.ufpb.br\/ppgnec\/?page_id=1346"},"modified":"2022-04-28T11:59:08","modified_gmt":"2022-04-28T11:59:08","slug":"contact","status":"publish","type":"page","link":"https:\/\/www.cchla.ufpb.br\/ppgnec\/en\/contact\/","title":{"rendered":"Contact"},"content":{"rendered":"<p><span style=\"font-weight: 400;\">Secretariat of the Postgraduate Program in Cognitive Neuroscience and Behavior<\/span><\/p>\n<p><span style=\"font-weight: 400;\">Psychology Department \u2013 CCHLA 58052900<\/span><\/p>\n<p>&nbsp;<\/p>\n<p><span style=\"font-weight: 400;\">Cidade Universit\u00e1ria Campus I, Castelo Branco<\/span><\/p>\n<p><span style=\"font-weight: 400;\">Jo\u00e3o Pessoa &#8211; Para\u00edba &#8211; Brazil<\/span><\/p>\n<p><span style=\"font-weight: 400;\">CEP: 58059-900<\/span><\/p>\n<p>&nbsp;<\/p>\n<p><span style=\"font-weight: 400;\">Phone:<\/span><\/p>\n<p><span style=\"font-weight: 400;\">(83) 3209-8756<\/span><\/p>\n<p><span style=\"font-weight: 400;\">E-mail:<\/span><\/p>\n<p><a href=\"mailto:neurociencia.ppgnec@gmail.com\"><span style=\"font-weight: 400;\">neurociencia.ppgnec@gmail.com<\/span><\/a><\/p>\n","protected":false},"excerpt":{"rendered":"<p>Secretariat of the Postgraduate Program in Cognitive Neuroscience and Behavior Psychology Department \u2013 CCHLA 58052900 &nbsp; Cidade Universit\u00e1ria Campus I, Castelo Branco Jo\u00e3o Pessoa &#8211; Para\u00edba &#8211; Brazil CEP: 58059-900 &nbsp; Phone: (83) 3209-8756 E-mail: neurociencia.ppgnec@gmail.com<\/p>\n","protected":false},"author":13,"featured_media":0,"parent":0,"menu_order":0,"comment_status":"closed","ping_status":"closed","template":"","meta":[],"_links":{"self":[{"href":"https:\/\/www.cchla.ufpb.br\/ppgnec\/wp-json\/wp\/v2\/pages\/1346"}],"collection":[{"href":"https:\/\/www.cchla.ufpb.br\/ppgnec\/wp-json\/wp\/v2\/pages"}],"about":[{"href":"https:\/\/www.cchla.ufpb.br\/ppgnec\/wp-json\/wp\/v2\/types\/page"}],"author":[{"embeddable":true,"href":"https:\/\/www.cchla.ufpb.br\/ppgnec\/wp-json\/wp\/v2\/users\/13"}],"replies":[{"embeddable":true,"href":"https:\/\/www.cchla.ufpb.br\/ppgnec\/wp-json\/wp\/v2\/comments?post=1346"}],"version-history":[{"count":5,"href":"https:\/\/www.cchla.ufpb.br\/ppgnec\/wp-json\/wp\/v2\/pages\/1346\/revisions"}],"predecessor-version":[{"id":1788,"href":"https:\/\/www.cchla.ufpb.br\/ppgnec\/wp-json\/wp\/v2\/pages\/1346\/revisions\/1788"}],"wp:attachment":[{"href":"https:\/\/www.cchla.ufpb.br\/ppgnec\/wp-json\/wp\/v2\/media?parent=1346"}],"curies":[{"name":"wp","href":"https:\/\/api.w.org\/{rel}","templated":true}]}}