{"id":1417,"date":"2018-07-20T13:40:07","date_gmt":"2018-07-20T13:40:07","guid":{"rendered":"http:\/\/www.cchla.ufpb.br\/ppgnec\/?page_id=1417"},"modified":"2018-07-20T13:40:07","modified_gmt":"2018-07-20T13:40:07","slug":"masters-degree-admission-2018","status":"publish","type":"page","link":"https:\/\/www.cchla.ufpb.br\/ppgnec\/en\/masters-degree-admission-2018\/","title":{"rendered":"Masters Degree Admission 2018"},"content":{"rendered":"<p>The Coordination of the Postgraduate Program in Cognitive Neuroscience and Behavior (PPGNeC) of the Federal University of Para\u00edba makes public the present announcement that regulates the conditions of admission, by means of SELECTION EXAMINATION, in said program (master level), school year 2018.<\/p>\n<p>See: <a href=\"https:\/\/www.cchla.ufpb.br\/ppgnec\/wp-content\/uploads\/2017\/12\/Edital_Mestrado_2018.pdf\" target=\"_blank\" rel=\"noopener\">Masters Degree Admission Public Notice<\/a><\/p>\n<p><a href=\"https:\/\/www.cchla.ufpb.br\/ppgnec\/wp-content\/uploads\/2017\/12\/Retifica\u00e7\u00e3o-edital-mestrado-2018_ultima.pdf\" target=\"_blank\" rel=\"noopener\">Masters Degree Admission Retification Public Notice 01<\/a><\/p>\n<p><a href=\"https:\/\/www.cchla.ufpb.br\/ppgnec\/wp-content\/uploads\/2017\/12\/Retifica\u00e7\u00e3o-02-Edital-Mestrado-2018.pdf\" target=\"_blank\" rel=\"noopener\">Masters Degree Admission Retification Public Notice 02<\/a><\/p>\n<p><a href=\"https:\/\/www.cchla.ufpb.br\/ppgnec\/wp-content\/uploads\/2018\/02\/Homologa\u00e7\u00e3o-de-inscri\u00e7\u00f5es-para-publica\u00e7\u00e3o-no-site.pdf\" target=\"_blank\" rel=\"noopener\">Submissions Homologation<\/a><\/p>\n","protected":false},"excerpt":{"rendered":"<p>The Coordination of the Postgraduate Program in Cognitive Neuroscience and Behavior (PPGNeC) of the Federal University of Para\u00edba makes public the present announcement that regulates the conditions of admission, by means of SELECTION EXAMINATION, in said program (master level), school year 2018. See: Masters Degree Admission Public Notice Masters Degree Admission Retification Public Notice 01 &#8230; <a title=\"Masters Degree Admission 2018\" class=\"read-more\" href=\"https:\/\/www.cchla.ufpb.br\/ppgnec\/en\/masters-degree-admission-2018\/\" aria-label=\"More on Masters Degree Admission 2018\">Ler mais<\/a><\/p>\n","protected":false},"author":13,"featured_media":0,"parent":0,"menu_order":0,"comment_status":"closed","ping_status":"closed","template":"","meta":[],"_links":{"self":[{"href":"https:\/\/www.cchla.ufpb.br\/ppgnec\/wp-json\/wp\/v2\/pages\/1417"}],"collection":[{"href":"https:\/\/www.cchla.ufpb.br\/ppgnec\/wp-json\/wp\/v2\/pages"}],"about":[{"href":"https:\/\/www.cchla.ufpb.br\/ppgnec\/wp-json\/wp\/v2\/types\/page"}],"author":[{"embeddable":true,"href":"https:\/\/www.cchla.ufpb.br\/ppgnec\/wp-json\/wp\/v2\/users\/13"}],"replies":[{"embeddable":true,"href":"https:\/\/www.cchla.ufpb.br\/ppgnec\/wp-json\/wp\/v2\/comments?post=1417"}],"version-history":[{"count":2,"href":"https:\/\/www.cchla.ufpb.br\/ppgnec\/wp-json\/wp\/v2\/pages\/1417\/revisions"}],"predecessor-version":[{"id":1420,"href":"https:\/\/www.cchla.ufpb.br\/ppgnec\/wp-json\/wp\/v2\/pages\/1417\/revisions\/1420"}],"wp:attachment":[{"href":"https:\/\/www.cchla.ufpb.br\/ppgnec\/wp-json\/wp\/v2\/media?parent=1417"}],"curies":[{"name":"wp","href":"https:\/\/api.w.org\/{rel}","templated":true}]}}