{"id":1520,"date":"2018-12-12T21:48:46","date_gmt":"2018-12-12T21:48:46","guid":{"rendered":"http:\/\/www.cchla.ufpb.br\/ppgnec\/?page_id=1520"},"modified":"2019-03-12T14:22:50","modified_gmt":"2019-03-12T14:22:50","slug":"selecao-de-mestrado-2019","status":"publish","type":"page","link":"https:\/\/www.cchla.ufpb.br\/ppgnec\/selecao-de-mestrado-2019\/","title":{"rendered":"Sele\u00e7\u00e3o de Mestrado 2019"},"content":{"rendered":"<p><a href=\"https:\/\/www.cchla.ufpb.br\/ppgnec\/wp-content\/uploads\/2018\/12\/Edital_Mestrado_2019_vers\u00e3o_final-1.pdf\" target=\"_blank\" rel=\"noopener\">Edital<\/a><\/p>\n<p><a href=\"https:\/\/www.cchla.ufpb.br\/ppgnec\/wp-content\/uploads\/2019\/02\/Rela\u00e7\u00e3o_inscritos.pdf\" target=\"_blank\" rel=\"noopener\">Resultado preliminar das inscri\u00e7\u00f5es<\/a><\/p>\n<p><a href=\"https:\/\/www.cchla.ufpb.br\/ppgnec\/wp-content\/uploads\/2019\/02\/resultado_prova_escrita.pdf\" target=\"_blank\" rel=\"noopener\">Resultado da prova escrita<\/a><\/p>\n<p><a href=\"https:\/\/www.cchla.ufpb.br\/ppgnec\/wp-content\/uploads\/2019\/03\/resultado_CV_apos_reconsidera\u00e7\u00e3o.pdf\" target=\"_blank\" rel=\"noopener\">Resultado da an\u00e1lise curricular ap\u00f3s pedido de reconsidera\u00e7\u00e3o<\/a><\/p>\n<p><a href=\"https:\/\/www.cchla.ufpb.br\/ppgnec\/wp-content\/uploads\/2019\/03\/Resultado-final-da-Sele\u00e7\u00e3o-do-Mestrado-2019.pdf\" target=\"_blank\" rel=\"noopener\">Resultado final da Sele\u00e7\u00e3o do Mestrado 2019<\/a><\/p>\n","protected":false},"excerpt":{"rendered":"<p>Edital Resultado preliminar das inscri\u00e7\u00f5es Resultado da prova escrita Resultado da an\u00e1lise curricular ap\u00f3s pedido de reconsidera\u00e7\u00e3o Resultado final da Sele\u00e7\u00e3o do Mestrado 2019<\/p>\n","protected":false},"author":13,"featured_media":0,"parent":0,"menu_order":0,"comment_status":"closed","ping_status":"closed","template":"","meta":[],"_links":{"self":[{"href":"https:\/\/www.cchla.ufpb.br\/ppgnec\/wp-json\/wp\/v2\/pages\/1520"}],"collection":[{"href":"https:\/\/www.cchla.ufpb.br\/ppgnec\/wp-json\/wp\/v2\/pages"}],"about":[{"href":"https:\/\/www.cchla.ufpb.br\/ppgnec\/wp-json\/wp\/v2\/types\/page"}],"author":[{"embeddable":true,"href":"https:\/\/www.cchla.ufpb.br\/ppgnec\/wp-json\/wp\/v2\/users\/13"}],"replies":[{"embeddable":true,"href":"https:\/\/www.cchla.ufpb.br\/ppgnec\/wp-json\/wp\/v2\/comments?post=1520"}],"version-history":[{"count":6,"href":"https:\/\/www.cchla.ufpb.br\/ppgnec\/wp-json\/wp\/v2\/pages\/1520\/revisions"}],"predecessor-version":[{"id":1629,"href":"https:\/\/www.cchla.ufpb.br\/ppgnec\/wp-json\/wp\/v2\/pages\/1520\/revisions\/1629"}],"wp:attachment":[{"href":"https:\/\/www.cchla.ufpb.br\/ppgnec\/wp-json\/wp\/v2\/media?parent=1520"}],"curies":[{"name":"wp","href":"https:\/\/api.w.org\/{rel}","templated":true}]}}