{"id":161,"date":"2014-02-03T14:37:38","date_gmt":"2014-02-03T14:37:38","guid":{"rendered":"http:\/\/www.cchla.ufpb.br\/ppgnec\/?page_id=161"},"modified":"2025-09-03T15:07:17","modified_gmt":"2025-09-03T15:07:17","slug":"nucleos-de-pesquisa","status":"publish","type":"page","link":"https:\/\/www.cchla.ufpb.br\/ppgnec\/nucleos-de-pesquisa\/","title":{"rendered":"Laborat\u00f3rios"},"content":{"rendered":"<p><b>Laborat\u00f3rios <\/b><\/p>\n<p style=\"text-align: justify;\">O Programa de P\u00f3s-gradua\u00e7\u00e3o em Neuroci\u00eancia Cognitiva e Comportamento conta com laborat\u00f3rios que propiciam a integra\u00e7\u00e3o e a produ\u00e7\u00e3o de conhecimento interdisciplinar entre docentes e discentes do programa e contribuem para a consolida\u00e7\u00e3o das linhas de pesquisas com foco no desenvolvimento social regional e nacional, considerando tamb\u00e9m sua inser\u00e7\u00e3o no contexto internacional que pode ser observado pelas parcerias e publica\u00e7\u00f5es internacionais. Mais informa\u00e7\u00f5es podem ser encontradas no link de cada laborat\u00f3rio abaixo:<\/p>\n\n\n<p><strong>Laborat\u00f3rio de Imunofarmacologia<\/strong>;<\/p>\n\n\n\n<div class=\"wp-block-image\"><figure class=\"alignleft size-full is-resized\"><a href=\"https:\/\/www.cchla.ufpb.br\/ppgnec\/wp-content\/uploads\/2025\/07\/limfa-2.jpg\"><img loading=\"lazy\" src=\"https:\/\/www.cchla.ufpb.br\/ppgnec\/wp-content\/uploads\/2025\/07\/limfa-2.jpg\" alt=\"\" class=\"wp-image-3713\" width=\"293\" height=\"293\" srcset=\"https:\/\/www.cchla.ufpb.br\/ppgnec\/wp-content\/uploads\/2025\/07\/limfa-2.jpg 640w, https:\/\/www.cchla.ufpb.br\/ppgnec\/wp-content\/uploads\/2025\/07\/limfa-2-300x300.jpg 300w, https:\/\/www.cchla.ufpb.br\/ppgnec\/wp-content\/uploads\/2025\/07\/limfa-2-150x150.jpg 150w\" sizes=\"(max-width: 293px) 100vw, 293px\" \/><\/a><\/figure><\/div>\n\n\n\n<p>O Laborat\u00f3rio de Imunofarmacologia iniciou suas atividades na d\u00e9cada de 90 com pesquisas com plantas medicinais e compostos naturais em modelos experimentais&nbsp;<em>in vivo<\/em>&nbsp;e&nbsp;<em>in vitro<\/em>&nbsp;relacionados a doen\u00e7as inflamat\u00f3rias agudas e cr\u00f4nicas, como asma, rinite, peritonite e les\u00e3o pulmonar aguda. Est\u00e1 localizado no Instituto de Pesquisa em F\u00e1rmacos e Medicamentos (IPEFARM) e possui v\u00ednculo com o Programa de P\u00f3s-gradua\u00e7\u00e3o em Produtos Naturais e Sint\u00e9ticos Bioativos, o Programa de P\u00f3s-gradua\u00e7\u00e3o em Fisiologia e o Programa de P\u00f3s-gradua\u00e7\u00e3o em Neuroci\u00eancia Cognitiva e Comportamento, tendo como atual Coordenadora a Profa. Dra. Naiara Nayana Dejani.<\/p>\n\n\n\n<div class=\"wp-container-1 wp-block-buttons\">\n<div class=\"wp-block-button\"><a class=\"wp-block-button__link\" href=\"https:\/\/www.instagram.com\/lymfa.ufpb?igsh=dnF0cHdvYmdhY29p\">Acesse o instagram do laborat\u00f3rio!<\/a><\/div>\n<\/div>\n\n\n\n<p><\/p>\n\n\n\n<p><strong>Grupo de Estudos em Exerc\u00edcios f\u00edsicos e Natureza<\/strong>;<\/p>\n\n\n\n<div class=\"wp-block-image\"><figure class=\"alignleft size-large is-resized\"><a href=\"https:\/\/www.cchla.ufpb.br\/ppgnec\/wp-content\/uploads\/2025\/07\/3-1.png\"><img loading=\"lazy\" src=\"https:\/\/www.cchla.ufpb.br\/ppgnec\/wp-content\/uploads\/2025\/07\/3-1-1024x1013.png\" alt=\"\" class=\"wp-image-3744\" width=\"296\" height=\"292\" srcset=\"https:\/\/www.cchla.ufpb.br\/ppgnec\/wp-content\/uploads\/2025\/07\/3-1-1024x1013.png 1024w, https:\/\/www.cchla.ufpb.br\/ppgnec\/wp-content\/uploads\/2025\/07\/3-1-300x297.png 300w, https:\/\/www.cchla.ufpb.br\/ppgnec\/wp-content\/uploads\/2025\/07\/3-1-768x760.png 768w, https:\/\/www.cchla.ufpb.br\/ppgnec\/wp-content\/uploads\/2025\/07\/3-1-1536x1520.png 1536w, https:\/\/www.cchla.ufpb.br\/ppgnec\/wp-content\/uploads\/2025\/07\/3-1-2048x2026.png 2048w\" sizes=\"(max-width: 296px) 100vw, 296px\" \/><\/a><\/figure><\/div>\n\n\n\n<p>O Grupo de Estudos em Exerc\u00edcios F\u00edsicos e Natureza, vinculado \u00e0 Universidade Federal da Para\u00edba, desenvolve atividades de pesquisa e extens\u00e3o em duas frentes principais: os v\u00ednculos entre atividade f\u00edsica, comportamento, meio ambiente e bem-estar sustent\u00e1vel; e os efeitos fisiol\u00f3gicos da pr\u00e1tica de exerc\u00edcios em ambientes naturais, tamb\u00e9m conhecidos como exerc\u00edcios verdes. O grupo busca produzir conhecimento interdisciplinar e socialmente relevante, contribuindo para pr\u00e1ticas de vida mais saud\u00e1veis e sustent\u00e1veis. Suas a\u00e7\u00f5es envolvem estudantes, pesquisadores e a comunidade, fortalecendo o di\u00e1logo entre ci\u00eancia e sociedade.<\/p>\n\n\n\n<div class=\"wp-container-2 wp-block-buttons\">\n<div class=\"wp-block-button\"><a class=\"wp-block-button__link\" href=\"https:\/\/www.instagram.com\/greenexerciciosverdes?igsh=MXNwZGx6eG5tMzh2dg==\">Acesse o instagram do laborat\u00f3rio!<\/a><\/div>\n<\/div>\n\n\n\n<p><\/p>\n\n\n\n<p><strong>Laborat\u00f3rio de estudos em mem\u00f3ria e cogni\u00e7\u00e3o<\/strong>;<\/p>\n\n\n\n<div class=\"wp-block-image\"><figure class=\"alignleft size-full is-resized\"><a href=\"https:\/\/www.cchla.ufpb.br\/ppgnec\/wp-content\/uploads\/2025\/07\/lemcog-ok-1.png\"><img loading=\"lazy\" src=\"https:\/\/www.cchla.ufpb.br\/ppgnec\/wp-content\/uploads\/2025\/07\/lemcog-ok-1.png\" alt=\"\" class=\"wp-image-3747\" width=\"300\" height=\"300\" srcset=\"https:\/\/www.cchla.ufpb.br\/ppgnec\/wp-content\/uploads\/2025\/07\/lemcog-ok-1.png 500w, https:\/\/www.cchla.ufpb.br\/ppgnec\/wp-content\/uploads\/2025\/07\/lemcog-ok-1-300x300.png 300w, https:\/\/www.cchla.ufpb.br\/ppgnec\/wp-content\/uploads\/2025\/07\/lemcog-ok-1-150x150.png 150w\" sizes=\"(max-width: 300px) 100vw, 300px\" \/><\/a><\/figure><\/div>\n\n\n\n<p>A mem\u00f3ria \u00e9 uma fun\u00e7\u00e3o cognitiva essencial para a sobreviv\u00eancia e tamb\u00e9m para a qualidade de vida. A mem\u00f3ria epis\u00f3dica \u00e9 um dos tipos de mem\u00f3ria que todos n\u00f3s possu\u00edmos e consiste na forma\u00e7\u00e3o e evoca\u00e7\u00e3o de informa\u00e7\u00f5es sobre onde e quando determinado acontecimento aconteceu. Este sistema de mem\u00f3ria decai com a idade. Nossa pesquisa visa compreender a base neural da mem\u00f3ria epis\u00f3dica. Qual a contribui\u00e7\u00e3o das diferentes \u00e1reas do lobo temporal medial para a express\u00e3o deste tipo de mem\u00f3ria? Como ocorre a express\u00e3o comportamental da mem\u00f3ria epis\u00f3dica? Perguntas como essas s\u00e3o a b\u00fassola das pesquisas realizadas no Laborat\u00f3rio de Estudos em Mem\u00f3ria e Cogni\u00e7\u00e3o (LEMCOG).<\/p>\n\n\n\n<div class=\"wp-container-3 wp-block-buttons\">\n<div class=\"wp-block-button\"><a class=\"wp-block-button__link\" href=\"https:\/\/sites.google.com\/academico.ufpb.br\/lemcog\">Acesse o site do laborat\u00f3rio!<\/a><\/div>\n<\/div>\n\n\n\n<p><strong>N\u00facleo de Estudos em Sa\u00fade Mental, Educa\u00e7\u00e3o e Psicometria<\/strong><\/p>\n\n\n\n<div class=\"wp-block-image\"><figure class=\"alignleft size-full is-resized\"><a href=\"https:\/\/www.cchla.ufpb.br\/ppgnec\/wp-content\/uploads\/2025\/07\/LOGO-NESMEP-QUALIDADE-BOA.png\"><img loading=\"lazy\" src=\"https:\/\/www.cchla.ufpb.br\/ppgnec\/wp-content\/uploads\/2025\/07\/LOGO-NESMEP-QUALIDADE-BOA.png\" alt=\"\" class=\"wp-image-3760\" width=\"297\" height=\"297\" srcset=\"https:\/\/www.cchla.ufpb.br\/ppgnec\/wp-content\/uploads\/2025\/07\/LOGO-NESMEP-QUALIDADE-BOA.png 500w, https:\/\/www.cchla.ufpb.br\/ppgnec\/wp-content\/uploads\/2025\/07\/LOGO-NESMEP-QUALIDADE-BOA-300x300.png 300w, https:\/\/www.cchla.ufpb.br\/ppgnec\/wp-content\/uploads\/2025\/07\/LOGO-NESMEP-QUALIDADE-BOA-150x150.png 150w\" sizes=\"(max-width: 297px) 100vw, 297px\" \/><\/a><\/figure><\/div>\n\n\n\n<p>Com um olhar voltado para a intersec\u00e7\u00e3o entre <strong>sa\u00fade mental, educa\u00e7\u00e3o e psicometria<\/strong>, o NESMEP tem como miss\u00e3o desenvolver pesquisas que gerem impacto cient\u00edfico e social. Acreditamos na for\u00e7a da colabora\u00e7\u00e3o interdisciplinar para responder a quest\u00f5es complexas. Nossa principal linha de atua\u00e7\u00e3o \u00e9 a <strong>constru\u00e7\u00e3o e valida\u00e7\u00e3o de instrumentos de avalia\u00e7\u00e3o<\/strong>, uma \u00e1rea fundamental para o diagn\u00f3stico e o planejamento de interven\u00e7\u00f5es eficazes. As pesquisas que conduzimos visam, em \u00faltima an\u00e1lise, a produ\u00e7\u00e3o de conhecimento que possa ser aplicado na pr\u00e1tica, contribuindo para o avan\u00e7o das \u00e1reas da sa\u00fade e da educa\u00e7\u00e3o.<\/p>\n\n\n\n<p><\/p>\n\n\n\n<div class=\"wp-container-4 wp-block-buttons\">\n<div class=\"wp-block-button\"><a class=\"wp-block-button__link\" href=\"https:\/\/www.instagram.com\/nesmep.ufpb?igsh=MWRjMWNsZDJ6N3d3dg==\">Acesse o instragram do laborat\u00f3rio!<\/a><\/div>\n\n\n\n<div class=\"wp-block-button\"><a class=\"wp-block-button__link\" href=\"https:\/\/neuroshow.com.br\/\">Acesse a plataforma de estudos desenvolvida pelo laborat\u00f3rio!<\/a><\/div>\n<\/div>\n\n\n\n<p><strong>Laborat\u00f3rio de Psicofarmacologia do Instituto de Pesquisas em F\u00e1rmacos e Medicamentos (IPeFarM\/UFPB)<\/strong><\/p>\n\n\n\n<p>Desenvolve projetos interdisciplinares voltados \u00e0 prospec\u00e7\u00e3o de subst\u00e2ncias naturais e sint\u00e9ticas com potencial terap\u00eautico para transtornos neuropsiqui\u00e1tricos. Possui experi\u00eancia consolidada em an\u00e1lises cl\u00ednicas e toxicol\u00f3gicas, bioqu\u00edmica e farmacologia, com \u00eanfase na forma\u00e7\u00e3o de recursos humanos, na produ\u00e7\u00e3o cient\u00edfica e na gest\u00e3o de atividades acad\u00eamicas integradas \u00e0 pesquisa, inova\u00e7\u00e3o e desenvolvimento institucional.<\/p>\n\n\n\n<p><strong>Laborat\u00f3rio de Ci\u00eancias Cognitivas e Percep\u00e7\u00e3o na UFPB (LACOP)<\/strong><\/p>\n\n\n\n<p>Desenvolve pesquisas nas linhas tem\u00e1ticas: 1) reconhecimento e percep\u00e7\u00e3o de faces; e 2) aspectos neuropsicol\u00f3gicos da emo\u00e7\u00e3o e cogni\u00e7\u00e3o nos transtornos psiqui\u00e1tricos e neurodegenerativos.\u00a0<\/p>\n\n\n\n<p><strong>Laborat\u00f3rio de Percep\u00e7\u00e3o, Neuroci\u00eancias e Comportamento (LPNeC)<\/strong><\/p>\n\n\n\n<p><\/p>\n\n\n\n<p><strong>Laborat\u00f3rio de Pesquisa em Cogni\u00e7\u00e3o e Comportamento (LaPeCC) <\/strong><\/p>\n","protected":false},"excerpt":{"rendered":"<p>Laborat\u00f3rios O Programa de P\u00f3s-gradua\u00e7\u00e3o em Neuroci\u00eancia Cognitiva e Comportamento conta com laborat\u00f3rios que propiciam a integra\u00e7\u00e3o e a produ\u00e7\u00e3o de conhecimento interdisciplinar entre docentes e discentes do programa e contribuem para a consolida\u00e7\u00e3o das linhas de pesquisas com foco no desenvolvimento social regional e nacional, considerando tamb\u00e9m sua inser\u00e7\u00e3o no contexto internacional que pode &#8230; <a title=\"Laborat\u00f3rios\" class=\"read-more\" href=\"https:\/\/www.cchla.ufpb.br\/ppgnec\/nucleos-de-pesquisa\/\" aria-label=\"More on Laborat\u00f3rios\">Ler mais<\/a><\/p>\n","protected":false},"author":13,"featured_media":0,"parent":0,"menu_order":0,"comment_status":"closed","ping_status":"closed","template":"","meta":[],"_links":{"self":[{"href":"https:\/\/www.cchla.ufpb.br\/ppgnec\/wp-json\/wp\/v2\/pages\/161"}],"collection":[{"href":"https:\/\/www.cchla.ufpb.br\/ppgnec\/wp-json\/wp\/v2\/pages"}],"about":[{"href":"https:\/\/www.cchla.ufpb.br\/ppgnec\/wp-json\/wp\/v2\/types\/page"}],"author":[{"embeddable":true,"href":"https:\/\/www.cchla.ufpb.br\/ppgnec\/wp-json\/wp\/v2\/users\/13"}],"replies":[{"embeddable":true,"href":"https:\/\/www.cchla.ufpb.br\/ppgnec\/wp-json\/wp\/v2\/comments?post=161"}],"version-history":[{"count":50,"href":"https:\/\/www.cchla.ufpb.br\/ppgnec\/wp-json\/wp\/v2\/pages\/161\/revisions"}],"predecessor-version":[{"id":4307,"href":"https:\/\/www.cchla.ufpb.br\/ppgnec\/wp-json\/wp\/v2\/pages\/161\/revisions\/4307"}],"wp:attachment":[{"href":"https:\/\/www.cchla.ufpb.br\/ppgnec\/wp-json\/wp\/v2\/media?parent=161"}],"curies":[{"name":"wp","href":"https:\/\/api.w.org\/{rel}","templated":true}]}}