{"id":1672,"date":"2019-05-20T17:55:37","date_gmt":"2019-05-20T17:55:37","guid":{"rendered":"http:\/\/www.cchla.ufpb.br\/ppgnec\/?page_id=1672"},"modified":"2019-07-19T19:02:25","modified_gmt":"2019-07-19T19:02:25","slug":"selecao-de-doutorado-2019","status":"publish","type":"page","link":"https:\/\/www.cchla.ufpb.br\/ppgnec\/processo-seletivo\/selecao-de-doutorado-2019\/","title":{"rendered":"Sele\u00e7\u00e3o de Doutorado 2019"},"content":{"rendered":"<p><a href=\"https:\/\/www.cchla.ufpb.br\/ppgnec\/wp-content\/uploads\/2019\/05\/Edital_de_seleo_doutorado_2019-4.pdf\" target=\"_blank\" rel=\"noopener noreferrer\">Edital de sele\u00e7\u00e3o de doutorado 2019<\/a><\/p>\n<p><a href=\"https:\/\/www.cchla.ufpb.br\/ppgnec\/wp-content\/uploads\/2019\/05\/Edital_de_seleo_doutorado_PPGNEC_2019_-_RETIFICADO-2.pdf\" target=\"_blank\" rel=\"noopener noreferrer\">Edital de sele\u00e7\u00e3o de doutorado PPGNeC 2019 RETIFICADO<\/a><\/p>\n<p><a href=\"https:\/\/www.cchla.ufpb.br\/ppgnec\/wp-content\/uploads\/2019\/05\/resultado-de-homologa\u00e7\u00e3o_sigaa.pdf\" target=\"_blank\" rel=\"noopener noreferrer\">Resultado da homologa\u00e7\u00e3o das inscri\u00e7\u00f5es<\/a><\/p>\n<p><a href=\"https:\/\/www.cchla.ufpb.br\/ppgnec\/wp-content\/uploads\/2019\/07\/Resultado-primeira-etapa.pdf\" target=\"_blank\" rel=\"noopener noreferrer\">Resultado primeira etapa<\/a><\/p>\n<p><a href=\"https:\/\/www.cchla.ufpb.br\/ppgnec\/wp-content\/uploads\/2019\/07\/Resultado-TERCEIRA-ETAPA_analise-do-CV-.pdf\" target=\"_blank\" rel=\"noopener noreferrer\">Resultado da an\u00e1lise do CV<\/a><\/p>\n\n\n<div class=\"wp-block-file\"><a href=\"https:\/\/www.cchla.ufpb.br\/ppgnec\/wp-content\/uploads\/2019\/07\/Resulado-final-ampla-concurrencia.pdf\">Resultado final: ampla concorr\u00eancia<\/a><a href=\"https:\/\/www.cchla.ufpb.br\/ppgnec\/wp-content\/uploads\/2019\/07\/Resulado-final-ampla-concurrencia.pdf\" class=\"wp-block-file__button\" download>Baixar<\/a><\/div>\n\n\n\n<div class=\"wp-block-file\"><a href=\"https:\/\/www.cchla.ufpb.br\/ppgnec\/wp-content\/uploads\/2019\/07\/Resultado-final-a\u00e7\u00f5es-afirmativas.pdf\">Resultado final a\u00e7\u00f5es afirmativas<\/a><a href=\"https:\/\/www.cchla.ufpb.br\/ppgnec\/wp-content\/uploads\/2019\/07\/Resultado-final-a\u00e7\u00f5es-afirmativas.pdf\" class=\"wp-block-file__button\" download>Baixar<\/a><\/div>\n","protected":false},"excerpt":{"rendered":"<p>Edital de sele\u00e7\u00e3o de doutorado 2019 Edital de sele\u00e7\u00e3o de doutorado PPGNeC 2019 RETIFICADO Resultado da homologa\u00e7\u00e3o das inscri\u00e7\u00f5es Resultado primeira etapa Resultado da an\u00e1lise do CV<\/p>\n","protected":false},"author":13,"featured_media":0,"parent":97,"menu_order":0,"comment_status":"closed","ping_status":"closed","template":"","meta":[],"_links":{"self":[{"href":"https:\/\/www.cchla.ufpb.br\/ppgnec\/wp-json\/wp\/v2\/pages\/1672"}],"collection":[{"href":"https:\/\/www.cchla.ufpb.br\/ppgnec\/wp-json\/wp\/v2\/pages"}],"about":[{"href":"https:\/\/www.cchla.ufpb.br\/ppgnec\/wp-json\/wp\/v2\/types\/page"}],"author":[{"embeddable":true,"href":"https:\/\/www.cchla.ufpb.br\/ppgnec\/wp-json\/wp\/v2\/users\/13"}],"replies":[{"embeddable":true,"href":"https:\/\/www.cchla.ufpb.br\/ppgnec\/wp-json\/wp\/v2\/comments?post=1672"}],"version-history":[{"count":6,"href":"https:\/\/www.cchla.ufpb.br\/ppgnec\/wp-json\/wp\/v2\/pages\/1672\/revisions"}],"predecessor-version":[{"id":1892,"href":"https:\/\/www.cchla.ufpb.br\/ppgnec\/wp-json\/wp\/v2\/pages\/1672\/revisions\/1892"}],"up":[{"embeddable":true,"href":"https:\/\/www.cchla.ufpb.br\/ppgnec\/wp-json\/wp\/v2\/pages\/97"}],"wp:attachment":[{"href":"https:\/\/www.cchla.ufpb.br\/ppgnec\/wp-json\/wp\/v2\/media?parent=1672"}],"curies":[{"name":"wp","href":"https:\/\/api.w.org\/{rel}","templated":true}]}}