{"id":1732,"date":"2019-06-18T10:55:32","date_gmt":"2019-06-18T10:55:32","guid":{"rendered":"http:\/\/www.cchla.ufpb.br\/ppgnec\/?page_id=1732"},"modified":"2025-08-09T21:30:35","modified_gmt":"2025-08-09T21:30:35","slug":"formularios-diversos","status":"publish","type":"page","link":"https:\/\/www.cchla.ufpb.br\/ppgnec\/formularios-diversos\/","title":{"rendered":"Modelos de Documentos"},"content":{"rendered":"\n<div class=\"panel panel-primary\">\n\t\t\t\n\t\t\t\t\n\t\t\t\t<div class=\"panel-heading\">\n\t\t\t\t\t<strong class=\"panel-title\">\n\t\t\t\t\t\tDocumentos\n\t\t\t\t\t<\/strong>\n\t\t\t\t<\/div>\n\t\t\t\t<div class=\"panel-body\">\n\t\t\t\t\t<ul class=\"list-group\">\n\t\t\t\t\t\n\t\t\t\n\t\t\t\t<li class=\"list-group-item\">\n\t\t\t\t\t<a class=\"cor\" href=\"https:\/\/sigaa.ufpb.br\/sigaa\/verProducao?idProducao=5459983\n\t\t\t\t\t\t\t&amp;key=191548a0f734a06308dbc08c6807055d\" target=\"_blank\" rel=\"noopener\">\n\t\t\t\t\t\tAUTORIZA\u00c7\u00c3O DE DIVULGA\u00c7\u00c3O DE TRABALHO FINAL\n\t\t\t\t\t<\/a>\n\t\t\t\t<\/li>\n\t\t\t\n\t\t\t\t\t\n\t\t\t\n\t\t\t\t<li class=\"list-group-item\">\n\t\t\t\t\t<a class=\"cor\" href=\"https:\/\/sigaa.ufpb.br\/sigaa\/verProducao?idProducao=7374287\n\t\t\t\t\t\t\t&amp;key=0053043caacab74adb391656291f0a58\" target=\"_blank\" rel=\"noopener\">\n\t\t\t\t\t\tBIBLOGRAFIA DAS DISCIPLINAS\n\t\t\t\t\t<\/a>\n\t\t\t\t<\/li>\n\t\t\t\n\t\t\t\t\t\n\t\t\t\n\t\t\t\t<li class=\"list-group-item\">\n\t\t\t\t\t<a class=\"cor\" href=\"https:\/\/sigaa.ufpb.br\/sigaa\/verProducao?idProducao=7730678\n\t\t\t\t\t\t\t&amp;key=e24ae71bc73456e10806fa6658f91b82\" target=\"_blank\" rel=\"noopener\">\n\t\t\t\t\t\tCALEND\u00c1RIO ACAD\u00caMICO 2025.2\n\t\t\t\t\t<\/a>\n\t\t\t\t<\/li>\n\t\t\t\n\t\t\t\t<li class=\"list-group-item\">\n\t\t\t\t\t<a class=\"cor\" href=\"https:\/\/sigaa.ufpb.br\/sigaa\/verProducao?idProducao=3070299\n\t\t\t\t\t\t\t&amp;key=5a588b4bc8a40fdf92d4df54a83c547e\" target=\"_blank\" rel=\"noopener\">\n\t\t\t\t\t\tCERTID\u00c3O DE BIOSSEGURAN\u00c7A &#8211; LABORAT\u00d3RIO DE NEUROCI\u00caNCIA SOCIAL\n\t\t\t\t\t<\/a>\n\t\t\t\t<\/li>\n\t\t\t\n\t\t\t\t\t\n\t\t\t\n\t\t\t\t<li class=\"list-group-item\">\n\t\t\t\t\t<a class=\"cor\" href=\"https:\/\/sigaa.ufpb.br\/sigaa\/verProducao?idProducao=6948683\n\t\t\t\t\t\t\t&amp;key=d95a5f961e516f9b769a2f508b623b10\" target=\"_blank\" rel=\"noopener\">\n\t\t\t\t\t\tDECLARA\u00c7\u00c3O DE AC\u00daMULOS &#8211; CAPES\n\t\t\t\t\t<\/a>\n\t\t\t\t<\/li>\n\t\t\t\n\t\t\t\t\t\n\t\t\t\n\t\t\t\t<li class=\"list-group-item\">\n\t\t\t\t\t<a class=\"cor\" href=\"https:\/\/sigaa.ufpb.br\/sigaa\/verProducao?idProducao=3621661\n\t\t\t\t\t\t\t&amp;key=90e87b9042ccd52f09ef1605e8d187f6\" target=\"_blank\" rel=\"noopener\">\n\t\t\t\t\t\tFICHA DE AVALIA\u00c7\u00c3O DE DEFESA\n\t\t\t\t\t<\/a>\n\t\t\t\t<\/li>\n\t\t\t\n\t\t\t\t\t\n\t\t\t\n\t\t\t\t<li class=\"list-group-item\">\n\t\t\t\t\t<a class=\"cor\" href=\"https:\/\/sigaa.ufpb.br\/sigaa\/verProducao?idProducao=5234745\n\t\t\t\t\t\t\t&amp;key=7e5030ee13f5c1e3e4816691c3626081\" target=\"_blank\" rel=\"noopener\">\n\t\t\t\t\t\tFICHA DE INSCRI\u00c7\u00c3O &#8211; ALUNO ESPECIAL\n\t\t\t\t\t<\/a>\n\t\t\t\t<\/li>\n\t\t\t\n\t\t\t\t\t\n\t\t\t\n\t\t\t\t<li class=\"list-group-item\">\n\t\t\t\t\t<a class=\"cor\" href=\"https:\/\/sigaa.ufpb.br\/sigaa\/verProducao?idProducao=5934432\n\t\t\t\t\t\t\t&amp;key=385b82926deda076337bb813482a916c\" target=\"_blank\" rel=\"noopener\">\n\t\t\t\t\t\tFICHA DE MATR\u00cdCULA &#8211; ALUNO REGULAR\n\t\t\t\t\t<\/a>\n\t\t\t\t<\/li>\n\t\t\t\n\t\t\t\t\t\n\t\t\t\n\t\t\t\t<li class=\"list-group-item\">\n\t\t\t\t\t<a class=\"cor\" href=\"https:\/\/sigaa.ufpb.br\/sigaa\/verProducao?idProducao=7682093\n\t\t\t\t\t\t\t&amp;key=dbd9e5cc32cc139201b3e9b2cdb24d8f\" target=\"_blank\" rel=\"noopener\">\n\t\t\t\t\t\tFORMUL\u00c1RIO DE CADASTRO DE BANCA EXAMINADORA &#8211; DEFESA (DISSERTA\u00c7\u00c3O\/TESE)\n\t\t\t\t\t<\/a>\n\t\t\t\t<\/li>\n\t\t\t\n\t\t\t\t\t\n\t\t\t\n\t\t\t\t<li class=\"list-group-item\">\n\t\t\t\t\t<a class=\"cor\" href=\"https:\/\/sigaa.ufpb.br\/sigaa\/verProducao?idProducao=7767025\n\t\t\t\t\t\t\t&amp;key=18416e573ac9afcc797ca6d38daaed8d\" target=\"_blank\" rel=\"noopener\">\n\t\t\t\t\t\tFORMUL\u00c1RIO DE CADASTRO DE BANCA EXAMINADORA &#8211; PR\u00c9-BANCA\/PROJETO\/QUALIFICA\u00c7\u00c3O (DISSERTA\u00c7\u00c3O\/TESE)\n\t\t\t\t\t<\/a>\n\t\t\t\t<\/li>\n\t\t\t\n\t\t\t\t\t\n\t\t\t\n\t\t\t\t<li class=\"list-group-item\">\n\t\t\t\t\t<a class=\"cor\" href=\"https:\/\/sigaa.ufpb.br\/sigaa\/verProducao?idProducao=2122754\n\t\t\t\t\t\t\t&amp;key=56a372aa52b09301aa98ade7769c380f\" target=\"_blank\" rel=\"noopener\">\n\t\t\t\t\t\tFREQU\u00caNCIA DE BANCA\n\t\t\t\t\t<\/a>\n\t\t\t\t<\/li>\n\t\t\t\n\t\t\t\t<li class=\"list-group-item\">\n\t\t\t\t\t<a class=\"cor\" href=\"https:\/\/sigaa.ufpb.br\/sigaa\/verProducao?idProducao=7142381\n\t\t\t\t\t\t\t&amp;key=1ac0457192bcd2ce41d46b5d91134ded\" target=\"_blank\" rel=\"noopener\">\n\t\t\t\t\t\tGUIDELINE PARA TESES E DISSERTA\u00c7\u00d5ES\n\t\t\t\t\t<\/a>\n\t\t\t\t<\/li>\n\n\t\t\t\n\t\t\t\t<li class=\"list-group-item\">\n\t\t\t\t\t<a class=\"cor\" href=\"https:\/\/sigaa.ufpb.br\/sigaa\/verProducao?idProducao=3531278\n\t\t\t\t\t\t\t&amp;key=e3aab1659b54722266351f56986dba80\" target=\"_blank\" rel=\"noopener\">\n\t\t\t\t\t\tMANUAL DE AUTODEP\u00d3SITO DE TESES\/DISSERTA\u00c7\u00d5ES ATRAV\u00c9S DO SIGAA\n\t\t\t\t\t<\/a>\n\t\t\t\t<\/li>\n\t\t\t\n\t\t\t\t\t\n\t\t\t\n\t\t\t\t<li class=\"list-group-item\">\n\t\t\t\t\t<a class=\"cor\" href=\"https:\/\/sigaa.ufpb.br\/sigaa\/verProducao?idProducao=7663967\n\t\t\t\t\t\t\t&amp;key=4d82b935404a7803bb47d17379b7f842\" target=\"_blank\" rel=\"noopener\">\n\t\t\t\t\t\tMODELO DE RELAT\u00d3RIO DE EST\u00c1GIO DOC\u00caNCIA\n\t\t\t\t\t<\/a>\n\t\t\t\t<\/li>\n\t\t\t\n\t\t\t\t\t\n\t\t\t\n\t\t\t\t<li class=\"list-group-item\">\n\t\t\t\t\t<a class=\"cor\" href=\"https:\/\/sigaa.ufpb.br\/sigaa\/verProducao?idProducao=4384573\n\t\t\t\t\t\t\t&amp;key=b1d0ccd6d1a93deb22da6e0bf3545dfc\" target=\"_blank\" rel=\"noopener\">\n\t\t\t\t\t\tNORMAS PARA DEFESA DE PROJETO DE PESQUISA &#8211; PPGNEC\n\t\t\t\t\t<\/a>\n\t\t\t\t<\/li>\n\t\t\t\n\t\t\t\t\t\n\t\t\t\n\t\t\t\t<li class=\"list-group-item\">\n\t\t\t\t\t<a class=\"cor\" href=\"https:\/\/sigaa.ufpb.br\/sigaa\/verProducao?idProducao=7752061\n\t\t\t\t\t\t\t&amp;key=1ca59191b0008ef3416197df54c53c32\" target=\"_blank\" rel=\"noopener\">\n\t\t\t\t\t\tNormativa Interna &#8211; Distribui\u00e7\u00e3o de Bolsas PPGNEC 2024\n\t\t\t\t\t<\/a>\n\t\t\t\t<\/li>\n\t\t\t\n\t\t\t\t\t\n\t\t\t\n\t\t\t\t<li class=\"list-group-item\">\n\t\t\t\t\t<a class=\"cor\" href=\"https:\/\/sigaa.ufpb.br\/sigaa\/verProducao?idProducao=5182266\n\t\t\t\t\t\t\t&amp;key=d94759cd72d08df8b08357a0353b4b09\" target=\"_blank\" rel=\"noopener\">\n\t\t\t\t\t\tORIENTA\u00c7\u00d5ES DE DEFESA DE PROJETO DE PESQUISA DO DOUTORADO\n\t\t\t\t\t<\/a>\n\t\t\t\t<\/li>\n\t\t\t\n\n\t\t\t\t<li class=\"list-group-item\">\n\t\t\t\t\t<a class=\"cor\" href=\"https:\/\/sigaa.ufpb.br\/sigaa\/verProducao?idProducao=7325261\n\t\t\t\t\t\t\t&amp;key=45a56ec8faae3f9724ae7fe181bc980a\" target=\"_blank\" rel=\"noopener\">\n\t\t\t\t\t\tPlanejamento das Disciplinas 2025.1\n\t\t\t\t\t<\/a>\n\t\t\t\t<\/li>\n\t\t\t\n\t\t\t\t\t\n\t\t\t\n\t\t\t\t<li class=\"list-group-item\">\n\t\t\t\t\t<a class=\"cor\" href=\"https:\/\/sigaa.ufpb.br\/sigaa\/verProducao?idProducao=2958558\n\t\t\t\t\t\t\t&amp;key=05c25534106ff7651d2673c6d9a1d336\" target=\"_blank\" rel=\"noopener\">\n\t\t\t\t\t\tPlano de retorno do Laborat\u00f3rio de Neuroci\u00eancia Social\n\t\t\t\t\t<\/a>\n\t\t\t\t<\/li>\n\t\t\t\n\t\t\t\t\t\n\t\t\t\n\t\t\t\t<li class=\"list-group-item\">\n\t\t\t\t\t<a class=\"cor\" href=\"https:\/\/sigaa.ufpb.br\/sigaa\/verProducao?idProducao=2142412\n\t\t\t\t\t\t\t&amp;key=b4abd6a46ba904371cc2bbc2c939f35f\" target=\"_blank\" rel=\"noopener\">\n\t\t\t\t\t\tREGULAMENTO GERAL DOS PROGRAMAS DE P\u00d3S-GRADUA\u00c7\u00c3O STRICTO SENSU DA UNIVERSIDADE FEDERAL DA PARA\u00cdBA\n\t\t\t\t\t<\/a>\n\t\t\t\t<\/li>\n\t\t\t\n\t\t\t\t\t\n\t\t\t\n\t\t\t\t<li class=\"list-group-item\">\n\t\t\t\t\t<a class=\"cor\" href=\"https:\/\/sigaa.ufpb.br\/sigaa\/verProducao?idProducao=6706911\n\t\t\t\t\t\t\t&amp;key=402c7eead788392a5b3ef4037dd35d4a\" target=\"_blank\" rel=\"noopener\">\n\t\t\t\t\t\tRELATO?RIO SEMESTRAL DE ATIVIDADES PPGNEC\n\t\t\t\t\t<\/a>\n\t\t\t\t<\/li>\n\t\t\t\n\t\t\t\t\t\n\t\t\t\n\t\t\t\t<li class=\"list-group-item\">\n\t\t\t\t\t<a class=\"cor\" href=\"https:\/\/sigaa.ufpb.br\/sigaa\/verProducao?idProducao=5296153\n\t\t\t\t\t\t\t&amp;key=2dda106f25ae4b6066b9b7da78b86ce1\" target=\"_blank\" rel=\"noopener\">\n\t\t\t\t\t\tREQUERIMENTO DE APROVEITAMENTO DE ESTUDOS EM DISCIPLINAS\n\t\t\t\t\t<\/a>\n\t\t\t\t<\/li>\n\t\t\t\n\t\t\t\t\t\n\t\t\t\n\t\t\t\t<li class=\"list-group-item\">\n\t\t\t\t\t<a class=\"cor\" href=\"https:\/\/sigaa.ufpb.br\/sigaa\/verProducao?idProducao=6541929\n\t\t\t\t\t\t\t&amp;key=3626b646fe91e418029ab41296abad13\" target=\"_blank\" rel=\"noopener\">\n\t\t\t\t\t\tREQUERIMENTO DE REALIZA\u00c7\u00c3O DE EST\u00c1GIO DOC\u00caNCIA\n\t\t\t\t\t<\/a>\n\t\t\t\t<\/li>\n\t\t\t\n\t\t\t\t\t\n\t\t\t\n\t\t\t\t<li class=\"list-group-item\">\n\t\t\t\t\t<a class=\"cor\" href=\"https:\/\/sigaa.ufpb.br\/sigaa\/verProducao?idProducao=6275755\n\t\t\t\t\t\t\t&amp;key=fb88118c2b7140b3d6f7fe155cd042ee\" target=\"_blank\" rel=\"noopener\">\n\t\t\t\t\t\tREQUERIMENTO DE SOLICITA\u00c7\u00c3O DE CANCELAMENTO DE V\u00cdNCULO\n\t\t\t\t\t<\/a>\n\t\t\t\t<\/li>\n\t\t\t\n\t\t\t\t\t\n\t\t\t\n\t\t\t\t<li class=\"list-group-item\">\n\t\t\t\t\t<a class=\"cor\" href=\"https:\/\/sigaa.ufpb.br\/sigaa\/verProducao?idProducao=4849566\n\t\t\t\t\t\t\t&amp;key=3f7a8e2db4dec0c2f5adcf16953bc8d2\" target=\"_blank\" rel=\"noopener\">\n\t\t\t\t\t\tREQUERIMENTO DE SOLICITA\u00c7\u00c3O DE COORIENTA\u00c7\u00c3O\n\t\t\t\t\t<\/a>\n\t\t\t\t<\/li>\n\t\t\t\n\t\t\t\t\t\n\t\t\t\n\t\t\t\t<li class=\"list-group-item\">\n\t\t\t\t\t<a class=\"cor\" href=\"https:\/\/sigaa.ufpb.br\/sigaa\/verProducao?idProducao=6313115\n\t\t\t\t\t\t\t&amp;key=5ce7fcd6f75f0fb3961bf80c4221b5e2\" target=\"_blank\" rel=\"noopener\">\n\t\t\t\t\t\tREQUERIMENTO DE SOLICITA\u00c7\u00c3O DE DISPENSA EM EST\u00c1GIO DOC\u00caNCIA\n\t\t\t\t\t<\/a>\n\t\t\t\t<\/li>\n\t\t\t\n\t\t\t\t\t\n\t\t\t\n\t\t\t\t<li class=\"list-group-item\">\n\t\t\t\t\t<a class=\"cor\" href=\"https:\/\/sigaa.ufpb.br\/sigaa\/verProducao?idProducao=5488820\n\t\t\t\t\t\t\t&amp;key=10415fe63a2141ccc7db40225c333c64\" target=\"_blank\" rel=\"noopener\">\n\t\t\t\t\t\tREQUERIMENTO DE SOLICITA\u00c7\u00c3O DE EMISS\u00c3O DE DIPLOMA\n\t\t\t\t\t<\/a>\n\t\t\t\t<\/li>\n\t\t\t\n\t\t\t\t\t\n\t\t\t\n\t\t\t\t<li class=\"list-group-item\">\n\t\t\t\t\t<a class=\"cor\" href=\"https:\/\/sigaa.ufpb.br\/sigaa\/verProducao?idProducao=6197168\n\t\t\t\t\t\t\t&amp;key=4761f7473784d81f209df99fbf44bcb6\" target=\"_blank\" rel=\"noopener\">\n\t\t\t\t\t\tREQUERIMENTO DE SOLICITA\u00c7\u00c3O DE ESTUDOS ESPECIAIS\n\t\t\t\t\t<\/a>\n\t\t\t\t<\/li>\n\t\t\t\n\t\t\t\t\t\n\t\t\t\n\t\t\t\t<li class=\"list-group-item\">\n\t\t\t\t\t<a class=\"cor\" href=\"https:\/\/sigaa.ufpb.br\/sigaa\/verProducao?idProducao=4836191\n\t\t\t\t\t\t\t&amp;key=05b54a916c08bb41396d74261c2d0ac4\" target=\"_blank\" rel=\"noopener\">\n\t\t\t\t\t\tREQUERIMENTO DE SOLICITA\u00c7\u00c3O DE INTERRUP\u00c7\u00c3O DE ESTUDOS\n\t\t\t\t\t<\/a>\n\t\t\t\t<\/li>\n\t\t\t\n\t\t\t\t\t\n\t\t\t\n\t\t\t\t<li class=\"list-group-item\">\n\t\t\t\t\t<a class=\"cor\" href=\"https:\/\/sigaa.ufpb.br\/sigaa\/verProducao?idProducao=4836149\n\t\t\t\t\t\t\t&amp;key=69be4ba63ec44c6cb0e1c09d5f9fb782\" target=\"_blank\" rel=\"noopener\">\n\t\t\t\t\t\tREQUERIMENTO DE SOLICITA\u00c7\u00c3O DE PRORROGA\u00c7\u00c3O DE PRAZO DE DEFESA\n\t\t\t\t\t<\/a>\n\t\t\t\t<\/li>\n\t\t\t\n\t\t\t\t\t\n\t\t\t\n\t\t\t\t<li class=\"list-group-item\">\n\t\t\t\t\t<a class=\"cor\" href=\"https:\/\/sigaa.ufpb.br\/sigaa\/verProducao?idProducao=6947270\n\t\t\t\t\t\t\t&amp;key=5a3833ef77ad8d1603b7331f3ac1fe17\" target=\"_blank\" rel=\"noopener\">\n\t\t\t\t\t\tREQUERIMENTO DE SOLICITA\u00c7\u00c3O DE TRANCAMENTO DE DISCIPLINA\n\t\t\t\t\t<\/a>\n\t\t\t\t<\/li>\n\t\t\t\n\t\t\t\t\t\n\t\t\t\n\t\t\t\t<li class=\"list-group-item\">\n\t\t\t\t\t<a class=\"cor\" href=\"https:\/\/sigaa.ufpb.br\/sigaa\/verProducao?idProducao=2142414\n\t\t\t\t\t\t\t&amp;key=480341fa046a3d20e92edfcd49739a48\" target=\"_blank\" rel=\"noopener\">\n\t\t\t\t\t\tRESOLU\u00c7\u00c3O N\u00ba 14\/2016 &#8211; MESTRADO ACAD\u00caMICO (PPGNEC)\n\t\t\t\t\t<\/a>\n\t\t\t\t<\/li>\n\t\t\t\n\t\t\t\t\t\n\t\t\t\n\t\t\t\t<li class=\"list-group-item\">\n\t\t\t\t\t<a class=\"cor\" href=\"https:\/\/sigaa.ufpb.br\/sigaa\/verProducao?idProducao=2142422\n\t\t\t\t\t\t\t&amp;key=976d1d2f71dc9d4cc7446e47e98b744f\" target=\"_blank\" rel=\"noopener\">\n\t\t\t\t\t\tRESOLU\u00c7\u00c3O N\u00ba 24\/2016 &#8211; DOUTORADO (PPGNEC)\n\t\t\t\t\t<\/a>\n\t\t\t\t<\/li>\n\t\t\t\n\t\t\t\t\t\n\t\t\t\n\t\t\t\t<li class=\"list-group-item\">\n\t\t\t\t\t<a class=\"cor\" href=\"https:\/\/sigaa.ufpb.br\/sigaa\/verProducao?idProducao=2142286\n\t\t\t\t\t\t\t&amp;key=2eb124516eeda6c2bd3c81ce00d53ced\" target=\"_blank\" rel=\"noopener\">\n\t\t\t\t\t\tTERMO DE COMPROMISSO &#8211; PPGNEC\n\t\t\t\t\t<\/a>\n\t\t\t\t<\/li>\n\t\t\t\n\t\t\t<\/ul>\n\t\t<\/div>\n\t\t<\/div>\n","protected":false},"excerpt":{"rendered":"<p>Documentos AUTORIZA\u00c7\u00c3O DE DIVULGA\u00c7\u00c3O DE TRABALHO FINAL BIBLOGRAFIA DAS DISCIPLINAS CALEND\u00c1RIO ACAD\u00caMICO 2025.2 CERTID\u00c3O DE BIOSSEGURAN\u00c7A &#8211; LABORAT\u00d3RIO DE NEUROCI\u00caNCIA SOCIAL DECLARA\u00c7\u00c3O DE AC\u00daMULOS &#8211; CAPES FICHA DE AVALIA\u00c7\u00c3O DE DEFESA FICHA DE INSCRI\u00c7\u00c3O &#8211; ALUNO ESPECIAL FICHA DE MATR\u00cdCULA &#8211; ALUNO REGULAR FORMUL\u00c1RIO DE CADASTRO DE BANCA EXAMINADORA &#8211; DEFESA (DISSERTA\u00c7\u00c3O\/TESE) FORMUL\u00c1RIO DE CADASTRO &#8230; <a title=\"Modelos de Documentos\" class=\"read-more\" href=\"https:\/\/www.cchla.ufpb.br\/ppgnec\/formularios-diversos\/\" aria-label=\"More on Modelos de Documentos\">Ler mais<\/a><\/p>\n","protected":false},"author":13,"featured_media":0,"parent":0,"menu_order":0,"comment_status":"closed","ping_status":"closed","template":"","meta":[],"_links":{"self":[{"href":"https:\/\/www.cchla.ufpb.br\/ppgnec\/wp-json\/wp\/v2\/pages\/1732"}],"collection":[{"href":"https:\/\/www.cchla.ufpb.br\/ppgnec\/wp-json\/wp\/v2\/pages"}],"about":[{"href":"https:\/\/www.cchla.ufpb.br\/ppgnec\/wp-json\/wp\/v2\/types\/page"}],"author":[{"embeddable":true,"href":"https:\/\/www.cchla.ufpb.br\/ppgnec\/wp-json\/wp\/v2\/users\/13"}],"replies":[{"embeddable":true,"href":"https:\/\/www.cchla.ufpb.br\/ppgnec\/wp-json\/wp\/v2\/comments?post=1732"}],"version-history":[{"count":56,"href":"https:\/\/www.cchla.ufpb.br\/ppgnec\/wp-json\/wp\/v2\/pages\/1732\/revisions"}],"predecessor-version":[{"id":4251,"href":"https:\/\/www.cchla.ufpb.br\/ppgnec\/wp-json\/wp\/v2\/pages\/1732\/revisions\/4251"}],"wp:attachment":[{"href":"https:\/\/www.cchla.ufpb.br\/ppgnec\/wp-json\/wp\/v2\/media?parent=1732"}],"curies":[{"name":"wp","href":"https:\/\/api.w.org\/{rel}","templated":true}]}}