{"id":1847,"date":"2019-07-10T14:15:36","date_gmt":"2019-07-10T14:15:36","guid":{"rendered":"http:\/\/www.cchla.ufpb.br\/ppgnec\/?page_id=1847"},"modified":"2022-04-28T11:59:09","modified_gmt":"2022-04-28T11:59:09","slug":"dissertacoes-teses","status":"publish","type":"page","link":"https:\/\/www.cchla.ufpb.br\/ppgnec\/dissertacoes-teses\/","title":{"rendered":"Disserta\u00e7\u00f5es\/Teses"},"content":{"rendered":"<p><a href=\"https:\/\/sigaa.ufpb.br\/sigaa\/public\/programa\/defesas.jsf?lc=pt_BR&amp;id=2621\" target=\"_blank\" rel=\"noopener noreferrer\">CLIQUE AQUI PARA ACESSAR AS DISSERTA\u00c7\u00d5ES\/TESES DO PROGRAMA<\/a><\/p>\n<hr \/>\n<p><a href=\"https:\/\/www.cchla.ufpb.br\/ppgnec\/wp-content\/uploads\/2020\/03\/Diretrizes_Versa\u0303o-Final_03_08_15.pdf\" target=\"_blank\" rel=\"noopener noreferrer\">DIRETRIZES PARA REDA\u00c7\u00c3O E EDITORA\u00c7\u00c3O &#8211; TESES E DISSERTA\u00c7\u00d5ES<\/a><\/p>\n","protected":false},"excerpt":{"rendered":"<p>CLIQUE AQUI PARA ACESSAR AS DISSERTA\u00c7\u00d5ES\/TESES DO PROGRAMA DIRETRIZES PARA REDA\u00c7\u00c3O E EDITORA\u00c7\u00c3O &#8211; TESES E DISSERTA\u00c7\u00d5ES<\/p>\n","protected":false},"author":13,"featured_media":0,"parent":0,"menu_order":0,"comment_status":"closed","ping_status":"closed","template":"","meta":[],"_links":{"self":[{"href":"https:\/\/www.cchla.ufpb.br\/ppgnec\/wp-json\/wp\/v2\/pages\/1847"}],"collection":[{"href":"https:\/\/www.cchla.ufpb.br\/ppgnec\/wp-json\/wp\/v2\/pages"}],"about":[{"href":"https:\/\/www.cchla.ufpb.br\/ppgnec\/wp-json\/wp\/v2\/types\/page"}],"author":[{"embeddable":true,"href":"https:\/\/www.cchla.ufpb.br\/ppgnec\/wp-json\/wp\/v2\/users\/13"}],"replies":[{"embeddable":true,"href":"https:\/\/www.cchla.ufpb.br\/ppgnec\/wp-json\/wp\/v2\/comments?post=1847"}],"version-history":[{"count":4,"href":"https:\/\/www.cchla.ufpb.br\/ppgnec\/wp-json\/wp\/v2\/pages\/1847\/revisions"}],"predecessor-version":[{"id":2222,"href":"https:\/\/www.cchla.ufpb.br\/ppgnec\/wp-json\/wp\/v2\/pages\/1847\/revisions\/2222"}],"wp:attachment":[{"href":"https:\/\/www.cchla.ufpb.br\/ppgnec\/wp-json\/wp\/v2\/media?parent=1847"}],"curies":[{"name":"wp","href":"https:\/\/api.w.org\/{rel}","templated":true}]}}