{"id":188,"date":"2014-02-14T12:20:21","date_gmt":"2014-02-14T12:20:21","guid":{"rendered":"http:\/\/www.cchla.ufpb.br\/ppgnec\/?page_id=188"},"modified":"2022-04-28T11:59:07","modified_gmt":"2022-04-28T11:59:07","slug":"homepage-2","status":"publish","type":"page","link":"https:\/\/www.cchla.ufpb.br\/ppgnec\/homepage-2\/","title":{"rendered":""},"content":{"rendered":"<h1 class=\"font_0\"><div id=\"metaslider-id-364\" style=\"max-width: 1400px;\" class=\"ml-slider-3-102-0 metaslider metaslider-flex metaslider-364 ml-slider has-dots-nav ms-theme-default\" role=\"region\" aria-label=\"New Slider\" data-height=\"500\" data-width=\"1400\">\n    <div id=\"metaslider_container_364\">\n        <div id=\"metaslider_364\">\n            <ul class='slides'>\n                <li style=\"display: block; width: 100%;\" class=\"slide-712 ms-image \" aria-roledescription=\"slide\" data-date=\"2016-09-15 13:20:14\" data-slide-type=\"image\"><img src=\"https:\/\/www.cchla.ufpb.br\/ppgnec\/wp-content\/uploads\/2014\/02\/foto-01-1024x365.jpg\" height=\"500\" width=\"1400\" alt=\"\" class=\"slider-364 slide-712 msDefaultImage\" \/><div class=\"caption-wrap\"><div class=\"caption\">Universidade Federal da Para\u00edba. Campus I- Jo\u00e3o Pessoa-PB<\/div><\/div><\/li>\n                <li style=\"display: none; width: 100%;\" class=\"slide-713 ms-image \" aria-roledescription=\"slide\" data-date=\"2016-09-15 13:20:15\" data-slide-type=\"image\"><img src=\"https:\/\/www.cchla.ufpb.br\/ppgnec\/wp-content\/uploads\/2014\/02\/foto-02-1024x365.jpg\" height=\"500\" width=\"1400\" alt=\"\" class=\"slider-364 slide-713 msDefaultImage\" \/><div class=\"caption-wrap\"><div class=\"caption\">UFPB- Vista Panor\u00e2mica<\/div><\/div><\/li>\n                <li style=\"display: none; width: 100%;\" class=\"slide-715 ms-image \" aria-roledescription=\"slide\" data-date=\"2016-09-15 13:20:17\" data-slide-type=\"image\"><img src=\"https:\/\/www.cchla.ufpb.br\/ppgnec\/wp-content\/uploads\/2014\/02\/foto-04-1024x365.jpg\" height=\"500\" width=\"1400\" alt=\"\" class=\"slider-364 slide-715 msDefaultImage\" \/><div class=\"caption-wrap\"><div class=\"caption\">Centro de Ci\u00eancias Humanas Letras e Artes- CCHLA\/UFPB<\/div><\/div><\/li>\n                <li style=\"display: none; width: 100%;\" class=\"slide-714 ms-image \" aria-roledescription=\"slide\" data-date=\"2016-09-15 13:20:17\" data-slide-type=\"image\"><img src=\"https:\/\/www.cchla.ufpb.br\/ppgnec\/wp-content\/uploads\/2014\/02\/foto-03-826x295.jpg\" height=\"500\" width=\"1400\" alt=\"\" class=\"slider-364 slide-714 msDefaultImage\" \/><div class=\"caption-wrap\"><div class=\"caption\">Centro de Ci\u00eancias Humanas Letras e Artes- CCHLA\/UFPB<\/div><\/div><\/li>\n                <li style=\"display: none; width: 100%;\" class=\"slide-716 ms-image \" aria-roledescription=\"slide\" data-date=\"2016-09-15 13:20:18\" data-slide-type=\"image\"><img src=\"https:\/\/www.cchla.ufpb.br\/ppgnec\/wp-content\/uploads\/2014\/02\/foto-05-500x178.jpg\" height=\"500\" width=\"1400\" alt=\"\" class=\"slider-364 slide-716 msDefaultImage\" \/><div class=\"caption-wrap\"><div class=\"caption\">Centro de Ci\u00eancias Humanas Letras e Artes- CCHLA\/UFPB<\/div><\/div><\/li>\n            <\/ul>\n        <\/div>\n        \n    <\/div>\n<\/div><\/h1>\n<h1 class=\"font_0\"><\/h1>\n<h1 class=\"font_0\" style=\"text-align: center;\"><strong><span style=\"color: #0000ff;\">\u00a0 \u00a0 \u00a0 \u00a0 \u00a0 \u00a0 \u00a0 \u00a0 \u00a0 \u00a0 \u00a0 \u00a0 \u00a0 \u00a0 \u00a0 \u00a0 \u00a0 \u00a0 \u00a0 \u00a0 \u00a0 \u00a0SELE\u00c7\u00c3O 2017<\/span><\/strong><\/h1>\n<p style=\"text-align: center;\">\u00a0 \u00a0 \u00a0 \u00a0 \u00a0 \u00a0 \u00a0 \u00a0 \u00a0 \u00a0 \u00a0 \u00a0 \u00a0 \u00a0 \u00a0 \u00a0 \u00a0 \u00a0 \u00a0 \u00a0 \u00a0 \u00a0 \u00a0 \u00a0 \u00a0 \u00a0 \u00a0 \u00a0 \u00a0 \u00a0 \u00a0<a href=\"https:\/\/www.cchla.ufpb.br\/ppgnec\/wp-content\/uploads\/2014\/02\/selecao.jpg\" target=\"_blank\" rel=\"noopener\"><img loading=\"lazy\" class=\"alignnone wp-image-721\" src=\"https:\/\/www.cchla.ufpb.br\/ppgnec\/wp-content\/uploads\/2014\/02\/selecao-300x166.jpg\" alt=\"selecao\" width=\"186\" height=\"103\" srcset=\"https:\/\/www.cchla.ufpb.br\/ppgnec\/wp-content\/uploads\/2014\/02\/selecao-300x166.jpg 300w, https:\/\/www.cchla.ufpb.br\/ppgnec\/wp-content\/uploads\/2014\/02\/selecao-624x344.jpg 624w, https:\/\/www.cchla.ufpb.br\/ppgnec\/wp-content\/uploads\/2014\/02\/selecao.jpg 725w\" sizes=\"(max-width: 186px) 100vw, 186px\" \/><\/a><\/p>\n<p style=\"text-align: center;\"><strong><span style=\"color: #0000ff;\">Em breve, not\u00edcias sobre a sele\u00e7\u00e3o de mestrado para ingresso no per\u00edodo letivo de 2017.1<\/span><\/strong><\/p>\n<p>&nbsp;<\/p>\n<p>&nbsp;<\/p>\n","protected":false},"excerpt":{"rendered":"<p>\u00a0 \u00a0 \u00a0 \u00a0 \u00a0 \u00a0 \u00a0 \u00a0 \u00a0 \u00a0 \u00a0 \u00a0 \u00a0 \u00a0 \u00a0 \u00a0 \u00a0 \u00a0 \u00a0 \u00a0 \u00a0 \u00a0SELE\u00c7\u00c3O 2017 \u00a0 \u00a0 \u00a0 \u00a0 \u00a0 \u00a0 \u00a0 \u00a0 \u00a0 \u00a0 \u00a0 \u00a0 \u00a0 \u00a0 \u00a0 \u00a0 \u00a0 \u00a0 \u00a0 \u00a0 \u00a0 \u00a0 \u00a0 \u00a0 \u00a0 \u00a0 \u00a0 \u00a0 \u00a0 \u00a0 \u00a0 Em &#8230; <a title=\"\" class=\"read-more\" href=\"https:\/\/www.cchla.ufpb.br\/ppgnec\/homepage-2\/\" aria-label=\"More on \">Ler mais<\/a><\/p>\n","protected":false},"author":13,"featured_media":0,"parent":0,"menu_order":0,"comment_status":"closed","ping_status":"open","template":"","meta":[],"_links":{"self":[{"href":"https:\/\/www.cchla.ufpb.br\/ppgnec\/wp-json\/wp\/v2\/pages\/188"}],"collection":[{"href":"https:\/\/www.cchla.ufpb.br\/ppgnec\/wp-json\/wp\/v2\/pages"}],"about":[{"href":"https:\/\/www.cchla.ufpb.br\/ppgnec\/wp-json\/wp\/v2\/types\/page"}],"author":[{"embeddable":true,"href":"https:\/\/www.cchla.ufpb.br\/ppgnec\/wp-json\/wp\/v2\/users\/13"}],"replies":[{"embeddable":true,"href":"https:\/\/www.cchla.ufpb.br\/ppgnec\/wp-json\/wp\/v2\/comments?post=188"}],"version-history":[{"count":59,"href":"https:\/\/www.cchla.ufpb.br\/ppgnec\/wp-json\/wp\/v2\/pages\/188\/revisions"}],"predecessor-version":[{"id":2796,"href":"https:\/\/www.cchla.ufpb.br\/ppgnec\/wp-json\/wp\/v2\/pages\/188\/revisions\/2796"}],"wp:attachment":[{"href":"https:\/\/www.cchla.ufpb.br\/ppgnec\/wp-json\/wp\/v2\/media?parent=188"}],"curies":[{"name":"wp","href":"https:\/\/api.w.org\/{rel}","templated":true}]}}