{"id":2418,"date":"2021-03-09T17:46:53","date_gmt":"2021-03-09T17:46:53","guid":{"rendered":"http:\/\/www.cchla.ufpb.br\/ppgnec\/?page_id=2418"},"modified":"2021-06-30T00:29:55","modified_gmt":"2021-06-30T00:29:55","slug":"selecao-de-mestrado-2021","status":"publish","type":"page","link":"https:\/\/www.cchla.ufpb.br\/ppgnec\/selecao-de-mestrado-2021\/","title":{"rendered":"Sele\u00e7\u00e3o de Mestrado 2021"},"content":{"rendered":"\n<p style=\"text-align:center\">A Coordena\u00e7\u00e3o do Programa de P\u00f3s<br> Gradua\u00e7\u00e3o em Neuroci\u00eancia Cognitiva e Comportamento (PPGNeC) da Universidade<br> Federal da Para\u00edba, no uso de suas atribui\u00e7\u00f5es, torna p\u00fablico o presente edital que regula as condi\u00e7\u00f5es de ingresso, por via de<br> EXAME DE SELE\u00c7\u00c3O, no referido programa, ano letivo 2021.<a rel=\"noreferrer noopener\" aria-label=\" (abre numa nova aba)\" href=\"https:\/\/sigaa.ufpb.br\/sigaa\/public\/programa\/processo_seletivo.jsf?lc=pt_BR&amp;id=2621\" target=\"_blank\">https:\/\/sigaa.ufpb.br\/sigaa\/public\/programa\/processo_seletivo.jsf?lc=pt_BR&amp;id=2621<\/a><\/p>\n\n\n\n<h4><a href=\"https:\/\/sig-arq.ufpb.br\/arquivos\/2021018002dd512905035de15069f6622\/DivulgacaoResultadoIsencao.pdf\">RESULTADO PEDIDOS DE ISEN\u00c7\u00c3O NO PROCESSO DE SELE\u00c7\u00c3O 2021<\/a> <\/h4>\n\n\n\n<p><a href=\"https:\/\/sig-arq.ufpb.br\/arquivos\/202117220820022911287d070154c4bc0\/Edital_Mestrado_2021__com_errada.pdf\">ERRATA EDITAL No 01\/2021 &#8211; PROCESSO DE SELE\u00c7\u00c3O 2021 &#8211; MESTRADO<\/a><\/p>\n\n\n\n<h4><a href=\"https:\/\/sig-arq.ufpb.br\/arquivos\/20210631896c9a291767333a6aa63254f\/DivulgacaoAnexoIX.pdf\">Formul\u00e1rio de avalia\u00e7\u00e3o dos projetos do Edital No 01\/2021 &#8211; PROCESSO DE SELE\u00c7\u00c3O DE MESTRADO 2021<\/a><\/h4>\n\n\n\n<h4><a href=\"https:\/\/sig-arq.ufpb.br\/arquivos\/2021181105339c294911368aa498418fd\/HomologacaoInscricao.pdf\">Homologa\u00e7\u00e3o das Inscri\u00e7\u00f5es<\/a><\/h4>\n\n\n\n<h4><a href=\"https:\/\/sig-arq.ufpb.br\/arquivos\/2021035191a26729602418254a1148cd7\/InscricaoPosRecurso.pdf\">HOMOLOGA\u00c7\u00c3O DAS INSCRI\u00c7\u00d5ES NO PROCESSO DE SELE\u00c7\u00c3O 2021 &#8211; ap\u00f3s an\u00e1lise de pedido de reconsidera\u00e7\u00e3o do resultado<\/a><\/h4>\n\n\n\n<h4><a href=\"https:\/\/sig-arq.ufpb.br\/arquivos\/2021196052ebe03038643ee3e3535edde\/Edital_Mestrado_2021_errata2.pdf\">Errata 02 do Edital de Sele\u00e7\u00e3o de Mestrado<\/a><\/h4>\n\n\n\n<h4><a href=\"https:\/\/sig-arq.ufpb.br\/arquivos\/202103419730d83038837d7fd98c56898\/ResultadoAvalCurriculo.pdf\">Resultado da avalia\u00e7\u00e3o de curr\u00edculo<\/a><\/h4>\n\n\n\n<h4><a href=\"https:\/\/sig-arq.ufpb.br\/arquivos\/20210220972cba3058854558955117a47\/ResultadoAvalCurriculoPosPedido.pdf\">Resultado da avalia\u00e7\u00e3o de curr\u00edculo<\/a><\/h4>\n\n\n\n<h4><a href=\"https:\/\/sig-arq.ufpb.br\/arquivos\/2021116166f31e3078533ca22de9728c6\/ResultadoAvaliaoProjetoPreliminar.pdf\">RESULTADO DA AVALIA\u00c7\u00c3O DOS PROJETOS PRELIMINARES DE PESQUISA NO PROCESSO DE SELE\u00c7\u00c3O 2021<\/a><\/h4>\n\n\n\n<h4><a href=\"https:\/\/sig-arq.ufpb.br\/arquivos\/2021184185b10431187160de937e13a1a\/ResultadoAvaliacaoProjetoPreliminarPosPedido.pdf\">RESULTADO DOS PEDIDOS DE RECONSIDERA\u00c7\u00c3O DA AVALIA\u00c7\u00c3O DOS PROJETOS PRELIMINARES DE PESQUISA NO PROCESSO DE SELE\u00c7\u00c3O 2021<\/a><\/h4>\n\n\n\n<h4><a href=\"https:\/\/sig-arq.ufpb.br\/arquivos\/202103221984923122799bcc15e166ddf\/ResultadoAvaliacaoProjetoPreliminarPosPedido_retificacao.pdf\">RETIFICA\u00c7\u00c3O DO RESULTADO DOS PEDIDOS DE RECONSIDERA\u00c7\u00c3O DA AVALIA\u00c7\u00c3O DOS PROJETOS PRELIMINARES DE PESQUISA NO PROCESSO DE SELE\u00c7\u00c3O 2021<\/a><\/h4>\n\n\n\n<h4><a href=\"https:\/\/sig-arq.ufpb.br\/arquivos\/202113403772c33124211d75916ef3cfd\/DatasSorteioApresentacoes.pdf\">Datas do sorteio das apresenta\u00e7\u00f5es: Sele\u00e7\u00e3o de Mestrado 2021<\/a><\/h4>\n\n\n\n<h4><a href=\"https:\/\/sig-arq.ufpb.br\/arquivos\/20210571289312312729813ecc0d0d818\/TemasApresentacoesSesso1.pdf\">HORARIOS E TEMAS SORTEADOS PARA AS APRESENTA\u00c7\u00d5ES RELATIVAS \u00c0 PROVA DE CONHECIMENTOS BASICOS EM NEUROCIENCIA &#8211; 3\u00aa etapa PROCESSO DE SELE\u00c7\u00c3O 2021 &#8211; SESS\u00c3O 1<\/a><\/h4>\n\n\n\n<h4><a href=\"https:\/\/sig-arq.ufpb.br\/arquivos\/2021248247cbb231281339f1a8dd044d3\/TemasApresentacoesSesso2.pdf\">HORARIOS E TEMAS SORTEADOS PARA AS APRESENTA\u00c7\u00d5ES RELATIVAS \u00c0 PROVA DE CONHECIMENTOS BASICOS EM NEUROCIENCIA &#8211; 3\u00aa etapa PROCESSO DE SELE\u00c7\u00c3O 2021 &#8211; SESS\u00c3O 2<\/a><\/h4>\n\n\n\n<h4><a href=\"https:\/\/sig-arq.ufpb.br\/arquivos\/202106413083a73131011ea396cae7a3c\/TemasApresentacoesSesso3.pdf\">HORARIOS E TEMAS SORTEADOS PARA AS APRESENTA\u00c7\u00d5ES RELATIVAS \u00c0 PROVA DE CONHECIMENTOS BASICOS EM NEUROCIENCIA &#8211; 3\u00aa etapa PROCESSO DE SELE\u00c7\u00c3O 2021 &#8211; SESS\u00c3O 3<\/a><\/h4>\n\n\n\n<h4><a href=\"https:\/\/sig-arq.ufpb.br\/arquivos\/20212490475ba931316478896ad64f8f7\/TemasApresentacoesSesso4.pdf\">HORARIOS E TEMAS SORTEADOS PARA AS APRESENTA\u00c7\u00d5ES RELATIVAS \u00c0 PROVA DE CONHECIMENTOS BASICOS EM NEUROCIENCIA &#8211; 3\u00aa etapa PROCESSO DE SELE\u00c7\u00c3O 2021 &#8211; SESS\u00c3O 4<\/a><\/h4>\n\n\n\n<h4><a href=\"https:\/\/sig-arq.ufpb.br\/arquivos\/20212492488cb7313318533c8c4c1051d\/TemasApresentacoesSesso51.PDF\">HORARIOS E TEMAS SORTEADOS PARA AS APRESENTA\u00c7\u00d5ES RELATIVAS \u00c0 PROVA DE CONHECIMENTOS BASICOS EM NEUROCIENCIA &#8211; 3\u00aa etapa PROCESSO DE SELE\u00c7\u00c3O 2021 &#8211; SESS\u00c3O 5<\/a><\/h4>\n\n\n\n<h4><a href=\"https:\/\/sig-arq.ufpb.br\/arquivos\/202121217650fa3133603ca193e2ed2a8\/TemasApresentacoesSesso6.pdf\">HOR\u00c1RIOS E TEMAS SORTEADOS PARA AS APRESENTA\u00c7\u00d5ES RELATIVAS \u00c0 PROVA DE CONHECIMENTOS B\u00c1SICOS EM NEUROCI\u00caNCIA &#8211; 3\u00aa etapa PROCESSO DE SELE\u00c7\u00c3O 2021 &#8211; SESS\u00c3O 6<\/a><\/h4>\n\n\n\n<h4><a href=\"https:\/\/sig-arq.ufpb.br\/arquivos\/2021191094d2f83159018a6576679a49a\/Resultado3etapa_PPgNeC.pdf\">RESULTADO DA PROVA DE CONHECIMENTOS B\u00c1SICOS EM NEUROCI\u00caNCIA &#8211; 3 ETAPA DO PROCESSO DE SELE\u00c7\u00c3O DE MESTRADO 2021<\/a><\/h4>\n\n\n\n<h4><a href=\"https:\/\/sig-arq.ufpb.br\/arquivos\/2021149197a8853171326efb213e6e4b5\/Resultado3etapaPosRecurso_PPgNeC.pdf\">RESULTADO AP\u00d3S PEDIDO DE RECURSO DA PROVA DE CONHECIMENTOS B\u00c1SICOS EM NEUROCI\u00caNCIA &#8211; 3\u00aa ETAPA DO PROCESSO DE SELE\u00c7\u00c3O DE MESTRADO 2021<\/a><\/h4>\n\n\n\n<h4><a href=\"https:\/\/sig-arq.ufpb.br\/arquivos\/2021026246e6673173269511e78d427b1\/ResultadoFinalPPgNeC2021.pdf\">RESULTADO FINAL DO PROCESSO DE SELE\u00c7\u00c3O DE MESTRADO 2021<\/a><\/h4>\n\n\n\n<h4><a href=\"https:\/\/sig-arq.ufpb.br\/arquivos\/2021233011090a32180998fb4cad2215b\/ResultadoFinalPPgNeC_posHomologao.pdf\">RESULTADO FINAL DO PROCESSO DE SELE\u00c7\u00c3O DE MESTRADO 2021<\/a><\/h4>\n\n\n\n<h4><a href=\"https:\/\/sig-arq.ufpb.br\/arquivos\/2021062021e70632373263b3cb4634ac0\/Edital_Mestrado2021_errata3_Cronograma.pdf\">ERRATA 03 EDITAL No 01\/2021 &#8211; PROCESSO DE SELE\u00c7\u00c3O 2021<\/a><\/h4>\n","protected":false},"excerpt":{"rendered":"<p>A Coordena\u00e7\u00e3o do Programa de P\u00f3s Gradua\u00e7\u00e3o em Neuroci\u00eancia Cognitiva e Comportamento (PPGNeC) da Universidade Federal da Para\u00edba, no uso de suas atribui\u00e7\u00f5es, torna p\u00fablico o presente edital que regula as condi\u00e7\u00f5es de ingresso, por via de EXAME DE SELE\u00c7\u00c3O, no referido programa, ano letivo 2021.https:\/\/sigaa.ufpb.br\/sigaa\/public\/programa\/processo_seletivo.jsf?lc=pt_BR&amp;id=2621 RESULTADO PEDIDOS DE ISEN\u00c7\u00c3O NO PROCESSO DE SELE\u00c7\u00c3O 2021 &#8230; <a title=\"Sele\u00e7\u00e3o de Mestrado 2021\" class=\"read-more\" href=\"https:\/\/www.cchla.ufpb.br\/ppgnec\/selecao-de-mestrado-2021\/\" aria-label=\"More on Sele\u00e7\u00e3o de Mestrado 2021\">Ler mais<\/a><\/p>\n","protected":false},"author":13,"featured_media":0,"parent":0,"menu_order":0,"comment_status":"closed","ping_status":"closed","template":"","meta":[],"_links":{"self":[{"href":"https:\/\/www.cchla.ufpb.br\/ppgnec\/wp-json\/wp\/v2\/pages\/2418"}],"collection":[{"href":"https:\/\/www.cchla.ufpb.br\/ppgnec\/wp-json\/wp\/v2\/pages"}],"about":[{"href":"https:\/\/www.cchla.ufpb.br\/ppgnec\/wp-json\/wp\/v2\/types\/page"}],"author":[{"embeddable":true,"href":"https:\/\/www.cchla.ufpb.br\/ppgnec\/wp-json\/wp\/v2\/users\/13"}],"replies":[{"embeddable":true,"href":"https:\/\/www.cchla.ufpb.br\/ppgnec\/wp-json\/wp\/v2\/comments?post=2418"}],"version-history":[{"count":16,"href":"https:\/\/www.cchla.ufpb.br\/ppgnec\/wp-json\/wp\/v2\/pages\/2418\/revisions"}],"predecessor-version":[{"id":2593,"href":"https:\/\/www.cchla.ufpb.br\/ppgnec\/wp-json\/wp\/v2\/pages\/2418\/revisions\/2593"}],"wp:attachment":[{"href":"https:\/\/www.cchla.ufpb.br\/ppgnec\/wp-json\/wp\/v2\/media?parent=2418"}],"curies":[{"name":"wp","href":"https:\/\/api.w.org\/{rel}","templated":true}]}}