{"id":2659,"date":"2021-10-05T14:14:30","date_gmt":"2021-10-05T14:14:30","guid":{"rendered":"http:\/\/www.cchla.ufpb.br\/ppgnec\/?page_id=2659"},"modified":"2021-11-19T17:29:28","modified_gmt":"2021-11-19T17:29:28","slug":"selecao-de-doutorado-2021","status":"publish","type":"page","link":"https:\/\/www.cchla.ufpb.br\/ppgnec\/selecao-de-doutorado-2021\/","title":{"rendered":"Sele\u00e7\u00e3o de Doutorado 2021"},"content":{"rendered":"\n<p><a href=\"https:\/\/sig-arq.ufpb.br\/arquivos\/202120316485a335279608b6e3dbeb28a\/Edital_Doutorado.2021_ajuste_aps_ERRATA_4.pdf\">Edital de processo seletivo de doutorado 2021 &#8211; Retificado <\/a><\/p>\n\n\n\n<h4><a href=\"https:\/\/sig-arq.ufpb.br\/arquivos\/202103002814143442134c2eb4b40be0b\/Lista_-_Resultado_das_solicitaes_de_iseno.pdf\">Resultado da solicita\u00e7\u00e3o de isen\u00e7\u00e3o de pagamento da taxa de inscri\u00e7\u00e3o no processo seletivo de Doutorado 2021- PPGNEC<\/a><\/h4>\n\n\n\n<p>Reabertura das inscri\u00e7\u00f5es: <a href=\"https:\/\/sigaa.ufpb.br\/sigaa\/public\/programa\/noticias_desc.jsf?lc=pt_BR&amp;id=2621&amp;noticia=230926240\">https:\/\/sigaa.ufpb.br\/sigaa\/public\/programa\/noticias_desc.jsf?lc=pt_BR&amp;id=2621&amp;noticia=230926240<\/a><\/p>\n\n\n\n<p> Homologa\u00e7\u00e3o das inscri\u00e7\u00f5es da ampla concorr\u00eancia: <a href=\"https:\/\/sigaa.ufpb.br\/sigaa\/public\/programa\/noticias_desc.jsf?lc=pt_BR&amp;id=2621&amp;noticia=231042232\">https:\/\/sigaa.ufpb.br\/sigaa\/public\/programa\/noticias_desc.jsf?lc=pt_BR&amp;id=2621&amp;noticia=231042232<\/a> <\/p>\n\n\n\n<p>Lista Homologa\u00e7\u00e3o da inscri\u00e7\u00f5es (a\u00e7\u00f5es afirmativas) da sele\u00e7\u00e3o de doutorado 2021: corrigido: <a href=\"https:\/\/sigaa.ufpb.br\/sigaa\/public\/programa\/noticias_desc.jsf?lc=pt_BR&amp;id=2621&amp;noticia=232048420\">https:\/\/sigaa.ufpb.br\/sigaa\/public\/programa\/noticias_desc.jsf?lc=pt_BR&amp;id=2621&amp;noticia=232048420<\/a><\/p>\n\n\n\n<h4>Resultado da primeira etapa da sele\u00e7\u00e3o: <a href=\"https:\/\/sigaa.ufpb.br\/sigaa\/public\/programa\/noticias_desc.jsf?lc=pt_BR&amp;id=2621&amp;noticia=232915200\">https:\/\/sigaa.ufpb.br\/sigaa\/public\/programa\/noticias_desc.jsf?lc=pt_BR&amp;id=2621&amp;noticia=232915200<\/a><\/h4>\n\n\n<p><!--EndFragment--><\/p>\n\n\n<p><a href=\"https:\/\/sig-arq.ufpb.br\/arquivos\/20210362092e493605309ac1a7b2a5dca\/ResultadoFinalPPgNeC2021.pdf\"> RESULTADO FINAL DO PROCESSO DE SELE\u00c7\u00c3O DE DOUTORADO 2021 <\/a><\/p>\n\n\n\n<h4><a href=\"https:\/\/sig-arq.ufpb.br\/arquivos\/20210431155d393650593f350a9d5fcfc\/ResultadoFinalPPgNeC2021.Recursos_finais.pdf\">RESULTADO FINAL DO PROCESSO DE SELE\u00c7\u00c3O DE DOUTORADO 2021 &#8211; AP\u00d3S RECURSOS FINAIS<\/a><\/h4>\n","protected":false},"excerpt":{"rendered":"<p>Edital de processo seletivo de doutorado 2021 &#8211; Retificado Resultado da solicita\u00e7\u00e3o de isen\u00e7\u00e3o de pagamento da taxa de inscri\u00e7\u00e3o no processo seletivo de Doutorado 2021- PPGNEC Reabertura das inscri\u00e7\u00f5es: https:\/\/sigaa.ufpb.br\/sigaa\/public\/programa\/noticias_desc.jsf?lc=pt_BR&amp;id=2621&amp;noticia=230926240 Homologa\u00e7\u00e3o das inscri\u00e7\u00f5es da ampla concorr\u00eancia: https:\/\/sigaa.ufpb.br\/sigaa\/public\/programa\/noticias_desc.jsf?lc=pt_BR&amp;id=2621&amp;noticia=231042232 Lista Homologa\u00e7\u00e3o da inscri\u00e7\u00f5es (a\u00e7\u00f5es afirmativas) da sele\u00e7\u00e3o de doutorado 2021: corrigido: https:\/\/sigaa.ufpb.br\/sigaa\/public\/programa\/noticias_desc.jsf?lc=pt_BR&amp;id=2621&amp;noticia=232048420 Resultado da primeira etapa &#8230; <a title=\"Sele\u00e7\u00e3o de Doutorado 2021\" class=\"read-more\" href=\"https:\/\/www.cchla.ufpb.br\/ppgnec\/selecao-de-doutorado-2021\/\" aria-label=\"More on Sele\u00e7\u00e3o de Doutorado 2021\">Ler mais<\/a><\/p>\n","protected":false},"author":13,"featured_media":0,"parent":0,"menu_order":0,"comment_status":"closed","ping_status":"closed","template":"","meta":[],"_links":{"self":[{"href":"https:\/\/www.cchla.ufpb.br\/ppgnec\/wp-json\/wp\/v2\/pages\/2659"}],"collection":[{"href":"https:\/\/www.cchla.ufpb.br\/ppgnec\/wp-json\/wp\/v2\/pages"}],"about":[{"href":"https:\/\/www.cchla.ufpb.br\/ppgnec\/wp-json\/wp\/v2\/types\/page"}],"author":[{"embeddable":true,"href":"https:\/\/www.cchla.ufpb.br\/ppgnec\/wp-json\/wp\/v2\/users\/13"}],"replies":[{"embeddable":true,"href":"https:\/\/www.cchla.ufpb.br\/ppgnec\/wp-json\/wp\/v2\/comments?post=2659"}],"version-history":[{"count":7,"href":"https:\/\/www.cchla.ufpb.br\/ppgnec\/wp-json\/wp\/v2\/pages\/2659\/revisions"}],"predecessor-version":[{"id":2713,"href":"https:\/\/www.cchla.ufpb.br\/ppgnec\/wp-json\/wp\/v2\/pages\/2659\/revisions\/2713"}],"wp:attachment":[{"href":"https:\/\/www.cchla.ufpb.br\/ppgnec\/wp-json\/wp\/v2\/media?parent=2659"}],"curies":[{"name":"wp","href":"https:\/\/api.w.org\/{rel}","templated":true}]}}