{"id":2716,"date":"2021-11-25T19:10:16","date_gmt":"2021-11-25T19:10:16","guid":{"rendered":"http:\/\/www.cchla.ufpb.br\/ppgnec\/?page_id=2716"},"modified":"2022-04-28T11:59:09","modified_gmt":"2022-04-28T11:59:09","slug":"defesa-de-trabalho-final-de-mestrado","status":"publish","type":"page","link":"https:\/\/www.cchla.ufpb.br\/ppgnec\/defesa-de-trabalho-final-de-mestrado\/","title":{"rendered":"Defesa de trabalho final de mestrado"},"content":{"rendered":"\n<p> O Programa de P\u00f3s-gradua\u00e7\u00e3o em Neuroci\u00eancia Cognitiva e Comportamento informa sobre a defesa de trabalho de disserta\u00e7\u00e3o abaixo:\u00a0 <\/p>\n\n\n\n<p>Discente: Josemar dos Santos Soares<\/p>\n\n\n\n<p>Orientadora: Dra. Liana Cl\u00e9bia de Morais Pordeus&nbsp;<\/p>\n\n\n\n<p>T\u00edtulo:&nbsp;<\/p>\n\n\n\n<p>Efeito do \u00f3leo essencial da Citrus reticulata em portadores do dist\u00farbio do sono do tipo ins\u00f4nia. Estudo de casos. Um ensaio experimental<\/p>\n\n\n\n<p>Banca Examinadora:&nbsp;<\/p>\n\n\n\n<p>Orientadora: Dra. Liana Cl\u00e9bia de Morais Pordeus<\/p>\n\n\n\n<p>Membro Interno: Dra. Carla Alexandra da Silva Moita Minervino<\/p>\n\n\n\n<p>Membro Externo \u00e0 Institui\u00e7\u00e3o: Dra. Sheyla Cristiane Xenofonte de Almeida (Faculdade de Medicina Est\u00e1cio de Juazeiro do Norte)<\/p>\n\n\n\n<p><\/p>\n\n\n\n<p>Data: 13\/12\/2021<\/p>\n\n\n\n<p>Hor\u00e1rio: 9 H<\/p>\n\n\n\n<p>Link:&nbsp;&nbsp;<a href=\"https:\/\/sigaa.ufpb.br\/sigaa\/stricto\/%20https:\/meet.google.com\/ctt-psbu-aoq\">https:\/\/meet.google.com\/ctt-psbu-aoq<\/a><\/p>\n","protected":false},"excerpt":{"rendered":"<p>O Programa de P\u00f3s-gradua\u00e7\u00e3o em Neuroci\u00eancia Cognitiva e Comportamento informa sobre a defesa de trabalho de disserta\u00e7\u00e3o abaixo:\u00a0 Discente: Josemar dos Santos Soares Orientadora: Dra. Liana Cl\u00e9bia de Morais Pordeus&nbsp; T\u00edtulo:&nbsp; Efeito do \u00f3leo essencial da Citrus reticulata em portadores do dist\u00farbio do sono do tipo ins\u00f4nia. Estudo de casos. Um ensaio experimental Banca Examinadora:&nbsp; &#8230; <a title=\"Defesa de trabalho final de mestrado\" class=\"read-more\" href=\"https:\/\/www.cchla.ufpb.br\/ppgnec\/defesa-de-trabalho-final-de-mestrado\/\" aria-label=\"More on Defesa de trabalho final de mestrado\">Ler mais<\/a><\/p>\n","protected":false},"author":13,"featured_media":0,"parent":0,"menu_order":0,"comment_status":"closed","ping_status":"closed","template":"","meta":[],"_links":{"self":[{"href":"https:\/\/www.cchla.ufpb.br\/ppgnec\/wp-json\/wp\/v2\/pages\/2716"}],"collection":[{"href":"https:\/\/www.cchla.ufpb.br\/ppgnec\/wp-json\/wp\/v2\/pages"}],"about":[{"href":"https:\/\/www.cchla.ufpb.br\/ppgnec\/wp-json\/wp\/v2\/types\/page"}],"author":[{"embeddable":true,"href":"https:\/\/www.cchla.ufpb.br\/ppgnec\/wp-json\/wp\/v2\/users\/13"}],"replies":[{"embeddable":true,"href":"https:\/\/www.cchla.ufpb.br\/ppgnec\/wp-json\/wp\/v2\/comments?post=2716"}],"version-history":[{"count":1,"href":"https:\/\/www.cchla.ufpb.br\/ppgnec\/wp-json\/wp\/v2\/pages\/2716\/revisions"}],"predecessor-version":[{"id":2717,"href":"https:\/\/www.cchla.ufpb.br\/ppgnec\/wp-json\/wp\/v2\/pages\/2716\/revisions\/2717"}],"wp:attachment":[{"href":"https:\/\/www.cchla.ufpb.br\/ppgnec\/wp-json\/wp\/v2\/media?parent=2716"}],"curies":[{"name":"wp","href":"https:\/\/api.w.org\/{rel}","templated":true}]}}