{"id":2763,"date":"2022-04-05T14:19:17","date_gmt":"2022-04-05T14:19:17","guid":{"rendered":"http:\/\/www.cchla.ufpb.br\/ppgnec\/?page_id=2763"},"modified":"2022-06-28T16:10:19","modified_gmt":"2022-06-28T16:10:19","slug":"selecao-de-mestrado-2022","status":"publish","type":"page","link":"https:\/\/www.cchla.ufpb.br\/ppgnec\/selecao-de-mestrado-2022\/","title":{"rendered":"Sele\u00e7\u00e3o de Mestrado 2022"},"content":{"rendered":"\n<p><a href=\"https:\/\/sig-arq.ufpb.br\/arquivos\/2022029011d26c40849497ddc4ec5db51\/Edital_Mestrado_2022_Retificado.pdf\">Edital &#8211; Sele\u00e7\u00e3o de mestrado 2022 (PPGNeC) <\/a><\/p>\n\n\n\n<p><a href=\"https:\/\/www.cchla.ufpb.br\/ppgnec\/edital_mestrado_2022_retificado_2_11_de_abril\/\">Edital retificado &#8211; Sele\u00e7\u00e3o de mestrado 2022 (PPGNeC)<\/a><\/p>\n\n\n\n<h4><a href=\"https:\/\/www.cchla.ufpb.br\/ppgnec\/resultado_pedidos_de_isencao\/\">Rela\u00e7\u00e3o dos isentos referente ao Edital N o 01\/2022 &#8211; PROCESSO DE SELE\u00c7\u00c3O DE MESTRADO 2022<\/a><\/h4>\n\n\n\n<p><a rel=\"noreferrer noopener\" href=\"https:\/\/www.cchla.ufpb.br\/ppgnec\/wp-content\/uploads\/2022\/05\/HomologacaoInscricao_2022.pdf\" target=\"_blank\">HOMOLOGA\u00c7\u00c3O DAS INSCRI\u00c7\u00d5ES NO PROCESSO DE SELE\u00c7\u00c3O 2022<\/a><\/p>\n\n\n\n<p>H<a href=\"https:\/\/www.cchla.ufpb.br\/ppgnec\/wp-content\/uploads\/2022\/05\/HomologacaoInscricao_Reconsideracao_2022.pdf\">OMOLGA\u00c7\u00c3O DAS INSCRI\u00c7\u00d5ES AP\u00d3S PEDIDOS DE RECONSIDERA\u00c7\u00c3O<br>NO PROCESSO DE SELE\u00c7\u00c3O DE MESTRADO &#8211; 2022<\/a><\/p>\n\n\n\n<p><a href=\"https:\/\/www.cchla.ufpb.br\/ppgnec\/wp-content\/uploads\/2022\/05\/Resultado_prova-de-conhecimento_2022.pdf\">RESULTADO DA PROVA DE CONHECIMENTO ESPEC\u00cdFICO<\/a><\/p>\n\n\n\n<p><a href=\"https:\/\/www.cchla.ufpb.br\/ppgnec\/wp-content\/uploads\/2022\/05\/Resultado_Pedido_Reconsiderao_2022.pdf\">PROVA DE CONHECIMENTO ESPEC\u00cdFICO &#8211; JULGAMENTO DOS PEDIDOS DE RECONSIDERA\u00c7\u00c3O<\/a><\/p>\n\n\n\n<p><a href=\"https:\/\/www.cchla.ufpb.br\/ppgnec\/wp-content\/uploads\/2022\/05\/Resultado_prova_de_conhecimento_2022_Aps_reconsiderao.pdf\">RESULTADO DA PROVA DE CONHECIMENTO ESPEC\u00cdFICO<br>(AP\u00d3S PEDIDOS DE RECONSIDERA\u00c7\u00c3O)<\/a><\/p>\n\n\n\n<p><a href=\"https:\/\/www.cchla.ufpb.br\/ppgnec\/wp-content\/uploads\/2022\/05\/Resultado_Projeto_2022.pdf\">RESULTADO DA AVALIA\u00c7\u00c3O DO PROJETO DE PESQUISA<\/a><\/p>\n\n\n\n<p><a rel=\"noreferrer noopener\" href=\"https:\/\/www.cchla.ufpb.br\/ppgnec\/wp-content\/uploads\/2022\/06\/Resultado_CV_2022.pdf\" target=\"_blank\">RESULTADO DA AN\u00c1LISE DO CURR\u00cdCULO<\/a><\/p>\n\n\n\n<p><a rel=\"noreferrer noopener\" href=\"https:\/\/www.cchla.ufpb.br\/ppgnec\/wp-content\/uploads\/2022\/06\/Resultado_Final_2022.pdf\" target=\"_blank\">RESULTADO FINAL<\/a><\/p>\n\n\n\n<p><a href=\"https:\/\/www.cchla.ufpb.br\/ppgnec\/wp-content\/uploads\/2022\/06\/Resultado_Final_2022_Apos_Recursos.pdf\" target=\"_blank\" rel=\"noreferrer noopener\">RESULTADO FINAL &#8211; AP\u00d3S RECURSOS FINAIS<\/a><\/p>\n\n\n\n<p><\/p>\n\n\n\n<p><\/p>\n\n\n\n<p><\/p>\n\n\n\n<p><\/p>\n\n\n\n<p><br><\/p>\n\n\n\n<p><a href=\"https:\/\/www.cchla.ufpb.br\/ppgnec\/wp-content\/uploads\/2022\/05\/Resultado_Pedido_Reconsiderao_2022.pdf\"><br><\/a><\/p>\n\n\n\n<p><\/p>\n\n\n\n<p><\/p>\n\n\n\n<p><a href=\"https:\/\/www.cchla.ufpb.br\/ppgnec\/wp-content\/uploads\/2022\/05\/Resultado_prova-de-conhecimento_2022.pdf\"><br><\/a><\/p>\n\n\n\n<p><\/p>\n\n\n\n<p><\/p>\n\n\n\n<p><\/p>\n","protected":false},"excerpt":{"rendered":"<p>Edital &#8211; Sele\u00e7\u00e3o de mestrado 2022 (PPGNeC) Edital retificado &#8211; Sele\u00e7\u00e3o de mestrado 2022 (PPGNeC) Rela\u00e7\u00e3o dos isentos referente ao Edital N o 01\/2022 &#8211; PROCESSO DE SELE\u00c7\u00c3O DE MESTRADO 2022 HOMOLOGA\u00c7\u00c3O DAS INSCRI\u00c7\u00d5ES NO PROCESSO DE SELE\u00c7\u00c3O 2022 HOMOLGA\u00c7\u00c3O DAS INSCRI\u00c7\u00d5ES AP\u00d3S PEDIDOS DE RECONSIDERA\u00c7\u00c3ONO PROCESSO DE SELE\u00c7\u00c3O DE MESTRADO &#8211; 2022 RESULTADO DA &#8230; <a title=\"Sele\u00e7\u00e3o de Mestrado 2022\" class=\"read-more\" href=\"https:\/\/www.cchla.ufpb.br\/ppgnec\/selecao-de-mestrado-2022\/\" aria-label=\"More on Sele\u00e7\u00e3o de Mestrado 2022\">Ler mais<\/a><\/p>\n","protected":false},"author":13,"featured_media":0,"parent":0,"menu_order":0,"comment_status":"closed","ping_status":"closed","template":"","meta":[],"_links":{"self":[{"href":"https:\/\/www.cchla.ufpb.br\/ppgnec\/wp-json\/wp\/v2\/pages\/2763"}],"collection":[{"href":"https:\/\/www.cchla.ufpb.br\/ppgnec\/wp-json\/wp\/v2\/pages"}],"about":[{"href":"https:\/\/www.cchla.ufpb.br\/ppgnec\/wp-json\/wp\/v2\/types\/page"}],"author":[{"embeddable":true,"href":"https:\/\/www.cchla.ufpb.br\/ppgnec\/wp-json\/wp\/v2\/users\/13"}],"replies":[{"embeddable":true,"href":"https:\/\/www.cchla.ufpb.br\/ppgnec\/wp-json\/wp\/v2\/comments?post=2763"}],"version-history":[{"count":15,"href":"https:\/\/www.cchla.ufpb.br\/ppgnec\/wp-json\/wp\/v2\/pages\/2763\/revisions"}],"predecessor-version":[{"id":2883,"href":"https:\/\/www.cchla.ufpb.br\/ppgnec\/wp-json\/wp\/v2\/pages\/2763\/revisions\/2883"}],"wp:attachment":[{"href":"https:\/\/www.cchla.ufpb.br\/ppgnec\/wp-json\/wp\/v2\/media?parent=2763"}],"curies":[{"name":"wp","href":"https:\/\/api.w.org\/{rel}","templated":true}]}}