{"id":3043,"date":"2023-02-08T16:55:58","date_gmt":"2023-02-08T16:55:58","guid":{"rendered":"https:\/\/www.cchla.ufpb.br\/ppgnec\/?page_id=3043"},"modified":"2023-04-25T13:18:03","modified_gmt":"2023-04-25T13:18:03","slug":"selecao-de-mestrado-2023","status":"publish","type":"page","link":"https:\/\/www.cchla.ufpb.br\/ppgnec\/selecao-de-mestrado-2023\/","title":{"rendered":"Sele\u00e7\u00e3o de Mestrado 2023"},"content":{"rendered":"\n<p><a href=\"https:\/\/www.cchla.ufpb.br\/ppgnec\/wp-content\/uploads\/2023\/02\/Edital_Mestrado_2023_versaofinal_janeiro-27.01.2023.-Aprovado-pela-PRPG-retificado.pdf\">EDITAL DE MESTRADO 2023 (RETIFICADO)<\/a><\/p>\n\n\n\n<p><a href=\"https:\/\/sigaa.ufpb.br\/sigaa\/public\/programa\/noticias_desc.jsf?lc=pt&amp;id=2621&amp;noticia=294918010\">HOMOLOGA\u00c7\u00c3O DAS INSCRI\u00c7\u00d5ES<\/a><\/p>\n\n\n\n<p><a href=\"https:\/\/www.cchla.ufpb.br\/ppgnec\/wp-content\/uploads\/2023\/03\/Homologacao-RECONSIDERACAO.pdf\">HOMOLOGA\u00c7\u00c3O DAS INSCRI\u00c7\u00d5ES AP\u00d3S RECONSIDERA\u00c7\u00d5ES NO<br>PROCESSO DE SELE\u00c7\u00c3O 2023<\/a><\/p>\n\n\n\n<p><a rel=\"noreferrer noopener\" href=\"https:\/\/www.cchla.ufpb.br\/ppgnec\/wp-content\/uploads\/2023\/03\/aprovados1etapa.pdf\" target=\"_blank\">RESULTADO DA 1\u00b0 ETAPA DO PROCESSO DE SELE\u00c7\u00c3O 2023<\/a><\/p>\n\n\n\n<p><a rel=\"noreferrer noopener\" href=\"https:\/\/www.cchla.ufpb.br\/ppgnec\/wp-content\/uploads\/2023\/03\/errata_resultado.pdf\" target=\"_blank\">ERRATA DO RESULTADO DA 1 FASE DA SELE\u00c7\u00c3O- MESTRADO 2023<\/a><\/p>\n\n\n\n<p><a rel=\"noreferrer noopener\" href=\"https:\/\/www.cchla.ufpb.br\/ppgnec\/wp-content\/uploads\/2023\/03\/resultado1etapa_reconsideracoes_final.pdf\" target=\"_blank\">RESULTADO DA 1\u00b0 ETAPA DO PROCESSO DE SELE\u00c7\u00c3O 2023 AP\u00d3S PER\u00cdODO DE RECONSIDERA\u00c7\u00d5ES<\/a><\/p>\n\n\n\n<p><a rel=\"noreferrer noopener\" href=\"https:\/\/sigaa.ufpb.br\/sigaa\/public\/programa\/noticias_desc.jsf?lc=pt&amp;id=2621&amp;noticia=296527377\" data-type=\"URL\" data-id=\"https:\/\/sigaa.ufpb.br\/sigaa\/public\/programa\/noticias_desc.jsf?lc=pt&amp;id=2621&amp;noticia=296527377\" target=\"_blank\">RESULTADO DA AVALIA\u00c7\u00c3O DE PROJETO<\/a><\/p>\n\n\n\n<p><a rel=\"noreferrer noopener\" href=\"https:\/\/www.cchla.ufpb.br\/ppgnec\/wp-content\/uploads\/2023\/03\/Resultado_2-etapa-Mestradoreconsideracoes.pdf\" target=\"_blank\">RESULTADO DA 2\u00b0 ETAPA \u2013 AVALIA\u00c7\u00c3O DE PR\u00c9- PROJETO<br>PROCESSO DE SELE\u00c7\u00c3O DE MESTRADO 2023<\/a><\/p>\n\n\n\n<p><a rel=\"noreferrer noopener\" href=\"https:\/\/www.cchla.ufpb.br\/ppgnec\/wp-content\/uploads\/2023\/03\/Resultado_3etapa.pdf\" target=\"_blank\">RESULTADO DA 3\u00b0 ETAPA \u2013 AN\u00c1LISE CURRICULAR \/ PROCESSO DE SELE\u00c7\u00c3O DE MESTRADO 2023<\/a><\/p>\n\n\n\n<p><a rel=\"noreferrer noopener\" href=\"https:\/\/www.cchla.ufpb.br\/ppgnec\/wp-content\/uploads\/2023\/04\/Resultado-Final-05.04.23.pdf\" target=\"_blank\">Divulga\u00e7\u00e3o do resultado final do processo seletivo. PROCESSO DE SELE\u00c7\u00c3O DE MESTRADO 2023<\/a><\/p>\n\n\n\n<p><a href=\"https:\/\/www.cchla.ufpb.br\/ppgnec\/wp-content\/uploads\/2023\/04\/Resultado-Final-24.04.23.pdf\" target=\"_blank\" rel=\"noreferrer noopener\">RESULTADO FINAL <\/a><\/p>\n\n\n\n<p><\/p>\n","protected":false},"excerpt":{"rendered":"<p>EDITAL DE MESTRADO 2023 (RETIFICADO) HOMOLOGA\u00c7\u00c3O DAS INSCRI\u00c7\u00d5ES HOMOLOGA\u00c7\u00c3O DAS INSCRI\u00c7\u00d5ES AP\u00d3S RECONSIDERA\u00c7\u00d5ES NOPROCESSO DE SELE\u00c7\u00c3O 2023 RESULTADO DA 1\u00b0 ETAPA DO PROCESSO DE SELE\u00c7\u00c3O 2023 ERRATA DO RESULTADO DA 1 FASE DA SELE\u00c7\u00c3O- MESTRADO 2023 RESULTADO DA 1\u00b0 ETAPA DO PROCESSO DE SELE\u00c7\u00c3O 2023 AP\u00d3S PER\u00cdODO DE RECONSIDERA\u00c7\u00d5ES RESULTADO DA AVALIA\u00c7\u00c3O DE PROJETO RESULTADO &#8230; <a title=\"Sele\u00e7\u00e3o de Mestrado 2023\" class=\"read-more\" href=\"https:\/\/www.cchla.ufpb.br\/ppgnec\/selecao-de-mestrado-2023\/\" aria-label=\"More on Sele\u00e7\u00e3o de Mestrado 2023\">Ler mais<\/a><\/p>\n","protected":false},"author":13,"featured_media":0,"parent":0,"menu_order":0,"comment_status":"closed","ping_status":"closed","template":"","meta":[],"_links":{"self":[{"href":"https:\/\/www.cchla.ufpb.br\/ppgnec\/wp-json\/wp\/v2\/pages\/3043"}],"collection":[{"href":"https:\/\/www.cchla.ufpb.br\/ppgnec\/wp-json\/wp\/v2\/pages"}],"about":[{"href":"https:\/\/www.cchla.ufpb.br\/ppgnec\/wp-json\/wp\/v2\/types\/page"}],"author":[{"embeddable":true,"href":"https:\/\/www.cchla.ufpb.br\/ppgnec\/wp-json\/wp\/v2\/users\/13"}],"replies":[{"embeddable":true,"href":"https:\/\/www.cchla.ufpb.br\/ppgnec\/wp-json\/wp\/v2\/comments?post=3043"}],"version-history":[{"count":13,"href":"https:\/\/www.cchla.ufpb.br\/ppgnec\/wp-json\/wp\/v2\/pages\/3043\/revisions"}],"predecessor-version":[{"id":3139,"href":"https:\/\/www.cchla.ufpb.br\/ppgnec\/wp-json\/wp\/v2\/pages\/3043\/revisions\/3139"}],"wp:attachment":[{"href":"https:\/\/www.cchla.ufpb.br\/ppgnec\/wp-json\/wp\/v2\/media?parent=3043"}],"curies":[{"name":"wp","href":"https:\/\/api.w.org\/{rel}","templated":true}]}}