{"id":3173,"date":"2023-07-26T15:11:12","date_gmt":"2023-07-26T15:11:12","guid":{"rendered":"https:\/\/www.cchla.ufpb.br\/ppgnec\/?page_id=3173"},"modified":"2023-11-08T17:03:57","modified_gmt":"2023-11-08T17:03:57","slug":"selecao-de-doutorado-2023","status":"publish","type":"page","link":"https:\/\/www.cchla.ufpb.br\/ppgnec\/selecao-de-doutorado-2023\/","title":{"rendered":"Sele\u00e7\u00e3o de Doutorado 2023"},"content":{"rendered":"\n<p><a rel=\"noreferrer noopener\" href=\"https:\/\/www.cchla.ufpb.br\/ppgnec\/wp-content\/uploads\/2023\/08\/Edital_Doutorado.2023_21.07.23-RETIFICADO-APOS-NOTA-TECNICA-PUBLICADO.pdf\" target=\"_blank\">EDITAL DE DOUTORADO <\/a><\/p>\n\n\n\n<p><a rel=\"noreferrer noopener\" href=\"https:\/\/www.cchla.ufpb.br\/ppgnec\/wp-content\/uploads\/2023\/08\/Edital_Doutorado.2023_26.07.23-Errata-1.pdf\" target=\"_blank\">EDITAL DE DOUTORADO (RETIFICADO)<\/a><\/p>\n\n\n\n<p><a href=\"https:\/\/www.cchla.ufpb.br\/ppgnec\/wp-content\/uploads\/2023\/08\/Isencao-Doutorado.pdf\">ISEN\u00c7\u00c3O DO PAGAMENTO DE INSCRI\u00c7\u00c3O<\/a><\/p>\n\n\n\n<p><a rel=\"noreferrer noopener\" href=\"https:\/\/www.cchla.ufpb.br\/ppgnec\/wp-content\/uploads\/2023\/08\/Edital_Doutorado.2023_06.08.23-Errata-2.pdf\" target=\"_blank\">EDITAL DE DOUTORADO (SEGUNDA RETIFICA\u00c7\u00c3O)<\/a><\/p>\n\n\n\n<p><a rel=\"noreferrer noopener\" href=\"https:\/\/www.cchla.ufpb.br\/ppgnec\/wp-content\/uploads\/2023\/08\/Isencao-Doutorado-RETIFICADO.pdf\" target=\"_blank\">ISEN\u00c7\u00c3O DO PAGAMENTO DE INSCRI\u00c7\u00c3O (RETIFICADO)&nbsp;<\/a><\/p>\n\n\n\n<p><a rel=\"noreferrer noopener\" href=\"https:\/\/www.cchla.ufpb.br\/ppgnec\/wp-content\/uploads\/2023\/09\/Homologao_doutorado2023.pdf\" target=\"_blank\">INSCRI\u00c7\u00d5ES DOS CANDIDATOS \/ PROCESSO DE SELE\u00c7\u00c3O 2023 \u2013 DOUTORADO<\/a><\/p>\n\n\n\n<p><a rel=\"noreferrer noopener\" href=\"https:\/\/www.cchla.ufpb.br\/ppgnec\/wp-content\/uploads\/2023\/09\/Resultado_Avaliac807a771o_Preliminar_Projeto.pdf\" target=\"_blank\">AN\u00c1LISE PRELIMINAR DO PROJETO<br>PROCESSO DE SELE\u00c7\u00c3O 2023 \u2013 DOUTORADO<\/a><\/p>\n\n\n\n<p><a rel=\"noreferrer noopener\" href=\"https:\/\/www.cchla.ufpb.br\/ppgnec\/wp-content\/uploads\/2023\/09\/Resultado_Avaliacao_Projeto_28_09_2023.pdf\" target=\"_blank\">AN\u00c1LISE DO PROJETO \/ PROCESSO DE SELE\u00c7\u00c3O 2023 &#8211; DOUTORADO<\/a><\/p>\n\n\n\n<p><a rel=\"noreferrer noopener\" href=\"https:\/\/www.cchla.ufpb.br\/ppgnec\/wp-content\/uploads\/2023\/10\/Horario_Defesa_dos_Projetos.pdf\" target=\"_blank\">HOR\u00c1RIO DAS DEFESAS &#8211; PROCESSO DE SELE\u00c7\u00c3O DE DOUTORADO 2023<\/a><\/p>\n\n\n\n<p><a rel=\"noreferrer noopener\" href=\"https:\/\/www.cchla.ufpb.br\/ppgnec\/wp-content\/uploads\/2023\/10\/Horario_Defesa_dos_Projetos_links-1.pdf\" target=\"_blank\">HOR\u00c1RIOS\/LINKS DAS DEFESAS &#8211; DOUTORADO (PROCESSO SELETIVO DE DOUTORADO 2023)<\/a><\/p>\n\n\n\n<p><a rel=\"noreferrer noopener\" href=\"https:\/\/www.cchla.ufpb.br\/ppgnec\/wp-content\/uploads\/2023\/10\/Resultado_Defesa_Projeto_08_10_2023.pdf\" target=\"_blank\">AN\u00c1LISE DA DEFESA DO PROJETO PROCESSO DE SELE\u00c7\u00c3O 2023 &#8211; DOUTORADO<\/a><\/p>\n\n\n\n<p><a rel=\"noreferrer noopener\" href=\"https:\/\/www.cchla.ufpb.br\/ppgnec\/wp-content\/uploads\/2023\/10\/Resultado_4etapa_doutorado.pdf\" target=\"_blank\">Resultado da 4\u00aa &#8211; Etapa_An\u00e1lise Curricular_ PROCESSO DE SELE\u00c7\u00c3O DE DOUTORADO<\/a><\/p>\n\n\n\n<p><a rel=\"noreferrer noopener\" href=\"https:\/\/www.cchla.ufpb.br\/ppgnec\/wp-content\/uploads\/2023\/10\/Reconsideraes_4etapa_doutorado.pdf\" target=\"_blank\">RESULTADO DA 4\u00aa ETAPA &#8211; AN\u00c1LISE CURRICULAR (RECONSIDERA\u00c7\u00d5ES E RETIFICA\u00c7\u00d5ES)<\/a><\/p>\n\n\n\n<p><a rel=\"noreferrer noopener\" href=\"https:\/\/www.cchla.ufpb.br\/ppgnec\/wp-content\/uploads\/2023\/10\/RESULTADO_FINAL__Doutorado.pdf\" target=\"_blank\">RESULTADO FINAL <\/a><\/p>\n\n\n\n<p><a rel=\"noreferrer noopener\" href=\"https:\/\/www.cchla.ufpb.br\/ppgnec\/wp-content\/uploads\/2023\/10\/Selecao_Nota_Final_Retificacao.pdf\" target=\"_blank\">RETIFICA\u00c7\u00c3O DO RESULTADO FINAL DO PROCESSO SELETIVO &#8211; EDITAL N\u00ba 03\/2023<\/a><\/p>\n\n\n\n<p><a href=\"https:\/\/www.cchla.ufpb.br\/ppgnec\/wp-content\/uploads\/2023\/11\/Selecao_Nota_Final_Apos_Recursos.pdf\" target=\"_blank\" rel=\"noreferrer noopener\">RESULTADO FINAL DO PROCESSO SELETIVO \u2013 EDITAL N\u00ba 03\/2023 (AP\u00d3S RECURSOS)<\/a><\/p>\n\n\n\n<p><\/p>\n\n\n\n<p><\/p>\n\n\n\n<p><\/p>\n\n\n\n<p><\/p>\n\n\n\n<p><\/p>\n\n\n\n<p><\/p>\n\n\n\n<p><\/p>\n\n\n\n<p><\/p>\n\n\n\n<p><\/p>\n\n\n\n<p><\/p>\n","protected":false},"excerpt":{"rendered":"<p>EDITAL DE DOUTORADO EDITAL DE DOUTORADO (RETIFICADO) ISEN\u00c7\u00c3O DO PAGAMENTO DE INSCRI\u00c7\u00c3O EDITAL DE DOUTORADO (SEGUNDA RETIFICA\u00c7\u00c3O) ISEN\u00c7\u00c3O DO PAGAMENTO DE INSCRI\u00c7\u00c3O (RETIFICADO)&nbsp; INSCRI\u00c7\u00d5ES DOS CANDIDATOS \/ PROCESSO DE SELE\u00c7\u00c3O 2023 \u2013 DOUTORADO AN\u00c1LISE PRELIMINAR DO PROJETOPROCESSO DE SELE\u00c7\u00c3O 2023 \u2013 DOUTORADO AN\u00c1LISE DO PROJETO \/ PROCESSO DE SELE\u00c7\u00c3O 2023 &#8211; DOUTORADO HOR\u00c1RIO DAS DEFESAS &#8230; <a title=\"Sele\u00e7\u00e3o de Doutorado 2023\" class=\"read-more\" href=\"https:\/\/www.cchla.ufpb.br\/ppgnec\/selecao-de-doutorado-2023\/\" aria-label=\"More on Sele\u00e7\u00e3o de Doutorado 2023\">Ler mais<\/a><\/p>\n","protected":false},"author":13,"featured_media":0,"parent":0,"menu_order":0,"comment_status":"closed","ping_status":"closed","template":"","meta":[],"_links":{"self":[{"href":"https:\/\/www.cchla.ufpb.br\/ppgnec\/wp-json\/wp\/v2\/pages\/3173"}],"collection":[{"href":"https:\/\/www.cchla.ufpb.br\/ppgnec\/wp-json\/wp\/v2\/pages"}],"about":[{"href":"https:\/\/www.cchla.ufpb.br\/ppgnec\/wp-json\/wp\/v2\/types\/page"}],"author":[{"embeddable":true,"href":"https:\/\/www.cchla.ufpb.br\/ppgnec\/wp-json\/wp\/v2\/users\/13"}],"replies":[{"embeddable":true,"href":"https:\/\/www.cchla.ufpb.br\/ppgnec\/wp-json\/wp\/v2\/comments?post=3173"}],"version-history":[{"count":17,"href":"https:\/\/www.cchla.ufpb.br\/ppgnec\/wp-json\/wp\/v2\/pages\/3173\/revisions"}],"predecessor-version":[{"id":3339,"href":"https:\/\/www.cchla.ufpb.br\/ppgnec\/wp-json\/wp\/v2\/pages\/3173\/revisions\/3339"}],"wp:attachment":[{"href":"https:\/\/www.cchla.ufpb.br\/ppgnec\/wp-json\/wp\/v2\/media?parent=3173"}],"curies":[{"name":"wp","href":"https:\/\/api.w.org\/{rel}","templated":true}]}}