{"id":3175,"date":"2023-07-26T15:11:31","date_gmt":"2023-07-26T15:11:31","guid":{"rendered":"https:\/\/www.cchla.ufpb.br\/ppgnec\/?page_id=3175"},"modified":"2023-11-07T13:37:21","modified_gmt":"2023-11-07T13:37:21","slug":"selecao-de-mestrado-2023-2","status":"publish","type":"page","link":"https:\/\/www.cchla.ufpb.br\/ppgnec\/selecao-de-mestrado-2023-2\/","title":{"rendered":"Sele\u00e7\u00e3o de Mestrado 2023.2"},"content":{"rendered":"\n<p><a rel=\"noreferrer noopener\" href=\"https:\/\/www.cchla.ufpb.br\/ppgnec\/wp-content\/uploads\/2023\/08\/Edital_Mestrado_2023_21.07.23-RETIFICADO-APOS-NOTA-TECNICA-PUBLICADO.pdf\" target=\"_blank\">EDITAL DE MESTRADO 2023.2<\/a><\/p>\n\n\n\n<p><a rel=\"noreferrer noopener\" href=\"https:\/\/www.cchla.ufpb.br\/ppgnec\/wp-content\/uploads\/2023\/08\/Edital_Mestrado_2023_26.07.23-Errata-1.pdf\" target=\"_blank\">EDITAL DE MESTRADO 2023.2 (RETIFICADO)<\/a><\/p>\n\n\n\n<p><a rel=\"noreferrer noopener\" href=\"https:\/\/www.cchla.ufpb.br\/ppgnec\/wp-content\/uploads\/2023\/08\/Isencao-Mestrado.pdf\" target=\"_blank\">ISEN\u00c7\u00c3O DO PAGAMENTO DE INSCRI\u00c7\u00c3O<\/a><\/p>\n\n\n\n<p><a rel=\"noreferrer noopener\" href=\"https:\/\/www.cchla.ufpb.br\/ppgnec\/wp-content\/uploads\/2023\/08\/Edital_Mestrado_2023_06.08.23-Errata-2.pdf\" target=\"_blank\">EDITAL DE MESTRADO (SEGUNDA RETIFICA\u00c7\u00c3O)<\/a><\/p>\n\n\n\n<p><a rel=\"noreferrer noopener\" href=\"https:\/\/www.cchla.ufpb.br\/ppgnec\/wp-content\/uploads\/2023\/09\/Homologacao_Inscricao_mestrado_2023.2.pdf\" target=\"_blank\">HOMOLOGA\u00c7\u00c3O DAS INSCRI\u00c7\u00d5ES NO PROCESSO DE SELE\u00c7\u00c3O 2023.2<\/a><\/p>\n\n\n\n<p><a rel=\"noreferrer noopener\" href=\"https:\/\/www.cchla.ufpb.br\/ppgnec\/wp-content\/uploads\/2023\/09\/Deferimento-Inscricao_apos_recursos_2023.pdf\" target=\"_blank\">RESULTADO DOS PEDIDOS DE RECONSIDERA\u00c7\u00c3O DA HOMOLOGA\u00c7\u00c3O DAS INSCRI\u00c7\u00d5ES<\/a><\/p>\n\n\n\n<p><a rel=\"noreferrer noopener\" href=\"https:\/\/www.cchla.ufpb.br\/ppgnec\/wp-content\/uploads\/2023\/09\/Resultado_das_notas_prova_objetiva-Mestrado.pdf\" target=\"_blank\">Resultado da prova objetiva de conhecimentos b\u00e1sicos &#8211; Mestrado &#8211; 2023.2<\/a><\/p>\n\n\n\n<p><a rel=\"noreferrer noopener\" href=\"https:\/\/www.cchla.ufpb.br\/ppgnec\/wp-content\/uploads\/2023\/10\/Resultado-da-etapa-de-analise-de-projeto.pdf\" target=\"_blank\">RESULTADO DO PROJETO DE PESQUISA &#8211; PROCESSO DE SELE\u00c7\u00c3O 2023.2<br>(N\u00cdVEL: MESTRADO)<\/a><\/p>\n\n\n\n<p><a rel=\"noreferrer noopener\" href=\"https:\/\/www.cchla.ufpb.br\/ppgnec\/wp-content\/uploads\/2023\/10\/Selecao-de-Mestrado-PPGNeC-Analise-Curricular.pdf\" target=\"_blank\">SELE\u00c7\u00c3O DE MESTRADO 2023.2 \u2013 NOTAS DA AN\u00c1LISE CURRICULAR (AC)*<\/a><\/p>\n\n\n\n<p><a rel=\"noreferrer noopener\" href=\"https:\/\/www.cchla.ufpb.br\/ppgnec\/wp-content\/uploads\/2023\/10\/RECONSIDERACAO-Selecao-de-Mestrado-PPGNeC-Analise-Curricular.pdf\" target=\"_blank\">SELE\u00c7\u00c3O DE MESTRADO 2023.2 \u2013 NOTAS DA AN\u00c1LISE CURRICULAR (AC) DEPOIS DE<br>PEDIDOS DE RECONSIDERA\u00c7\u00c3O<\/a><\/p>\n\n\n\n<p><a rel=\"noreferrer noopener\" href=\"https:\/\/www.cchla.ufpb.br\/ppgnec\/wp-content\/uploads\/2023\/10\/Selecao-de-Mestrado-PPGNeC-Resultado-final-com-classificacao.pdf\" target=\"_blank\">SELE\u00c7\u00c3O DE MESTRADO 2023.2 &#8211; DIVULGA\u00c7\u00c3O DO RESULTADO FINAL<\/a><\/p>\n\n\n\n<p><a href=\"https:\/\/www.cchla.ufpb.br\/ppgnec\/wp-content\/uploads\/2023\/11\/Selecao-de-Mestrado-PPGNeC-Resultado-final-com-classificacao-apos-recursos-finais.pdf\" target=\"_blank\" rel=\"noreferrer noopener\">SELE\u00c7\u00c3O DE MESTRADO 2023.2 &#8211; DIVULGA\u00c7\u00c3O DO RESULTADO FINAL (AP\u00d3S RECURSOS FINAIS)<\/a><\/p>\n\n\n\n<p><\/p>\n\n\n\n<p><\/p>\n\n\n\n<p><\/p>\n","protected":false},"excerpt":{"rendered":"<p>EDITAL DE MESTRADO 2023.2 EDITAL DE MESTRADO 2023.2 (RETIFICADO) ISEN\u00c7\u00c3O DO PAGAMENTO DE INSCRI\u00c7\u00c3O EDITAL DE MESTRADO (SEGUNDA RETIFICA\u00c7\u00c3O) HOMOLOGA\u00c7\u00c3O DAS INSCRI\u00c7\u00d5ES NO PROCESSO DE SELE\u00c7\u00c3O 2023.2 RESULTADO DOS PEDIDOS DE RECONSIDERA\u00c7\u00c3O DA HOMOLOGA\u00c7\u00c3O DAS INSCRI\u00c7\u00d5ES Resultado da prova objetiva de conhecimentos b\u00e1sicos &#8211; Mestrado &#8211; 2023.2 RESULTADO DO PROJETO DE PESQUISA &#8211; PROCESSO DE &#8230; <a title=\"Sele\u00e7\u00e3o de Mestrado 2023.2\" class=\"read-more\" href=\"https:\/\/www.cchla.ufpb.br\/ppgnec\/selecao-de-mestrado-2023-2\/\" aria-label=\"More on Sele\u00e7\u00e3o de Mestrado 2023.2\">Ler mais<\/a><\/p>\n","protected":false},"author":13,"featured_media":0,"parent":0,"menu_order":0,"comment_status":"closed","ping_status":"closed","template":"","meta":[],"_links":{"self":[{"href":"https:\/\/www.cchla.ufpb.br\/ppgnec\/wp-json\/wp\/v2\/pages\/3175"}],"collection":[{"href":"https:\/\/www.cchla.ufpb.br\/ppgnec\/wp-json\/wp\/v2\/pages"}],"about":[{"href":"https:\/\/www.cchla.ufpb.br\/ppgnec\/wp-json\/wp\/v2\/types\/page"}],"author":[{"embeddable":true,"href":"https:\/\/www.cchla.ufpb.br\/ppgnec\/wp-json\/wp\/v2\/users\/13"}],"replies":[{"embeddable":true,"href":"https:\/\/www.cchla.ufpb.br\/ppgnec\/wp-json\/wp\/v2\/comments?post=3175"}],"version-history":[{"count":13,"href":"https:\/\/www.cchla.ufpb.br\/ppgnec\/wp-json\/wp\/v2\/pages\/3175\/revisions"}],"predecessor-version":[{"id":3334,"href":"https:\/\/www.cchla.ufpb.br\/ppgnec\/wp-json\/wp\/v2\/pages\/3175\/revisions\/3334"}],"wp:attachment":[{"href":"https:\/\/www.cchla.ufpb.br\/ppgnec\/wp-json\/wp\/v2\/media?parent=3175"}],"curies":[{"name":"wp","href":"https:\/\/api.w.org\/{rel}","templated":true}]}}