{"id":3409,"date":"2024-04-16T15:17:16","date_gmt":"2024-04-16T15:17:16","guid":{"rendered":"https:\/\/www.cchla.ufpb.br\/ppgnec\/?page_id=3409"},"modified":"2024-09-25T17:58:53","modified_gmt":"2024-09-25T17:58:53","slug":"selecao-de-mestrado-2024","status":"publish","type":"page","link":"https:\/\/www.cchla.ufpb.br\/ppgnec\/selecao-de-mestrado-2024\/","title":{"rendered":"Sele\u00e7\u00e3o de Mestrado 2024"},"content":{"rendered":"\n<p><a href=\"https:\/\/www.cchla.ufpb.br\/ppgnec\/wp-content\/uploads\/2024\/04\/Edital_Mestrado_PPGNeC_2024-PUBLICADO-EM-15.04.pdf\">EDITAL DE MESTRADO 2024<\/a><\/p>\n\n\n\n<p><a href=\"https:\/\/www.cchla.ufpb.br\/ppgnec\/wp-content\/uploads\/2024\/05\/Edital_Mestrado_PPGNeC_2024_retificado1.pdf\">EDITAL DE MESTRADO 2024 (RETIFICADO)<\/a><\/p>\n\n\n\n<p><a href=\"https:\/\/www.cchla.ufpb.br\/ppgnec\/wp-content\/uploads\/2024\/05\/RETIFICAA_ISENO_DE_INSCRIO_MESTRADO_2024.pdf\">RESULTADO DE ISEN\u00c7\u00c3O DE PAGAMENTO (RETIFICADO)<\/a><\/p>\n\n\n\n<p><a href=\"https:\/\/www.cchla.ufpb.br\/ppgnec\/wp-content\/uploads\/2024\/05\/Edital_Mestrado_PPGNeC_2024_errata2.pdf\">EDITAL DE MESTRADO 2024 (SEGUNDA RETIFICA\u00c7\u00c3O)<\/a><\/p>\n\n\n\n<p><a href=\"https:\/\/www.cchla.ufpb.br\/ppgnec\/wp-content\/uploads\/2024\/06\/HOMOLOGAO_DAS_INCRIES_MESTRADO_-_2024.pdf\">HOMOLOGA\u00c7\u00c3O DAS INSCRI\u00c7\u00d5ES<\/a><\/p>\n\n\n\n<p><a href=\"https:\/\/www.cchla.ufpb.br\/ppgnec\/wp-content\/uploads\/2024\/06\/RESULTADO_PEDIDOS_DE_RECONSIDERAO_RELATIVOS__HOMOLOGAO_DAS_INCRIES_PROCES.pdf\">https:\/\/www.cchla.ufpb.br\/ppgnec\/wp-content\/uploads\/2024\/06\/RESULTADO_PEDIDOS_DE_RECONSIDERAO_RELATIVOS__HOMOLOGAO_DAS_INCRIES_PROCES.pdf<\/a> (RESULTADO DOS PEDIDOS DE RECONSIDERA\u00c7\u00c3O RELATIVOS \u00c0 HOMOLOGA\u00c7\u00c3O DAS INSCRI\u00c7\u00d5ES)<\/p>\n\n\n\n<p><a href=\"https:\/\/www.cchla.ufpb.br\/ppgnec\/wp-content\/uploads\/2024\/06\/GABARITO.pdf\">https:\/\/www.cchla.ufpb.br\/ppgnec\/wp-content\/uploads\/2024\/06\/GABARITO.pdf<\/a> (GABARITO DA PROVA DE CONHECIMENTOS)<\/p>\n\n\n\n<p><a href=\"https:\/\/www.cchla.ufpb.br\/ppgnec\/wp-content\/uploads\/2024\/06\/GABARITO_ERRATA_.pdf\">https:\/\/www.cchla.ufpb.br\/ppgnec\/wp-content\/uploads\/2024\/06\/GABARITO_ERRATA_.pdf<\/a> (GABARITO DA PROVA DE CONHECIMENTOS &#8211; RETIFICADO)<\/p>\n\n\n\n<p><a href=\"https:\/\/www.cchla.ufpb.br\/ppgnec\/wp-content\/uploads\/2024\/06\/RESULTADO_1__ETAPA__PROVAESCRITA_FINAL_MESTRADO2024.pdf\">https:\/\/www.cchla.ufpb.br\/ppgnec\/wp-content\/uploads\/2024\/06\/RESULTADO_1__ETAPA__PROVAESCRITA_FINAL_MESTRADO2024.pdf<\/a> (RESULTADO 1\u00aa ETAPA \u2013 PROVA)<\/p>\n\n\n\n<p><a href=\"https:\/\/www.cchla.ufpb.br\/ppgnec\/wp-content\/uploads\/2024\/06\/RESULTADO_DO_JULGAMENTO_DOS_PEDIDOS_DE_RECONSIDERAO_REFERENTE__PROVA_ESCRITA_.pdf\">https:\/\/www.cchla.ufpb.br\/ppgnec\/wp-content\/uploads\/2024\/06\/RESULTADO_DO_JULGAMENTO_DOS_PEDIDOS_DE_RECONSIDERAO_REFERENTE__PROVA_ESCRITA_.pdf<\/a> (PROVA DE CONHECIMENTOS B\u00c1SICOS EM NEUROCI\u00caNCIA E BIOESTAT\u00cdSTICA\/JULGAMENTO DOS PEDIDOS DE RECONSIDERA\u00c7\u00c3O)<\/p>\n\n\n\n<p><a href=\"https:\/\/www.cchla.ufpb.br\/ppgnec\/wp-content\/uploads\/2024\/07\/RESULTADO-AVALIACAO-DO-PROJETO-PRELIMINAR.pdf\">https:\/\/www.cchla.ufpb.br\/ppgnec\/wp-content\/uploads\/2024\/07\/RESULTADO-AVALIACAO-DO-PROJETO-PRELIMINAR.pdf<\/a> (RESULTADO 2\u00aa ETAPA \u2013 PRJETO PRELIMINAR DE PESQUISA)<\/p>\n\n\n\n<p><a href=\"https:\/\/www.cchla.ufpb.br\/ppgnec\/wp-content\/uploads\/2024\/07\/RESULTADO-DO-JULGAMENTO-DO-PEDIDO-DE-RECONSIDERACAO-REFERENTE-A-2a-ETAPA-PROJ.-PRELIMINAR-DE-PESQ.-DO-PROCESSO-SELETIVO-MESTRADO-2024-1.pdf\">https:\/\/www.cchla.ufpb.br\/ppgnec\/wp-content\/uploads\/2024\/07\/RESULTADO-DO-JULGAMENTO-DO-PEDIDO-DE-RECONSIDERACAO-REFERENTE-A-2a-ETAPA-PROJ.-PRELIMINAR-DE-PESQ.-DO-PROCESSO-SELETIVO-MESTRADO-2024-1.pdf<\/a> (PEDIDOS DE RECONSIDERA\u00c7\u00c3O &#8211; RESULTADO 2\u00aa ETAPA \u2013 PRJETO PRELIMINAR DE PESQUISA)<\/p>\n\n\n\n<p><a href=\"https:\/\/www.cchla.ufpb.br\/ppgnec\/wp-content\/uploads\/2024\/07\/RESULTADO-3a-ETAPA-AVALIACAO-CURRICULAR.pdf\">https:\/\/www.cchla.ufpb.br\/ppgnec\/wp-content\/uploads\/2024\/07\/RESULTADO-3a-ETAPA-AVALIACAO-CURRICULAR.pdf<\/a> (RESULTADO 3\u00aa ETAPA &#8211; AVALIA\u00c7\u00c3O CURRICULAR (PROCESSO SELETIVO 2024 \/ MESTRADO)<\/p>\n\n\n\n<p><a href=\"https:\/\/www.cchla.ufpb.br\/ppgnec\/wp-content\/uploads\/2024\/08\/RESULTADO-FINAL-PRELIMINAR-AMPLA-CONCORRENCIA-PROCESO-SELETIVO-MESTRADO.pdf\">https:\/\/www.cchla.ufpb.br\/ppgnec\/wp-content\/uploads\/2024\/08\/RESULTADO-FINAL-PRELIMINAR-AMPLA-CONCORRENCIA-PROCESO-SELETIVO-MESTRADO.pdf<\/a> (RESULTADO FINAL &#8211; AMPLA CONCORR\u00caNCIA)<\/p>\n\n\n\n<p><a href=\"https:\/\/www.cchla.ufpb.br\/ppgnec\/wp-content\/uploads\/2024\/08\/RESULTADO-FINAL-PRELIMINAR-ACAO-AFIRMATIVA-PROCESO-SELETIVO-MESTRADO.pdf\">https:\/\/www.cchla.ufpb.br\/ppgnec\/wp-content\/uploads\/2024\/08\/RESULTADO-FINAL-PRELIMINAR-ACAO-AFIRMATIVA-PROCESO-SELETIVO-MESTRADO.pdf<\/a> (RESULTADO FINAL &#8211; A\u00c7\u00c3O AFIRMATIVA)<\/p>\n\n\n\n<p><a href=\"https:\/\/www.cchla.ufpb.br\/ppgnec\/wp-content\/uploads\/2024\/08\/RESULTADO-FINAL-AMPLA-CONCORRENCIA-PROCESO-SELETIVO-MESTRADO.pdf\">https:\/\/www.cchla.ufpb.br\/ppgnec\/wp-content\/uploads\/2024\/08\/RESULTADO-FINAL-AMPLA-CONCORRENCIA-PROCESO-SELETIVO-MESTRADO.pdf<\/a> (RESULTADO FINAL &#8211; AMPLA CONCORR\u00caNCIA (PROCESSO SELETIVO 2024 \/ MESTRADO)<\/p>\n\n\n\n<p><a href=\"https:\/\/www.cchla.ufpb.br\/ppgnec\/wp-content\/uploads\/2024\/08\/RESULTADO-FINAL-ACAO-AFIRMATIVA-PROCESO-SELETIVO-MESTRADO.pdf\">https:\/\/www.cchla.ufpb.br\/ppgnec\/wp-content\/uploads\/2024\/08\/RESULTADO-FINAL-ACAO-AFIRMATIVA-PROCESO-SELETIVO-MESTRADO.pdf<\/a> (RESULTADO FINAL &#8211; A\u00c7\u00c3O AFIRMATIVA PROCESSO SELETIVO 2024 (MESTRADO))<\/p>\n","protected":false},"excerpt":{"rendered":"<p>EDITAL DE MESTRADO 2024 EDITAL DE MESTRADO 2024 (RETIFICADO) RESULTADO DE ISEN\u00c7\u00c3O DE PAGAMENTO (RETIFICADO) EDITAL DE MESTRADO 2024 (SEGUNDA RETIFICA\u00c7\u00c3O) HOMOLOGA\u00c7\u00c3O DAS INSCRI\u00c7\u00d5ES https:\/\/www.cchla.ufpb.br\/ppgnec\/wp-content\/uploads\/2024\/06\/RESULTADO_PEDIDOS_DE_RECONSIDERAO_RELATIVOS__HOMOLOGAO_DAS_INCRIES_PROCES.pdf (RESULTADO DOS PEDIDOS DE RECONSIDERA\u00c7\u00c3O RELATIVOS \u00c0 HOMOLOGA\u00c7\u00c3O DAS INSCRI\u00c7\u00d5ES) https:\/\/www.cchla.ufpb.br\/ppgnec\/wp-content\/uploads\/2024\/06\/GABARITO.pdf (GABARITO DA PROVA DE CONHECIMENTOS) https:\/\/www.cchla.ufpb.br\/ppgnec\/wp-content\/uploads\/2024\/06\/GABARITO_ERRATA_.pdf (GABARITO DA PROVA DE CONHECIMENTOS &#8211; RETIFICADO) https:\/\/www.cchla.ufpb.br\/ppgnec\/wp-content\/uploads\/2024\/06\/RESULTADO_1__ETAPA__PROVAESCRITA_FINAL_MESTRADO2024.pdf (RESULTADO 1\u00aa ETAPA \u2013 PROVA) &#8230; <a title=\"Sele\u00e7\u00e3o de Mestrado 2024\" class=\"read-more\" href=\"https:\/\/www.cchla.ufpb.br\/ppgnec\/selecao-de-mestrado-2024\/\" aria-label=\"More on Sele\u00e7\u00e3o de Mestrado 2024\">Ler mais<\/a><\/p>\n","protected":false},"author":13,"featured_media":0,"parent":0,"menu_order":0,"comment_status":"closed","ping_status":"closed","template":"","meta":[],"_links":{"self":[{"href":"https:\/\/www.cchla.ufpb.br\/ppgnec\/wp-json\/wp\/v2\/pages\/3409"}],"collection":[{"href":"https:\/\/www.cchla.ufpb.br\/ppgnec\/wp-json\/wp\/v2\/pages"}],"about":[{"href":"https:\/\/www.cchla.ufpb.br\/ppgnec\/wp-json\/wp\/v2\/types\/page"}],"author":[{"embeddable":true,"href":"https:\/\/www.cchla.ufpb.br\/ppgnec\/wp-json\/wp\/v2\/users\/13"}],"replies":[{"embeddable":true,"href":"https:\/\/www.cchla.ufpb.br\/ppgnec\/wp-json\/wp\/v2\/comments?post=3409"}],"version-history":[{"count":18,"href":"https:\/\/www.cchla.ufpb.br\/ppgnec\/wp-json\/wp\/v2\/pages\/3409\/revisions"}],"predecessor-version":[{"id":3556,"href":"https:\/\/www.cchla.ufpb.br\/ppgnec\/wp-json\/wp\/v2\/pages\/3409\/revisions\/3556"}],"wp:attachment":[{"href":"https:\/\/www.cchla.ufpb.br\/ppgnec\/wp-json\/wp\/v2\/media?parent=3409"}],"curies":[{"name":"wp","href":"https:\/\/api.w.org\/{rel}","templated":true}]}}