{"id":625,"date":"2016-07-12T12:48:02","date_gmt":"2016-07-12T12:48:02","guid":{"rendered":"http:\/\/www.cchla.ufpb.br\/ppgnec\/?page_id=625"},"modified":"2017-09-04T19:42:45","modified_gmt":"2017-09-04T19:42:45","slug":"resolucao","status":"publish","type":"page","link":"https:\/\/www.cchla.ufpb.br\/ppgnec\/resolucao\/","title":{"rendered":"RESOLU\u00c7\u00c3O"},"content":{"rendered":"<p><a href=\"https:\/\/www.cchla.ufpb.br\/ppgnec\/wp-content\/uploads\/2016\/07\/resolu\u00e7\u00e3o-ppgnec.pdf\" target=\"_blank\">Resolu\u00e7\u00e3o PPGNeC &#8211; Mestrado<\/a><br \/>\n<a href=\"https:\/\/sigrh.ufpb.br\/sigrh\/downloadArquivo?idArquivo=227417&amp;key=6cf5c12d550048f0ffbf2b6becc7ed64\" target=\"_blank\">Resolu\u00e7\u00e3o PPGNeC &#8211; Doutorado<\/a><\/p>\n","protected":false},"excerpt":{"rendered":"<p>Resolu\u00e7\u00e3o PPGNeC &#8211; Mestrado Resolu\u00e7\u00e3o PPGNeC &#8211; Doutorado<\/p>\n","protected":false},"author":13,"featured_media":0,"parent":0,"menu_order":0,"comment_status":"closed","ping_status":"closed","template":"","meta":[],"_links":{"self":[{"href":"https:\/\/www.cchla.ufpb.br\/ppgnec\/wp-json\/wp\/v2\/pages\/625"}],"collection":[{"href":"https:\/\/www.cchla.ufpb.br\/ppgnec\/wp-json\/wp\/v2\/pages"}],"about":[{"href":"https:\/\/www.cchla.ufpb.br\/ppgnec\/wp-json\/wp\/v2\/types\/page"}],"author":[{"embeddable":true,"href":"https:\/\/www.cchla.ufpb.br\/ppgnec\/wp-json\/wp\/v2\/users\/13"}],"replies":[{"embeddable":true,"href":"https:\/\/www.cchla.ufpb.br\/ppgnec\/wp-json\/wp\/v2\/comments?post=625"}],"version-history":[{"count":6,"href":"https:\/\/www.cchla.ufpb.br\/ppgnec\/wp-json\/wp\/v2\/pages\/625\/revisions"}],"predecessor-version":[{"id":1324,"href":"https:\/\/www.cchla.ufpb.br\/ppgnec\/wp-json\/wp\/v2\/pages\/625\/revisions\/1324"}],"wp:attachment":[{"href":"https:\/\/www.cchla.ufpb.br\/ppgnec\/wp-json\/wp\/v2\/media?parent=625"}],"curies":[{"name":"wp","href":"https:\/\/api.w.org\/{rel}","templated":true}]}}