{"id":651,"date":"2016-08-18T15:29:34","date_gmt":"2016-08-18T15:29:34","guid":{"rendered":"http:\/\/www.cchla.ufpb.br\/ppgnec\/?page_id=651"},"modified":"2025-08-09T20:46:47","modified_gmt":"2025-08-09T20:46:47","slug":"disciplinas-2016-2","status":"publish","type":"page","link":"https:\/\/www.cchla.ufpb.br\/ppgnec\/disciplinas-2016-2\/","title":{"rendered":"Oferta de Disciplinas 2025.2"},"content":{"rendered":"<p><strong>Oferta de Disciplinas 2025.2<\/strong><\/p>\n<table width=\"933\">\n<tbody>\n<tr>\n<td width=\"283\">Disciplina<\/td>\n<td width=\"94\">Car\u00e1ter<\/td>\n<td width=\"161\">Professor<\/td>\n<td width=\"113\">In\u00edcio<\/td>\n<td width=\"208\">Hor\u00e1rio<\/td>\n<td width=\"73\">Cr\u00e9ditos<\/td>\n<\/tr>\n<tr>\n<td width=\"283\">\n<p class=\"p1\">INTRODU\u00c7\u00c3O \u00c0 NEUROCI\u00caNCIA COGNITIVA E COMPORTAMENTO<\/p>\n<\/td>\n<td width=\"94\">\n<p class=\"p1\">OBRIGAT\u00d3RIA<\/p>\n<\/td>\n<td width=\"161\">Prof.<\/p>\n<p class=\"p1\">LUIZ LOPEZ<\/p>\n<\/td>\n<td width=\"113\">11\/09\/2025<\/td>\n<td width=\"208\">Quinta-feira (10:00 \u00e0s 13:00h)<\/td>\n<td width=\"73\">3<\/td>\n<\/tr>\n<tr>\n<td width=\"283\">\n<p class=\"p1\">SEMIN\u00c1RIO DE PESQUISA EM NEUROCI\u00caNCIA COGNITIVA E COMPORTAMENTO I<\/p>\n<\/td>\n<td width=\"94\">\n<p class=\"p1\">OBRIGAT\u00d3RIA<\/p>\n<\/td>\n<td width=\"161\">Prof.<\/p>\n<p class=\"p1\">CARLA MINERVINO<\/p>\n<p>Prof.<br \/>\nFL\u00c1VIO BARBOSA<\/p>\n<p>Profa.<br \/>\nMELYSSA GALDINO<\/td>\n<td width=\"113\">11\/09\/2025<\/td>\n<td width=\"208\">Quinta-feira (8:00 \u00e0s 10:00h)<\/td>\n<td width=\"73\">2<\/td>\n<\/tr>\n<tr>\n<td width=\"283\">\n<p class=\"p1\">T\u00d3PICOS ESPECIAIS EM NEUROCI\u00caNCIA COGNITIVA E COMPORTAMENTO II<\/p>\n<\/td>\n<td width=\"94\">\n<p class=\"p1\">OPTATIVA<\/p>\n<\/td>\n<td width=\"161\">Prof.<\/p>\n<p class=\"p1\">THIAGO SOUZA<\/p>\n<\/td>\n<td width=\"113\">08\/09\/2025<\/td>\n<td width=\"208\">Segunda-feira (09:00 \u00e0s 11:00h)<\/td>\n<td width=\"73\">2<\/td>\n<\/tr>\n<tr>\n<td width=\"283\">\n<p class=\"p1\">T\u00d3PICOS ESPECIAIS EM NEUROCI\u00caNCIA COGNITIVA E COMPORTAMENTO III<\/p>\n<\/td>\n<td width=\"94\">\n<p class=\"p1\">OPTATIVA<\/p>\n<\/td>\n<td width=\"161\">Prof.<\/p>\n<p class=\"p1\">SEVERINO ARAUJO NETO<\/p>\n<\/td>\n<td width=\"113\">11\/09\/2025<\/td>\n<td width=\"208\">Quarta-feira (8:00 \u00e0s 10:00h)<\/td>\n<td width=\"73\">2<\/td>\n<\/tr>\n<tr>\n<td width=\"283\">\n<p class=\"p1\">T\u00d3PICOS ESPECIAIS EM NEUROCI\u00caNCIA COGNITIVA E COMPORTAMENTO IV<\/p>\n<\/td>\n<td width=\"94\">\n<p class=\"p1\">OPTATIVA<\/p>\n<\/td>\n<td width=\"161\">Prof.<\/p>\n<p class=\"p1\">ANA CL\u00c1UDIA DE SOUZA<\/p>\n<\/td>\n<td width=\"113\">09\/09\/2025<\/td>\n<td width=\"208\">Ter\u00e7a-feira (8:00 \u00e0s 12:00h)<\/td>\n<td width=\"73\">2<\/td>\n<\/tr>\n<tr>\n<td width=\"283\">\n<p class=\"p1\">T\u00d3PICOS AVAN\u00c7ADOS EM NEUROCI\u00caNCIA COGNITIVA E COMPORTAMENTO IV<\/p>\n<\/td>\n<td width=\"94\">\n<p class=\"p1\">OPTATIVA<\/p>\n<\/td>\n<td width=\"161\">Profa.<\/p>\n<p class=\"p1\">LIANA PORDEUS<\/p>\n<\/td>\n<td width=\"113\">10\/09\/2025<\/td>\n<td width=\"208\">Quarta-feira (13:00 \u00e0s 16:00h)<\/td>\n<td width=\"73\">3<\/td>\n<\/tr>\n<\/tbody>\n<\/table>\n<p><strong>Sala: 505 CCHLA\/UFPB<\/strong><\/p>\n","protected":false},"excerpt":{"rendered":"<p>Oferta de Disciplinas 2025.2 Disciplina Car\u00e1ter Professor In\u00edcio Hor\u00e1rio Cr\u00e9ditos INTRODU\u00c7\u00c3O \u00c0 NEUROCI\u00caNCIA COGNITIVA E COMPORTAMENTO OBRIGAT\u00d3RIA Prof. LUIZ LOPEZ 11\/09\/2025 Quinta-feira (10:00 \u00e0s 13:00h) 3 SEMIN\u00c1RIO DE PESQUISA EM NEUROCI\u00caNCIA COGNITIVA E COMPORTAMENTO I OBRIGAT\u00d3RIA Prof. CARLA MINERVINO Prof. FL\u00c1VIO BARBOSA Profa. MELYSSA GALDINO 11\/09\/2025 Quinta-feira (8:00 \u00e0s 10:00h) 2 T\u00d3PICOS ESPECIAIS EM NEUROCI\u00caNCIA &#8230; <a title=\"Oferta de Disciplinas 2025.2\" class=\"read-more\" href=\"https:\/\/www.cchla.ufpb.br\/ppgnec\/disciplinas-2016-2\/\" aria-label=\"More on Oferta de Disciplinas 2025.2\">Ler mais<\/a><\/p>\n","protected":false},"author":13,"featured_media":0,"parent":0,"menu_order":0,"comment_status":"closed","ping_status":"closed","template":"","meta":[],"_links":{"self":[{"href":"https:\/\/www.cchla.ufpb.br\/ppgnec\/wp-json\/wp\/v2\/pages\/651"}],"collection":[{"href":"https:\/\/www.cchla.ufpb.br\/ppgnec\/wp-json\/wp\/v2\/pages"}],"about":[{"href":"https:\/\/www.cchla.ufpb.br\/ppgnec\/wp-json\/wp\/v2\/types\/page"}],"author":[{"embeddable":true,"href":"https:\/\/www.cchla.ufpb.br\/ppgnec\/wp-json\/wp\/v2\/users\/13"}],"replies":[{"embeddable":true,"href":"https:\/\/www.cchla.ufpb.br\/ppgnec\/wp-json\/wp\/v2\/comments?post=651"}],"version-history":[{"count":10,"href":"https:\/\/www.cchla.ufpb.br\/ppgnec\/wp-json\/wp\/v2\/pages\/651\/revisions"}],"predecessor-version":[{"id":4202,"href":"https:\/\/www.cchla.ufpb.br\/ppgnec\/wp-json\/wp\/v2\/pages\/651\/revisions\/4202"}],"wp:attachment":[{"href":"https:\/\/www.cchla.ufpb.br\/ppgnec\/wp-json\/wp\/v2\/media?parent=651"}],"curies":[{"name":"wp","href":"https:\/\/api.w.org\/{rel}","templated":true}]}}