{"id":97,"date":"2013-12-23T13:33:57","date_gmt":"2013-12-23T13:33:57","guid":{"rendered":"http:\/\/www.cchla.ufpb.br\/ppgnec\/?page_id=97"},"modified":"2018-07-18T12:32:17","modified_gmt":"2018-07-18T12:32:17","slug":"processo-seletivo","status":"publish","type":"page","link":"https:\/\/www.cchla.ufpb.br\/ppgnec\/processo-seletivo\/","title":{"rendered":"Processo Seletivo"},"content":{"rendered":"<p style=\"text-align: justify;\"><b>\u00a0<\/b><b>Processo Seletivo<\/b><\/p>\n<p style=\"text-align: justify;\"><b><\/b>O processo de sele\u00e7\u00e3o \u00e9 anual e, geralmente, \u00e9 realizado no segundo semestre letivo para ingresso e matricula no m\u00eas de mar\u00e7o do ano letivo seguinte. O n\u00famero de vagas \u00e9 definido pelo colegiado, considerando a disponibilidade de vagas do corpo docente. Cada candidato concorre apenas ao n\u00famero de vaga ofertado pelo orientador pretendido.<\/p>\n<p style=\"text-align: justify;\"><b>\u00a0<\/b><b>Bolsas<\/b><\/p>\n<p style=\"text-align: justify;\">A distribui\u00e7\u00e3o de bolsa de estudo do PPgNeC (CNPq e CAPES) ser\u00e1 de acordo com a classifica\u00e7\u00e3o geral no processo seletivo, com o aproveitamento do aluno, com os crit\u00e9rios definidos pela CAPES e pelo Colegiado do PPGP. Os alunos bolsistas devem realizar est\u00e1gio de doc\u00eancia em disciplinas da gradua\u00e7\u00e3o, seguindo as normas definidas pelo Colegiado do PPgNeC e pela UFPB.<\/p>\n<p style=\"text-align: justify;\"><strong><a href=\"https:\/\/www.cchla.ufpb.br\/ppgnec\/wp-content\/uploads\/2013\/12\/Ficha_Inscri\u00e7\u00e3o_2014.pdf\">\u00a0<\/a><\/strong><\/p>\n","protected":false},"excerpt":{"rendered":"<p>\u00a0Processo Seletivo O processo de sele\u00e7\u00e3o \u00e9 anual e, geralmente, \u00e9 realizado no segundo semestre letivo para ingresso e matricula no m\u00eas de mar\u00e7o do ano letivo seguinte. O n\u00famero de vagas \u00e9 definido pelo colegiado, considerando a disponibilidade de vagas do corpo docente. Cada candidato concorre apenas ao n\u00famero de vaga ofertado pelo orientador &#8230; <a title=\"Processo Seletivo\" class=\"read-more\" href=\"https:\/\/www.cchla.ufpb.br\/ppgnec\/processo-seletivo\/\" aria-label=\"More on Processo Seletivo\">Ler mais<\/a><\/p>\n","protected":false},"author":13,"featured_media":0,"parent":0,"menu_order":0,"comment_status":"closed","ping_status":"closed","template":"","meta":[],"_links":{"self":[{"href":"https:\/\/www.cchla.ufpb.br\/ppgnec\/wp-json\/wp\/v2\/pages\/97"}],"collection":[{"href":"https:\/\/www.cchla.ufpb.br\/ppgnec\/wp-json\/wp\/v2\/pages"}],"about":[{"href":"https:\/\/www.cchla.ufpb.br\/ppgnec\/wp-json\/wp\/v2\/types\/page"}],"author":[{"embeddable":true,"href":"https:\/\/www.cchla.ufpb.br\/ppgnec\/wp-json\/wp\/v2\/users\/13"}],"replies":[{"embeddable":true,"href":"https:\/\/www.cchla.ufpb.br\/ppgnec\/wp-json\/wp\/v2\/comments?post=97"}],"version-history":[{"count":11,"href":"https:\/\/www.cchla.ufpb.br\/ppgnec\/wp-json\/wp\/v2\/pages\/97\/revisions"}],"predecessor-version":[{"id":1404,"href":"https:\/\/www.cchla.ufpb.br\/ppgnec\/wp-json\/wp\/v2\/pages\/97\/revisions\/1404"}],"wp:attachment":[{"href":"https:\/\/www.cchla.ufpb.br\/ppgnec\/wp-json\/wp\/v2\/media?parent=97"}],"curies":[{"name":"wp","href":"https:\/\/api.w.org\/{rel}","templated":true}]}}